{"id":4879,"date":"2024-11-12T10:15:33","date_gmt":"2024-11-12T10:15:33","guid":{"rendered":"https:\/\/inflowed.es\/?post_type=product&#038;p=4879"},"modified":"2024-11-12T16:14:33","modified_gmt":"2024-11-12T16:14:33","slug":"zodiac-freerider-rf-5200-iq","status":"publish","type":"product","link":"https:\/\/inflowed.es\/en\/product\/zodiac-freerider-rf-5200-iq","title":{"rendered":"Zodiac Freerider RF 5200 iQ"},"content":{"rendered":"<h2>Zodiac Freerider RF 5200 iQ Robot Pool Cleaner: Freedom and Efficiency in Cleaning Your Pool<\/h2>\n<p>Discover the Zodiac Freerider RF 5200 iQ, a cordless pool cleaner that combines power and advanced technology to deliver hassle-free pool cleaning. Equipped with a high-performance lithium-ion battery, this robot ensures a complete cleaning cycle of up to 2 hours. Its patented cyclonic suction system and propeller brushes capture even the finest debris, providing superior and consistent performance on all types of surfaces.<\/p>\n<p>The Freerider RF 5200 iQ is designed to move with agility in any shape or size pool up to 10 x 5 meters, covering bottom, walls and waterline. Thanks to its compatibility with the iAquaLink\u00ae app, you can control and monitor the pool cleaner from your cell phone, view the battery charge level, receive notifications and access product updates.<\/p>\n<div id=\"col_1\">\n<h3>Wireless freedom<\/h3>\n<p>FREERIDER\u2122 cordless, you will find it easy to use in your everyday life: it also takes up little space. Its sustainable lithium-ion battery guarantees a full cleaning cycle (2.5 hours) and recharges completely in just 4 hours. The iAquaLink\u2122 app increases the sense of freedom by allowing you to immediately check the battery charge level, access end-of-cycle notifications and get product updates.<\/p>\n<\/div>\n<div id=\"col_2\"><img fetchpriority=\"high\" decoding=\"async\" class=\"size-medium wp-image-4888 aligncenter\" src=\"https:\/\/inflowed.es\/wp-content\/uploads\/2024\/11\/col-2-freerider-300x300.png\" alt=\"\" width=\"300\" height=\"300\" srcset=\"https:\/\/inflowed.es\/wp-content\/uploads\/2024\/11\/col-2-freerider-300x300.png 300w, https:\/\/inflowed.es\/wp-content\/uploads\/2024\/11\/col-2-freerider-150x150.png 150w, https:\/\/inflowed.es\/wp-content\/uploads\/2024\/11\/col-2-freerider-12x12.png 12w, https:\/\/inflowed.es\/wp-content\/uploads\/2024\/11\/col-2-freerider.png 380w\" sizes=\"(max-width: 300px) 100vw, 300px\" \/><\/div>\n<p>&nbsp;<\/p>\n<div id=\"col_1\"><img decoding=\"async\" class=\"size-medium wp-image-4886 aligncenter\" src=\"https:\/\/inflowed.es\/wp-content\/uploads\/2024\/11\/col-1-freerider-300x300.jpeg\" alt=\"\" width=\"300\" height=\"300\" srcset=\"https:\/\/inflowed.es\/wp-content\/uploads\/2024\/11\/col-1-freerider-300x300.jpeg 300w, https:\/\/inflowed.es\/wp-content\/uploads\/2024\/11\/col-1-freerider-1024x1024.jpeg 1024w, https:\/\/inflowed.es\/wp-content\/uploads\/2024\/11\/col-1-freerider-150x150.jpeg 150w, https:\/\/inflowed.es\/wp-content\/uploads\/2024\/11\/col-1-freerider-768x768.jpeg 768w, https:\/\/inflowed.es\/wp-content\/uploads\/2024\/11\/col-1-freerider-1536x1536.jpeg 1536w, https:\/\/inflowed.es\/wp-content\/uploads\/2024\/11\/col-1-freerider-2048x2048.jpeg 2048w, https:\/\/inflowed.es\/wp-content\/uploads\/2024\/11\/col-1-freerider-12x12.jpeg 12w, https:\/\/inflowed.es\/wp-content\/uploads\/2024\/11\/col-1-freerider-900x900.jpeg 900w, https:\/\/inflowed.es\/wp-content\/uploads\/2024\/11\/col-1-freerider-450x450.jpeg 450w, https:\/\/inflowed.es\/wp-content\/uploads\/2024\/11\/col-1-freerider-600x600.jpeg 600w\" sizes=\"(max-width: 300px) 100vw, 300px\" \/><\/div>\n<div id=\"col_2\">\n<h3>Cyclonic suction<\/h3>\n<p>FREERIDER\u2122 offers comprehensive cleaning performance thanks to its powerful, patented, long-lasting cyclonic suction. Helix brushes and dual-level progressive filtration allow all debris, even the finest, to be vacuumed more effectively.<\/p>\n<\/div>\n<p>&nbsp;<\/p>\n<div id=\"col_1\">\n<h3>Easy handling<\/h3>\n<p>With its integrated smart sensors and unique design, FREERIDER\u2122 is exceptionally agile and provides excellent cleaning coverage for the entire pool, regardless of its shape and liner.<\/p>\n<\/div>\n<div id=\"col_2\"><img decoding=\"async\" class=\"size-medium wp-image-4898 aligncenter\" src=\"https:\/\/inflowed.es\/wp-content\/uploads\/2024\/11\/col-3-freerider-300x300.png\" alt=\"\" width=\"300\" height=\"300\" srcset=\"https:\/\/inflowed.es\/wp-content\/uploads\/2024\/11\/col-3-freerider-300x300.png 300w, https:\/\/inflowed.es\/wp-content\/uploads\/2024\/11\/col-3-freerider-150x150.png 150w, https:\/\/inflowed.es\/wp-content\/uploads\/2024\/11\/col-3-freerider-12x12.png 12w, https:\/\/inflowed.es\/wp-content\/uploads\/2024\/11\/col-3-freerider.png 380w\" sizes=\"(max-width: 300px) 100vw, 300px\" \/><\/div>","protected":false},"excerpt":{"rendered":"<ul>\n<li>Suitable for pools of <strong>up to 10 x 5 mt.<\/strong><\/li>\n<li>Filter for fine waste from\u00a0<strong>100 microns.<\/strong><\/li>\n<li><strong>Wireless (without cable)<\/strong>includes charging station.<\/li>\n<li>With hook for water extraction.<\/li>\n<li><strong>Includes basic Mobile App.<\/strong><\/li>\n<li>Multiple cleaning mode options.<\/li>\n<\/ul>\n<p><a href=\"https:\/\/inflowed.es\/wp-content\/uploads\/2024\/11\/Folleto-Zodiac-Freerider-RF-5200-iQ.pdf\">Brochure Zodiac Freerider RF 5200 iQ<\/a><\/p>","protected":false},"featured_media":4880,"comment_status":"open","ping_status":"closed","template":"","meta":[],"product_brand":[],"product_cat":[91],"product_tag":[],"class_list":{"0":"post-4879","1":"product","2":"type-product","3":"status-publish","4":"has-post-thumbnail","6":"product_cat-limpiafondos-de-bateria","8":"first","9":"instock","10":"taxable","11":"shipping-taxable","12":"product-type-simple"},"yoast_head":"<!-- This site is optimized with the Yoast SEO plugin v27.2 - https:\/\/yoast.com\/product\/yoast-seo-wordpress\/ -->\n<title>Zodiac Freerider RF 5200 iQ &#8211; INFLOWED<\/title>\n<meta name=\"robots\" content=\"index, follow, max-snippet:-1, max-image-preview:large, max-video-preview:-1\" \/>\n<link rel=\"canonical\" href=\"https:\/\/inflowed.es\/en\/product\/zodiac-freerider-rf-5200-iq\/\" \/>\n<meta property=\"og:locale\" content=\"en_US\" \/>\n<meta property=\"og:type\" content=\"article\" \/>\n<meta property=\"og:title\" content=\"Zodiac Freerider RF 5200 iQ &#8211; INFLOWED\" \/>\n<meta property=\"og:description\" content=\"Apto para piscinas de hasta 10 x 5 mt.  Filtro para residuos finos de\u00a0100 micras.  Inal\u00e1mbrico (sin cable), incluye estaci\u00f3n de carga.  Con gancho para extracci\u00f3n del agua.  Incluye App M\u00f3vil b\u00e1sica.  M\u00faltiples opciones de modos de limpieza.  Folleto Zodiac Freerider RF 5200 iQ\" \/>\n<meta property=\"og:url\" content=\"https:\/\/inflowed.es\/en\/product\/zodiac-freerider-rf-5200-iq\/\" \/>\n<meta property=\"og:site_name\" content=\"INFLOWED\" \/>\n<meta property=\"article:modified_time\" content=\"2024-11-12T16:14:33+00:00\" \/>\n<meta property=\"og:image\" content=\"https:\/\/inflowed.es\/wp-content\/uploads\/2024\/11\/Freerider-FR-5200-iQ.jpg\" \/>\n\t<meta property=\"og:image:width\" content=\"800\" \/>\n\t<meta property=\"og:image:height\" content=\"800\" \/>\n\t<meta property=\"og:image:type\" content=\"image\/jpeg\" \/>\n<meta name=\"twitter:card\" content=\"summary_large_image\" \/>\n<meta name=\"twitter:label1\" content=\"Est. reading time\" \/>\n\t<meta name=\"twitter:data1\" content=\"3 minutes\" \/>\n<script type=\"application\/ld+json\" class=\"yoast-schema-graph\">{\"@context\":\"https:\/\/schema.org\",\"@graph\":[{\"@type\":\"WebPage\",\"@id\":\"https:\/\/inflowed.es\/producto\/zodiac-freerider-rf-5200-iq\",\"url\":\"https:\/\/inflowed.es\/producto\/zodiac-freerider-rf-5200-iq\",\"name\":\"Zodiac Freerider RF 5200 iQ &#8211; INFLOWED\",\"isPartOf\":{\"@id\":\"https:\/\/inflowed.es\/#website\"},\"primaryImageOfPage\":{\"@id\":\"https:\/\/inflowed.es\/producto\/zodiac-freerider-rf-5200-iq#primaryimage\"},\"image\":{\"@id\":\"https:\/\/inflowed.es\/producto\/zodiac-freerider-rf-5200-iq#primaryimage\"},\"thumbnailUrl\":\"https:\/\/inflowed.es\/wp-content\/uploads\/2024\/11\/Freerider-FR-5200-iQ.jpg\",\"datePublished\":\"2024-11-12T10:15:33+00:00\",\"dateModified\":\"2024-11-12T16:14:33+00:00\",\"breadcrumb\":{\"@id\":\"https:\/\/inflowed.es\/producto\/zodiac-freerider-rf-5200-iq#breadcrumb\"},\"inLanguage\":\"en-US\",\"potentialAction\":[{\"@type\":\"ReadAction\",\"target\":[\"https:\/\/inflowed.es\/producto\/zodiac-freerider-rf-5200-iq\"]}]},{\"@type\":\"ImageObject\",\"inLanguage\":\"en-US\",\"@id\":\"https:\/\/inflowed.es\/producto\/zodiac-freerider-rf-5200-iq#primaryimage\",\"url\":\"https:\/\/inflowed.es\/wp-content\/uploads\/2024\/11\/Freerider-FR-5200-iQ.jpg\",\"contentUrl\":\"https:\/\/inflowed.es\/wp-content\/uploads\/2024\/11\/Freerider-FR-5200-iQ.jpg\",\"width\":800,\"height\":800},{\"@type\":\"BreadcrumbList\",\"@id\":\"https:\/\/inflowed.es\/producto\/zodiac-freerider-rf-5200-iq#breadcrumb\",\"itemListElement\":[{\"@type\":\"ListItem\",\"position\":1,\"name\":\"Portada\",\"item\":\"https:\/\/inflowed.es\/\"},{\"@type\":\"ListItem\",\"position\":2,\"name\":\"Cat\u00e1logo de productos\",\"item\":\"https:\/\/inflowed.es\/catalogo-de-productos\"},{\"@type\":\"ListItem\",\"position\":3,\"name\":\"Zodiac Freerider RF 5200 iQ\"}]},{\"@type\":\"WebSite\",\"@id\":\"https:\/\/inflowed.es\/#website\",\"url\":\"https:\/\/inflowed.es\/\",\"name\":\"INFLOWED\",\"description\":\"Distribuci&oacute;n mayorista de art&iacute;culos para piscinas\",\"publisher\":{\"@id\":\"https:\/\/inflowed.es\/#organization\"},\"potentialAction\":[{\"@type\":\"SearchAction\",\"target\":{\"@type\":\"EntryPoint\",\"urlTemplate\":\"https:\/\/inflowed.es\/?s={search_term_string}\"},\"query-input\":{\"@type\":\"PropertyValueSpecification\",\"valueRequired\":true,\"valueName\":\"search_term_string\"}}],\"inLanguage\":\"en-US\"},{\"@type\":\"Organization\",\"@id\":\"https:\/\/inflowed.es\/#organization\",\"name\":\"Inflowed Spain S.L.\",\"url\":\"https:\/\/inflowed.es\/\",\"logo\":{\"@type\":\"ImageObject\",\"inLanguage\":\"en-US\",\"@id\":\"https:\/\/inflowed.es\/#\/schema\/logo\/image\/\",\"url\":\"https:\/\/inflowed.es\/wp-content\/uploads\/2023\/11\/logo-inflowed.png\",\"contentUrl\":\"https:\/\/inflowed.es\/wp-content\/uploads\/2023\/11\/logo-inflowed.png\",\"width\":1032,\"height\":242,\"caption\":\"Inflowed Spain S.L.\"},\"image\":{\"@id\":\"https:\/\/inflowed.es\/#\/schema\/logo\/image\/\"}}]}<\/script>\n<!-- \/ Yoast SEO plugin. -->","yoast_head_json":{"title":"Zodiac Freerider RF 5200 iQ &#8211; INFLOWED","robots":{"index":"index","follow":"follow","max-snippet":"max-snippet:-1","max-image-preview":"max-image-preview:large","max-video-preview":"max-video-preview:-1"},"canonical":"https:\/\/inflowed.es\/en\/product\/zodiac-freerider-rf-5200-iq\/","og_locale":"en_US","og_type":"article","og_title":"Zodiac Freerider RF 5200 iQ &#8211; INFLOWED","og_description":"Apto para piscinas de hasta 10 x 5 mt.  Filtro para residuos finos de\u00a0100 micras.  Inal\u00e1mbrico (sin cable), incluye estaci\u00f3n de carga.  Con gancho para extracci\u00f3n del agua.  Incluye App M\u00f3vil b\u00e1sica.  M\u00faltiples opciones de modos de limpieza.  Folleto Zodiac Freerider RF 5200 iQ","og_url":"https:\/\/inflowed.es\/en\/product\/zodiac-freerider-rf-5200-iq\/","og_site_name":"INFLOWED","article_modified_time":"2024-11-12T16:14:33+00:00","og_image":[{"width":800,"height":800,"url":"https:\/\/inflowed.es\/wp-content\/uploads\/2024\/11\/Freerider-FR-5200-iQ.jpg","type":"image\/jpeg"}],"twitter_card":"summary_large_image","twitter_misc":{"Est. reading time":"3 minutes"},"schema":{"@context":"https:\/\/schema.org","@graph":[{"@type":"WebPage","@id":"https:\/\/inflowed.es\/producto\/zodiac-freerider-rf-5200-iq","url":"https:\/\/inflowed.es\/producto\/zodiac-freerider-rf-5200-iq","name":"Zodiac Freerider RF 5200 iQ &#8211; INFLOWED","isPartOf":{"@id":"https:\/\/inflowed.es\/#website"},"primaryImageOfPage":{"@id":"https:\/\/inflowed.es\/producto\/zodiac-freerider-rf-5200-iq#primaryimage"},"image":{"@id":"https:\/\/inflowed.es\/producto\/zodiac-freerider-rf-5200-iq#primaryimage"},"thumbnailUrl":"https:\/\/inflowed.es\/wp-content\/uploads\/2024\/11\/Freerider-FR-5200-iQ.jpg","datePublished":"2024-11-12T10:15:33+00:00","dateModified":"2024-11-12T16:14:33+00:00","breadcrumb":{"@id":"https:\/\/inflowed.es\/producto\/zodiac-freerider-rf-5200-iq#breadcrumb"},"inLanguage":"en-US","potentialAction":[{"@type":"ReadAction","target":["https:\/\/inflowed.es\/producto\/zodiac-freerider-rf-5200-iq"]}]},{"@type":"ImageObject","inLanguage":"en-US","@id":"https:\/\/inflowed.es\/producto\/zodiac-freerider-rf-5200-iq#primaryimage","url":"https:\/\/inflowed.es\/wp-content\/uploads\/2024\/11\/Freerider-FR-5200-iQ.jpg","contentUrl":"https:\/\/inflowed.es\/wp-content\/uploads\/2024\/11\/Freerider-FR-5200-iQ.jpg","width":800,"height":800},{"@type":"BreadcrumbList","@id":"https:\/\/inflowed.es\/producto\/zodiac-freerider-rf-5200-iq#breadcrumb","itemListElement":[{"@type":"ListItem","position":1,"name":"Portada","item":"https:\/\/inflowed.es\/"},{"@type":"ListItem","position":2,"name":"Cat\u00e1logo de productos","item":"https:\/\/inflowed.es\/catalogo-de-productos"},{"@type":"ListItem","position":3,"name":"Zodiac Freerider RF 5200 iQ"}]},{"@type":"WebSite","@id":"https:\/\/inflowed.es\/#website","url":"https:\/\/inflowed.es\/","name":"INFLOWED","description":"Distribuci&oacute;n mayorista de art&iacute;culos para piscinas","publisher":{"@id":"https:\/\/inflowed.es\/#organization"},"potentialAction":[{"@type":"SearchAction","target":{"@type":"EntryPoint","urlTemplate":"https:\/\/inflowed.es\/?s={search_term_string}"},"query-input":{"@type":"PropertyValueSpecification","valueRequired":true,"valueName":"search_term_string"}}],"inLanguage":"en-US"},{"@type":"Organization","@id":"https:\/\/inflowed.es\/#organization","name":"Inflowed Spain S.L.","url":"https:\/\/inflowed.es\/","logo":{"@type":"ImageObject","inLanguage":"en-US","@id":"https:\/\/inflowed.es\/#\/schema\/logo\/image\/","url":"https:\/\/inflowed.es\/wp-content\/uploads\/2023\/11\/logo-inflowed.png","contentUrl":"https:\/\/inflowed.es\/wp-content\/uploads\/2023\/11\/logo-inflowed.png","width":1032,"height":242,"caption":"Inflowed Spain S.L."},"image":{"@id":"https:\/\/inflowed.es\/#\/schema\/logo\/image\/"}}]}},"_links":{"self":[{"href":"https:\/\/inflowed.es\/en\/wp-json\/wp\/v2\/product\/4879","targetHints":{"allow":["GET"]}}],"collection":[{"href":"https:\/\/inflowed.es\/en\/wp-json\/wp\/v2\/product"}],"about":[{"href":"https:\/\/inflowed.es\/en\/wp-json\/wp\/v2\/types\/product"}],"replies":[{"embeddable":true,"href":"https:\/\/inflowed.es\/en\/wp-json\/wp\/v2\/comments?post=4879"}],"version-history":[{"count":14,"href":"https:\/\/inflowed.es\/en\/wp-json\/wp\/v2\/product\/4879\/revisions"}],"predecessor-version":[{"id":4905,"href":"https:\/\/inflowed.es\/en\/wp-json\/wp\/v2\/product\/4879\/revisions\/4905"}],"wp:featuredmedia":[{"embeddable":true,"href":"https:\/\/inflowed.es\/en\/wp-json\/wp\/v2\/media\/4880"}],"wp:attachment":[{"href":"https:\/\/inflowed.es\/en\/wp-json\/wp\/v2\/media?parent=4879"}],"wp:term":[{"taxonomy":"product_brand","embeddable":true,"href":"https:\/\/inflowed.es\/en\/wp-json\/wp\/v2\/product_brand?post=4879"},{"taxonomy":"product_cat","embeddable":true,"href":"https:\/\/inflowed.es\/en\/wp-json\/wp\/v2\/product_cat?post=4879"},{"taxonomy":"product_tag","embeddable":true,"href":"https:\/\/inflowed.es\/en\/wp-json\/wp\/v2\/product_tag?post=4879"}],"curies":[{"name":"wp","href":"https:\/\/api.w.org\/{rel}","templated":true}]}}