{"id":4813,"date":"2024-10-31T15:56:20","date_gmt":"2024-10-31T15:56:20","guid":{"rendered":"https:\/\/inflowed.es\/?post_type=product&#038;p=4813"},"modified":"2024-11-12T16:14:35","modified_gmt":"2024-11-12T16:14:35","slug":"clorador-salino-innowater-smc","status":"publish","type":"product","link":"https:\/\/inflowed.es\/en\/product\/clorador-salino-innowater-smc","title":{"rendered":"Innowater SMC Salt Chlorinator"},"content":{"rendered":"<ul>\n<li>High performance watertight power supply.<\/li>\n<li>Closed enclosure without forced ventilation.<\/li>\n<li>LCD display with a user-friendly menu system.<\/li>\n<li>Easy disconnect cell connector in waterproof rubber.<\/li>\n<li>Overload-proof electronic power control.<\/li>\n<li>Compact, low-maintenance bipolar cell.<\/li>\n<li>Programmable polarity change.<\/li>\n<li>Transparent electrode holder and glass for easy access and quick inspection.<\/li>\n<li>Fast cell electrical connection without nuts.<\/li>\n<li>Interchangeable cell terminals molded with insulating material.<\/li>\n<li>Internet connection through the platform\u00a0\u00a0<img decoding=\"async\" class=\"alignnone wp-image-12953\" src=\"https:\/\/innowater.es\/wp-content\/uploads\/2017\/07\/Loxone-normal-v2-300x67.png\" sizes=\"(max-width:767px) 72px, 72px\" srcset=\"https:\/\/innowater.es\/wp-content\/uploads\/2017\/07\/Loxone-normal-v2-300x67.png 300w, https:\/\/innowater.es\/wp-content\/uploads\/2017\/07\/Loxone-normal-v2-150x33.png 150w, https:\/\/innowater.es\/wp-content\/uploads\/2017\/07\/Loxone-normal-v2.png 601w\" alt=\"\" width=\"72\" height=\"16\" \/><\/li>\n<\/ul>\n<h2>Innowater SMC Model Comparison Table<\/h2>\n<table class=\"tabla_especificaciones\" width=\"100%\">\n<tbody>\n<tr>\n<td width=\"189\"><strong>Model<\/strong><\/td>\n<td style=\"text-align: center;\" width=\"100\"><strong>SMC10<\/strong><\/td>\n<td style=\"text-align: center;\" width=\"100\"><strong>SMC15<\/strong><\/td>\n<td style=\"text-align: center;\" width=\"100\"><strong>SMC20<\/strong><\/td>\n<td style=\"text-align: center;\" width=\"100\"><strong>SMC30<\/strong><\/td>\n<td style=\"text-align: center;\" width=\"100\"><strong>SMC40<\/strong><\/td>\n<td style=\"text-align: center;\" width=\"100\"><strong>SMC50<\/strong><\/td>\n<\/tr>\n<tr>\n<td width=\"189\"><strong>Production g Cl<sub>2<\/sub>\u00a0\/ h<\/strong><\/td>\n<td style=\"text-align: center;\" width=\"100\">10<\/td>\n<td style=\"text-align: center;\" width=\"100\">15<\/td>\n<td style=\"text-align: center;\" width=\"100\">20<\/td>\n<td style=\"text-align: center;\" width=\"100\">30<\/td>\n<td style=\"text-align: center;\" width=\"100\">40<\/td>\n<td style=\"text-align: center;\" width=\"100\">50<\/td>\n<\/tr>\n<tr>\n<td width=\"189\"><strong>m<sup>3<\/sup>\u00a0max. pool T &lt; 25<sup>o<\/sup>C<\/strong><\/td>\n<td style=\"text-align: center;\" width=\"110\">30<\/td>\n<td style=\"text-align: center;\" width=\"110\">50<\/td>\n<td style=\"text-align: center;\" width=\"110\">90<\/td>\n<td style=\"text-align: center;\" width=\"110\">150<\/td>\n<td style=\"text-align: center;\" width=\"110\">180<\/td>\n<td style=\"text-align: center;\" width=\"110\">200<\/td>\n<\/tr>\n<tr>\n<td width=\"189\"><strong>m<sup>3<\/sup>\u00a0max. pool T &gt; 25<sup>o<\/sup>C<\/strong><\/td>\n<td style=\"text-align: center;\" width=\"110\">20<\/td>\n<td style=\"text-align: center;\" width=\"110\">40<\/td>\n<td style=\"text-align: center;\" width=\"110\">75<\/td>\n<td style=\"text-align: center;\" width=\"110\">120<\/td>\n<td style=\"text-align: center;\" width=\"110\">150<\/td>\n<td style=\"text-align: center;\" width=\"110\">160<\/td>\n<\/tr>\n<tr>\n<td width=\"189\"><strong>Max. output voltage VDC<\/strong><\/td>\n<td style=\"text-align: center;\" width=\"110\">24<\/td>\n<td style=\"text-align: center;\" width=\"110\">24<\/td>\n<td style=\"text-align: center;\" width=\"110\">24<\/td>\n<td style=\"text-align: center;\" width=\"110\">24<\/td>\n<td style=\"text-align: center;\" width=\"110\">24<\/td>\n<td style=\"text-align: center;\" width=\"110\">24<\/td>\n<\/tr>\n<tr>\n<td width=\"189\"><strong>Output current A<\/strong><\/td>\n<td style=\"text-align: center;\" width=\"110\">1.5<\/td>\n<td style=\"text-align: center;\" width=\"110\">2.5<\/td>\n<td style=\"text-align: center;\" width=\"110\">3.0<\/td>\n<td style=\"text-align: center;\" width=\"110\">5.0<\/td>\n<td style=\"text-align: center;\" width=\"110\">6.0<\/td>\n<td style=\"text-align: center;\" width=\"110\">8.5<\/td>\n<\/tr>\n<tr>\n<td width=\"189\"><strong>VAC power supply<\/strong><\/td>\n<td style=\"text-align: center;\" width=\"110\">230<\/td>\n<td style=\"text-align: center;\" width=\"110\">230<\/td>\n<td style=\"text-align: center;\" width=\"110\">230<\/td>\n<td style=\"text-align: center;\" width=\"110\">230<\/td>\n<td style=\"text-align: center;\" width=\"110\">230<\/td>\n<td style=\"text-align: center;\" width=\"110\">230<\/td>\n<\/tr>\n<tr>\n<td width=\"189\"><strong>Max. power consumption W<\/strong><\/td>\n<td style=\"text-align: center;\" width=\"110\">50<\/td>\n<td style=\"text-align: center;\" width=\"110\">60<\/td>\n<td style=\"text-align: center;\" width=\"110\">90<\/td>\n<td style=\"text-align: center;\" width=\"110\">130<\/td>\n<td style=\"text-align: center;\" width=\"110\">170<\/td>\n<td style=\"text-align: center;\" width=\"110\">210<\/td>\n<\/tr>\n<tr>\n<td width=\"189\"><strong>Cell polarity change<\/strong><\/td>\n<td style=\"text-align: center;\" width=\"110\">Programmable<\/td>\n<td style=\"text-align: center;\" width=\"110\">Programmable<\/td>\n<td style=\"text-align: center;\" width=\"110\">Programmable<\/td>\n<td style=\"text-align: center;\" width=\"110\">Programmable<\/td>\n<td style=\"text-align: center;\" width=\"110\">Programmable<\/td>\n<td style=\"text-align: center;\" width=\"110\">Programmable<\/td>\n<\/tr>\n<tr>\n<td width=\"189\"><strong>Production control<\/strong><\/td>\n<td style=\"text-align: center;\" width=\"110\">Electronic<\/td>\n<td style=\"text-align: center;\" width=\"110\">Electronic<\/td>\n<td style=\"text-align: center;\" width=\"110\">Electronic<\/td>\n<td style=\"text-align: center;\" width=\"110\">Electronic<\/td>\n<td style=\"text-align: center;\" width=\"110\">Electronic<\/td>\n<td style=\"text-align: center;\" width=\"110\">Electronic<\/td>\n<\/tr>\n<tr>\n<td width=\"189\"><strong>Salt concentration g\/l<\/strong><\/td>\n<td style=\"text-align: center;\" width=\"110\">4 - sea water<\/td>\n<td style=\"text-align: center;\" width=\"110\">4 - sea water<\/td>\n<td style=\"text-align: center;\" width=\"110\">4 - sea water<\/td>\n<td style=\"text-align: center;\" width=\"110\">4 - sea water<\/td>\n<td style=\"text-align: center;\" width=\"110\">4 - sea water<\/td>\n<td style=\"text-align: center;\" width=\"110\">4 - sea water<\/td>\n<\/tr>\n<tr>\n<td width=\"189\"><strong>Electrode quality<\/strong><\/td>\n<td style=\"text-align: center;\" width=\"110\">10K Premium Grade<\/td>\n<td style=\"text-align: center;\" width=\"110\">10K Premium Grade<\/td>\n<td style=\"text-align: center;\" width=\"110\">10K Premium Grade<\/td>\n<td style=\"text-align: center;\" width=\"110\">10K Premium Grade<\/td>\n<td style=\"text-align: center;\" width=\"110\">10K Premium Grade<\/td>\n<td style=\"text-align: center;\" width=\"110\">10K Premium Grade<\/td>\n<\/tr>\n<tr>\n<td width=\"189\"><strong>Min. flow rate m<sup>3<\/sup>\/h<\/strong><\/td>\n<td style=\"text-align: center;\" width=\"110\">4<\/td>\n<td style=\"text-align: center;\" width=\"110\">4<\/td>\n<td style=\"text-align: center;\" width=\"110\">4<\/td>\n<td style=\"text-align: center;\" width=\"110\">6<\/td>\n<td style=\"text-align: center;\" width=\"110\">6<\/td>\n<td style=\"text-align: center;\" width=\"110\">10<\/td>\n<\/tr>\n<tr>\n<td width=\"189\"><strong>Max. pressure bar<\/strong><\/td>\n<td style=\"text-align: center;\" width=\"110\">1.5<\/td>\n<td style=\"text-align: center;\" width=\"110\">1.5<\/td>\n<td style=\"text-align: center;\" width=\"110\">1.5<\/td>\n<td style=\"text-align: center;\" width=\"110\">1.5<\/td>\n<td style=\"text-align: center;\" width=\"110\">1.5<\/td>\n<td style=\"text-align: center;\" width=\"110\">1.5<\/td>\n<\/tr>\n<tr>\n<td width=\"189\"><strong>Pressure drop bar<\/strong><\/td>\n<td style=\"text-align: center;\" width=\"110\">0.025<\/td>\n<td style=\"text-align: center;\" width=\"110\">0.025<\/td>\n<td style=\"text-align: center;\" width=\"110\">0.025<\/td>\n<td style=\"text-align: center;\" width=\"110\">0.025<\/td>\n<td style=\"text-align: center;\" width=\"110\">0.025<\/td>\n<td style=\"text-align: center;\" width=\"110\">0.030<\/td>\n<\/tr>\n<tr>\n<td width=\"189\"><strong>Cell pipe mm<\/strong><\/td>\n<td style=\"text-align: center;\" width=\"110\">50<\/td>\n<td style=\"text-align: center;\" width=\"110\">50<\/td>\n<td style=\"text-align: center;\" width=\"110\">50<\/td>\n<td style=\"text-align: center;\" width=\"110\">50<\/td>\n<td style=\"text-align: center;\" width=\"110\">50<\/td>\n<td style=\"text-align: center;\" width=\"110\">63<\/td>\n<\/tr>\n<tr>\n<td width=\"189\"><strong>Cell installation<\/strong><\/td>\n<td style=\"text-align: center;\" width=\"110\">PVC glue<\/td>\n<td style=\"text-align: center;\" width=\"110\">PVC glue<\/td>\n<td style=\"text-align: center;\" width=\"110\">PVC glue<\/td>\n<td style=\"text-align: center;\" width=\"110\">PVC glue<\/td>\n<td style=\"text-align: center;\" width=\"110\">PVC glue<\/td>\n<td style=\"text-align: center;\" width=\"110\">Threaded link<\/td>\n<\/tr>\n<tr>\n<td width=\"189\"><strong>Weight Kg<\/strong><\/td>\n<td style=\"text-align: center;\" width=\"110\">6<\/td>\n<td style=\"text-align: center;\" width=\"110\">6<\/td>\n<td style=\"text-align: center;\" width=\"110\">6<\/td>\n<td style=\"text-align: center;\" width=\"110\">6<\/td>\n<td style=\"text-align: center;\" width=\"110\">6<\/td>\n<td style=\"text-align: center;\" width=\"110\">12<\/td>\n<\/tr>\n<tr>\n<td width=\"189\"><strong>Packing dimensions mm<\/strong><\/td>\n<td style=\"text-align: center;\" width=\"110\">600 x 360 x 150<\/td>\n<td style=\"text-align: center;\" width=\"110\">600 x 360 x 150<\/td>\n<td style=\"text-align: center;\" width=\"110\">600 x 360 x 150<\/td>\n<td style=\"text-align: center;\" width=\"110\">600 x 360 x 150<\/td>\n<td style=\"text-align: center;\" width=\"110\">600 x 360 x 150<\/td>\n<td style=\"text-align: center;\" width=\"110\">655 x 650 x 230<\/td>\n<\/tr>\n<\/tbody>\n<\/table>","protected":false},"excerpt":{"rendered":"<ul>\n<li>Power supply <strong>watertight<\/strong> from <strong>high performance.<\/strong><\/li>\n<li>Closed enclosure without forced ventilation.<\/li>\n<li>LCD display with <strong>agile menu system.<\/strong><\/li>\n<li>Cell connector <strong>easy disconnection<\/strong> in waterproof rubber.<\/li>\n<li><strong>Available models:<\/strong>\n<ul>\n<li>SMC10, SMC15, SMC20, SMC30, SMC40, SMC50<\/li>\n<\/ul>\n<\/li>\n<\/ul>","protected":false},"featured_media":4814,"comment_status":"open","ping_status":"closed","template":"","meta":[],"product_brand":[],"product_cat":[82],"product_tag":[],"class_list":{"0":"post-4813","1":"product","2":"type-product","3":"status-publish","4":"has-post-thumbnail","6":"product_cat-cloradores-salinos","8":"first","9":"instock","10":"taxable","11":"shipping-taxable","12":"product-type-simple"},"yoast_head":"<!-- This site is optimized with the Yoast SEO plugin v27.2 - https:\/\/yoast.com\/product\/yoast-seo-wordpress\/ -->\n<title>Clorador Salino Innowater SMC &#8211; INFLOWED<\/title>\n<meta name=\"robots\" content=\"index, follow, max-snippet:-1, max-image-preview:large, max-video-preview:-1\" \/>\n<link rel=\"canonical\" href=\"https:\/\/inflowed.es\/en\/product\/clorador-salino-innowater-smc\/\" \/>\n<meta property=\"og:locale\" content=\"en_US\" \/>\n<meta property=\"og:type\" content=\"article\" \/>\n<meta property=\"og:title\" content=\"Clorador Salino Innowater SMC &#8211; INFLOWED\" \/>\n<meta property=\"og:description\" content=\"Fuente de alimentaci\u00f3n estanca de alto rendimiento.  Envolvente cerrada sin ventilaci\u00f3n forzada.  Pantalla LCD con \u00e1gil sistema de men\u00fas.  Conector de c\u00e9lula de f\u00e1cil desconexi\u00f3n en goma resistente al agua.  Modelos disponibles:   SMC10, SMC15, SMC20, SMC30, SMC40, SMC50\" \/>\n<meta property=\"og:url\" content=\"https:\/\/inflowed.es\/en\/product\/clorador-salino-innowater-smc\/\" \/>\n<meta property=\"og:site_name\" content=\"INFLOWED\" \/>\n<meta property=\"article:modified_time\" content=\"2024-11-12T16:14:35+00:00\" \/>\n<meta property=\"og:image\" content=\"https:\/\/inflowed.es\/wp-content\/uploads\/2024\/10\/Innowater-SMC.jpg\" \/>\n\t<meta property=\"og:image:width\" content=\"595\" \/>\n\t<meta property=\"og:image:height\" content=\"566\" \/>\n\t<meta property=\"og:image:type\" content=\"image\/jpeg\" \/>\n<meta name=\"twitter:card\" content=\"summary_large_image\" \/>\n<meta name=\"twitter:label1\" content=\"Est. reading time\" \/>\n\t<meta name=\"twitter:data1\" content=\"2 minutes\" \/>\n<script type=\"application\/ld+json\" class=\"yoast-schema-graph\">{\"@context\":\"https:\/\/schema.org\",\"@graph\":[{\"@type\":\"WebPage\",\"@id\":\"https:\/\/inflowed.es\/producto\/clorador-salino-innowater-smc\",\"url\":\"https:\/\/inflowed.es\/producto\/clorador-salino-innowater-smc\",\"name\":\"Clorador Salino Innowater SMC &#8211; INFLOWED\",\"isPartOf\":{\"@id\":\"https:\/\/inflowed.es\/#website\"},\"primaryImageOfPage\":{\"@id\":\"https:\/\/inflowed.es\/producto\/clorador-salino-innowater-smc#primaryimage\"},\"image\":{\"@id\":\"https:\/\/inflowed.es\/producto\/clorador-salino-innowater-smc#primaryimage\"},\"thumbnailUrl\":\"https:\/\/inflowed.es\/wp-content\/uploads\/2024\/10\/Innowater-SMC.jpg\",\"datePublished\":\"2024-10-31T15:56:20+00:00\",\"dateModified\":\"2024-11-12T16:14:35+00:00\",\"breadcrumb\":{\"@id\":\"https:\/\/inflowed.es\/producto\/clorador-salino-innowater-smc#breadcrumb\"},\"inLanguage\":\"en-US\",\"potentialAction\":[{\"@type\":\"ReadAction\",\"target\":[\"https:\/\/inflowed.es\/producto\/clorador-salino-innowater-smc\"]}]},{\"@type\":\"ImageObject\",\"inLanguage\":\"en-US\",\"@id\":\"https:\/\/inflowed.es\/producto\/clorador-salino-innowater-smc#primaryimage\",\"url\":\"https:\/\/inflowed.es\/wp-content\/uploads\/2024\/10\/Innowater-SMC.jpg\",\"contentUrl\":\"https:\/\/inflowed.es\/wp-content\/uploads\/2024\/10\/Innowater-SMC.jpg\",\"width\":595,\"height\":566},{\"@type\":\"BreadcrumbList\",\"@id\":\"https:\/\/inflowed.es\/producto\/clorador-salino-innowater-smc#breadcrumb\",\"itemListElement\":[{\"@type\":\"ListItem\",\"position\":1,\"name\":\"Portada\",\"item\":\"https:\/\/inflowed.es\/\"},{\"@type\":\"ListItem\",\"position\":2,\"name\":\"Cat\u00e1logo de productos\",\"item\":\"https:\/\/inflowed.es\/catalogo-de-productos\"},{\"@type\":\"ListItem\",\"position\":3,\"name\":\"Clorador Salino Innowater SMC\"}]},{\"@type\":\"WebSite\",\"@id\":\"https:\/\/inflowed.es\/#website\",\"url\":\"https:\/\/inflowed.es\/\",\"name\":\"INFLOWED\",\"description\":\"Distribuci&oacute;n mayorista de art&iacute;culos para piscinas\",\"publisher\":{\"@id\":\"https:\/\/inflowed.es\/#organization\"},\"potentialAction\":[{\"@type\":\"SearchAction\",\"target\":{\"@type\":\"EntryPoint\",\"urlTemplate\":\"https:\/\/inflowed.es\/?s={search_term_string}\"},\"query-input\":{\"@type\":\"PropertyValueSpecification\",\"valueRequired\":true,\"valueName\":\"search_term_string\"}}],\"inLanguage\":\"en-US\"},{\"@type\":\"Organization\",\"@id\":\"https:\/\/inflowed.es\/#organization\",\"name\":\"Inflowed Spain S.L.\",\"url\":\"https:\/\/inflowed.es\/\",\"logo\":{\"@type\":\"ImageObject\",\"inLanguage\":\"en-US\",\"@id\":\"https:\/\/inflowed.es\/#\/schema\/logo\/image\/\",\"url\":\"https:\/\/inflowed.es\/wp-content\/uploads\/2023\/11\/logo-inflowed.png\",\"contentUrl\":\"https:\/\/inflowed.es\/wp-content\/uploads\/2023\/11\/logo-inflowed.png\",\"width\":1032,\"height\":242,\"caption\":\"Inflowed Spain S.L.\"},\"image\":{\"@id\":\"https:\/\/inflowed.es\/#\/schema\/logo\/image\/\"}}]}<\/script>\n<!-- \/ Yoast SEO plugin. -->","yoast_head_json":{"title":"Clorador Salino Innowater SMC &#8211; INFLOWED","robots":{"index":"index","follow":"follow","max-snippet":"max-snippet:-1","max-image-preview":"max-image-preview:large","max-video-preview":"max-video-preview:-1"},"canonical":"https:\/\/inflowed.es\/en\/product\/clorador-salino-innowater-smc\/","og_locale":"en_US","og_type":"article","og_title":"Clorador Salino Innowater SMC &#8211; INFLOWED","og_description":"Fuente de alimentaci\u00f3n estanca de alto rendimiento.  Envolvente cerrada sin ventilaci\u00f3n forzada.  Pantalla LCD con \u00e1gil sistema de men\u00fas.  Conector de c\u00e9lula de f\u00e1cil desconexi\u00f3n en goma resistente al agua.  Modelos disponibles:   SMC10, SMC15, SMC20, SMC30, SMC40, SMC50","og_url":"https:\/\/inflowed.es\/en\/product\/clorador-salino-innowater-smc\/","og_site_name":"INFLOWED","article_modified_time":"2024-11-12T16:14:35+00:00","og_image":[{"width":595,"height":566,"url":"https:\/\/inflowed.es\/wp-content\/uploads\/2024\/10\/Innowater-SMC.jpg","type":"image\/jpeg"}],"twitter_card":"summary_large_image","twitter_misc":{"Est. reading time":"2 minutes"},"schema":{"@context":"https:\/\/schema.org","@graph":[{"@type":"WebPage","@id":"https:\/\/inflowed.es\/producto\/clorador-salino-innowater-smc","url":"https:\/\/inflowed.es\/producto\/clorador-salino-innowater-smc","name":"Clorador Salino Innowater SMC &#8211; INFLOWED","isPartOf":{"@id":"https:\/\/inflowed.es\/#website"},"primaryImageOfPage":{"@id":"https:\/\/inflowed.es\/producto\/clorador-salino-innowater-smc#primaryimage"},"image":{"@id":"https:\/\/inflowed.es\/producto\/clorador-salino-innowater-smc#primaryimage"},"thumbnailUrl":"https:\/\/inflowed.es\/wp-content\/uploads\/2024\/10\/Innowater-SMC.jpg","datePublished":"2024-10-31T15:56:20+00:00","dateModified":"2024-11-12T16:14:35+00:00","breadcrumb":{"@id":"https:\/\/inflowed.es\/producto\/clorador-salino-innowater-smc#breadcrumb"},"inLanguage":"en-US","potentialAction":[{"@type":"ReadAction","target":["https:\/\/inflowed.es\/producto\/clorador-salino-innowater-smc"]}]},{"@type":"ImageObject","inLanguage":"en-US","@id":"https:\/\/inflowed.es\/producto\/clorador-salino-innowater-smc#primaryimage","url":"https:\/\/inflowed.es\/wp-content\/uploads\/2024\/10\/Innowater-SMC.jpg","contentUrl":"https:\/\/inflowed.es\/wp-content\/uploads\/2024\/10\/Innowater-SMC.jpg","width":595,"height":566},{"@type":"BreadcrumbList","@id":"https:\/\/inflowed.es\/producto\/clorador-salino-innowater-smc#breadcrumb","itemListElement":[{"@type":"ListItem","position":1,"name":"Portada","item":"https:\/\/inflowed.es\/"},{"@type":"ListItem","position":2,"name":"Cat\u00e1logo de productos","item":"https:\/\/inflowed.es\/catalogo-de-productos"},{"@type":"ListItem","position":3,"name":"Clorador Salino Innowater SMC"}]},{"@type":"WebSite","@id":"https:\/\/inflowed.es\/#website","url":"https:\/\/inflowed.es\/","name":"INFLOWED","description":"Distribuci&oacute;n mayorista de art&iacute;culos para piscinas","publisher":{"@id":"https:\/\/inflowed.es\/#organization"},"potentialAction":[{"@type":"SearchAction","target":{"@type":"EntryPoint","urlTemplate":"https:\/\/inflowed.es\/?s={search_term_string}"},"query-input":{"@type":"PropertyValueSpecification","valueRequired":true,"valueName":"search_term_string"}}],"inLanguage":"en-US"},{"@type":"Organization","@id":"https:\/\/inflowed.es\/#organization","name":"Inflowed Spain S.L.","url":"https:\/\/inflowed.es\/","logo":{"@type":"ImageObject","inLanguage":"en-US","@id":"https:\/\/inflowed.es\/#\/schema\/logo\/image\/","url":"https:\/\/inflowed.es\/wp-content\/uploads\/2023\/11\/logo-inflowed.png","contentUrl":"https:\/\/inflowed.es\/wp-content\/uploads\/2023\/11\/logo-inflowed.png","width":1032,"height":242,"caption":"Inflowed Spain S.L."},"image":{"@id":"https:\/\/inflowed.es\/#\/schema\/logo\/image\/"}}]}},"_links":{"self":[{"href":"https:\/\/inflowed.es\/en\/wp-json\/wp\/v2\/product\/4813","targetHints":{"allow":["GET"]}}],"collection":[{"href":"https:\/\/inflowed.es\/en\/wp-json\/wp\/v2\/product"}],"about":[{"href":"https:\/\/inflowed.es\/en\/wp-json\/wp\/v2\/types\/product"}],"replies":[{"embeddable":true,"href":"https:\/\/inflowed.es\/en\/wp-json\/wp\/v2\/comments?post=4813"}],"version-history":[{"count":4,"href":"https:\/\/inflowed.es\/en\/wp-json\/wp\/v2\/product\/4813\/revisions"}],"predecessor-version":[{"id":4818,"href":"https:\/\/inflowed.es\/en\/wp-json\/wp\/v2\/product\/4813\/revisions\/4818"}],"wp:featuredmedia":[{"embeddable":true,"href":"https:\/\/inflowed.es\/en\/wp-json\/wp\/v2\/media\/4814"}],"wp:attachment":[{"href":"https:\/\/inflowed.es\/en\/wp-json\/wp\/v2\/media?parent=4813"}],"wp:term":[{"taxonomy":"product_brand","embeddable":true,"href":"https:\/\/inflowed.es\/en\/wp-json\/wp\/v2\/product_brand?post=4813"},{"taxonomy":"product_cat","embeddable":true,"href":"https:\/\/inflowed.es\/en\/wp-json\/wp\/v2\/product_cat?post=4813"},{"taxonomy":"product_tag","embeddable":true,"href":"https:\/\/inflowed.es\/en\/wp-json\/wp\/v2\/product_tag?post=4813"}],"curies":[{"name":"wp","href":"https:\/\/api.w.org\/{rel}","templated":true}]}}