{"id":4712,"date":"2024-10-30T16:22:35","date_gmt":"2024-10-30T16:22:35","guid":{"rendered":"https:\/\/inflowed.es\/?post_type=product&#038;p=4712"},"modified":"2024-11-22T15:42:48","modified_gmt":"2024-11-22T15:42:48","slug":"robot-inalambrico-niya-tracker-15","status":"publish","type":"product","link":"https:\/\/inflowed.es\/en\/product\/robot-inalambrico-niya-tracker-15","title":{"rendered":"Niya Tracker 15 Wireless Robot"},"content":{"rendered":"<p><img fetchpriority=\"high\" decoding=\"async\" class=\"aligncenter wp-image-4715 size-full\" src=\"https:\/\/inflowed.es\/wp-content\/uploads\/2024\/10\/Captura-de-pantalla_30-10-2024_17150_-scaled.jpeg\" alt=\"\" width=\"2560\" height=\"1075\" srcset=\"https:\/\/inflowed.es\/wp-content\/uploads\/2024\/10\/Captura-de-pantalla_30-10-2024_17150_-scaled.jpeg 2560w, https:\/\/inflowed.es\/wp-content\/uploads\/2024\/10\/Captura-de-pantalla_30-10-2024_17150_-300x126.jpeg 300w, https:\/\/inflowed.es\/wp-content\/uploads\/2024\/10\/Captura-de-pantalla_30-10-2024_17150_-1024x430.jpeg 1024w, https:\/\/inflowed.es\/wp-content\/uploads\/2024\/10\/Captura-de-pantalla_30-10-2024_17150_-768x322.jpeg 768w, https:\/\/inflowed.es\/wp-content\/uploads\/2024\/10\/Captura-de-pantalla_30-10-2024_17150_-1536x645.jpeg 1536w, https:\/\/inflowed.es\/wp-content\/uploads\/2024\/10\/Captura-de-pantalla_30-10-2024_17150_-2048x860.jpeg 2048w, https:\/\/inflowed.es\/wp-content\/uploads\/2024\/10\/Captura-de-pantalla_30-10-2024_17150_-18x8.jpeg 18w, https:\/\/inflowed.es\/wp-content\/uploads\/2024\/10\/Captura-de-pantalla_30-10-2024_17150_-600x252.jpeg 600w, https:\/\/inflowed.es\/wp-content\/uploads\/2024\/10\/Captura-de-pantalla_30-10-2024_17150_-150x63.jpeg 150w\" sizes=\"(max-width: 2560px) 100vw, 2560px\" \/><\/p>\n<p>The <strong>Niya Tracker 15<\/strong> is a bottom cleaner <strong>wireless<\/strong> that offers your pool easy and efficient cleaning, making maintenance a breeze. Lightweight. Easy. Effortless. Reclaim your free time with hassle-free pool cleaning.<\/p>\n<table style=\"width: 100%;\">\n<tbody style=\"border: none;\">\n<tr>\n<td style=\"text-align: justify;\">\n<h3>Effortless pool care<\/h3>\n<p>This lightweight, cordless pool robot simplifies pool care and makes it an easy entry-level solution for effortless maintenance.<\/td>\n<td style=\"text-align: justify;\">\n<h3>Clean pool bottom<\/h3>\n<p>Equipped with brushless motors and an efficient filtration system, this robot gently cleans the bottom of the pool so you don't have to.<\/td>\n<td style=\"text-align: justify;\">\n<h3>Automatic parking<\/h3>\n<p>Automatically parks itself near the pool wall for easy retrieval when the battery is low or the cleaning cycle is complete.<\/td>\n<\/tr>\n<\/tbody>\n<\/table>\n<h2>Comparison table of other Niya Tracker models<\/h2>\n<table class=\"tabla-niya-tracker\" style=\"border-collapse: collapse;\">\n<tbody>\n<tr>\n<td style=\"width: 20%;\"><\/td>\n<td style=\"width: 20%;\"><a href=\"\/en\/product\/robot-inalambrico-niya-tracker-25\/\"><img decoding=\"async\" class=\"aligncenter wp-image-4615\" src=\"https:\/\/inflowed.es\/wp-content\/uploads\/2024\/10\/tbl-niya-25-150x150.png\" alt=\"\" width=\"150\" height=\"150\" srcset=\"https:\/\/inflowed.es\/wp-content\/uploads\/2024\/10\/tbl-niya-25-150x150.png 150w, https:\/\/inflowed.es\/wp-content\/uploads\/2024\/10\/tbl-niya-25-300x300.png 300w, https:\/\/inflowed.es\/wp-content\/uploads\/2024\/10\/tbl-niya-25-12x12.png 12w, https:\/\/inflowed.es\/wp-content\/uploads\/2024\/10\/tbl-niya-25-450x450.png 450w, https:\/\/inflowed.es\/wp-content\/uploads\/2024\/10\/tbl-niya-25.png 500w\" sizes=\"(max-width: 150px) 100vw, 150px\" \/><\/a><\/td>\n<td style=\"width: 20%;\"><a href=\"\/en\/product\/robot-inalambrico-niya-tracker-35\/\"><img decoding=\"async\" class=\"aligncenter wp-image-4616 size-thumbnail\" src=\"https:\/\/inflowed.es\/wp-content\/uploads\/2024\/10\/tbl-niya-35-150x150.png\" alt=\"\" width=\"150\" height=\"150\" srcset=\"https:\/\/inflowed.es\/wp-content\/uploads\/2024\/10\/tbl-niya-35-150x150.png 150w, https:\/\/inflowed.es\/wp-content\/uploads\/2024\/10\/tbl-niya-35-300x300.png 300w, https:\/\/inflowed.es\/wp-content\/uploads\/2024\/10\/tbl-niya-35-12x12.png 12w, https:\/\/inflowed.es\/wp-content\/uploads\/2024\/10\/tbl-niya-35-450x450.png 450w, https:\/\/inflowed.es\/wp-content\/uploads\/2024\/10\/tbl-niya-35.png 500w\" sizes=\"(max-width: 150px) 100vw, 150px\" \/><\/a><\/td>\n<td style=\"width: 20%;\"><a href=\"\/en\/product\/robot-inalambrico-niya-tracker-55\/\"><img loading=\"lazy\" decoding=\"async\" class=\"aligncenter wp-image-4617 size-thumbnail\" src=\"https:\/\/inflowed.es\/wp-content\/uploads\/2024\/10\/tbl-niya-55-150x150.png\" alt=\"\" width=\"150\" height=\"150\" srcset=\"https:\/\/inflowed.es\/wp-content\/uploads\/2024\/10\/tbl-niya-55-150x150.png 150w, https:\/\/inflowed.es\/wp-content\/uploads\/2024\/10\/tbl-niya-55-300x300.png 300w, https:\/\/inflowed.es\/wp-content\/uploads\/2024\/10\/tbl-niya-55-12x12.png 12w, https:\/\/inflowed.es\/wp-content\/uploads\/2024\/10\/tbl-niya-55-450x450.png 450w, https:\/\/inflowed.es\/wp-content\/uploads\/2024\/10\/tbl-niya-55.png 500w\" sizes=\"(max-width: 150px) 100vw, 150px\" \/><\/a><\/td>\n<td style=\"width: 20%;\"><a href=\"\/en\/product\/robot-inalambrico-niya-tracker-75\/\"><img loading=\"lazy\" decoding=\"async\" class=\"aligncenter wp-image-4618 size-thumbnail\" src=\"https:\/\/inflowed.es\/wp-content\/uploads\/2024\/10\/tbl-niya-75-150x150.png\" alt=\"\" width=\"150\" height=\"150\" srcset=\"https:\/\/inflowed.es\/wp-content\/uploads\/2024\/10\/tbl-niya-75-150x150.png 150w, https:\/\/inflowed.es\/wp-content\/uploads\/2024\/10\/tbl-niya-75-300x300.png 300w, https:\/\/inflowed.es\/wp-content\/uploads\/2024\/10\/tbl-niya-75-12x12.png 12w, https:\/\/inflowed.es\/wp-content\/uploads\/2024\/10\/tbl-niya-75-450x450.png 450w, https:\/\/inflowed.es\/wp-content\/uploads\/2024\/10\/tbl-niya-75.png 500w\" sizes=\"(max-width: 150px) 100vw, 150px\" \/><\/a><\/td>\n<\/tr>\n<tr>\n<td style=\"width: 20%;\"><\/td>\n<td style=\"width: 20%;\">\n<p style=\"text-align: center;\"><a href=\"\/en\/product\/robot-inalambrico-niya-tracker-25\/\"><span style=\"color: #038f95; font-size: 18px;\"><strong>Niya <\/strong>Tracker 25<\/span><\/a><\/p>\n<\/td>\n<td style=\"width: 20%;\">\n<p style=\"text-align: center;\"><a href=\"\/en\/product\/robot-inalambrico-niya-tracker-35\/\"><span style=\"color: #038f95; font-size: 18px;\"><strong>Niya<\/strong> Tracker 35<\/span><\/a><\/p>\n<\/td>\n<td style=\"width: 20%;\">\n<p style=\"text-align: center;\"><a href=\"\/en\/product\/robot-inalambrico-niya-tracker-55\/\"><span style=\"color: #038f95; font-size: 18px;\"><strong>Niya<\/strong> Tracker 55<\/span><\/a><\/p>\n<\/td>\n<td style=\"width: 20%;\">\n<p style=\"text-align: center;\"><a href=\"\/en\/product\/robot-inalambrico-niya-tracker-75\/\"><span style=\"color: #038f95; font-size: 18px;\"><strong>Niya <\/strong>Tracker 75<\/span><\/a><\/p>\n<\/td>\n<\/tr>\n<tr>\n<td style=\"width: 20%; text-align: left;\"><strong>Pool length<\/strong><\/td>\n<td style=\"width: 20%; text-align: left;\">Up to 8 m<\/td>\n<td style=\"width: 20%; text-align: left;\">Up to 12 m<\/td>\n<td style=\"width: 20%; text-align: left;\">Up to 12 m<\/td>\n<td style=\"width: 20%; text-align: left;\">Up to 15 m<\/td>\n<\/tr>\n<tr>\n<td style=\"width: 20%;\"><strong>Weight<\/strong><\/td>\n<td style=\"width: 20%; text-align: left;\">8 Kg<\/td>\n<td style=\"width: 20%; text-align: left;\">8.7 Kg<\/td>\n<td style=\"width: 20%; text-align: left;\">9 Kg<\/td>\n<td style=\"width: 20%; text-align: left;\">9.7 Kg<\/td>\n<\/tr>\n<tr>\n<td style=\"width: 20%;\"><strong>Types of Swimming Pools<\/strong><\/td>\n<td style=\"width: 20%; text-align: left;\">Elevated\/Easy Buried<\/td>\n<td style=\"width: 20%; text-align: left;\">Elevated\/Easy Buried<\/td>\n<td style=\"width: 20%; text-align: left;\">Buried<\/td>\n<td style=\"width: 20%; text-align: left;\">Buried<\/td>\n<\/tr>\n<tr>\n<td style=\"width: 20%;\"><strong>Operation<\/strong><\/td>\n<td style=\"width: 20%; text-align: left;\">Up to 1.5 h<\/td>\n<td style=\"width: 20%; text-align: left;\">Up to 2.5 h - full coverage<\/td>\n<td style=\"width: 20%; text-align: left;\">Up to 2.5 h - full coverage<\/td>\n<td style=\"width: 20%; text-align: left;\">Up to 3 h - full coverage<\/td>\n<\/tr>\n<tr>\n<td style=\"width: 20%;\"><strong>Charging Time<\/strong><\/td>\n<td style=\"width: 20%; text-align: left;\">4 h<\/td>\n<td style=\"width: 20%; text-align: left;\">2,5 h<\/td>\n<td style=\"width: 20%; text-align: left;\">2,5 h<\/td>\n<td style=\"width: 20%; text-align: left;\">4 h<\/td>\n<\/tr>\n<tr>\n<td style=\"width: 20%;\"><strong>Sonar Navigation<\/strong><\/td>\n<td style=\"width: 20%; text-align: left;\">Yes<\/td>\n<td style=\"width: 20%; text-align: left;\">Yes<\/td>\n<td style=\"width: 20%; text-align: left;\">Yes<\/td>\n<td style=\"width: 20%; text-align: left;\">Yes<\/td>\n<\/tr>\n<tr>\n<td style=\"width: 20%;\"><strong>App<\/strong><\/td>\n<td style=\"width: 20%; text-align: left;\">SW update only<\/td>\n<td style=\"width: 20%; text-align: left;\">SW update only<\/td>\n<td style=\"width: 20%; text-align: left;\">Yes<\/td>\n<td style=\"width: 20%; text-align: left;\">Yes<\/td>\n<\/tr>\n<tr>\n<td style=\"width: 20%;\"><strong>Brushes<\/strong><\/td>\n<td style=\"width: 20%; text-align: left;\">&#8211;<\/td>\n<td style=\"width: 20%; text-align: left;\">2 Assets<\/td>\n<td style=\"width: 20%; text-align: left;\">2 Assets<\/td>\n<td style=\"width: 20%; text-align: left;\">2 Assets<\/td>\n<\/tr>\n<tr>\n<td style=\"width: 20%;\"><strong>Cleaning modes<\/strong><\/td>\n<td style=\"width: 20%; text-align: left;\">2<br \/>\n(ECO \/ Soil only)<\/td>\n<td style=\"width: 20%; text-align: left;\">4<br \/>\n(ECO \/ Standard \/ Background only \/ Wall only)<\/td>\n<td style=\"width: 20%; text-align: left;\">4<br \/>\n(ECO \/ Standard \/ Background only \/ Wall only)<\/td>\n<td style=\"width: 20%; text-align: left;\">5<br \/>\n(ECO \/ Standard \/ Bottom only \/ Water line)<\/td>\n<\/tr>\n<tr>\n<td style=\"width: 20%;\"><strong>Filter Density<\/strong><\/td>\n<td style=\"width: 20%; text-align: left;\">Fine filter basket - 150 \u00b5m<\/td>\n<td style=\"width: 20%; text-align: left;\">Fine filter basket - 150 \u00b5m<\/td>\n<td style=\"width: 20%; text-align: left;\">Fine filter basket - 150 \u00b5m<\/td>\n<td style=\"width: 20%; text-align: left;\">Fine filter basket (150 \u00b5m) + filtering sponge<\/td>\n<\/tr>\n<tr>\n<td style=\"width: 20%;\"><strong>Filter Size<\/strong><\/td>\n<td style=\"width: 20%; text-align: left;\">2 L<\/td>\n<td style=\"width: 20%; text-align: left;\">1,6 L<\/td>\n<td style=\"width: 20%; text-align: left;\">3,2 L<\/td>\n<td style=\"width: 20%; text-align: left;\">3,2 L<\/td>\n<\/tr>\n<tr>\n<td style=\"width: 20%;\"><strong>No. of motors (traction \/ suction)<\/strong><\/td>\n<td style=\"width: 20%; text-align: left;\">2\/1 Brushless<\/td>\n<td style=\"width: 20%; text-align: left;\">2\/1 Brushless<\/td>\n<td style=\"width: 20%; text-align: left;\">2\/1 Brushless<\/td>\n<td style=\"width: 20%; text-align: left;\">2\/2 Brushless<\/td>\n<\/tr>\n<tr>\n<td style=\"width: 20%;\"><strong>Battery Capacity<\/strong><\/td>\n<td style=\"width: 20%; text-align: left;\">7800 mAh<\/td>\n<td style=\"width: 20%; text-align: left;\">7800 mAh<\/td>\n<td style=\"width: 20%; text-align: left;\">7800 mAh<\/td>\n<td style=\"width: 20%; text-align: left;\">10400 mAh<\/td>\n<\/tr>\n<tr>\n<td style=\"width: 20%; text-align: left;\"><strong>Replaceable Battery<\/strong><\/td>\n<td style=\"width: 20%; text-align: left;\">&#8211;<\/td>\n<td style=\"width: 20%; text-align: left;\">Yes<\/td>\n<td style=\"width: 20%; text-align: left;\">Yes<\/td>\n<td style=\"width: 20%; text-align: left;\">Yes<\/td>\n<\/tr>\n<\/tbody>\n<\/table>","protected":false},"excerpt":{"rendered":"<ul>\n<li>Robot <strong>wireless<\/strong> generation.<\/li>\n<li>Cleaning of <strong>only soil.<\/strong><\/li>\n<li>For pools of <strong>up to 6 m.<\/strong><\/li>\n<li><strong>180 \u00b5m filter .<\/strong><\/li>\n<li>Operation <strong>up to 1h.<\/strong><\/li>\n<li>Time of <strong>load 2,5h.<\/strong><\/li>\n<\/ul>","protected":false},"featured_media":4713,"comment_status":"open","ping_status":"closed","template":"","meta":[],"product_brand":[],"product_cat":[91],"product_tag":[],"class_list":{"0":"post-4712","1":"product","2":"type-product","3":"status-publish","4":"has-post-thumbnail","6":"product_cat-limpiafondos-de-bateria","8":"first","9":"onbackorder","10":"taxable","11":"shipping-taxable","12":"product-type-simple"},"yoast_head":"<!-- This site is optimized with the Yoast SEO plugin v27.2 - https:\/\/yoast.com\/product\/yoast-seo-wordpress\/ -->\n<title>Robot inal\u00e1mbrico Niya Tracker 15 &#8211; INFLOWED<\/title>\n<meta name=\"robots\" content=\"index, follow, max-snippet:-1, max-image-preview:large, max-video-preview:-1\" \/>\n<link rel=\"canonical\" href=\"https:\/\/inflowed.es\/en\/product\/robot-inalambrico-niya-tracker-15\/\" \/>\n<meta property=\"og:locale\" content=\"en_US\" \/>\n<meta property=\"og:type\" content=\"article\" \/>\n<meta property=\"og:title\" content=\"Robot inal\u00e1mbrico Niya Tracker 15 &#8211; INFLOWED\" \/>\n<meta property=\"og:description\" content=\"Robot inal\u00e1mbrico de \u00faltima generaci\u00f3n.  Limpieza de solo suelo.  Para piscinas de hasta 6 m.  Filtro de 180 \u00b5m .  Funcionamiento hasta 1h.  Tiempo de carga 2,5h.\" \/>\n<meta property=\"og:url\" content=\"https:\/\/inflowed.es\/en\/product\/robot-inalambrico-niya-tracker-15\/\" \/>\n<meta property=\"og:site_name\" content=\"INFLOWED\" \/>\n<meta property=\"article:modified_time\" content=\"2024-11-22T15:42:48+00:00\" \/>\n<meta property=\"og:image\" content=\"https:\/\/inflowed.es\/wp-content\/uploads\/2024\/10\/niya-tracker-15.jpg\" \/>\n\t<meta property=\"og:image:width\" content=\"1000\" \/>\n\t<meta property=\"og:image:height\" content=\"1000\" \/>\n\t<meta property=\"og:image:type\" content=\"image\/jpeg\" \/>\n<meta name=\"twitter:card\" content=\"summary_large_image\" \/>\n<meta name=\"twitter:label1\" content=\"Est. reading time\" \/>\n\t<meta name=\"twitter:data1\" content=\"3 minutes\" \/>\n<script type=\"application\/ld+json\" class=\"yoast-schema-graph\">{\"@context\":\"https:\/\/schema.org\",\"@graph\":[{\"@type\":\"WebPage\",\"@id\":\"https:\/\/inflowed.es\/producto\/robot-inalambrico-niya-tracker-15\",\"url\":\"https:\/\/inflowed.es\/producto\/robot-inalambrico-niya-tracker-15\",\"name\":\"Robot inal\u00e1mbrico Niya Tracker 15 &#8211; INFLOWED\",\"isPartOf\":{\"@id\":\"https:\/\/inflowed.es\/#website\"},\"primaryImageOfPage\":{\"@id\":\"https:\/\/inflowed.es\/producto\/robot-inalambrico-niya-tracker-15#primaryimage\"},\"image\":{\"@id\":\"https:\/\/inflowed.es\/producto\/robot-inalambrico-niya-tracker-15#primaryimage\"},\"thumbnailUrl\":\"https:\/\/inflowed.es\/wp-content\/uploads\/2024\/10\/niya-tracker-15.jpg\",\"datePublished\":\"2024-10-30T16:22:35+00:00\",\"dateModified\":\"2024-11-22T15:42:48+00:00\",\"breadcrumb\":{\"@id\":\"https:\/\/inflowed.es\/producto\/robot-inalambrico-niya-tracker-15#breadcrumb\"},\"inLanguage\":\"en-US\",\"potentialAction\":[{\"@type\":\"ReadAction\",\"target\":[\"https:\/\/inflowed.es\/producto\/robot-inalambrico-niya-tracker-15\"]}]},{\"@type\":\"ImageObject\",\"inLanguage\":\"en-US\",\"@id\":\"https:\/\/inflowed.es\/producto\/robot-inalambrico-niya-tracker-15#primaryimage\",\"url\":\"https:\/\/inflowed.es\/wp-content\/uploads\/2024\/10\/niya-tracker-15.jpg\",\"contentUrl\":\"https:\/\/inflowed.es\/wp-content\/uploads\/2024\/10\/niya-tracker-15.jpg\",\"width\":1000,\"height\":1000},{\"@type\":\"BreadcrumbList\",\"@id\":\"https:\/\/inflowed.es\/producto\/robot-inalambrico-niya-tracker-15#breadcrumb\",\"itemListElement\":[{\"@type\":\"ListItem\",\"position\":1,\"name\":\"Portada\",\"item\":\"https:\/\/inflowed.es\/\"},{\"@type\":\"ListItem\",\"position\":2,\"name\":\"Cat\u00e1logo de productos\",\"item\":\"https:\/\/inflowed.es\/catalogo-de-productos\"},{\"@type\":\"ListItem\",\"position\":3,\"name\":\"Robot inal\u00e1mbrico Niya Tracker 15\"}]},{\"@type\":\"WebSite\",\"@id\":\"https:\/\/inflowed.es\/#website\",\"url\":\"https:\/\/inflowed.es\/\",\"name\":\"INFLOWED\",\"description\":\"Distribuci&oacute;n mayorista de art&iacute;culos para piscinas\",\"publisher\":{\"@id\":\"https:\/\/inflowed.es\/#organization\"},\"potentialAction\":[{\"@type\":\"SearchAction\",\"target\":{\"@type\":\"EntryPoint\",\"urlTemplate\":\"https:\/\/inflowed.es\/?s={search_term_string}\"},\"query-input\":{\"@type\":\"PropertyValueSpecification\",\"valueRequired\":true,\"valueName\":\"search_term_string\"}}],\"inLanguage\":\"en-US\"},{\"@type\":\"Organization\",\"@id\":\"https:\/\/inflowed.es\/#organization\",\"name\":\"Inflowed Spain S.L.\",\"url\":\"https:\/\/inflowed.es\/\",\"logo\":{\"@type\":\"ImageObject\",\"inLanguage\":\"en-US\",\"@id\":\"https:\/\/inflowed.es\/#\/schema\/logo\/image\/\",\"url\":\"https:\/\/inflowed.es\/wp-content\/uploads\/2023\/11\/logo-inflowed.png\",\"contentUrl\":\"https:\/\/inflowed.es\/wp-content\/uploads\/2023\/11\/logo-inflowed.png\",\"width\":1032,\"height\":242,\"caption\":\"Inflowed Spain S.L.\"},\"image\":{\"@id\":\"https:\/\/inflowed.es\/#\/schema\/logo\/image\/\"}}]}<\/script>\n<!-- \/ Yoast SEO plugin. -->","yoast_head_json":{"title":"Robot inal\u00e1mbrico Niya Tracker 15 &#8211; INFLOWED","robots":{"index":"index","follow":"follow","max-snippet":"max-snippet:-1","max-image-preview":"max-image-preview:large","max-video-preview":"max-video-preview:-1"},"canonical":"https:\/\/inflowed.es\/en\/product\/robot-inalambrico-niya-tracker-15\/","og_locale":"en_US","og_type":"article","og_title":"Robot inal\u00e1mbrico Niya Tracker 15 &#8211; INFLOWED","og_description":"Robot inal\u00e1mbrico de \u00faltima generaci\u00f3n.  Limpieza de solo suelo.  Para piscinas de hasta 6 m.  Filtro de 180 \u00b5m .  Funcionamiento hasta 1h.  Tiempo de carga 2,5h.","og_url":"https:\/\/inflowed.es\/en\/product\/robot-inalambrico-niya-tracker-15\/","og_site_name":"INFLOWED","article_modified_time":"2024-11-22T15:42:48+00:00","og_image":[{"width":1000,"height":1000,"url":"https:\/\/inflowed.es\/wp-content\/uploads\/2024\/10\/niya-tracker-15.jpg","type":"image\/jpeg"}],"twitter_card":"summary_large_image","twitter_misc":{"Est. reading time":"3 minutes"},"schema":{"@context":"https:\/\/schema.org","@graph":[{"@type":"WebPage","@id":"https:\/\/inflowed.es\/producto\/robot-inalambrico-niya-tracker-15","url":"https:\/\/inflowed.es\/producto\/robot-inalambrico-niya-tracker-15","name":"Robot inal\u00e1mbrico Niya Tracker 15 &#8211; INFLOWED","isPartOf":{"@id":"https:\/\/inflowed.es\/#website"},"primaryImageOfPage":{"@id":"https:\/\/inflowed.es\/producto\/robot-inalambrico-niya-tracker-15#primaryimage"},"image":{"@id":"https:\/\/inflowed.es\/producto\/robot-inalambrico-niya-tracker-15#primaryimage"},"thumbnailUrl":"https:\/\/inflowed.es\/wp-content\/uploads\/2024\/10\/niya-tracker-15.jpg","datePublished":"2024-10-30T16:22:35+00:00","dateModified":"2024-11-22T15:42:48+00:00","breadcrumb":{"@id":"https:\/\/inflowed.es\/producto\/robot-inalambrico-niya-tracker-15#breadcrumb"},"inLanguage":"en-US","potentialAction":[{"@type":"ReadAction","target":["https:\/\/inflowed.es\/producto\/robot-inalambrico-niya-tracker-15"]}]},{"@type":"ImageObject","inLanguage":"en-US","@id":"https:\/\/inflowed.es\/producto\/robot-inalambrico-niya-tracker-15#primaryimage","url":"https:\/\/inflowed.es\/wp-content\/uploads\/2024\/10\/niya-tracker-15.jpg","contentUrl":"https:\/\/inflowed.es\/wp-content\/uploads\/2024\/10\/niya-tracker-15.jpg","width":1000,"height":1000},{"@type":"BreadcrumbList","@id":"https:\/\/inflowed.es\/producto\/robot-inalambrico-niya-tracker-15#breadcrumb","itemListElement":[{"@type":"ListItem","position":1,"name":"Portada","item":"https:\/\/inflowed.es\/"},{"@type":"ListItem","position":2,"name":"Cat\u00e1logo de productos","item":"https:\/\/inflowed.es\/catalogo-de-productos"},{"@type":"ListItem","position":3,"name":"Robot inal\u00e1mbrico Niya Tracker 15"}]},{"@type":"WebSite","@id":"https:\/\/inflowed.es\/#website","url":"https:\/\/inflowed.es\/","name":"INFLOWED","description":"Distribuci&oacute;n mayorista de art&iacute;culos para piscinas","publisher":{"@id":"https:\/\/inflowed.es\/#organization"},"potentialAction":[{"@type":"SearchAction","target":{"@type":"EntryPoint","urlTemplate":"https:\/\/inflowed.es\/?s={search_term_string}"},"query-input":{"@type":"PropertyValueSpecification","valueRequired":true,"valueName":"search_term_string"}}],"inLanguage":"en-US"},{"@type":"Organization","@id":"https:\/\/inflowed.es\/#organization","name":"Inflowed Spain S.L.","url":"https:\/\/inflowed.es\/","logo":{"@type":"ImageObject","inLanguage":"en-US","@id":"https:\/\/inflowed.es\/#\/schema\/logo\/image\/","url":"https:\/\/inflowed.es\/wp-content\/uploads\/2023\/11\/logo-inflowed.png","contentUrl":"https:\/\/inflowed.es\/wp-content\/uploads\/2023\/11\/logo-inflowed.png","width":1032,"height":242,"caption":"Inflowed Spain S.L."},"image":{"@id":"https:\/\/inflowed.es\/#\/schema\/logo\/image\/"}}]}},"_links":{"self":[{"href":"https:\/\/inflowed.es\/en\/wp-json\/wp\/v2\/product\/4712","targetHints":{"allow":["GET"]}}],"collection":[{"href":"https:\/\/inflowed.es\/en\/wp-json\/wp\/v2\/product"}],"about":[{"href":"https:\/\/inflowed.es\/en\/wp-json\/wp\/v2\/types\/product"}],"replies":[{"embeddable":true,"href":"https:\/\/inflowed.es\/en\/wp-json\/wp\/v2\/comments?post=4712"}],"version-history":[{"count":14,"href":"https:\/\/inflowed.es\/en\/wp-json\/wp\/v2\/product\/4712\/revisions"}],"predecessor-version":[{"id":4826,"href":"https:\/\/inflowed.es\/en\/wp-json\/wp\/v2\/product\/4712\/revisions\/4826"}],"wp:featuredmedia":[{"embeddable":true,"href":"https:\/\/inflowed.es\/en\/wp-json\/wp\/v2\/media\/4713"}],"wp:attachment":[{"href":"https:\/\/inflowed.es\/en\/wp-json\/wp\/v2\/media?parent=4712"}],"wp:term":[{"taxonomy":"product_brand","embeddable":true,"href":"https:\/\/inflowed.es\/en\/wp-json\/wp\/v2\/product_brand?post=4712"},{"taxonomy":"product_cat","embeddable":true,"href":"https:\/\/inflowed.es\/en\/wp-json\/wp\/v2\/product_cat?post=4712"},{"taxonomy":"product_tag","embeddable":true,"href":"https:\/\/inflowed.es\/en\/wp-json\/wp\/v2\/product_tag?post=4712"}],"curies":[{"name":"wp","href":"https:\/\/api.w.org\/{rel}","templated":true}]}}