{"id":4488,"date":"2024-10-25T14:57:52","date_gmt":"2024-10-25T14:57:52","guid":{"rendered":"https:\/\/inflowed.es\/?post_type=product&#038;p=4488"},"modified":"2024-11-12T16:14:35","modified_gmt":"2024-11-12T16:14:35","slug":"bomba-autoaspirante-inflomini","status":"publish","type":"product","link":"https:\/\/inflowed.es\/en\/product\/bomba-autoaspirante-inflomini","title":{"rendered":"INFLOMINI self-priming pump"},"content":{"rendered":"<p>The INFLOMINI is undoubtedly the best-selling INFLOWED pump, designed for the recirculation of water in small and medium-sized pools. Its great power of self-priming makes it the most suitable choice for filtration and cleaning equipment.<\/p>\n<h2><strong>Features<\/strong><\/h2>\n<ul>\n<li>INFLOMINI single-phase and three-phase pumps from 0.33 to 1.5CV<\/li>\n<li>Self-priming centrifugal pump up to 4mWhp<\/li>\n<li>Suitable for operation with salt chlorinators or seawater.<\/li>\n<li>High energy efficiency three-phase motor type IE3 according to IEC 60034-30-1 standard available.<\/li>\n<li>Thermal protection included in single-phase versions<\/li>\n<li>Incorporates 1.5m cable with Schuko plug in the single-phase versions<\/li>\n<li>High quality mechanical seal and bearings<\/li>\n<li>Easy-to-use transparent cover for easy maintenance of the pump<\/li>\n<li>Pre-filter basket incorporated in the pump body - Insulation class: F<\/li>\n<li>Protection: IP55<\/li>\n<li>Motor: 50Hz\/2900 rpm<\/li>\n<li>Also available at 60Hz<\/li>\n<li>Especially suitable for pool cleaners and filtration equipment.<\/li>\n<\/ul>\n<h2><strong>Materials<\/strong><\/h2>\n<ul>\n<li>Pump body: Polypropylene + 30% PV.<\/li>\n<li>Impeller and diffuser: Noryl + 30% FV.<\/li>\n<li>Shaft: AISI 416 stainless steel.<\/li>\n<li>Mechanical seal: Carbon +<\/li>\n<li>Resin - Ceramic.<\/li>\n<li>Pre-filter cover: Polycarbonate.<\/li>\n<li>Pre-filter basket: Polypropylene +5%FV.<\/li>\n<\/ul>\n<h2><strong>Comparative table<\/strong><\/h2>\n<div>\n<table>\n<tbody>\n<tr>\n<td rowspan=\"3\"><strong>Type<\/strong><\/td>\n<td colspan=\"2\"><strong>Power<\/strong><\/td>\n<td rowspan=\"3\"><strong>Cond. \u00b5F<\/strong><\/td>\n<td rowspan=\"3\"><strong>II<\/strong><br \/>\n<strong>230V<\/strong><br \/>\n<strong>A<\/strong><\/td>\n<td rowspan=\"3\"><strong>III<\/strong><br \/>\n<strong>230V<\/strong><br \/>\n<strong>A<\/strong><\/td>\n<td rowspan=\"3\"><strong>III<\/strong><br \/>\n<strong>400V<\/strong><br \/>\n<strong>A<\/strong><\/td>\n<td colspan=\"2\"><strong>IE3<\/strong><\/td>\n<td colspan=\"7\"><strong>Manometric height (m)<\/strong><\/td>\n<td colspan=\"2\"><strong>Mouths<\/strong><br \/>\n<strong>DN<\/strong><\/td>\n<td><strong>Weight<\/strong><\/td>\n<\/tr>\n<tr>\n<td rowspan=\"2\"><strong>kW<\/strong><\/td>\n<td rowspan=\"2\"><strong>HP<\/strong><\/td>\n<td rowspan=\"2\"><strong>III<\/strong><br \/>\n<strong>230V<\/strong><br \/>\n<strong>A<\/strong><\/td>\n<td rowspan=\"2\"><strong>III<\/strong><br \/>\n<strong>400V<\/strong><br \/>\n<strong>A<\/strong><\/td>\n<td><strong>4<\/strong><\/td>\n<td><strong>6<\/strong><\/td>\n<td><strong>8<\/strong><\/td>\n<td><strong>10<\/strong><\/td>\n<td><strong>12<\/strong><\/td>\n<td><strong>14<\/strong><\/td>\n<td><strong>16<\/strong><\/td>\n<td rowspan=\"2\"><strong>IN<\/strong><\/td>\n<td rowspan=\"2\"><strong>OUT<\/strong><\/td>\n<td rowspan=\"2\"><strong>Kg<\/strong><\/td>\n<\/tr>\n<tr>\n<td colspan=\"7\"><strong>Flow rate (m\u00b3\/h)<\/strong><\/td>\n<\/tr>\n<tr>\n<td><strong>MINI-33<\/strong><\/td>\n<td>0,25<\/td>\n<td>0,33<\/td>\n<td>16<\/td>\n<td>2,6<\/td>\n<td>-<\/td>\n<td>-<\/td>\n<td>-<\/td>\n<td>-<\/td>\n<td>12,5<\/td>\n<td>10,8<\/td>\n<td>9,0<\/td>\n<td>6,5<\/td>\n<td>3,3<\/td>\n<td>-<\/td>\n<td>-<\/td>\n<td>1\u2033 1\/2 \/ \u00d850<\/td>\n<td>1\u2033 1\/2 \/ \u00d850<\/td>\n<td>9,6<\/td>\n<\/tr>\n<tr>\n<td><strong>MINI-50<\/strong><\/td>\n<td>0,37<\/td>\n<td>0,50<\/td>\n<td>16<\/td>\n<td>3,2<\/td>\n<td>-<\/td>\n<td>-<\/td>\n<td>-<\/td>\n<td>-<\/td>\n<td>13,3<\/td>\n<td>11,7<\/td>\n<td>10,0<\/td>\n<td>7,9<\/td>\n<td>5,6<\/td>\n<td>2,3<\/td>\n<td>-<\/td>\n<td>1\u2033 1\/2 \/\u00d850<\/td>\n<td>1\u2033 1\/2 \/ \u00d850<\/td>\n<td>9,8<\/td>\n<\/tr>\n<tr>\n<td><strong>MINI-80<\/strong><\/td>\n<td>0,60<\/td>\n<td>0,80<\/td>\n<td>20<\/td>\n<td>4,2<\/td>\n<td>2,7<\/td>\n<td>1,7<\/td>\n<td>2,6<\/td>\n<td>1,5<\/td>\n<td>16,5<\/td>\n<td>14,4<\/td>\n<td>12,5<\/td>\n<td>10,5<\/td>\n<td>8,6<\/td>\n<td>6,3<\/td>\n<td>3,3<\/td>\n<td>1\u2033 1\/2 \/ \u00d850<\/td>\n<td>1\u2033 1\/2 \/ \u00d850<\/td>\n<td>10,3<\/td>\n<\/tr>\n<tr>\n<td><strong>MINI-100<\/strong><\/td>\n<td>0,75<\/td>\n<td>1<\/td>\n<td>25<\/td>\n<td>4,6<\/td>\n<td>3,1<\/td>\n<td>1,9<\/td>\n<td>3,0<\/td>\n<td>1,7<\/td>\n<td>18,4<\/td>\n<td>16,4<\/td>\n<td>14,4<\/td>\n<td>12,5<\/td>\n<td>10,4<\/td>\n<td>7,8<\/td>\n<td>4,0<\/td>\n<td>1\u2033 1\/2 \/ \u00d850<\/td>\n<td>1\u2033 1\/2 \/ \u00d850<\/td>\n<td>12,2<\/td>\n<\/tr>\n<tr>\n<td><strong>MINI-150<\/strong><\/td>\n<td>1,75<\/td>\n<td>1,50<\/td>\n<td>25<\/td>\n<td>4,3<\/td>\n<td>4,3<\/td>\n<td>2,5<\/td>\n<td>4,0<\/td>\n<td>2,3<\/td>\n<td>24,2<\/td>\n<td>22,4<\/td>\n<td>20,2<\/td>\n<td>18,0<\/td>\n<td>15,3<\/td>\n<td>12,2<\/td>\n<td>8,4<\/td>\n<td>1\u2033 1\/2 \/ \u00d850<\/td>\n<td>1\u2033 1\/2 \/ \u00d850<\/td>\n<td>12,2<\/td>\n<\/tr>\n<\/tbody>\n<\/table>\n<\/div>","protected":false},"excerpt":{"rendered":"<ul>\n<li>Single-phase pump <strong>INFLOMINI<\/strong><\/li>\n<li><strong>Suitable<\/strong>\u00a0to operate with\u00a0<strong>salt or seawater chlorinators.<\/strong><\/li>\n<li><strong>IP55 protection.<\/strong><\/li>\n<li>For\u00a0<strong>small pools <\/strong>y<strong> medians.<\/strong><\/li>\n<li>Polypropylene body and pre-filter with transparent cover.<\/li>\n<li>Single-phase and three-phase motors.<\/li>\n<\/ul>\n<p><a href=\"https:\/\/inflowed.es\/wp-content\/uploads\/2024\/10\/FICHA-TECNICA-BOMBA-INFLO-MINI.pdf\">INFLOMINI data sheet<\/a><\/p>","protected":false},"featured_media":4492,"comment_status":"open","ping_status":"closed","template":"","meta":[],"product_brand":[],"product_cat":[76],"product_tag":[],"class_list":{"0":"post-4488","1":"product","2":"type-product","3":"status-publish","4":"has-post-thumbnail","6":"product_cat-bombas","8":"first","9":"instock","10":"taxable","11":"shipping-taxable","12":"product-type-simple"},"yoast_head":"<!-- This site is optimized with the Yoast SEO plugin v27.2 - https:\/\/yoast.com\/product\/yoast-seo-wordpress\/ -->\n<title>Bomba autoaspirante INFLOMINI &#8211; INFLOWED<\/title>\n<meta name=\"description\" content=\"La INFLOMINI sin duda es el best-seller de bombas INFLOWED, dise\u00f1ada para la recirculaci\u00f3n del agua de piscinas peque\u00f1as y medianas.\" \/>\n<meta name=\"robots\" content=\"index, follow, max-snippet:-1, max-image-preview:large, max-video-preview:-1\" \/>\n<link rel=\"canonical\" href=\"https:\/\/inflowed.es\/en\/product\/bomba-autoaspirante-inflomini\/\" \/>\n<meta property=\"og:locale\" content=\"en_US\" \/>\n<meta property=\"og:type\" content=\"article\" \/>\n<meta property=\"og:title\" content=\"Bomba autoaspirante INFLOMINI &#8211; INFLOWED\" \/>\n<meta property=\"og:description\" content=\"La INFLOMINI sin duda es el best-seller de bombas INFLOWED, dise\u00f1ada para la recirculaci\u00f3n del agua de piscinas peque\u00f1as y medianas.\" \/>\n<meta property=\"og:url\" content=\"https:\/\/inflowed.es\/en\/product\/bomba-autoaspirante-inflomini\/\" \/>\n<meta property=\"og:site_name\" content=\"INFLOWED\" \/>\n<meta property=\"article:modified_time\" content=\"2024-11-12T16:14:35+00:00\" \/>\n<meta property=\"og:image\" content=\"https:\/\/inflowed.es\/wp-content\/uploads\/2024\/10\/INFLOMINI.png\" \/>\n\t<meta property=\"og:image:width\" content=\"800\" \/>\n\t<meta property=\"og:image:height\" content=\"800\" \/>\n\t<meta property=\"og:image:type\" content=\"image\/png\" \/>\n<meta name=\"twitter:card\" content=\"summary_large_image\" \/>\n<meta name=\"twitter:label1\" content=\"Est. reading time\" \/>\n\t<meta name=\"twitter:data1\" content=\"2 minutes\" \/>\n<script type=\"application\/ld+json\" class=\"yoast-schema-graph\">{\"@context\":\"https:\/\/schema.org\",\"@graph\":[{\"@type\":\"WebPage\",\"@id\":\"https:\/\/inflowed.es\/producto\/bomba-autoaspirante-inflomini\",\"url\":\"https:\/\/inflowed.es\/producto\/bomba-autoaspirante-inflomini\",\"name\":\"Bomba autoaspirante INFLOMINI &#8211; INFLOWED\",\"isPartOf\":{\"@id\":\"https:\/\/inflowed.es\/#website\"},\"primaryImageOfPage\":{\"@id\":\"https:\/\/inflowed.es\/producto\/bomba-autoaspirante-inflomini#primaryimage\"},\"image\":{\"@id\":\"https:\/\/inflowed.es\/producto\/bomba-autoaspirante-inflomini#primaryimage\"},\"thumbnailUrl\":\"https:\/\/inflowed.es\/wp-content\/uploads\/2024\/10\/INFLOMINI.png\",\"datePublished\":\"2024-10-25T14:57:52+00:00\",\"dateModified\":\"2024-11-12T16:14:35+00:00\",\"description\":\"La INFLOMINI sin duda es el best-seller de bombas INFLOWED, dise\u00f1ada para la recirculaci\u00f3n del agua de piscinas peque\u00f1as y medianas.\",\"breadcrumb\":{\"@id\":\"https:\/\/inflowed.es\/producto\/bomba-autoaspirante-inflomini#breadcrumb\"},\"inLanguage\":\"en-US\",\"potentialAction\":[{\"@type\":\"ReadAction\",\"target\":[\"https:\/\/inflowed.es\/producto\/bomba-autoaspirante-inflomini\"]}]},{\"@type\":\"ImageObject\",\"inLanguage\":\"en-US\",\"@id\":\"https:\/\/inflowed.es\/producto\/bomba-autoaspirante-inflomini#primaryimage\",\"url\":\"https:\/\/inflowed.es\/wp-content\/uploads\/2024\/10\/INFLOMINI.png\",\"contentUrl\":\"https:\/\/inflowed.es\/wp-content\/uploads\/2024\/10\/INFLOMINI.png\",\"width\":800,\"height\":800},{\"@type\":\"BreadcrumbList\",\"@id\":\"https:\/\/inflowed.es\/producto\/bomba-autoaspirante-inflomini#breadcrumb\",\"itemListElement\":[{\"@type\":\"ListItem\",\"position\":1,\"name\":\"Portada\",\"item\":\"https:\/\/inflowed.es\/\"},{\"@type\":\"ListItem\",\"position\":2,\"name\":\"Cat\u00e1logo de productos\",\"item\":\"https:\/\/inflowed.es\/catalogo-de-productos\"},{\"@type\":\"ListItem\",\"position\":3,\"name\":\"Bomba autoaspirante INFLOMINI\"}]},{\"@type\":\"WebSite\",\"@id\":\"https:\/\/inflowed.es\/#website\",\"url\":\"https:\/\/inflowed.es\/\",\"name\":\"INFLOWED\",\"description\":\"Distribuci&oacute;n mayorista de art&iacute;culos para piscinas\",\"publisher\":{\"@id\":\"https:\/\/inflowed.es\/#organization\"},\"potentialAction\":[{\"@type\":\"SearchAction\",\"target\":{\"@type\":\"EntryPoint\",\"urlTemplate\":\"https:\/\/inflowed.es\/?s={search_term_string}\"},\"query-input\":{\"@type\":\"PropertyValueSpecification\",\"valueRequired\":true,\"valueName\":\"search_term_string\"}}],\"inLanguage\":\"en-US\"},{\"@type\":\"Organization\",\"@id\":\"https:\/\/inflowed.es\/#organization\",\"name\":\"Inflowed Spain S.L.\",\"url\":\"https:\/\/inflowed.es\/\",\"logo\":{\"@type\":\"ImageObject\",\"inLanguage\":\"en-US\",\"@id\":\"https:\/\/inflowed.es\/#\/schema\/logo\/image\/\",\"url\":\"https:\/\/inflowed.es\/wp-content\/uploads\/2023\/11\/logo-inflowed.png\",\"contentUrl\":\"https:\/\/inflowed.es\/wp-content\/uploads\/2023\/11\/logo-inflowed.png\",\"width\":1032,\"height\":242,\"caption\":\"Inflowed Spain S.L.\"},\"image\":{\"@id\":\"https:\/\/inflowed.es\/#\/schema\/logo\/image\/\"}}]}<\/script>\n<!-- \/ Yoast SEO plugin. -->","yoast_head_json":{"title":"Bomba autoaspirante INFLOMINI &#8211; INFLOWED","description":"La INFLOMINI sin duda es el best-seller de bombas INFLOWED, dise\u00f1ada para la recirculaci\u00f3n del agua de piscinas peque\u00f1as y medianas.","robots":{"index":"index","follow":"follow","max-snippet":"max-snippet:-1","max-image-preview":"max-image-preview:large","max-video-preview":"max-video-preview:-1"},"canonical":"https:\/\/inflowed.es\/en\/product\/bomba-autoaspirante-inflomini\/","og_locale":"en_US","og_type":"article","og_title":"Bomba autoaspirante INFLOMINI &#8211; INFLOWED","og_description":"La INFLOMINI sin duda es el best-seller de bombas INFLOWED, dise\u00f1ada para la recirculaci\u00f3n del agua de piscinas peque\u00f1as y medianas.","og_url":"https:\/\/inflowed.es\/en\/product\/bomba-autoaspirante-inflomini\/","og_site_name":"INFLOWED","article_modified_time":"2024-11-12T16:14:35+00:00","og_image":[{"width":800,"height":800,"url":"https:\/\/inflowed.es\/wp-content\/uploads\/2024\/10\/INFLOMINI.png","type":"image\/png"}],"twitter_card":"summary_large_image","twitter_misc":{"Est. reading time":"2 minutes"},"schema":{"@context":"https:\/\/schema.org","@graph":[{"@type":"WebPage","@id":"https:\/\/inflowed.es\/producto\/bomba-autoaspirante-inflomini","url":"https:\/\/inflowed.es\/producto\/bomba-autoaspirante-inflomini","name":"Bomba autoaspirante INFLOMINI &#8211; INFLOWED","isPartOf":{"@id":"https:\/\/inflowed.es\/#website"},"primaryImageOfPage":{"@id":"https:\/\/inflowed.es\/producto\/bomba-autoaspirante-inflomini#primaryimage"},"image":{"@id":"https:\/\/inflowed.es\/producto\/bomba-autoaspirante-inflomini#primaryimage"},"thumbnailUrl":"https:\/\/inflowed.es\/wp-content\/uploads\/2024\/10\/INFLOMINI.png","datePublished":"2024-10-25T14:57:52+00:00","dateModified":"2024-11-12T16:14:35+00:00","description":"La INFLOMINI sin duda es el best-seller de bombas INFLOWED, dise\u00f1ada para la recirculaci\u00f3n del agua de piscinas peque\u00f1as y medianas.","breadcrumb":{"@id":"https:\/\/inflowed.es\/producto\/bomba-autoaspirante-inflomini#breadcrumb"},"inLanguage":"en-US","potentialAction":[{"@type":"ReadAction","target":["https:\/\/inflowed.es\/producto\/bomba-autoaspirante-inflomini"]}]},{"@type":"ImageObject","inLanguage":"en-US","@id":"https:\/\/inflowed.es\/producto\/bomba-autoaspirante-inflomini#primaryimage","url":"https:\/\/inflowed.es\/wp-content\/uploads\/2024\/10\/INFLOMINI.png","contentUrl":"https:\/\/inflowed.es\/wp-content\/uploads\/2024\/10\/INFLOMINI.png","width":800,"height":800},{"@type":"BreadcrumbList","@id":"https:\/\/inflowed.es\/producto\/bomba-autoaspirante-inflomini#breadcrumb","itemListElement":[{"@type":"ListItem","position":1,"name":"Portada","item":"https:\/\/inflowed.es\/"},{"@type":"ListItem","position":2,"name":"Cat\u00e1logo de productos","item":"https:\/\/inflowed.es\/catalogo-de-productos"},{"@type":"ListItem","position":3,"name":"Bomba autoaspirante INFLOMINI"}]},{"@type":"WebSite","@id":"https:\/\/inflowed.es\/#website","url":"https:\/\/inflowed.es\/","name":"INFLOWED","description":"Distribuci&oacute;n mayorista de art&iacute;culos para piscinas","publisher":{"@id":"https:\/\/inflowed.es\/#organization"},"potentialAction":[{"@type":"SearchAction","target":{"@type":"EntryPoint","urlTemplate":"https:\/\/inflowed.es\/?s={search_term_string}"},"query-input":{"@type":"PropertyValueSpecification","valueRequired":true,"valueName":"search_term_string"}}],"inLanguage":"en-US"},{"@type":"Organization","@id":"https:\/\/inflowed.es\/#organization","name":"Inflowed Spain S.L.","url":"https:\/\/inflowed.es\/","logo":{"@type":"ImageObject","inLanguage":"en-US","@id":"https:\/\/inflowed.es\/#\/schema\/logo\/image\/","url":"https:\/\/inflowed.es\/wp-content\/uploads\/2023\/11\/logo-inflowed.png","contentUrl":"https:\/\/inflowed.es\/wp-content\/uploads\/2023\/11\/logo-inflowed.png","width":1032,"height":242,"caption":"Inflowed Spain S.L."},"image":{"@id":"https:\/\/inflowed.es\/#\/schema\/logo\/image\/"}}]}},"_links":{"self":[{"href":"https:\/\/inflowed.es\/en\/wp-json\/wp\/v2\/product\/4488","targetHints":{"allow":["GET"]}}],"collection":[{"href":"https:\/\/inflowed.es\/en\/wp-json\/wp\/v2\/product"}],"about":[{"href":"https:\/\/inflowed.es\/en\/wp-json\/wp\/v2\/types\/product"}],"replies":[{"embeddable":true,"href":"https:\/\/inflowed.es\/en\/wp-json\/wp\/v2\/comments?post=4488"}],"version-history":[{"count":1,"href":"https:\/\/inflowed.es\/en\/wp-json\/wp\/v2\/product\/4488\/revisions"}],"predecessor-version":[{"id":4490,"href":"https:\/\/inflowed.es\/en\/wp-json\/wp\/v2\/product\/4488\/revisions\/4490"}],"wp:featuredmedia":[{"embeddable":true,"href":"https:\/\/inflowed.es\/en\/wp-json\/wp\/v2\/media\/4492"}],"wp:attachment":[{"href":"https:\/\/inflowed.es\/en\/wp-json\/wp\/v2\/media?parent=4488"}],"wp:term":[{"taxonomy":"product_brand","embeddable":true,"href":"https:\/\/inflowed.es\/en\/wp-json\/wp\/v2\/product_brand?post=4488"},{"taxonomy":"product_cat","embeddable":true,"href":"https:\/\/inflowed.es\/en\/wp-json\/wp\/v2\/product_cat?post=4488"},{"taxonomy":"product_tag","embeddable":true,"href":"https:\/\/inflowed.es\/en\/wp-json\/wp\/v2\/product_tag?post=4488"}],"curies":[{"name":"wp","href":"https:\/\/api.w.org\/{rel}","templated":true}]}}