{"id":3803,"date":"2023-12-30T15:42:23","date_gmt":"2023-12-30T15:42:23","guid":{"rendered":"https:\/\/inflowed.es\/?post_type=product&#038;p=3803"},"modified":"2023-12-30T15:46:35","modified_gmt":"2023-12-30T15:46:35","slug":"clorador-salino-bsv-n-bssalt","status":"publish","type":"product","link":"https:\/\/inflowed.es\/en\/product\/clorador-salino-bsv-n-bssalt","title":{"rendered":"Salt chlorinator BSV N-BSSALT"},"content":{"rendered":"<p>The<strong>\u00a0BSV N-BSSALT<\/strong>\u00a0is the most affordable salt chlorinator of the BSV brand. Compact, IP65 enclosure, with a digital display and recommended for private pools.<br \/>\nCurrently available with production from 10 to 35 grams. It is an advanced equipment, with an innovative design, that allows the facilities a continuous improvement in an easy and intuitive way.<\/p>\n<h3>Advantages of the BSV N-BSSALT<\/h3>\n<ul>\n<li>Lower electricity consumption.<\/li>\n<li>Lower weight.<\/li>\n<li>More protection to the degree of watertightness (IP65).<\/li>\n<li>Lower working temperature.<\/li>\n<li>More compact, easily adaptable to any installation hut.<\/li>\n<li>Increased performance in salt chlorination by working with state-of-the-art switching sources.<\/li>\n<li>Internal microprocessor control, which determines the hours of operation of the equipment.<\/li>\n<li>Digital control display, easy and intuitive to use.<\/li>\n<\/ul>\n<h3>Main features BSV N-BSSALT<\/h3>\n<table>\n<tbody>\n<tr>\n<td>Cell life<\/td>\n<td>5,000 hours<\/td>\n<\/tr>\n<tr>\n<td>Production gr\/hour<\/td>\n<td>10 gr\/h - 35 gr\/h<\/td>\n<\/tr>\n<tr>\n<td>Supply voltage<\/td>\n<td>230Vac - 50\/60Hz<\/td>\n<\/tr>\n<tr>\n<td>Display<\/td>\n<td>Standard digital<\/td>\n<\/tr>\n<tr>\n<td>Maximum cell current<\/td>\n<td>10A - 35A<br \/>\naccording to production gr\/h<\/td>\n<\/tr>\n<tr>\n<td>Maximum power<\/td>\n<td>75W - 263W<br \/>\naccording to production gr\/h<\/td>\n<\/tr>\n<\/tbody>\n<\/table>","protected":false},"excerpt":{"rendered":"<ul>\n<li>Saline chlorinator ideal for private pools.<\/li>\n<li>Self-cleaning cell with one\u00a0<strong>life of 5,000 hours<\/strong>.<\/li>\n<li>Digital display.<\/li>\n<li>IP65 enclosure.<\/li>\n<li>Available in models from 10 to 35 grams.<\/li>\n<\/ul>\n<p><a href=\"https:\/\/inflowed.es\/wp-content\/uploads\/2023\/12\/Ficha-tecnica-BSV-N-BSSALT.pdf\">Datasheet BSV N-BSSALT<\/a><\/p>\n<p><a href=\"https:\/\/inflowed.es\/wp-content\/uploads\/2023\/12\/Manual-NBSsalt-ESP-ENG-FR.pdf\">Manual BSV N-BSSALT (ESP - ENG - FR)<\/a><\/p>","protected":false},"featured_media":3804,"comment_status":"closed","ping_status":"closed","template":"","meta":[],"product_brand":[],"product_cat":[82],"product_tag":[],"class_list":{"0":"post-3803","1":"product","2":"type-product","3":"status-publish","4":"has-post-thumbnail","6":"product_cat-cloradores-salinos","8":"first","9":"instock","10":"taxable","11":"shipping-taxable","12":"product-type-simple"},"yoast_head":"<!-- This site is optimized with the Yoast SEO plugin v27.2 - https:\/\/yoast.com\/product\/yoast-seo-wordpress\/ -->\n<title>Clorador salino BSV N-BSSALT &#8211; INFLOWED<\/title>\n<meta name=\"description\" content=\"Clorador salino N-BSSALT de BSV. C\u00e9lula autolimpiante de una vida \u00fatil de 5.000 horas. Ideal para piscinas peque\u00f1as. Consigue el mejor precio en INFLOWED.\" \/>\n<meta name=\"robots\" content=\"index, follow, max-snippet:-1, max-image-preview:large, max-video-preview:-1\" \/>\n<link rel=\"canonical\" href=\"https:\/\/inflowed.es\/en\/product\/clorador-salino-bsv-n-bssalt\/\" \/>\n<meta property=\"og:locale\" content=\"en_US\" \/>\n<meta property=\"og:type\" content=\"article\" \/>\n<meta property=\"og:title\" content=\"Clorador salino BSV N-BSSALT &#8211; INFLOWED\" \/>\n<meta property=\"og:description\" content=\"Clorador salino N-BSSALT de BSV. C\u00e9lula autolimpiante de una vida \u00fatil de 5.000 horas. Ideal para piscinas peque\u00f1as. Consigue el mejor precio en INFLOWED.\" \/>\n<meta property=\"og:url\" content=\"https:\/\/inflowed.es\/en\/product\/clorador-salino-bsv-n-bssalt\/\" \/>\n<meta property=\"og:site_name\" content=\"INFLOWED\" \/>\n<meta property=\"article:modified_time\" content=\"2023-12-30T15:46:35+00:00\" \/>\n<meta property=\"og:image\" content=\"https:\/\/inflowed.es\/wp-content\/uploads\/2023\/12\/N-BSSALT-BSV.jpg\" \/>\n\t<meta property=\"og:image:width\" content=\"800\" \/>\n\t<meta property=\"og:image:height\" content=\"800\" \/>\n\t<meta property=\"og:image:type\" content=\"image\/jpeg\" \/>\n<meta name=\"twitter:card\" content=\"summary_large_image\" \/>\n<meta name=\"twitter:label1\" content=\"Est. reading time\" \/>\n\t<meta name=\"twitter:data1\" content=\"1 minute\" \/>\n<script type=\"application\/ld+json\" class=\"yoast-schema-graph\">{\"@context\":\"https:\/\/schema.org\",\"@graph\":[{\"@type\":\"WebPage\",\"@id\":\"https:\/\/inflowed.es\/producto\/clorador-salino-bsv-n-bssalt\",\"url\":\"https:\/\/inflowed.es\/producto\/clorador-salino-bsv-n-bssalt\",\"name\":\"Clorador salino BSV N-BSSALT &#8211; INFLOWED\",\"isPartOf\":{\"@id\":\"https:\/\/inflowed.es\/#website\"},\"primaryImageOfPage\":{\"@id\":\"https:\/\/inflowed.es\/producto\/clorador-salino-bsv-n-bssalt#primaryimage\"},\"image\":{\"@id\":\"https:\/\/inflowed.es\/producto\/clorador-salino-bsv-n-bssalt#primaryimage\"},\"thumbnailUrl\":\"https:\/\/inflowed.es\/wp-content\/uploads\/2023\/12\/N-BSSALT-BSV.jpg\",\"datePublished\":\"2023-12-30T15:42:23+00:00\",\"dateModified\":\"2023-12-30T15:46:35+00:00\",\"description\":\"Clorador salino N-BSSALT de BSV. C\u00e9lula autolimpiante de una vida \u00fatil de 5.000 horas. Ideal para piscinas peque\u00f1as. Consigue el mejor precio en INFLOWED.\",\"breadcrumb\":{\"@id\":\"https:\/\/inflowed.es\/producto\/clorador-salino-bsv-n-bssalt#breadcrumb\"},\"inLanguage\":\"en-US\",\"potentialAction\":[{\"@type\":\"ReadAction\",\"target\":[\"https:\/\/inflowed.es\/producto\/clorador-salino-bsv-n-bssalt\"]}]},{\"@type\":\"ImageObject\",\"inLanguage\":\"en-US\",\"@id\":\"https:\/\/inflowed.es\/producto\/clorador-salino-bsv-n-bssalt#primaryimage\",\"url\":\"https:\/\/inflowed.es\/wp-content\/uploads\/2023\/12\/N-BSSALT-BSV.jpg\",\"contentUrl\":\"https:\/\/inflowed.es\/wp-content\/uploads\/2023\/12\/N-BSSALT-BSV.jpg\",\"width\":800,\"height\":800},{\"@type\":\"BreadcrumbList\",\"@id\":\"https:\/\/inflowed.es\/producto\/clorador-salino-bsv-n-bssalt#breadcrumb\",\"itemListElement\":[{\"@type\":\"ListItem\",\"position\":1,\"name\":\"Portada\",\"item\":\"https:\/\/inflowed.es\/\"},{\"@type\":\"ListItem\",\"position\":2,\"name\":\"Cat\u00e1logo de productos\",\"item\":\"https:\/\/inflowed.es\/catalogo-de-productos\"},{\"@type\":\"ListItem\",\"position\":3,\"name\":\"Clorador salino BSV N-BSSALT\"}]},{\"@type\":\"WebSite\",\"@id\":\"https:\/\/inflowed.es\/#website\",\"url\":\"https:\/\/inflowed.es\/\",\"name\":\"INFLOWED\",\"description\":\"Distribuci&oacute;n mayorista de art&iacute;culos para piscinas\",\"publisher\":{\"@id\":\"https:\/\/inflowed.es\/#organization\"},\"potentialAction\":[{\"@type\":\"SearchAction\",\"target\":{\"@type\":\"EntryPoint\",\"urlTemplate\":\"https:\/\/inflowed.es\/?s={search_term_string}\"},\"query-input\":{\"@type\":\"PropertyValueSpecification\",\"valueRequired\":true,\"valueName\":\"search_term_string\"}}],\"inLanguage\":\"en-US\"},{\"@type\":\"Organization\",\"@id\":\"https:\/\/inflowed.es\/#organization\",\"name\":\"Inflowed Spain S.L.\",\"url\":\"https:\/\/inflowed.es\/\",\"logo\":{\"@type\":\"ImageObject\",\"inLanguage\":\"en-US\",\"@id\":\"https:\/\/inflowed.es\/#\/schema\/logo\/image\/\",\"url\":\"https:\/\/inflowed.es\/wp-content\/uploads\/2023\/11\/logo-inflowed.png\",\"contentUrl\":\"https:\/\/inflowed.es\/wp-content\/uploads\/2023\/11\/logo-inflowed.png\",\"width\":1032,\"height\":242,\"caption\":\"Inflowed Spain S.L.\"},\"image\":{\"@id\":\"https:\/\/inflowed.es\/#\/schema\/logo\/image\/\"}}]}<\/script>\n<!-- \/ Yoast SEO plugin. -->","yoast_head_json":{"title":"Clorador salino BSV N-BSSALT &#8211; INFLOWED","description":"Clorador salino N-BSSALT de BSV. C\u00e9lula autolimpiante de una vida \u00fatil de 5.000 horas. Ideal para piscinas peque\u00f1as. Consigue el mejor precio en INFLOWED.","robots":{"index":"index","follow":"follow","max-snippet":"max-snippet:-1","max-image-preview":"max-image-preview:large","max-video-preview":"max-video-preview:-1"},"canonical":"https:\/\/inflowed.es\/en\/product\/clorador-salino-bsv-n-bssalt\/","og_locale":"en_US","og_type":"article","og_title":"Clorador salino BSV N-BSSALT &#8211; INFLOWED","og_description":"Clorador salino N-BSSALT de BSV. C\u00e9lula autolimpiante de una vida \u00fatil de 5.000 horas. Ideal para piscinas peque\u00f1as. Consigue el mejor precio en INFLOWED.","og_url":"https:\/\/inflowed.es\/en\/product\/clorador-salino-bsv-n-bssalt\/","og_site_name":"INFLOWED","article_modified_time":"2023-12-30T15:46:35+00:00","og_image":[{"width":800,"height":800,"url":"https:\/\/inflowed.es\/wp-content\/uploads\/2023\/12\/N-BSSALT-BSV.jpg","type":"image\/jpeg"}],"twitter_card":"summary_large_image","twitter_misc":{"Est. reading time":"1 minute"},"schema":{"@context":"https:\/\/schema.org","@graph":[{"@type":"WebPage","@id":"https:\/\/inflowed.es\/producto\/clorador-salino-bsv-n-bssalt","url":"https:\/\/inflowed.es\/producto\/clorador-salino-bsv-n-bssalt","name":"Clorador salino BSV N-BSSALT &#8211; INFLOWED","isPartOf":{"@id":"https:\/\/inflowed.es\/#website"},"primaryImageOfPage":{"@id":"https:\/\/inflowed.es\/producto\/clorador-salino-bsv-n-bssalt#primaryimage"},"image":{"@id":"https:\/\/inflowed.es\/producto\/clorador-salino-bsv-n-bssalt#primaryimage"},"thumbnailUrl":"https:\/\/inflowed.es\/wp-content\/uploads\/2023\/12\/N-BSSALT-BSV.jpg","datePublished":"2023-12-30T15:42:23+00:00","dateModified":"2023-12-30T15:46:35+00:00","description":"Clorador salino N-BSSALT de BSV. C\u00e9lula autolimpiante de una vida \u00fatil de 5.000 horas. Ideal para piscinas peque\u00f1as. Consigue el mejor precio en INFLOWED.","breadcrumb":{"@id":"https:\/\/inflowed.es\/producto\/clorador-salino-bsv-n-bssalt#breadcrumb"},"inLanguage":"en-US","potentialAction":[{"@type":"ReadAction","target":["https:\/\/inflowed.es\/producto\/clorador-salino-bsv-n-bssalt"]}]},{"@type":"ImageObject","inLanguage":"en-US","@id":"https:\/\/inflowed.es\/producto\/clorador-salino-bsv-n-bssalt#primaryimage","url":"https:\/\/inflowed.es\/wp-content\/uploads\/2023\/12\/N-BSSALT-BSV.jpg","contentUrl":"https:\/\/inflowed.es\/wp-content\/uploads\/2023\/12\/N-BSSALT-BSV.jpg","width":800,"height":800},{"@type":"BreadcrumbList","@id":"https:\/\/inflowed.es\/producto\/clorador-salino-bsv-n-bssalt#breadcrumb","itemListElement":[{"@type":"ListItem","position":1,"name":"Portada","item":"https:\/\/inflowed.es\/"},{"@type":"ListItem","position":2,"name":"Cat\u00e1logo de productos","item":"https:\/\/inflowed.es\/catalogo-de-productos"},{"@type":"ListItem","position":3,"name":"Clorador salino BSV N-BSSALT"}]},{"@type":"WebSite","@id":"https:\/\/inflowed.es\/#website","url":"https:\/\/inflowed.es\/","name":"INFLOWED","description":"Distribuci&oacute;n mayorista de art&iacute;culos para piscinas","publisher":{"@id":"https:\/\/inflowed.es\/#organization"},"potentialAction":[{"@type":"SearchAction","target":{"@type":"EntryPoint","urlTemplate":"https:\/\/inflowed.es\/?s={search_term_string}"},"query-input":{"@type":"PropertyValueSpecification","valueRequired":true,"valueName":"search_term_string"}}],"inLanguage":"en-US"},{"@type":"Organization","@id":"https:\/\/inflowed.es\/#organization","name":"Inflowed Spain S.L.","url":"https:\/\/inflowed.es\/","logo":{"@type":"ImageObject","inLanguage":"en-US","@id":"https:\/\/inflowed.es\/#\/schema\/logo\/image\/","url":"https:\/\/inflowed.es\/wp-content\/uploads\/2023\/11\/logo-inflowed.png","contentUrl":"https:\/\/inflowed.es\/wp-content\/uploads\/2023\/11\/logo-inflowed.png","width":1032,"height":242,"caption":"Inflowed Spain S.L."},"image":{"@id":"https:\/\/inflowed.es\/#\/schema\/logo\/image\/"}}]}},"_links":{"self":[{"href":"https:\/\/inflowed.es\/en\/wp-json\/wp\/v2\/product\/3803","targetHints":{"allow":["GET"]}}],"collection":[{"href":"https:\/\/inflowed.es\/en\/wp-json\/wp\/v2\/product"}],"about":[{"href":"https:\/\/inflowed.es\/en\/wp-json\/wp\/v2\/types\/product"}],"replies":[{"embeddable":true,"href":"https:\/\/inflowed.es\/en\/wp-json\/wp\/v2\/comments?post=3803"}],"version-history":[{"count":2,"href":"https:\/\/inflowed.es\/en\/wp-json\/wp\/v2\/product\/3803\/revisions"}],"predecessor-version":[{"id":4183,"href":"https:\/\/inflowed.es\/en\/wp-json\/wp\/v2\/product\/3803\/revisions\/4183"}],"wp:featuredmedia":[{"embeddable":true,"href":"https:\/\/inflowed.es\/en\/wp-json\/wp\/v2\/media\/3804"}],"wp:attachment":[{"href":"https:\/\/inflowed.es\/en\/wp-json\/wp\/v2\/media?parent=3803"}],"wp:term":[{"taxonomy":"product_brand","embeddable":true,"href":"https:\/\/inflowed.es\/en\/wp-json\/wp\/v2\/product_brand?post=3803"},{"taxonomy":"product_cat","embeddable":true,"href":"https:\/\/inflowed.es\/en\/wp-json\/wp\/v2\/product_cat?post=3803"},{"taxonomy":"product_tag","embeddable":true,"href":"https:\/\/inflowed.es\/en\/wp-json\/wp\/v2\/product_tag?post=3803"}],"curies":[{"name":"wp","href":"https:\/\/api.w.org\/{rel}","templated":true}]}}