{"id":2734,"date":"2023-11-27T15:49:55","date_gmt":"2023-11-27T15:49:55","guid":{"rendered":"https:\/\/inflowed.es\/?post_type=product&#038;p=2734"},"modified":"2023-12-08T15:01:49","modified_gmt":"2023-12-08T15:01:49","slug":"catalogo-ps-pool-2023","status":"publish","type":"product","link":"https:\/\/inflowed.es\/en\/product\/catalogo-ps-pool-2023","title":{"rendered":"Catalog PS-POOL 2023"},"content":{"rendered":"<p><strong>1.- NOVEDADES 2023<\/strong><\/p>\n<p><strong>2.- PRODUCTOS DESTACADOS<\/strong><\/p>\n<p><strong>3.- LIMPIEZA Y ACCESORIOS<\/strong><\/p>\n<ul>\n<li>Limpiafondos Cosmy the Bot<\/li>\n<li>Limpiafondos autom\u00e1tico integrado Topclean<\/li>\n<li>Impulsores y recambios Topclean<\/li>\n<li>V\u00e1lvulas autom\u00e1ticas Topclean, kits y extractores<\/li>\n<li>Skimmer QuikSkim y sistema recogehojas Leaf-Vac<\/li>\n<li>Toma aspiraci\u00f3n\/sumidero Anti-Vortex<\/li>\n<li>Prefiltro para piscinas con rebosadero<\/li>\n<li>Skimmers en acero inoxidable Behncke<\/li>\n<li>Tapa para skimmers V-Lock<\/li>\n<li>Reguladores, sumideros y toma de barredera Allfit<\/li>\n<li>Sumidero\/toma de aspiraci\u00f3n Pahl\u00e9n<\/li>\n<li>Rebosaderos y pasamuros Allfit<\/li>\n<li>Impulsores de pared y de fondo Allfit<\/li>\n<li>Impulsores con anclaje retro-ajustable de Pahl\u00e9n<\/li>\n<\/ul>\n<p><strong>4.- DEPURACI\u00d3N<\/strong><\/p>\n<ul>\n<li>Filtros Calplas<\/li>\n<li>Gu\u00eda r\u00e1pida filtros Calplas<\/li>\n<li>Prefiltros Calplas<\/li>\n<li>Filtros Altea y Altea Plus<\/li>\n<li>V\u00e1lvulas autom\u00e1ticas Besgo<\/li>\n<li>Compresores para v\u00e1lvulas Besgo y v\u00e1lvulas de 6 v\u00edas<\/li>\n<li>Cuadro electr\u00f3nico Smart Pool Controller<\/li>\n<li>Cuadro electr\u00f3nico AS-Control 4<\/li>\n<li>Cuadro electr\u00f3nico AS-Control Plus para piscinas con rebosadero<\/li>\n<li>Sondas y sensores<\/li>\n<li>Flo-Code, sistema de se\u00f1alizaci\u00f3n de tuber\u00edas<\/li>\n<\/ul>\n<p><strong>5.-\u00a0BOMBAS Y SOPLANTES<\/strong><\/p>\n<ul>\n<li>Bomba Inverhero<\/li>\n<li>Bombas Saci Autoaspirantes<\/li>\n<li>Bombas Saci Centr\u00edfugas de Filtraci\u00f3n<\/li>\n<li>Bombas Saci Centr\u00edfugas de Hidroterapia<\/li>\n<li>Gu\u00eda r\u00e1pida bombas Saci<\/li>\n<li>Bombas Speck Monoblock Multi y Monoblock Binero<\/li>\n<li>Bombas Herborner Autoaspirantes: gama Waterblue-B y Fneo<\/li>\n<li>Bombas Herborner Centr\u00edfugas de Filtraci\u00f3n: F<\/li>\n<li>Bombas de bronce Fitstar Centr\u00edfugas de Hidroterapia<\/li>\n<li>Soplantes industriales<\/li>\n<li>Variadores de frecuencia [e]joy y [e]pool<\/li>\n<li>Variadores de frecuencia Invertek<\/li>\n<\/ul>\n<p><strong>6.-\u00a0TRATAMIENTO DEL AGUA<\/strong><\/p>\n<ul>\n<li>Sistema integral DAISY Plus de Dryden Aqua<\/li>\n<li>Medio de filtrado activo AFM\u00aeng<\/li>\n<li>Producto qu\u00edmico: Nophos, APF, ACO, DryOx<\/li>\n<li>Mezcladores est\u00e1ticos Zeta Potencial ZPM<\/li>\n<li>Caracter\u00edsticas generales equipos Sugar Valley<\/li>\n<li>PSalt y PSalt Low Salinity<\/li>\n<li>Hidrolife: Electr\u00f3lisis salina<\/li>\n<li>Oxilife: Hidr\u00f3lisis\/Electr\u00f3lisis de baja salinidad<\/li>\n<li>Uvscenic: Electr\u00f3lisis de baja salinidad + ultravioleta<\/li>\n<li>Aquascenic: Hidr\u00f3lisis + Ionizaci\u00f3n Cu\/Ag<\/li>\n<li>Bionet: Electr\u00f3lisis salina + Ionizaci\u00f3n Cu\/Ag<\/li>\n<li>Hidroniser: Floculante, algicida y bactericida<\/li>\n<li>Station: Controlador y dosificador<\/li>\n<li>Da-Gen: Oxidaci\u00f3n activa<\/li>\n<li>C\u00e9lulas, recambios y accesorios Sugar Valley<\/li>\n<li>Oxidaci\u00f3n avanzada Advanox<\/li>\n<li>Bombas perist\u00e1lticas y electromagn\u00e9ticas<\/li>\n<li>Gu\u00eda r\u00e1pida de equipos de desinfecci\u00f3n del agua<\/li>\n<li>Space: Swimming Pool A.I. Cloud Expert<\/li>\n<li>control integral PoolCop Genesis y Evolution<\/li>\n<li>Contador Woltmann y Caudal\u00edmetro FlowVis<\/li>\n<li>Fot\u00f3metros y test<\/li>\n<li>Medici\u00f3n y control Dosatech<\/li>\n<\/ul>\n<p><strong>7.-\u00a0WELLNESS<\/strong><\/p>\n<ul>\n<li>Equipos de nataci\u00f3n contracorriente Pahl\u00e9n<\/li>\n<li>Equipos de nataci\u00f3n contracorriente EVAstream<\/li>\n<li>Contracorriente Fitstar GSA y GSA doble tobera<\/li>\n<li>Contracorriente Fitstar Taif\u00fan y Taif\u00fan Duo<\/li>\n<li>Contracorriente Fitstar Double Jet<\/li>\n<li>Contracorriente Fitstar X-Stream<\/li>\n<li>Gu\u00eda r\u00e1pida de equipos de nataci\u00f3n contracorriente<\/li>\n<li>Hidroterapia Fitstar<\/li>\n<li>Equipos de masaje Fitstar Combi-Whirl y Jet Spa<\/li>\n<li>Placas de masaje aire Fitstar PS<\/li>\n<li>Tumbonas de masaje aire Fitstar PS y Setas<\/li>\n<li>Ca\u00f1ones Fitstar PS y Maxi<\/li>\n<li>Cascadas Fitstar PS, Maxi y Cascadas Acr\u00edlicas<\/li>\n<li>Toberas r\u00edo Fitstar<\/li>\n<li>Tomas de aspiraci\u00f3n de seguridad Fitstar<\/li>\n<li>Pulsadores, cuadros neum\u00e1ticos y piezo-el\u00e9ctricos<\/li>\n<\/ul>\n<p><strong>8.- ILUMINACI\u00d3N<\/strong><\/p>\n<ul>\n<li>L\u00e1mparas y focos LED de Spa Electrics<\/li>\n<li>Focos LED de Duravision<\/li>\n<li>Focos LED Eva Optic<\/li>\n<li>Iluminaci\u00f3n perimetral PS Linear LED<\/li>\n<li>Firmamentos sumergidos<\/li>\n<\/ul>\n<p><strong>9.- CLIMATIZACI\u00d3N<\/strong><\/p>\n<ul>\n<li>Bombas de calor Master Inverter de Polytropic<\/li>\n<li>Bomba de calor Morpheo de Polytropic<\/li>\n<li>Bombas de calor vertical Ottimo de Polytropic<\/li>\n<li>Bomba de calor Indoor Inverter de Polytropic<\/li>\n<li>Bombas de calor RAK Inverter de Polytropic<\/li>\n<li>Polyconnect 2.0 de Polytropic<\/li>\n<li>Bomba de crioterapia Cryo Pac de Polytropic<\/li>\n<li>Deshumidificadores de Polytropic<\/li>\n<\/ul>\n<p><strong>10.- CUBIERTAS AUTOM\u00c1TICAS<\/strong><\/p>\n<ul>\n<li>Cubiertas PS Cover<\/li>\n<li>Caracter\u00edsticas y tipos de lamas, soportes y vigas<\/li>\n<li>Cubiertas exteriores Terra y Terra Solar<\/li>\n<li>Cubiertas sumergidas Pacific Deck, Duo, Top y Cave<\/li>\n<li>\u00cdndice de cubiertas DEL<\/li>\n<li>Enrollador m\u00f3vil Moove\u2019O<\/li>\n<li>Enrolladores sobre el terreno<\/li>\n<li>Enrolladores sumergidos<\/li>\n<li>Lamas DEL<\/li>\n<li>Accesorios DEL<\/li>\n<\/ul>\n<p><strong>11.- VENTANAS, SUELOS Y ATRACCIONES ACU\u00c1TICAS<\/strong><\/p>\n<ul>\n<li>Cascadas decorativas<\/li>\n<li>Fuentes decorativas<\/li>\n<li>Ventanas subacu\u00e1ticas Underwater Windows<\/li>\n<li>Suelos m\u00f3viles para piscinas Twinscape Group<\/li>\n<\/ul>\n<p><strong>12.- SPAS<\/strong><\/p>\n<ul>\n<li>Spas PS-Pool<\/li>\n<\/ul>\n","protected":false},"excerpt":{"rendered":"<p><a href=\"\/wp-content\/uploads\/2023\/11\/Catalogo-PS-POOL.pdf\">Download PS-POOL 2023 Catalog<\/a><\/p>","protected":false},"featured_media":2735,"comment_status":"closed","ping_status":"closed","template":"","meta":[],"product_brand":[],"product_cat":[139],"product_tag":[],"class_list":{"0":"post-2734","1":"product","2":"type-product","3":"status-publish","4":"has-post-thumbnail","6":"product_cat-catalogos-y-tarifas","8":"first","9":"instock","10":"taxable","11":"shipping-taxable","12":"product-type-simple"},"yoast_head":"<!-- This site is optimized with the Yoast SEO plugin v27.2 - https:\/\/yoast.com\/product\/yoast-seo-wordpress\/ -->\n<title>Cat\u00e1logo PS-POOL 2023 &#8211; INFLOWED<\/title>\n<meta name=\"description\" content=\"Descubre el Cat\u00e1logo PS-POOL 2023 en formato .pdf. Consigue los mejores precios para productos de piscina y mucho m\u00e1s con INFLOWED.\" \/>\n<meta name=\"robots\" content=\"index, follow, max-snippet:-1, max-image-preview:large, max-video-preview:-1\" \/>\n<link rel=\"canonical\" href=\"https:\/\/inflowed.es\/en\/product\/catalogo-ps-pool-2023\/\" \/>\n<meta property=\"og:locale\" content=\"en_US\" \/>\n<meta property=\"og:type\" content=\"article\" \/>\n<meta property=\"og:title\" content=\"Cat\u00e1logo PS-POOL 2023 &#8211; INFLOWED\" \/>\n<meta property=\"og:description\" content=\"Descubre el Cat\u00e1logo PS-POOL 2023 en formato .pdf. Consigue los mejores precios para productos de piscina y mucho m\u00e1s con INFLOWED.\" \/>\n<meta property=\"og:url\" content=\"https:\/\/inflowed.es\/en\/product\/catalogo-ps-pool-2023\/\" \/>\n<meta property=\"og:site_name\" content=\"INFLOWED\" \/>\n<meta property=\"article:modified_time\" content=\"2023-12-08T15:01:49+00:00\" \/>\n<meta property=\"og:image\" content=\"https:\/\/inflowed.es\/wp-content\/uploads\/2023\/11\/catalogo-pshpool-2023.jpg\" \/>\n\t<meta property=\"og:image:width\" content=\"800\" \/>\n\t<meta property=\"og:image:height\" content=\"800\" \/>\n\t<meta property=\"og:image:type\" content=\"image\/jpeg\" \/>\n<meta name=\"twitter:card\" content=\"summary_large_image\" \/>\n<meta name=\"twitter:label1\" content=\"Est. reading time\" \/>\n\t<meta name=\"twitter:data1\" content=\"3 minutes\" \/>\n<script type=\"application\/ld+json\" class=\"yoast-schema-graph\">{\"@context\":\"https:\/\/schema.org\",\"@graph\":[{\"@type\":\"WebPage\",\"@id\":\"https:\/\/inflowed.es\/producto\/catalogo-ps-pool-2023\",\"url\":\"https:\/\/inflowed.es\/producto\/catalogo-ps-pool-2023\",\"name\":\"Cat\u00e1logo PS-POOL 2023 &#8211; INFLOWED\",\"isPartOf\":{\"@id\":\"https:\/\/inflowed.es\/#website\"},\"primaryImageOfPage\":{\"@id\":\"https:\/\/inflowed.es\/producto\/catalogo-ps-pool-2023#primaryimage\"},\"image\":{\"@id\":\"https:\/\/inflowed.es\/producto\/catalogo-ps-pool-2023#primaryimage\"},\"thumbnailUrl\":\"https:\/\/inflowed.es\/wp-content\/uploads\/2023\/11\/catalogo-pshpool-2023.jpg\",\"datePublished\":\"2023-11-27T15:49:55+00:00\",\"dateModified\":\"2023-12-08T15:01:49+00:00\",\"description\":\"Descubre el Cat\u00e1logo PS-POOL 2023 en formato .pdf. Consigue los mejores precios para productos de piscina y mucho m\u00e1s con INFLOWED.\",\"breadcrumb\":{\"@id\":\"https:\/\/inflowed.es\/producto\/catalogo-ps-pool-2023#breadcrumb\"},\"inLanguage\":\"en-US\",\"potentialAction\":[{\"@type\":\"ReadAction\",\"target\":[\"https:\/\/inflowed.es\/producto\/catalogo-ps-pool-2023\"]}]},{\"@type\":\"ImageObject\",\"inLanguage\":\"en-US\",\"@id\":\"https:\/\/inflowed.es\/producto\/catalogo-ps-pool-2023#primaryimage\",\"url\":\"https:\/\/inflowed.es\/wp-content\/uploads\/2023\/11\/catalogo-pshpool-2023.jpg\",\"contentUrl\":\"https:\/\/inflowed.es\/wp-content\/uploads\/2023\/11\/catalogo-pshpool-2023.jpg\",\"width\":800,\"height\":800,\"caption\":\"Cat\u00e1logo PSPOOL 2023\"},{\"@type\":\"BreadcrumbList\",\"@id\":\"https:\/\/inflowed.es\/producto\/catalogo-ps-pool-2023#breadcrumb\",\"itemListElement\":[{\"@type\":\"ListItem\",\"position\":1,\"name\":\"Portada\",\"item\":\"https:\/\/inflowed.es\/\"},{\"@type\":\"ListItem\",\"position\":2,\"name\":\"Cat\u00e1logo de productos\",\"item\":\"https:\/\/inflowed.es\/catalogo-de-productos\"},{\"@type\":\"ListItem\",\"position\":3,\"name\":\"Cat\u00e1logo PS-POOL 2023\"}]},{\"@type\":\"WebSite\",\"@id\":\"https:\/\/inflowed.es\/#website\",\"url\":\"https:\/\/inflowed.es\/\",\"name\":\"INFLOWED\",\"description\":\"Distribuci&oacute;n mayorista de art&iacute;culos para piscinas\",\"publisher\":{\"@id\":\"https:\/\/inflowed.es\/#organization\"},\"potentialAction\":[{\"@type\":\"SearchAction\",\"target\":{\"@type\":\"EntryPoint\",\"urlTemplate\":\"https:\/\/inflowed.es\/?s={search_term_string}\"},\"query-input\":{\"@type\":\"PropertyValueSpecification\",\"valueRequired\":true,\"valueName\":\"search_term_string\"}}],\"inLanguage\":\"en-US\"},{\"@type\":\"Organization\",\"@id\":\"https:\/\/inflowed.es\/#organization\",\"name\":\"Inflowed Spain S.L.\",\"url\":\"https:\/\/inflowed.es\/\",\"logo\":{\"@type\":\"ImageObject\",\"inLanguage\":\"en-US\",\"@id\":\"https:\/\/inflowed.es\/#\/schema\/logo\/image\/\",\"url\":\"https:\/\/inflowed.es\/wp-content\/uploads\/2023\/11\/logo-inflowed.png\",\"contentUrl\":\"https:\/\/inflowed.es\/wp-content\/uploads\/2023\/11\/logo-inflowed.png\",\"width\":1032,\"height\":242,\"caption\":\"Inflowed Spain S.L.\"},\"image\":{\"@id\":\"https:\/\/inflowed.es\/#\/schema\/logo\/image\/\"}}]}<\/script>\n<!-- \/ Yoast SEO plugin. -->","yoast_head_json":{"title":"Cat\u00e1logo PS-POOL 2023 &#8211; INFLOWED","description":"Descubre el Cat\u00e1logo PS-POOL 2023 en formato .pdf. Consigue los mejores precios para productos de piscina y mucho m\u00e1s con INFLOWED.","robots":{"index":"index","follow":"follow","max-snippet":"max-snippet:-1","max-image-preview":"max-image-preview:large","max-video-preview":"max-video-preview:-1"},"canonical":"https:\/\/inflowed.es\/en\/product\/catalogo-ps-pool-2023\/","og_locale":"en_US","og_type":"article","og_title":"Cat\u00e1logo PS-POOL 2023 &#8211; INFLOWED","og_description":"Descubre el Cat\u00e1logo PS-POOL 2023 en formato .pdf. Consigue los mejores precios para productos de piscina y mucho m\u00e1s con INFLOWED.","og_url":"https:\/\/inflowed.es\/en\/product\/catalogo-ps-pool-2023\/","og_site_name":"INFLOWED","article_modified_time":"2023-12-08T15:01:49+00:00","og_image":[{"width":800,"height":800,"url":"https:\/\/inflowed.es\/wp-content\/uploads\/2023\/11\/catalogo-pshpool-2023.jpg","type":"image\/jpeg"}],"twitter_card":"summary_large_image","twitter_misc":{"Est. reading time":"3 minutes"},"schema":{"@context":"https:\/\/schema.org","@graph":[{"@type":"WebPage","@id":"https:\/\/inflowed.es\/producto\/catalogo-ps-pool-2023","url":"https:\/\/inflowed.es\/producto\/catalogo-ps-pool-2023","name":"Cat\u00e1logo PS-POOL 2023 &#8211; INFLOWED","isPartOf":{"@id":"https:\/\/inflowed.es\/#website"},"primaryImageOfPage":{"@id":"https:\/\/inflowed.es\/producto\/catalogo-ps-pool-2023#primaryimage"},"image":{"@id":"https:\/\/inflowed.es\/producto\/catalogo-ps-pool-2023#primaryimage"},"thumbnailUrl":"https:\/\/inflowed.es\/wp-content\/uploads\/2023\/11\/catalogo-pshpool-2023.jpg","datePublished":"2023-11-27T15:49:55+00:00","dateModified":"2023-12-08T15:01:49+00:00","description":"Descubre el Cat\u00e1logo PS-POOL 2023 en formato .pdf. Consigue los mejores precios para productos de piscina y mucho m\u00e1s con INFLOWED.","breadcrumb":{"@id":"https:\/\/inflowed.es\/producto\/catalogo-ps-pool-2023#breadcrumb"},"inLanguage":"en-US","potentialAction":[{"@type":"ReadAction","target":["https:\/\/inflowed.es\/producto\/catalogo-ps-pool-2023"]}]},{"@type":"ImageObject","inLanguage":"en-US","@id":"https:\/\/inflowed.es\/producto\/catalogo-ps-pool-2023#primaryimage","url":"https:\/\/inflowed.es\/wp-content\/uploads\/2023\/11\/catalogo-pshpool-2023.jpg","contentUrl":"https:\/\/inflowed.es\/wp-content\/uploads\/2023\/11\/catalogo-pshpool-2023.jpg","width":800,"height":800,"caption":"Cat\u00e1logo PSPOOL 2023"},{"@type":"BreadcrumbList","@id":"https:\/\/inflowed.es\/producto\/catalogo-ps-pool-2023#breadcrumb","itemListElement":[{"@type":"ListItem","position":1,"name":"Portada","item":"https:\/\/inflowed.es\/"},{"@type":"ListItem","position":2,"name":"Cat\u00e1logo de productos","item":"https:\/\/inflowed.es\/catalogo-de-productos"},{"@type":"ListItem","position":3,"name":"Cat\u00e1logo PS-POOL 2023"}]},{"@type":"WebSite","@id":"https:\/\/inflowed.es\/#website","url":"https:\/\/inflowed.es\/","name":"INFLOWED","description":"Distribuci&oacute;n mayorista de art&iacute;culos para piscinas","publisher":{"@id":"https:\/\/inflowed.es\/#organization"},"potentialAction":[{"@type":"SearchAction","target":{"@type":"EntryPoint","urlTemplate":"https:\/\/inflowed.es\/?s={search_term_string}"},"query-input":{"@type":"PropertyValueSpecification","valueRequired":true,"valueName":"search_term_string"}}],"inLanguage":"en-US"},{"@type":"Organization","@id":"https:\/\/inflowed.es\/#organization","name":"Inflowed Spain S.L.","url":"https:\/\/inflowed.es\/","logo":{"@type":"ImageObject","inLanguage":"en-US","@id":"https:\/\/inflowed.es\/#\/schema\/logo\/image\/","url":"https:\/\/inflowed.es\/wp-content\/uploads\/2023\/11\/logo-inflowed.png","contentUrl":"https:\/\/inflowed.es\/wp-content\/uploads\/2023\/11\/logo-inflowed.png","width":1032,"height":242,"caption":"Inflowed Spain S.L."},"image":{"@id":"https:\/\/inflowed.es\/#\/schema\/logo\/image\/"}}]}},"_links":{"self":[{"href":"https:\/\/inflowed.es\/en\/wp-json\/wp\/v2\/product\/2734","targetHints":{"allow":["GET"]}}],"collection":[{"href":"https:\/\/inflowed.es\/en\/wp-json\/wp\/v2\/product"}],"about":[{"href":"https:\/\/inflowed.es\/en\/wp-json\/wp\/v2\/types\/product"}],"replies":[{"embeddable":true,"href":"https:\/\/inflowed.es\/en\/wp-json\/wp\/v2\/comments?post=2734"}],"version-history":[{"count":2,"href":"https:\/\/inflowed.es\/en\/wp-json\/wp\/v2\/product\/2734\/revisions"}],"predecessor-version":[{"id":3192,"href":"https:\/\/inflowed.es\/en\/wp-json\/wp\/v2\/product\/2734\/revisions\/3192"}],"wp:featuredmedia":[{"embeddable":true,"href":"https:\/\/inflowed.es\/en\/wp-json\/wp\/v2\/media\/2735"}],"wp:attachment":[{"href":"https:\/\/inflowed.es\/en\/wp-json\/wp\/v2\/media?parent=2734"}],"wp:term":[{"taxonomy":"product_brand","embeddable":true,"href":"https:\/\/inflowed.es\/en\/wp-json\/wp\/v2\/product_brand?post=2734"},{"taxonomy":"product_cat","embeddable":true,"href":"https:\/\/inflowed.es\/en\/wp-json\/wp\/v2\/product_cat?post=2734"},{"taxonomy":"product_tag","embeddable":true,"href":"https:\/\/inflowed.es\/en\/wp-json\/wp\/v2\/product_tag?post=2734"}],"curies":[{"name":"wp","href":"https:\/\/api.w.org\/{rel}","templated":true}]}}