{"id":2688,"date":"2023-11-27T14:43:48","date_gmt":"2023-11-27T14:43:48","guid":{"rendered":"https:\/\/inflowed.es\/?post_type=product&#038;p=2688"},"modified":"2023-12-08T15:13:06","modified_gmt":"2023-12-08T15:13:06","slug":"catalogo-iaso-2023","status":"publish","type":"product","link":"https:\/\/inflowed.es\/en\/product\/catalogo-iaso-2023","title":{"rendered":"IASO Catalog 2023"},"content":{"rendered":"<p><strong>Coverings with tie-downs (for winterizing)<\/strong><\/p>\n<ul>\n<li>High resistance<\/li>\n<li>Polyester mesh<\/li>\n<\/ul>\n<p><strong>Macrocovers<\/strong><\/p>\n<p><strong>Thermal floating covers<\/strong><\/p>\n<ul>\n<li>Solares<\/li>\n<li>Mousse<\/li>\n<\/ul>\n<p><strong>Reels (for floating covers)<\/strong><\/p>\n<ul>\n<li>Cell phones<\/li>\n<li>Mon 7 and Mon 12<\/li>\n<li>Fixed<\/li>\n<li>Wall<\/li>\n<li>Roof<\/li>\n<\/ul>\n<p><strong>Thermal blankets (for large installations)<\/strong><\/p>\n<ul>\n<li>Fixed installations<\/li>\n<li>Elevated installations<\/li>\n<li>With rigid slats<\/li>\n<\/ul>\n<p><strong>Automatic (floating) decks<\/strong><\/p>\n<ul>\n<li>Element Model<\/li>\n<li>Elegance Model<\/li>\n<li>Acces Model<\/li>\n<li>Box Model<\/li>\n<li>Loft Model<\/li>\n<\/ul>\n<p><strong>Flash fences<\/strong><\/p>\n<ul>\n<li>Flash-N<\/li>\n<li>Flash-transparent<\/li>\n<\/ul>\n<p><strong>Sliding safety cover<\/strong><\/p>\n<p><strong>Motors and drives<\/strong><\/p>\n<p><strong>Demountable pools<\/strong><\/p>\n<ul>\n<li>Nemo model - Flipper model<\/li>\n<li>Nerea model - Max model<\/li>\n<li>Plus Model<\/li>\n<\/ul>\n<p><strong>Special pools for activities and shows<\/strong><\/p>\n<p><strong>Fish farming pools\/ponds<\/strong><\/p>","protected":false},"excerpt":{"rendered":"<p><a href=\"\/wp-content\/uploads\/2023\/11\/Catalogo-Tarifa-IASO.pdf\">Download IASO Catalog 2023<\/a><\/p>\n<p>&nbsp;<\/p>","protected":false},"featured_media":2402,"comment_status":"closed","ping_status":"closed","template":"","meta":[],"product_brand":[],"product_cat":[139],"product_tag":[],"class_list":{"0":"post-2688","1":"product","2":"type-product","3":"status-publish","4":"has-post-thumbnail","6":"product_cat-catalogos-y-tarifas","8":"first","9":"instock","10":"taxable","11":"shipping-taxable","12":"product-type-simple"},"yoast_head":"<!-- This site is optimized with the Yoast SEO plugin v27.2 - https:\/\/yoast.com\/product\/yoast-seo-wordpress\/ -->\n<title>Cat\u00e1logo IASO 2023 &#8211; INFLOWED<\/title>\n<meta name=\"description\" content=\"Descubre el Cat\u00e1logo IASO 2023 en formato .pdf. En INFLOWED distribuimos la marca IASO al mejor precio. Cont\u00e1ctanos para m\u00e1s informaci\u00f3n.\" \/>\n<meta name=\"robots\" content=\"index, follow, max-snippet:-1, max-image-preview:large, max-video-preview:-1\" \/>\n<link rel=\"canonical\" href=\"https:\/\/inflowed.es\/en\/product\/catalogo-iaso-2023\/\" \/>\n<meta property=\"og:locale\" content=\"en_US\" \/>\n<meta property=\"og:type\" content=\"article\" \/>\n<meta property=\"og:title\" content=\"Cat\u00e1logo IASO 2023 &#8211; INFLOWED\" \/>\n<meta property=\"og:description\" content=\"Descubre el Cat\u00e1logo IASO 2023 en formato .pdf. En INFLOWED distribuimos la marca IASO al mejor precio. Cont\u00e1ctanos para m\u00e1s informaci\u00f3n.\" \/>\n<meta property=\"og:url\" content=\"https:\/\/inflowed.es\/en\/product\/catalogo-iaso-2023\/\" \/>\n<meta property=\"og:site_name\" content=\"INFLOWED\" \/>\n<meta property=\"article:modified_time\" content=\"2023-12-08T15:13:06+00:00\" \/>\n<meta property=\"og:image\" content=\"https:\/\/inflowed.es\/wp-content\/uploads\/2023\/11\/catalogo-iaso2023.jpg\" \/>\n\t<meta property=\"og:image:width\" content=\"800\" \/>\n\t<meta property=\"og:image:height\" content=\"800\" \/>\n\t<meta property=\"og:image:type\" content=\"image\/jpeg\" \/>\n<meta name=\"twitter:card\" content=\"summary_large_image\" \/>\n<meta name=\"twitter:label1\" content=\"Est. reading time\" \/>\n\t<meta name=\"twitter:data1\" content=\"1 minute\" \/>\n<script type=\"application\/ld+json\" class=\"yoast-schema-graph\">{\"@context\":\"https:\/\/schema.org\",\"@graph\":[{\"@type\":\"WebPage\",\"@id\":\"https:\/\/inflowed.es\/producto\/catalogo-iaso-2023\",\"url\":\"https:\/\/inflowed.es\/producto\/catalogo-iaso-2023\",\"name\":\"Cat\u00e1logo IASO 2023 &#8211; INFLOWED\",\"isPartOf\":{\"@id\":\"https:\/\/inflowed.es\/#website\"},\"primaryImageOfPage\":{\"@id\":\"https:\/\/inflowed.es\/producto\/catalogo-iaso-2023#primaryimage\"},\"image\":{\"@id\":\"https:\/\/inflowed.es\/producto\/catalogo-iaso-2023#primaryimage\"},\"thumbnailUrl\":\"https:\/\/inflowed.es\/wp-content\/uploads\/2023\/11\/catalogo-iaso2023.jpg\",\"datePublished\":\"2023-11-27T14:43:48+00:00\",\"dateModified\":\"2023-12-08T15:13:06+00:00\",\"description\":\"Descubre el Cat\u00e1logo IASO 2023 en formato .pdf. En INFLOWED distribuimos la marca IASO al mejor precio. Cont\u00e1ctanos para m\u00e1s informaci\u00f3n.\",\"breadcrumb\":{\"@id\":\"https:\/\/inflowed.es\/producto\/catalogo-iaso-2023#breadcrumb\"},\"inLanguage\":\"en-US\",\"potentialAction\":[{\"@type\":\"ReadAction\",\"target\":[\"https:\/\/inflowed.es\/producto\/catalogo-iaso-2023\"]}]},{\"@type\":\"ImageObject\",\"inLanguage\":\"en-US\",\"@id\":\"https:\/\/inflowed.es\/producto\/catalogo-iaso-2023#primaryimage\",\"url\":\"https:\/\/inflowed.es\/wp-content\/uploads\/2023\/11\/catalogo-iaso2023.jpg\",\"contentUrl\":\"https:\/\/inflowed.es\/wp-content\/uploads\/2023\/11\/catalogo-iaso2023.jpg\",\"width\":800,\"height\":800,\"caption\":\"Cat\u00e1logo IASO 2023\"},{\"@type\":\"BreadcrumbList\",\"@id\":\"https:\/\/inflowed.es\/producto\/catalogo-iaso-2023#breadcrumb\",\"itemListElement\":[{\"@type\":\"ListItem\",\"position\":1,\"name\":\"Portada\",\"item\":\"https:\/\/inflowed.es\/\"},{\"@type\":\"ListItem\",\"position\":2,\"name\":\"Cat\u00e1logo de productos\",\"item\":\"https:\/\/inflowed.es\/catalogo-de-productos\"},{\"@type\":\"ListItem\",\"position\":3,\"name\":\"Cat\u00e1logo IASO 2023\"}]},{\"@type\":\"WebSite\",\"@id\":\"https:\/\/inflowed.es\/#website\",\"url\":\"https:\/\/inflowed.es\/\",\"name\":\"INFLOWED\",\"description\":\"Distribuci&oacute;n mayorista de art&iacute;culos para piscinas\",\"publisher\":{\"@id\":\"https:\/\/inflowed.es\/#organization\"},\"potentialAction\":[{\"@type\":\"SearchAction\",\"target\":{\"@type\":\"EntryPoint\",\"urlTemplate\":\"https:\/\/inflowed.es\/?s={search_term_string}\"},\"query-input\":{\"@type\":\"PropertyValueSpecification\",\"valueRequired\":true,\"valueName\":\"search_term_string\"}}],\"inLanguage\":\"en-US\"},{\"@type\":\"Organization\",\"@id\":\"https:\/\/inflowed.es\/#organization\",\"name\":\"Inflowed Spain S.L.\",\"url\":\"https:\/\/inflowed.es\/\",\"logo\":{\"@type\":\"ImageObject\",\"inLanguage\":\"en-US\",\"@id\":\"https:\/\/inflowed.es\/#\/schema\/logo\/image\/\",\"url\":\"https:\/\/inflowed.es\/wp-content\/uploads\/2023\/11\/logo-inflowed.png\",\"contentUrl\":\"https:\/\/inflowed.es\/wp-content\/uploads\/2023\/11\/logo-inflowed.png\",\"width\":1032,\"height\":242,\"caption\":\"Inflowed Spain S.L.\"},\"image\":{\"@id\":\"https:\/\/inflowed.es\/#\/schema\/logo\/image\/\"}}]}<\/script>\n<!-- \/ Yoast SEO plugin. -->","yoast_head_json":{"title":"Cat\u00e1logo IASO 2023 &#8211; INFLOWED","description":"Descubre el Cat\u00e1logo IASO 2023 en formato .pdf. En INFLOWED distribuimos la marca IASO al mejor precio. Cont\u00e1ctanos para m\u00e1s informaci\u00f3n.","robots":{"index":"index","follow":"follow","max-snippet":"max-snippet:-1","max-image-preview":"max-image-preview:large","max-video-preview":"max-video-preview:-1"},"canonical":"https:\/\/inflowed.es\/en\/product\/catalogo-iaso-2023\/","og_locale":"en_US","og_type":"article","og_title":"Cat\u00e1logo IASO 2023 &#8211; INFLOWED","og_description":"Descubre el Cat\u00e1logo IASO 2023 en formato .pdf. En INFLOWED distribuimos la marca IASO al mejor precio. Cont\u00e1ctanos para m\u00e1s informaci\u00f3n.","og_url":"https:\/\/inflowed.es\/en\/product\/catalogo-iaso-2023\/","og_site_name":"INFLOWED","article_modified_time":"2023-12-08T15:13:06+00:00","og_image":[{"width":800,"height":800,"url":"https:\/\/inflowed.es\/wp-content\/uploads\/2023\/11\/catalogo-iaso2023.jpg","type":"image\/jpeg"}],"twitter_card":"summary_large_image","twitter_misc":{"Est. reading time":"1 minute"},"schema":{"@context":"https:\/\/schema.org","@graph":[{"@type":"WebPage","@id":"https:\/\/inflowed.es\/producto\/catalogo-iaso-2023","url":"https:\/\/inflowed.es\/producto\/catalogo-iaso-2023","name":"Cat\u00e1logo IASO 2023 &#8211; INFLOWED","isPartOf":{"@id":"https:\/\/inflowed.es\/#website"},"primaryImageOfPage":{"@id":"https:\/\/inflowed.es\/producto\/catalogo-iaso-2023#primaryimage"},"image":{"@id":"https:\/\/inflowed.es\/producto\/catalogo-iaso-2023#primaryimage"},"thumbnailUrl":"https:\/\/inflowed.es\/wp-content\/uploads\/2023\/11\/catalogo-iaso2023.jpg","datePublished":"2023-11-27T14:43:48+00:00","dateModified":"2023-12-08T15:13:06+00:00","description":"Descubre el Cat\u00e1logo IASO 2023 en formato .pdf. En INFLOWED distribuimos la marca IASO al mejor precio. Cont\u00e1ctanos para m\u00e1s informaci\u00f3n.","breadcrumb":{"@id":"https:\/\/inflowed.es\/producto\/catalogo-iaso-2023#breadcrumb"},"inLanguage":"en-US","potentialAction":[{"@type":"ReadAction","target":["https:\/\/inflowed.es\/producto\/catalogo-iaso-2023"]}]},{"@type":"ImageObject","inLanguage":"en-US","@id":"https:\/\/inflowed.es\/producto\/catalogo-iaso-2023#primaryimage","url":"https:\/\/inflowed.es\/wp-content\/uploads\/2023\/11\/catalogo-iaso2023.jpg","contentUrl":"https:\/\/inflowed.es\/wp-content\/uploads\/2023\/11\/catalogo-iaso2023.jpg","width":800,"height":800,"caption":"Cat\u00e1logo IASO 2023"},{"@type":"BreadcrumbList","@id":"https:\/\/inflowed.es\/producto\/catalogo-iaso-2023#breadcrumb","itemListElement":[{"@type":"ListItem","position":1,"name":"Portada","item":"https:\/\/inflowed.es\/"},{"@type":"ListItem","position":2,"name":"Cat\u00e1logo de productos","item":"https:\/\/inflowed.es\/catalogo-de-productos"},{"@type":"ListItem","position":3,"name":"Cat\u00e1logo IASO 2023"}]},{"@type":"WebSite","@id":"https:\/\/inflowed.es\/#website","url":"https:\/\/inflowed.es\/","name":"INFLOWED","description":"Distribuci&oacute;n mayorista de art&iacute;culos para piscinas","publisher":{"@id":"https:\/\/inflowed.es\/#organization"},"potentialAction":[{"@type":"SearchAction","target":{"@type":"EntryPoint","urlTemplate":"https:\/\/inflowed.es\/?s={search_term_string}"},"query-input":{"@type":"PropertyValueSpecification","valueRequired":true,"valueName":"search_term_string"}}],"inLanguage":"en-US"},{"@type":"Organization","@id":"https:\/\/inflowed.es\/#organization","name":"Inflowed Spain S.L.","url":"https:\/\/inflowed.es\/","logo":{"@type":"ImageObject","inLanguage":"en-US","@id":"https:\/\/inflowed.es\/#\/schema\/logo\/image\/","url":"https:\/\/inflowed.es\/wp-content\/uploads\/2023\/11\/logo-inflowed.png","contentUrl":"https:\/\/inflowed.es\/wp-content\/uploads\/2023\/11\/logo-inflowed.png","width":1032,"height":242,"caption":"Inflowed Spain S.L."},"image":{"@id":"https:\/\/inflowed.es\/#\/schema\/logo\/image\/"}}]}},"_links":{"self":[{"href":"https:\/\/inflowed.es\/en\/wp-json\/wp\/v2\/product\/2688","targetHints":{"allow":["GET"]}}],"collection":[{"href":"https:\/\/inflowed.es\/en\/wp-json\/wp\/v2\/product"}],"about":[{"href":"https:\/\/inflowed.es\/en\/wp-json\/wp\/v2\/types\/product"}],"replies":[{"embeddable":true,"href":"https:\/\/inflowed.es\/en\/wp-json\/wp\/v2\/comments?post=2688"}],"version-history":[{"count":2,"href":"https:\/\/inflowed.es\/en\/wp-json\/wp\/v2\/product\/2688\/revisions"}],"predecessor-version":[{"id":3222,"href":"https:\/\/inflowed.es\/en\/wp-json\/wp\/v2\/product\/2688\/revisions\/3222"}],"wp:featuredmedia":[{"embeddable":true,"href":"https:\/\/inflowed.es\/en\/wp-json\/wp\/v2\/media\/2402"}],"wp:attachment":[{"href":"https:\/\/inflowed.es\/en\/wp-json\/wp\/v2\/media?parent=2688"}],"wp:term":[{"taxonomy":"product_brand","embeddable":true,"href":"https:\/\/inflowed.es\/en\/wp-json\/wp\/v2\/product_brand?post=2688"},{"taxonomy":"product_cat","embeddable":true,"href":"https:\/\/inflowed.es\/en\/wp-json\/wp\/v2\/product_cat?post=2688"},{"taxonomy":"product_tag","embeddable":true,"href":"https:\/\/inflowed.es\/en\/wp-json\/wp\/v2\/product_tag?post=2688"}],"curies":[{"name":"wp","href":"https:\/\/api.w.org\/{rel}","templated":true}]}}