{"id":5504,"date":"2025-10-29T16:22:36","date_gmt":"2025-10-29T16:22:36","guid":{"rendered":"https:\/\/inflowed.es\/?post_type=product&#038;p=5504"},"modified":"2025-10-29T16:46:52","modified_gmt":"2025-10-29T16:46:52","slug":"clorador-salino-hayward-aquarite-flo-advanced-ng","status":"publish","type":"product","link":"https:\/\/inflowed.es\/ca\/producte\/clorador-salino-hayward-aquarite-flo-advanced-ng","title":{"rendered":"Clorador salino Hayward Aquarite Flo Advanced NG"},"content":{"rendered":"<h2 data-start=\"421\" data-end=\"518\">Clorador salino Hayward AquaRite Flo Advanced NG \u2013 Piscinas privadas limpias y seguras<\/h2>\n<p data-start=\"520\" data-end=\"863\">El\u00a0<strong data-start=\"523\" data-end=\"551\">Aquarite Flo Advanced NG<\/strong>\u00a0es el\u00a0<strong data-start=\"558\" data-end=\"608\">clorador salino de nueva generaci\u00f3n de Hayward<\/strong>, dise\u00f1ado para ofrecer un tratamiento del agua de piscina m\u00e1s inteligente, eficiente y sencillo. Ideal para piscinas dom\u00e9sticas y comunitarias, combina tecnolog\u00eda avanzada, conectividad y facilidad de uso para un mantenimiento \u00f3ptimo durante todo el a\u00f1o.<\/p>\n<h3 data-start=\"865\" data-end=\"935\"><strong data-start=\"869\" data-end=\"933\">Caracter\u00edsticas del clorador salino Aquarite Flo Advanced NG<\/strong><\/h3>\n<p data-start=\"936\" data-end=\"1848\">\u2022 Disponible en 4 modelos seg\u00fan producci\u00f3n de cloro: 16 g\/h (hasta 50 m\u00b3), 22 g\/h (hasta 90 m\u00b3), 33 g\/h (hasta 150 m\u00b3) y 50 g\/h (hasta 200 m\u00b3).<br data-start=\"1079\" data-end=\"1082\" \/>\u2022 Rango de salinidad desde 3 g\/L (versi\u00f3n est\u00e1ndar).<br data-start=\"1134\" data-end=\"1137\" \/>\u2022 Control de la filtraci\u00f3n desde el cuadro del clorador mediante rel\u00e9 auxiliar.<br data-start=\"1216\" data-end=\"1219\" \/>\u2022 Posibilidad de alimentar iluminaci\u00f3n de hasta 50 W, reduciendo la producci\u00f3n de cloro simult\u00e1neamente.<br data-start=\"1323\" data-end=\"1326\" \/>\u2022 Modo Boost y reducci\u00f3n autom\u00e1tica de producci\u00f3n con detector de cubierta.<br data-start=\"1401\" data-end=\"1404\" \/>\u2022 Pantalla TFT de 2,8\u2019\u2019 con men\u00fas intuitivos y f\u00e1ciles de usar.<br data-start=\"1467\" data-end=\"1470\" \/>\u2022 Portasondas transparente con visual directa y 5 conexiones (incluye 4 tapones).<br data-start=\"1551\" data-end=\"1554\" \/>\u2022 Conexiones r\u00e1pidas para una instalaci\u00f3n y mantenimiento m\u00e1s sencillos.<br data-start=\"1626\" data-end=\"1629\" \/>\u2022 Placa electr\u00f3nica optimizada para mayor eficiencia energ\u00e9tica.<br data-start=\"1693\" data-end=\"1696\" \/>\u2022 Monitorizaci\u00f3n de la bomba de filtraci\u00f3n, incluyendo bombas de velocidad variable.<br data-start=\"1780\" data-end=\"1783\" \/>\u2022 Garant\u00eda: 8.000 horas de c\u00e9lula y 3 + 1 a\u00f1os exclusiva Hayward.<\/p>\n<h3 data-start=\"1850\" data-end=\"1922\"><strong data-start=\"1854\" data-end=\"1920\">\u00bfQu\u00e9 modelo necesito para mi piscina?<\/strong><\/h3>\n<table>\n<tbody>\n<tr>\n<td><strong><em>Descripci\u00f3n<\/em><\/strong><\/td>\n<td><strong><em>Piscina (m3)<\/em><\/strong><\/td>\n<\/tr>\n<tr>\n<td>Hayward Aquarite Flo Advanced NG \u2013\u00a0<strong>16 g\/h<\/strong><\/td>\n<td>0 \u2013 50*<\/td>\n<\/tr>\n<tr>\n<td>Hayward Aquarite Flo Advanced NG \u2013\u00a0<strong>22\u00a0g\/h<\/strong><\/td>\n<td>60 \u2013 90*<\/td>\n<\/tr>\n<tr>\n<td>Hayward Aquarite Flo Advanced NG \u2013\u00a0<strong>33 g\/h<\/strong><\/td>\n<td>100 \u2013 150*<\/td>\n<\/tr>\n<tr>\n<td>Hayward Aquarite Flo Advanced NG \u2013\u00a0<strong>50 g\/h<\/strong><\/td>\n<td>160 \u2013 200*<\/td>\n<\/tr>\n<\/tbody>\n<\/table>\n<p data-start=\"1850\" data-end=\"1922\">*Tama\u00f1o de la piscina orientativo, calculado para una temperatura de 25\u00baC. Este dato puede variar en funci\u00f3n de la carga de ba\u00f1istas, horas de funcionamiento y las condiciones ambientales del vaso. Cont\u00e1ctanos ara obtener un c\u00e1lculo preciso adaptado a tus necesidades.<\/p>\n<h3 data-start=\"1850\" data-end=\"1922\"><strong data-start=\"1854\" data-end=\"1920\">Opcionales y m\u00f3dulos adicionales para Aquarite Flo Advanced NG<\/strong><\/h3>\n<p data-start=\"1923\" data-end=\"2064\">Ampl\u00eda las funciones de tu\u00a0<strong data-start=\"1950\" data-end=\"1977\">clorador salino Hayward<\/strong>\u00a0con accesorios que permiten una gesti\u00f3n completa del agua y del sistema de filtraci\u00f3n:<\/p>\n<p data-start=\"2066\" data-end=\"2849\">\u2022\u00a0<strong data-start=\"2068\" data-end=\"2099\">Kit pH (Ref. HAY-450-1051):<\/strong>\u00a0Control autom\u00e1tico del pH de la piscina. Incluye sonda, bomba dosificadora y accesorios.<br data-start=\"2188\" data-end=\"2191\" \/>\u2022\u00a0<strong data-start=\"2193\" data-end=\"2227\">Kit Redox (Ref. HAY-451-0093):<\/strong>\u00a0Control autom\u00e1tico de la producci\u00f3n de cloro mediante sonda Redox.<br data-start=\"2294\" data-end=\"2297\" \/>\u2022\u00a0<strong data-start=\"2299\" data-end=\"2344\">Sonda de temperatura (Ref. HAY-450-0960):<\/strong>\u00a0Activa el modo Smart, optimizando la producci\u00f3n de cloro y la filtraci\u00f3n seg\u00fan la temperatura del agua.<br data-start=\"2448\" data-end=\"2451\" \/>\u2022\u00a0<strong data-start=\"2453\" data-end=\"2489\">M\u00f3dulo WiFi (Ref. HAY-450-0028):<\/strong>\u00a0Conectividad remota bidireccional con la app\u00a0<strong data-start=\"2535\" data-end=\"2548\">Poolwatch<\/strong>, compatible con\u00a0<strong data-start=\"2565\" data-end=\"2574\">Alexa<\/strong>\u00a0y\u00a0<strong data-start=\"2577\" data-end=\"2592\">Google Home<\/strong>. Permite ver par\u00e1metros, programar ciclos de filtraci\u00f3n e iluminaci\u00f3n y gestionar alertas desde el m\u00f3vil.<br data-start=\"2698\" data-end=\"2701\" \/>\u2022\u00a0<strong data-start=\"2703\" data-end=\"2743\">M\u00f3dulo Ethernet (Ref. HAY-450-0029):<\/strong>\u00a0Conexi\u00f3n por cable RJ45 con las mismas funciones que el m\u00f3dulo WiFi, ofreciendo una conexi\u00f3n m\u00e1s estable.<\/p>\n<h3 data-start=\"2851\" data-end=\"2914\"><strong data-start=\"2855\" data-end=\"2912\">Ventajas del clorador salino Aquarite Flo Advanced NG<\/strong><\/h3>\n<p data-start=\"2915\" data-end=\"3265\">\u2022 Clorador salino avanzado, eficiente y f\u00e1cil de usar.<br data-start=\"2969\" data-end=\"2972\" \/>\u2022 Control total de pH, Redox, temperatura, filtraci\u00f3n e iluminaci\u00f3n.<br data-start=\"3040\" data-end=\"3043\" \/>\u2022 Conectividad inteligente mediante WiFi o Ethernet.<br data-start=\"3095\" data-end=\"3098\" \/>\u2022 Componentes de alta calidad y larga durabilidad.<br data-start=\"3148\" data-end=\"3151\" \/>\u2022 Ideal para piscinas de hasta 200 m\u00b3, seg\u00fan modelo.<br data-start=\"3203\" data-end=\"3206\" \/>\u2022 Tecnolog\u00eda Hayward: garant\u00eda de fiabilidad y rendimiento.<\/p>","protected":false},"excerpt":{"rendered":"<ul>\n<li>El clorador de Hayward referencia del mercado.<\/li>\n<li><strong>Pantalla TFT 2,8W.<\/strong><\/li>\n<li>Recomendado para\u00a0<strong>piscinas dom\u00e9sticas.<\/strong><\/li>\n<li>Salinidad de agua\u00a0<strong>desde 3 g\/l.<\/strong><\/li>\n<li>Posibilidad de\u00a0<strong>comandar la filtraci\u00f3n<\/strong>\u00a0desde el cuadro del clorador (rel\u00e9 auxiliar).<\/li>\n<li>Posibilidad de\u00a0<strong>alimentar iluminaci\u00f3n<\/strong>\u00a0(hasta 50W).<\/li>\n<li><strong>Modo boost<\/strong>\u00a0y reducci\u00f3n de producci\u00f3n con\u00a0<strong>detector de cubierta.<\/strong><\/li>\n<li>Modelos disponibles de <strong>16<\/strong>, <strong>22<\/strong> y <strong>33 gr\/h.<\/strong><\/li>\n<\/ul>","protected":false},"featured_media":5505,"comment_status":"open","ping_status":"closed","template":"","meta":[],"product_brand":[],"product_cat":[81],"product_tag":[],"class_list":{"0":"post-5504","1":"product","2":"type-product","3":"status-publish","4":"has-post-thumbnail","6":"product_cat-cloracion-salina","8":"first","9":"instock","10":"taxable","11":"shipping-taxable","12":"product-type-simple"},"yoast_head":"<!-- This site is optimized with the Yoast SEO plugin v27.2 - https:\/\/yoast.com\/product\/yoast-seo-wordpress\/ -->\n<title>Clorador salino Hayward Aquarite Flo Advanced NG &#8211; INFLOWED<\/title>\n<meta name=\"robots\" content=\"index, follow, max-snippet:-1, max-image-preview:large, max-video-preview:-1\" \/>\n<link rel=\"canonical\" href=\"https:\/\/inflowed.es\/ca\/producte\/clorador-salino-hayward-aquarite-flo-advanced-ng\/\" \/>\n<meta property=\"og:locale\" content=\"ca_ES\" \/>\n<meta property=\"og:type\" content=\"article\" \/>\n<meta property=\"og:title\" content=\"Clorador salino Hayward Aquarite Flo Advanced NG &#8211; INFLOWED\" \/>\n<meta property=\"og:description\" content=\"El clorador de Hayward referencia del mercado.  Pantalla TFT 2,8W.  Recomendado para\u00a0piscinas dom\u00e9sticas.  Salinidad de agua\u00a0desde 3 g\/l.  Posibilidad de\u00a0comandar la filtraci\u00f3n\u00a0desde el cuadro del clorador (rel\u00e9 auxiliar).  Posibilidad de\u00a0alimentar iluminaci\u00f3n\u00a0(hasta 50W).  Modo boost\u00a0y reducci\u00f3n de producci\u00f3n con\u00a0detector de cubierta.  Modelos disponibles de 16, 22 y 33 gr\/h.\" \/>\n<meta property=\"og:url\" content=\"https:\/\/inflowed.es\/ca\/producte\/clorador-salino-hayward-aquarite-flo-advanced-ng\/\" \/>\n<meta property=\"og:site_name\" content=\"INFLOWED\" \/>\n<meta property=\"article:modified_time\" content=\"2025-10-29T16:46:52+00:00\" \/>\n<meta property=\"og:image\" content=\"https:\/\/inflowed.es\/wp-content\/uploads\/2025\/10\/aquarite-flo-advanced-ng.png\" \/>\n\t<meta property=\"og:image:width\" content=\"1600\" \/>\n\t<meta property=\"og:image:height\" content=\"1600\" \/>\n\t<meta property=\"og:image:type\" content=\"image\/png\" \/>\n<meta name=\"twitter:card\" content=\"summary_large_image\" \/>\n<meta name=\"twitter:label1\" content=\"Temps estimat de lectura\" \/>\n\t<meta name=\"twitter:data1\" content=\"3 minuts\" \/>\n<script type=\"application\/ld+json\" class=\"yoast-schema-graph\">{\"@context\":\"https:\/\/schema.org\",\"@graph\":[{\"@type\":\"WebPage\",\"@id\":\"https:\/\/inflowed.es\/producto\/clorador-salino-hayward-aquarite-flo-advanced-ng\",\"url\":\"https:\/\/inflowed.es\/producto\/clorador-salino-hayward-aquarite-flo-advanced-ng\",\"name\":\"Clorador salino Hayward Aquarite Flo Advanced NG &#8211; INFLOWED\",\"isPartOf\":{\"@id\":\"https:\/\/inflowed.es\/#website\"},\"primaryImageOfPage\":{\"@id\":\"https:\/\/inflowed.es\/producto\/clorador-salino-hayward-aquarite-flo-advanced-ng#primaryimage\"},\"image\":{\"@id\":\"https:\/\/inflowed.es\/producto\/clorador-salino-hayward-aquarite-flo-advanced-ng#primaryimage\"},\"thumbnailUrl\":\"https:\/\/inflowed.es\/wp-content\/uploads\/2025\/10\/aquarite-flo-advanced-ng.png\",\"datePublished\":\"2025-10-29T16:22:36+00:00\",\"dateModified\":\"2025-10-29T16:46:52+00:00\",\"breadcrumb\":{\"@id\":\"https:\/\/inflowed.es\/producto\/clorador-salino-hayward-aquarite-flo-advanced-ng#breadcrumb\"},\"inLanguage\":\"ca\",\"potentialAction\":[{\"@type\":\"ReadAction\",\"target\":[\"https:\/\/inflowed.es\/producto\/clorador-salino-hayward-aquarite-flo-advanced-ng\"]}]},{\"@type\":\"ImageObject\",\"inLanguage\":\"ca\",\"@id\":\"https:\/\/inflowed.es\/producto\/clorador-salino-hayward-aquarite-flo-advanced-ng#primaryimage\",\"url\":\"https:\/\/inflowed.es\/wp-content\/uploads\/2025\/10\/aquarite-flo-advanced-ng.png\",\"contentUrl\":\"https:\/\/inflowed.es\/wp-content\/uploads\/2025\/10\/aquarite-flo-advanced-ng.png\",\"width\":1600,\"height\":1600},{\"@type\":\"BreadcrumbList\",\"@id\":\"https:\/\/inflowed.es\/producto\/clorador-salino-hayward-aquarite-flo-advanced-ng#breadcrumb\",\"itemListElement\":[{\"@type\":\"ListItem\",\"position\":1,\"name\":\"Portada\",\"item\":\"https:\/\/inflowed.es\/\"},{\"@type\":\"ListItem\",\"position\":2,\"name\":\"Cat\u00e1logo de productos\",\"item\":\"https:\/\/inflowed.es\/catalogo-de-productos\"},{\"@type\":\"ListItem\",\"position\":3,\"name\":\"Clorador salino Hayward Aquarite Flo Advanced NG\"}]},{\"@type\":\"WebSite\",\"@id\":\"https:\/\/inflowed.es\/#website\",\"url\":\"https:\/\/inflowed.es\/\",\"name\":\"INFLOWED\",\"description\":\"Distribuci&oacute;n mayorista de art&iacute;culos para piscinas\",\"publisher\":{\"@id\":\"https:\/\/inflowed.es\/#organization\"},\"potentialAction\":[{\"@type\":\"SearchAction\",\"target\":{\"@type\":\"EntryPoint\",\"urlTemplate\":\"https:\/\/inflowed.es\/?s={search_term_string}\"},\"query-input\":{\"@type\":\"PropertyValueSpecification\",\"valueRequired\":true,\"valueName\":\"search_term_string\"}}],\"inLanguage\":\"ca\"},{\"@type\":\"Organization\",\"@id\":\"https:\/\/inflowed.es\/#organization\",\"name\":\"Inflowed Spain S.L.\",\"url\":\"https:\/\/inflowed.es\/\",\"logo\":{\"@type\":\"ImageObject\",\"inLanguage\":\"ca\",\"@id\":\"https:\/\/inflowed.es\/#\/schema\/logo\/image\/\",\"url\":\"https:\/\/inflowed.es\/wp-content\/uploads\/2023\/11\/logo-inflowed.png\",\"contentUrl\":\"https:\/\/inflowed.es\/wp-content\/uploads\/2023\/11\/logo-inflowed.png\",\"width\":1032,\"height\":242,\"caption\":\"Inflowed Spain S.L.\"},\"image\":{\"@id\":\"https:\/\/inflowed.es\/#\/schema\/logo\/image\/\"}}]}<\/script>\n<!-- \/ Yoast SEO plugin. -->","yoast_head_json":{"title":"Clorador salino Hayward Aquarite Flo Advanced NG &#8211; INFLOWED","robots":{"index":"index","follow":"follow","max-snippet":"max-snippet:-1","max-image-preview":"max-image-preview:large","max-video-preview":"max-video-preview:-1"},"canonical":"https:\/\/inflowed.es\/ca\/producte\/clorador-salino-hayward-aquarite-flo-advanced-ng\/","og_locale":"ca_ES","og_type":"article","og_title":"Clorador salino Hayward Aquarite Flo Advanced NG &#8211; INFLOWED","og_description":"El clorador de Hayward referencia del mercado.  Pantalla TFT 2,8W.  Recomendado para\u00a0piscinas dom\u00e9sticas.  Salinidad de agua\u00a0desde 3 g\/l.  Posibilidad de\u00a0comandar la filtraci\u00f3n\u00a0desde el cuadro del clorador (rel\u00e9 auxiliar).  Posibilidad de\u00a0alimentar iluminaci\u00f3n\u00a0(hasta 50W).  Modo boost\u00a0y reducci\u00f3n de producci\u00f3n con\u00a0detector de cubierta.  Modelos disponibles de 16, 22 y 33 gr\/h.","og_url":"https:\/\/inflowed.es\/ca\/producte\/clorador-salino-hayward-aquarite-flo-advanced-ng\/","og_site_name":"INFLOWED","article_modified_time":"2025-10-29T16:46:52+00:00","og_image":[{"width":1600,"height":1600,"url":"https:\/\/inflowed.es\/wp-content\/uploads\/2025\/10\/aquarite-flo-advanced-ng.png","type":"image\/png"}],"twitter_card":"summary_large_image","twitter_misc":{"Temps estimat de lectura":"3 minuts"},"schema":{"@context":"https:\/\/schema.org","@graph":[{"@type":"WebPage","@id":"https:\/\/inflowed.es\/producto\/clorador-salino-hayward-aquarite-flo-advanced-ng","url":"https:\/\/inflowed.es\/producto\/clorador-salino-hayward-aquarite-flo-advanced-ng","name":"Clorador salino Hayward Aquarite Flo Advanced NG &#8211; INFLOWED","isPartOf":{"@id":"https:\/\/inflowed.es\/#website"},"primaryImageOfPage":{"@id":"https:\/\/inflowed.es\/producto\/clorador-salino-hayward-aquarite-flo-advanced-ng#primaryimage"},"image":{"@id":"https:\/\/inflowed.es\/producto\/clorador-salino-hayward-aquarite-flo-advanced-ng#primaryimage"},"thumbnailUrl":"https:\/\/inflowed.es\/wp-content\/uploads\/2025\/10\/aquarite-flo-advanced-ng.png","datePublished":"2025-10-29T16:22:36+00:00","dateModified":"2025-10-29T16:46:52+00:00","breadcrumb":{"@id":"https:\/\/inflowed.es\/producto\/clorador-salino-hayward-aquarite-flo-advanced-ng#breadcrumb"},"inLanguage":"ca","potentialAction":[{"@type":"ReadAction","target":["https:\/\/inflowed.es\/producto\/clorador-salino-hayward-aquarite-flo-advanced-ng"]}]},{"@type":"ImageObject","inLanguage":"ca","@id":"https:\/\/inflowed.es\/producto\/clorador-salino-hayward-aquarite-flo-advanced-ng#primaryimage","url":"https:\/\/inflowed.es\/wp-content\/uploads\/2025\/10\/aquarite-flo-advanced-ng.png","contentUrl":"https:\/\/inflowed.es\/wp-content\/uploads\/2025\/10\/aquarite-flo-advanced-ng.png","width":1600,"height":1600},{"@type":"BreadcrumbList","@id":"https:\/\/inflowed.es\/producto\/clorador-salino-hayward-aquarite-flo-advanced-ng#breadcrumb","itemListElement":[{"@type":"ListItem","position":1,"name":"Portada","item":"https:\/\/inflowed.es\/"},{"@type":"ListItem","position":2,"name":"Cat\u00e1logo de productos","item":"https:\/\/inflowed.es\/catalogo-de-productos"},{"@type":"ListItem","position":3,"name":"Clorador salino Hayward Aquarite Flo Advanced NG"}]},{"@type":"WebSite","@id":"https:\/\/inflowed.es\/#website","url":"https:\/\/inflowed.es\/","name":"INFLOWED","description":"Distribuci&oacute;n mayorista de art&iacute;culos para piscinas","publisher":{"@id":"https:\/\/inflowed.es\/#organization"},"potentialAction":[{"@type":"SearchAction","target":{"@type":"EntryPoint","urlTemplate":"https:\/\/inflowed.es\/?s={search_term_string}"},"query-input":{"@type":"PropertyValueSpecification","valueRequired":true,"valueName":"search_term_string"}}],"inLanguage":"ca"},{"@type":"Organization","@id":"https:\/\/inflowed.es\/#organization","name":"Inflowed Spain S.L.","url":"https:\/\/inflowed.es\/","logo":{"@type":"ImageObject","inLanguage":"ca","@id":"https:\/\/inflowed.es\/#\/schema\/logo\/image\/","url":"https:\/\/inflowed.es\/wp-content\/uploads\/2023\/11\/logo-inflowed.png","contentUrl":"https:\/\/inflowed.es\/wp-content\/uploads\/2023\/11\/logo-inflowed.png","width":1032,"height":242,"caption":"Inflowed Spain S.L."},"image":{"@id":"https:\/\/inflowed.es\/#\/schema\/logo\/image\/"}}]}},"_links":{"self":[{"href":"https:\/\/inflowed.es\/ca\/wp-json\/wp\/v2\/product\/5504","targetHints":{"allow":["GET"]}}],"collection":[{"href":"https:\/\/inflowed.es\/ca\/wp-json\/wp\/v2\/product"}],"about":[{"href":"https:\/\/inflowed.es\/ca\/wp-json\/wp\/v2\/types\/product"}],"replies":[{"embeddable":true,"href":"https:\/\/inflowed.es\/ca\/wp-json\/wp\/v2\/comments?post=5504"}],"version-history":[{"count":2,"href":"https:\/\/inflowed.es\/ca\/wp-json\/wp\/v2\/product\/5504\/revisions"}],"predecessor-version":[{"id":5515,"href":"https:\/\/inflowed.es\/ca\/wp-json\/wp\/v2\/product\/5504\/revisions\/5515"}],"wp:featuredmedia":[{"embeddable":true,"href":"https:\/\/inflowed.es\/ca\/wp-json\/wp\/v2\/media\/5505"}],"wp:attachment":[{"href":"https:\/\/inflowed.es\/ca\/wp-json\/wp\/v2\/media?parent=5504"}],"wp:term":[{"taxonomy":"product_brand","embeddable":true,"href":"https:\/\/inflowed.es\/ca\/wp-json\/wp\/v2\/product_brand?post=5504"},{"taxonomy":"product_cat","embeddable":true,"href":"https:\/\/inflowed.es\/ca\/wp-json\/wp\/v2\/product_cat?post=5504"},{"taxonomy":"product_tag","embeddable":true,"href":"https:\/\/inflowed.es\/ca\/wp-json\/wp\/v2\/product_tag?post=5504"}],"curies":[{"name":"wp","href":"https:\/\/api.w.org\/{rel}","templated":true}]}}