{"id":5472,"date":"2025-01-09T07:44:21","date_gmt":"2025-01-09T07:44:21","guid":{"rendered":"https:\/\/inflowed.es\/?post_type=product&#038;p=5472"},"modified":"2025-03-25T15:41:29","modified_gmt":"2025-03-25T15:41:29","slug":"clorador-salino-inflopool-brb","status":"publish","type":"product","link":"https:\/\/inflowed.es\/ca\/producte\/clorador-salino-inflopool-brb","title":{"rendered":"Clorador salino INFLOPOOL BRB"},"content":{"rendered":"<p><strong>INFLOPOOL BRB de INFLOWED <\/strong>es un clorador salino compacto para piscinas privadas. En caja IP65 y cuenta con un display digital.<br \/>\nActualmente disponible con producci\u00f3n de 10 hasta 35 gramos. Es un equipo avanzado, con un dise\u00f1o innovador, que permite a las instalaciones una mejora continua de forma f\u00e1cil e intuitiva.<\/p>\n<h3>Ventajas del INFLOPOOL BRB<\/h3>\n<ul>\n<li>Menor consumo el\u00e9ctrico.<\/li>\n<li>Menor peso.<\/li>\n<li>M\u00e1s protecci\u00f3n al grado de estanqueidad (IP65).<\/li>\n<li>Menor temperatura de trabajo.<\/li>\n<li>M\u00e1s compacto, f\u00e1cilmente adaptable a cualquier caseta de instalaci\u00f3n.<\/li>\n<li>Mayor rendimiento en la cloraci\u00f3n salina al trabajar con fuentes conmutadas de \u00faltima generaci\u00f3n.<\/li>\n<li>Mayor durabilidad de la c\u00e9lula de electr\u00f3lisis.<\/li>\n<li>Control por microprocesador interno, que nos determina las horas de funcionamiento del equipo.<\/li>\n<li>Display digital de control, f\u00e1cil e intuitivo de usar.<\/li>\n<\/ul>","protected":false},"excerpt":{"rendered":"<ul>\n<li>Equipo ideal para <strong>piscinas privadas.<\/strong><\/li>\n<li>Display digital.<\/li>\n<li>Caja en <strong>IP65<\/strong>.<\/li>\n<li>Vida \u00fatil de la c\u00e9lula: <strong>10.000 horas<\/strong><\/li>\n<\/ul>\n<p><a href=\"https:\/\/inflowed.es\/wp-content\/uploads\/2025\/01\/Ficha-tecnica-INFLOPOOL-BRB-1.pdf\">Ficha t\u00e9cnica INFLOPOOL BRB<\/a><\/p>","protected":false},"featured_media":5485,"comment_status":"closed","ping_status":"closed","template":"","meta":[],"product_brand":[],"product_cat":[82],"product_tag":[],"class_list":{"0":"post-5472","1":"product","2":"type-product","3":"status-publish","4":"has-post-thumbnail","6":"product_cat-cloradores-salinos","8":"first","9":"instock","10":"taxable","11":"shipping-taxable","12":"product-type-simple"},"yoast_head":"<!-- This site is optimized with the Yoast SEO plugin v27.2 - https:\/\/yoast.com\/product\/yoast-seo-wordpress\/ -->\n<title>Clorador salino INFLOPOOL BRB &#8211; INFLOWED<\/title>\n<meta name=\"description\" content=\"Clorador salino INFLOPOOL BRB. Disponible en 10, 15, 20, 25 y 35 gr\/h. Vida \u00fatil de la c\u00e9lula: 10.000h. Consigue el mejor precio en INFLOWED.\" \/>\n<meta name=\"robots\" content=\"index, follow, max-snippet:-1, max-image-preview:large, max-video-preview:-1\" \/>\n<link rel=\"canonical\" href=\"https:\/\/inflowed.es\/ca\/producte\/clorador-salino-inflopool-brb\/\" \/>\n<meta property=\"og:locale\" content=\"ca_ES\" \/>\n<meta property=\"og:type\" content=\"article\" \/>\n<meta property=\"og:title\" content=\"Clorador salino INFLOPOOL BRB &#8211; INFLOWED\" \/>\n<meta property=\"og:description\" content=\"Clorador salino INFLOPOOL BRB. Disponible en 10, 15, 20, 25 y 35 gr\/h. Vida \u00fatil de la c\u00e9lula: 10.000h. Consigue el mejor precio en INFLOWED.\" \/>\n<meta property=\"og:url\" content=\"https:\/\/inflowed.es\/ca\/producte\/clorador-salino-inflopool-brb\/\" \/>\n<meta property=\"og:site_name\" content=\"INFLOWED\" \/>\n<meta property=\"article:modified_time\" content=\"2025-03-25T15:41:29+00:00\" \/>\n<meta property=\"og:image\" content=\"https:\/\/inflowed.es\/wp-content\/uploads\/2025\/01\/clorador-inflopool-brb.png\" \/>\n\t<meta property=\"og:image:width\" content=\"800\" \/>\n\t<meta property=\"og:image:height\" content=\"800\" \/>\n\t<meta property=\"og:image:type\" content=\"image\/png\" \/>\n<meta name=\"twitter:card\" content=\"summary_large_image\" \/>\n<meta name=\"twitter:label1\" content=\"Temps estimat de lectura\" \/>\n\t<meta name=\"twitter:data1\" content=\"1 minut\" \/>\n<script type=\"application\/ld+json\" class=\"yoast-schema-graph\">{\"@context\":\"https:\/\/schema.org\",\"@graph\":[{\"@type\":\"WebPage\",\"@id\":\"https:\/\/inflowed.es\/producto\/clorador-salino-inflopool-brb\",\"url\":\"https:\/\/inflowed.es\/producto\/clorador-salino-inflopool-brb\",\"name\":\"Clorador salino INFLOPOOL BRB &#8211; INFLOWED\",\"isPartOf\":{\"@id\":\"https:\/\/inflowed.es\/#website\"},\"primaryImageOfPage\":{\"@id\":\"https:\/\/inflowed.es\/producto\/clorador-salino-inflopool-brb#primaryimage\"},\"image\":{\"@id\":\"https:\/\/inflowed.es\/producto\/clorador-salino-inflopool-brb#primaryimage\"},\"thumbnailUrl\":\"https:\/\/inflowed.es\/wp-content\/uploads\/2025\/01\/clorador-inflopool-brb.png\",\"datePublished\":\"2025-01-09T07:44:21+00:00\",\"dateModified\":\"2025-03-25T15:41:29+00:00\",\"description\":\"Clorador salino INFLOPOOL BRB. Disponible en 10, 15, 20, 25 y 35 gr\/h. Vida \u00fatil de la c\u00e9lula: 10.000h. Consigue el mejor precio en INFLOWED.\",\"breadcrumb\":{\"@id\":\"https:\/\/inflowed.es\/producto\/clorador-salino-inflopool-brb#breadcrumb\"},\"inLanguage\":\"ca\",\"potentialAction\":[{\"@type\":\"ReadAction\",\"target\":[\"https:\/\/inflowed.es\/producto\/clorador-salino-inflopool-brb\"]}]},{\"@type\":\"ImageObject\",\"inLanguage\":\"ca\",\"@id\":\"https:\/\/inflowed.es\/producto\/clorador-salino-inflopool-brb#primaryimage\",\"url\":\"https:\/\/inflowed.es\/wp-content\/uploads\/2025\/01\/clorador-inflopool-brb.png\",\"contentUrl\":\"https:\/\/inflowed.es\/wp-content\/uploads\/2025\/01\/clorador-inflopool-brb.png\",\"width\":800,\"height\":800},{\"@type\":\"BreadcrumbList\",\"@id\":\"https:\/\/inflowed.es\/producto\/clorador-salino-inflopool-brb#breadcrumb\",\"itemListElement\":[{\"@type\":\"ListItem\",\"position\":1,\"name\":\"Portada\",\"item\":\"https:\/\/inflowed.es\/\"},{\"@type\":\"ListItem\",\"position\":2,\"name\":\"Cat\u00e1logo de productos\",\"item\":\"https:\/\/inflowed.es\/catalogo-de-productos\"},{\"@type\":\"ListItem\",\"position\":3,\"name\":\"Clorador salino INFLOPOOL BRB\"}]},{\"@type\":\"WebSite\",\"@id\":\"https:\/\/inflowed.es\/#website\",\"url\":\"https:\/\/inflowed.es\/\",\"name\":\"INFLOWED\",\"description\":\"Distribuci&oacute;n mayorista de art&iacute;culos para piscinas\",\"publisher\":{\"@id\":\"https:\/\/inflowed.es\/#organization\"},\"potentialAction\":[{\"@type\":\"SearchAction\",\"target\":{\"@type\":\"EntryPoint\",\"urlTemplate\":\"https:\/\/inflowed.es\/?s={search_term_string}\"},\"query-input\":{\"@type\":\"PropertyValueSpecification\",\"valueRequired\":true,\"valueName\":\"search_term_string\"}}],\"inLanguage\":\"ca\"},{\"@type\":\"Organization\",\"@id\":\"https:\/\/inflowed.es\/#organization\",\"name\":\"Inflowed Spain S.L.\",\"url\":\"https:\/\/inflowed.es\/\",\"logo\":{\"@type\":\"ImageObject\",\"inLanguage\":\"ca\",\"@id\":\"https:\/\/inflowed.es\/#\/schema\/logo\/image\/\",\"url\":\"https:\/\/inflowed.es\/wp-content\/uploads\/2023\/11\/logo-inflowed.png\",\"contentUrl\":\"https:\/\/inflowed.es\/wp-content\/uploads\/2023\/11\/logo-inflowed.png\",\"width\":1032,\"height\":242,\"caption\":\"Inflowed Spain S.L.\"},\"image\":{\"@id\":\"https:\/\/inflowed.es\/#\/schema\/logo\/image\/\"}}]}<\/script>\n<!-- \/ Yoast SEO plugin. -->","yoast_head_json":{"title":"Clorador salino INFLOPOOL BRB &#8211; INFLOWED","description":"Clorador salino INFLOPOOL BRB. Disponible en 10, 15, 20, 25 y 35 gr\/h. Vida \u00fatil de la c\u00e9lula: 10.000h. Consigue el mejor precio en INFLOWED.","robots":{"index":"index","follow":"follow","max-snippet":"max-snippet:-1","max-image-preview":"max-image-preview:large","max-video-preview":"max-video-preview:-1"},"canonical":"https:\/\/inflowed.es\/ca\/producte\/clorador-salino-inflopool-brb\/","og_locale":"ca_ES","og_type":"article","og_title":"Clorador salino INFLOPOOL BRB &#8211; INFLOWED","og_description":"Clorador salino INFLOPOOL BRB. Disponible en 10, 15, 20, 25 y 35 gr\/h. Vida \u00fatil de la c\u00e9lula: 10.000h. Consigue el mejor precio en INFLOWED.","og_url":"https:\/\/inflowed.es\/ca\/producte\/clorador-salino-inflopool-brb\/","og_site_name":"INFLOWED","article_modified_time":"2025-03-25T15:41:29+00:00","og_image":[{"width":800,"height":800,"url":"https:\/\/inflowed.es\/wp-content\/uploads\/2025\/01\/clorador-inflopool-brb.png","type":"image\/png"}],"twitter_card":"summary_large_image","twitter_misc":{"Temps estimat de lectura":"1 minut"},"schema":{"@context":"https:\/\/schema.org","@graph":[{"@type":"WebPage","@id":"https:\/\/inflowed.es\/producto\/clorador-salino-inflopool-brb","url":"https:\/\/inflowed.es\/producto\/clorador-salino-inflopool-brb","name":"Clorador salino INFLOPOOL BRB &#8211; INFLOWED","isPartOf":{"@id":"https:\/\/inflowed.es\/#website"},"primaryImageOfPage":{"@id":"https:\/\/inflowed.es\/producto\/clorador-salino-inflopool-brb#primaryimage"},"image":{"@id":"https:\/\/inflowed.es\/producto\/clorador-salino-inflopool-brb#primaryimage"},"thumbnailUrl":"https:\/\/inflowed.es\/wp-content\/uploads\/2025\/01\/clorador-inflopool-brb.png","datePublished":"2025-01-09T07:44:21+00:00","dateModified":"2025-03-25T15:41:29+00:00","description":"Clorador salino INFLOPOOL BRB. Disponible en 10, 15, 20, 25 y 35 gr\/h. Vida \u00fatil de la c\u00e9lula: 10.000h. Consigue el mejor precio en INFLOWED.","breadcrumb":{"@id":"https:\/\/inflowed.es\/producto\/clorador-salino-inflopool-brb#breadcrumb"},"inLanguage":"ca","potentialAction":[{"@type":"ReadAction","target":["https:\/\/inflowed.es\/producto\/clorador-salino-inflopool-brb"]}]},{"@type":"ImageObject","inLanguage":"ca","@id":"https:\/\/inflowed.es\/producto\/clorador-salino-inflopool-brb#primaryimage","url":"https:\/\/inflowed.es\/wp-content\/uploads\/2025\/01\/clorador-inflopool-brb.png","contentUrl":"https:\/\/inflowed.es\/wp-content\/uploads\/2025\/01\/clorador-inflopool-brb.png","width":800,"height":800},{"@type":"BreadcrumbList","@id":"https:\/\/inflowed.es\/producto\/clorador-salino-inflopool-brb#breadcrumb","itemListElement":[{"@type":"ListItem","position":1,"name":"Portada","item":"https:\/\/inflowed.es\/"},{"@type":"ListItem","position":2,"name":"Cat\u00e1logo de productos","item":"https:\/\/inflowed.es\/catalogo-de-productos"},{"@type":"ListItem","position":3,"name":"Clorador salino INFLOPOOL BRB"}]},{"@type":"WebSite","@id":"https:\/\/inflowed.es\/#website","url":"https:\/\/inflowed.es\/","name":"INFLOWED","description":"Distribuci&oacute;n mayorista de art&iacute;culos para piscinas","publisher":{"@id":"https:\/\/inflowed.es\/#organization"},"potentialAction":[{"@type":"SearchAction","target":{"@type":"EntryPoint","urlTemplate":"https:\/\/inflowed.es\/?s={search_term_string}"},"query-input":{"@type":"PropertyValueSpecification","valueRequired":true,"valueName":"search_term_string"}}],"inLanguage":"ca"},{"@type":"Organization","@id":"https:\/\/inflowed.es\/#organization","name":"Inflowed Spain S.L.","url":"https:\/\/inflowed.es\/","logo":{"@type":"ImageObject","inLanguage":"ca","@id":"https:\/\/inflowed.es\/#\/schema\/logo\/image\/","url":"https:\/\/inflowed.es\/wp-content\/uploads\/2023\/11\/logo-inflowed.png","contentUrl":"https:\/\/inflowed.es\/wp-content\/uploads\/2023\/11\/logo-inflowed.png","width":1032,"height":242,"caption":"Inflowed Spain S.L."},"image":{"@id":"https:\/\/inflowed.es\/#\/schema\/logo\/image\/"}}]}},"_links":{"self":[{"href":"https:\/\/inflowed.es\/ca\/wp-json\/wp\/v2\/product\/5472","targetHints":{"allow":["GET"]}}],"collection":[{"href":"https:\/\/inflowed.es\/ca\/wp-json\/wp\/v2\/product"}],"about":[{"href":"https:\/\/inflowed.es\/ca\/wp-json\/wp\/v2\/types\/product"}],"replies":[{"embeddable":true,"href":"https:\/\/inflowed.es\/ca\/wp-json\/wp\/v2\/comments?post=5472"}],"version-history":[{"count":3,"href":"https:\/\/inflowed.es\/ca\/wp-json\/wp\/v2\/product\/5472\/revisions"}],"predecessor-version":[{"id":5494,"href":"https:\/\/inflowed.es\/ca\/wp-json\/wp\/v2\/product\/5472\/revisions\/5494"}],"wp:featuredmedia":[{"embeddable":true,"href":"https:\/\/inflowed.es\/ca\/wp-json\/wp\/v2\/media\/5485"}],"wp:attachment":[{"href":"https:\/\/inflowed.es\/ca\/wp-json\/wp\/v2\/media?parent=5472"}],"wp:term":[{"taxonomy":"product_brand","embeddable":true,"href":"https:\/\/inflowed.es\/ca\/wp-json\/wp\/v2\/product_brand?post=5472"},{"taxonomy":"product_cat","embeddable":true,"href":"https:\/\/inflowed.es\/ca\/wp-json\/wp\/v2\/product_cat?post=5472"},{"taxonomy":"product_tag","embeddable":true,"href":"https:\/\/inflowed.es\/ca\/wp-json\/wp\/v2\/product_tag?post=5472"}],"curies":[{"name":"wp","href":"https:\/\/api.w.org\/{rel}","templated":true}]}}