{"id":5002,"date":"2024-11-14T07:48:10","date_gmt":"2024-11-14T07:48:10","guid":{"rendered":"https:\/\/inflowed.es\/?post_type=product&#038;p=5002"},"modified":"2025-11-04T23:01:29","modified_gmt":"2025-11-04T23:01:29","slug":"local-tecnico-enterrado-montado","status":"publish","type":"product","link":"https:\/\/inflowed.es\/ca\/producte\/local-tecnico-enterrado-montado","title":{"rendered":"Local T\u00e9cnico Enterrado Montado \u00d8500 + 3\/4 CV"},"content":{"rendered":"<h2>Opciones de clorador salino<\/h2>\n<table>\n<tbody>\n<tr>\n<td><strong>BSPOOL<\/strong><\/td>\n<td><strong>INNOWATER<\/strong><\/td>\n<td><strong>CTX<\/strong><\/td>\n<td>\n<div>\n<div><strong>HAYWARD<\/strong><\/div>\n<\/div>\n<\/td>\n<\/tr>\n<tr>\n<td>Evo Basic 15 gr\/h<\/td>\n<td>SMC 10 gr\/h<\/td>\n<td>Go Salt 7 gr\/h<\/td>\n<td>\n<div>\n<div>Aquarite FLo Advanced 22 gr\/h<\/div>\n<\/div>\n<\/td>\n<\/tr>\n<tr>\n<td>Evo Basic 20 gr\/h<\/td>\n<td>SMC 15 gr\/h<\/td>\n<td>Go Salt 12 gr\/h<\/td>\n<td>\n<div>\n<div>Aquarite FLo Advanced 33 gr\/h<\/div>\n<\/div>\n<\/td>\n<\/tr>\n<tr>\n<td>Evo Basic 25 gr\/h<\/td>\n<td>SMC 20 gr\/h<\/td>\n<td>Go Salt 21 gr\/h<\/td>\n<td><\/td>\n<\/tr>\n<tr>\n<td>Evo Basic 35 gr\/h<\/td>\n<td>SMC 30 gr\/h<\/td>\n<td>Go Salt 30 gr\/h<\/td>\n<td><\/td>\n<\/tr>\n<tr>\n<td>N-BSSALT 15 gr\/h<\/td>\n<td>SMC 40 gr\/h<\/td>\n<td>Go Salt 40 gr\/h<\/td>\n<td><\/td>\n<\/tr>\n<tr>\n<td>N-BSSALT 20 gr\/h<\/td>\n<td>SMC 50 gr\/h<\/td>\n<td><\/td>\n<td><\/td>\n<\/tr>\n<tr>\n<td>N-BSSALT 25 gr\/h<\/td>\n<td><\/td>\n<td><\/td>\n<td><\/td>\n<\/tr>\n<tr>\n<td>N-BSSALT 35 gr\/h<\/td>\n<td><\/td>\n<td><\/td>\n<td><\/td>\n<\/tr>\n<tr>\n<td>QuickSalt E-360<\/td>\n<td><\/td>\n<td><\/td>\n<td><\/td>\n<\/tr>\n<tr>\n<td>Touch Evo 15 gr\/h<\/td>\n<td><\/td>\n<td><\/td>\n<td><\/td>\n<\/tr>\n<tr>\n<td>Touch Evo 20 gr\/h<\/td>\n<td><\/td>\n<td><\/td>\n<td><\/td>\n<\/tr>\n<tr>\n<td>Touch Evo 25 gr\/h<\/td>\n<td><\/td>\n<td><\/td>\n<td><\/td>\n<\/tr>\n<tr>\n<td>Touch Evo 35 gr\/h<\/td>\n<td><\/td>\n<td><\/td>\n<td><\/td>\n<\/tr>\n<\/tbody>\n<\/table>\n<p>&nbsp;<\/p>","protected":false},"excerpt":{"rendered":"<ul>\n<li>Local t\u00e9cnico Enterrado<strong> \u00d8500 + 3\/4 CV.<\/strong><\/li>\n<li>Se entrega <strong>montado<\/strong> y con los siguientes <strong>componentes verificados:<\/strong>\n<ul>\n<li>Clorador salino y su c\u00e9lula.<\/li>\n<li>Cuadro el\u00e9ctrico y maniobra.<\/li>\n<li>Encolado de tuber\u00edas.<\/li>\n<li>Prueba de estanqueidad y presi\u00f3n a 0,8 bar.<\/li>\n<\/ul>\n<\/li>\n<\/ul>","protected":false},"featured_media":5003,"comment_status":"open","ping_status":"closed","template":"","meta":[],"product_brand":[],"product_cat":[184],"product_tag":[],"class_list":{"0":"post-5002","1":"product","2":"type-product","3":"status-publish","4":"has-post-thumbnail","6":"product_cat-locales-tecnicos","8":"first","9":"instock","10":"taxable","11":"shipping-taxable","12":"product-type-simple"},"yoast_head":"<!-- This site is optimized with the Yoast SEO plugin v27.2 - https:\/\/yoast.com\/product\/yoast-seo-wordpress\/ -->\n<title>Local T\u00e9cnico Enterrado Montado \u00d8500 + 3\/4 CV &#8211; INFLOWED<\/title>\n<meta name=\"robots\" content=\"index, follow, max-snippet:-1, max-image-preview:large, max-video-preview:-1\" \/>\n<link rel=\"canonical\" href=\"https:\/\/inflowed.es\/ca\/producte\/local-tecnico-enterrado-montado\/\" \/>\n<meta property=\"og:locale\" content=\"ca_ES\" \/>\n<meta property=\"og:type\" content=\"article\" \/>\n<meta property=\"og:title\" content=\"Local T\u00e9cnico Enterrado Montado \u00d8500 + 3\/4 CV &#8211; INFLOWED\" \/>\n<meta property=\"og:description\" content=\"Local t\u00e9cnico Enterrado \u00d8500 + 3\/4 CV.  Se entrega montado y con los siguientes componentes verificados:   Clorador salino y su c\u00e9lula.  Cuadro el\u00e9ctrico y maniobra.  Encolado de tuber\u00edas.  Prueba de estanqueidad y presi\u00f3n a 0,8 bar.\" \/>\n<meta property=\"og:url\" content=\"https:\/\/inflowed.es\/ca\/producte\/local-tecnico-enterrado-montado\/\" \/>\n<meta property=\"og:site_name\" content=\"INFLOWED\" \/>\n<meta property=\"article:modified_time\" content=\"2025-11-04T23:01:29+00:00\" \/>\n<meta property=\"og:image\" content=\"https:\/\/inflowed.es\/wp-content\/uploads\/2024\/11\/Local-tecnico-Enterrado-INFLOWED.jpg\" \/>\n\t<meta property=\"og:image:width\" content=\"568\" \/>\n\t<meta property=\"og:image:height\" content=\"568\" \/>\n\t<meta property=\"og:image:type\" content=\"image\/jpeg\" \/>\n<meta name=\"twitter:card\" content=\"summary_large_image\" \/>\n<meta name=\"twitter:label1\" content=\"Temps estimat de lectura\" \/>\n\t<meta name=\"twitter:data1\" content=\"1 minut\" \/>\n<script type=\"application\/ld+json\" class=\"yoast-schema-graph\">{\"@context\":\"https:\/\/schema.org\",\"@graph\":[{\"@type\":\"WebPage\",\"@id\":\"https:\/\/inflowed.es\/producto\/local-tecnico-enterrado-montado\",\"url\":\"https:\/\/inflowed.es\/producto\/local-tecnico-enterrado-montado\",\"name\":\"Local T\u00e9cnico Enterrado Montado \u00d8500 + 3\/4 CV &#8211; INFLOWED\",\"isPartOf\":{\"@id\":\"https:\/\/inflowed.es\/#website\"},\"primaryImageOfPage\":{\"@id\":\"https:\/\/inflowed.es\/producto\/local-tecnico-enterrado-montado#primaryimage\"},\"image\":{\"@id\":\"https:\/\/inflowed.es\/producto\/local-tecnico-enterrado-montado#primaryimage\"},\"thumbnailUrl\":\"https:\/\/inflowed.es\/wp-content\/uploads\/2024\/11\/Local-tecnico-Enterrado-INFLOWED.jpg\",\"datePublished\":\"2024-11-14T07:48:10+00:00\",\"dateModified\":\"2025-11-04T23:01:29+00:00\",\"breadcrumb\":{\"@id\":\"https:\/\/inflowed.es\/producto\/local-tecnico-enterrado-montado#breadcrumb\"},\"inLanguage\":\"ca\",\"potentialAction\":[{\"@type\":\"ReadAction\",\"target\":[\"https:\/\/inflowed.es\/producto\/local-tecnico-enterrado-montado\"]}]},{\"@type\":\"ImageObject\",\"inLanguage\":\"ca\",\"@id\":\"https:\/\/inflowed.es\/producto\/local-tecnico-enterrado-montado#primaryimage\",\"url\":\"https:\/\/inflowed.es\/wp-content\/uploads\/2024\/11\/Local-tecnico-Enterrado-INFLOWED.jpg\",\"contentUrl\":\"https:\/\/inflowed.es\/wp-content\/uploads\/2024\/11\/Local-tecnico-Enterrado-INFLOWED.jpg\",\"width\":568,\"height\":568},{\"@type\":\"BreadcrumbList\",\"@id\":\"https:\/\/inflowed.es\/producto\/local-tecnico-enterrado-montado#breadcrumb\",\"itemListElement\":[{\"@type\":\"ListItem\",\"position\":1,\"name\":\"Portada\",\"item\":\"https:\/\/inflowed.es\/\"},{\"@type\":\"ListItem\",\"position\":2,\"name\":\"Cat\u00e1logo de productos\",\"item\":\"https:\/\/inflowed.es\/catalogo-de-productos\"},{\"@type\":\"ListItem\",\"position\":3,\"name\":\"Local T\u00e9cnico Enterrado Montado \u00d8500 + 3\/4 CV\"}]},{\"@type\":\"WebSite\",\"@id\":\"https:\/\/inflowed.es\/#website\",\"url\":\"https:\/\/inflowed.es\/\",\"name\":\"INFLOWED\",\"description\":\"Distribuci&oacute;n mayorista de art&iacute;culos para piscinas\",\"publisher\":{\"@id\":\"https:\/\/inflowed.es\/#organization\"},\"potentialAction\":[{\"@type\":\"SearchAction\",\"target\":{\"@type\":\"EntryPoint\",\"urlTemplate\":\"https:\/\/inflowed.es\/?s={search_term_string}\"},\"query-input\":{\"@type\":\"PropertyValueSpecification\",\"valueRequired\":true,\"valueName\":\"search_term_string\"}}],\"inLanguage\":\"ca\"},{\"@type\":\"Organization\",\"@id\":\"https:\/\/inflowed.es\/#organization\",\"name\":\"Inflowed Spain S.L.\",\"url\":\"https:\/\/inflowed.es\/\",\"logo\":{\"@type\":\"ImageObject\",\"inLanguage\":\"ca\",\"@id\":\"https:\/\/inflowed.es\/#\/schema\/logo\/image\/\",\"url\":\"https:\/\/inflowed.es\/wp-content\/uploads\/2023\/11\/logo-inflowed.png\",\"contentUrl\":\"https:\/\/inflowed.es\/wp-content\/uploads\/2023\/11\/logo-inflowed.png\",\"width\":1032,\"height\":242,\"caption\":\"Inflowed Spain S.L.\"},\"image\":{\"@id\":\"https:\/\/inflowed.es\/#\/schema\/logo\/image\/\"}}]}<\/script>\n<!-- \/ Yoast SEO plugin. -->","yoast_head_json":{"title":"Local T\u00e9cnico Enterrado Montado \u00d8500 + 3\/4 CV &#8211; INFLOWED","robots":{"index":"index","follow":"follow","max-snippet":"max-snippet:-1","max-image-preview":"max-image-preview:large","max-video-preview":"max-video-preview:-1"},"canonical":"https:\/\/inflowed.es\/ca\/producte\/local-tecnico-enterrado-montado\/","og_locale":"ca_ES","og_type":"article","og_title":"Local T\u00e9cnico Enterrado Montado \u00d8500 + 3\/4 CV &#8211; INFLOWED","og_description":"Local t\u00e9cnico Enterrado \u00d8500 + 3\/4 CV.  Se entrega montado y con los siguientes componentes verificados:   Clorador salino y su c\u00e9lula.  Cuadro el\u00e9ctrico y maniobra.  Encolado de tuber\u00edas.  Prueba de estanqueidad y presi\u00f3n a 0,8 bar.","og_url":"https:\/\/inflowed.es\/ca\/producte\/local-tecnico-enterrado-montado\/","og_site_name":"INFLOWED","article_modified_time":"2025-11-04T23:01:29+00:00","og_image":[{"width":568,"height":568,"url":"https:\/\/inflowed.es\/wp-content\/uploads\/2024\/11\/Local-tecnico-Enterrado-INFLOWED.jpg","type":"image\/jpeg"}],"twitter_card":"summary_large_image","twitter_misc":{"Temps estimat de lectura":"1 minut"},"schema":{"@context":"https:\/\/schema.org","@graph":[{"@type":"WebPage","@id":"https:\/\/inflowed.es\/producto\/local-tecnico-enterrado-montado","url":"https:\/\/inflowed.es\/producto\/local-tecnico-enterrado-montado","name":"Local T\u00e9cnico Enterrado Montado \u00d8500 + 3\/4 CV &#8211; INFLOWED","isPartOf":{"@id":"https:\/\/inflowed.es\/#website"},"primaryImageOfPage":{"@id":"https:\/\/inflowed.es\/producto\/local-tecnico-enterrado-montado#primaryimage"},"image":{"@id":"https:\/\/inflowed.es\/producto\/local-tecnico-enterrado-montado#primaryimage"},"thumbnailUrl":"https:\/\/inflowed.es\/wp-content\/uploads\/2024\/11\/Local-tecnico-Enterrado-INFLOWED.jpg","datePublished":"2024-11-14T07:48:10+00:00","dateModified":"2025-11-04T23:01:29+00:00","breadcrumb":{"@id":"https:\/\/inflowed.es\/producto\/local-tecnico-enterrado-montado#breadcrumb"},"inLanguage":"ca","potentialAction":[{"@type":"ReadAction","target":["https:\/\/inflowed.es\/producto\/local-tecnico-enterrado-montado"]}]},{"@type":"ImageObject","inLanguage":"ca","@id":"https:\/\/inflowed.es\/producto\/local-tecnico-enterrado-montado#primaryimage","url":"https:\/\/inflowed.es\/wp-content\/uploads\/2024\/11\/Local-tecnico-Enterrado-INFLOWED.jpg","contentUrl":"https:\/\/inflowed.es\/wp-content\/uploads\/2024\/11\/Local-tecnico-Enterrado-INFLOWED.jpg","width":568,"height":568},{"@type":"BreadcrumbList","@id":"https:\/\/inflowed.es\/producto\/local-tecnico-enterrado-montado#breadcrumb","itemListElement":[{"@type":"ListItem","position":1,"name":"Portada","item":"https:\/\/inflowed.es\/"},{"@type":"ListItem","position":2,"name":"Cat\u00e1logo de productos","item":"https:\/\/inflowed.es\/catalogo-de-productos"},{"@type":"ListItem","position":3,"name":"Local T\u00e9cnico Enterrado Montado \u00d8500 + 3\/4 CV"}]},{"@type":"WebSite","@id":"https:\/\/inflowed.es\/#website","url":"https:\/\/inflowed.es\/","name":"INFLOWED","description":"Distribuci&oacute;n mayorista de art&iacute;culos para piscinas","publisher":{"@id":"https:\/\/inflowed.es\/#organization"},"potentialAction":[{"@type":"SearchAction","target":{"@type":"EntryPoint","urlTemplate":"https:\/\/inflowed.es\/?s={search_term_string}"},"query-input":{"@type":"PropertyValueSpecification","valueRequired":true,"valueName":"search_term_string"}}],"inLanguage":"ca"},{"@type":"Organization","@id":"https:\/\/inflowed.es\/#organization","name":"Inflowed Spain S.L.","url":"https:\/\/inflowed.es\/","logo":{"@type":"ImageObject","inLanguage":"ca","@id":"https:\/\/inflowed.es\/#\/schema\/logo\/image\/","url":"https:\/\/inflowed.es\/wp-content\/uploads\/2023\/11\/logo-inflowed.png","contentUrl":"https:\/\/inflowed.es\/wp-content\/uploads\/2023\/11\/logo-inflowed.png","width":1032,"height":242,"caption":"Inflowed Spain S.L."},"image":{"@id":"https:\/\/inflowed.es\/#\/schema\/logo\/image\/"}}]}},"_links":{"self":[{"href":"https:\/\/inflowed.es\/ca\/wp-json\/wp\/v2\/product\/5002","targetHints":{"allow":["GET"]}}],"collection":[{"href":"https:\/\/inflowed.es\/ca\/wp-json\/wp\/v2\/product"}],"about":[{"href":"https:\/\/inflowed.es\/ca\/wp-json\/wp\/v2\/types\/product"}],"replies":[{"embeddable":true,"href":"https:\/\/inflowed.es\/ca\/wp-json\/wp\/v2\/comments?post=5002"}],"version-history":[{"count":13,"href":"https:\/\/inflowed.es\/ca\/wp-json\/wp\/v2\/product\/5002\/revisions"}],"predecessor-version":[{"id":5130,"href":"https:\/\/inflowed.es\/ca\/wp-json\/wp\/v2\/product\/5002\/revisions\/5130"}],"wp:featuredmedia":[{"embeddable":true,"href":"https:\/\/inflowed.es\/ca\/wp-json\/wp\/v2\/media\/5003"}],"wp:attachment":[{"href":"https:\/\/inflowed.es\/ca\/wp-json\/wp\/v2\/media?parent=5002"}],"wp:term":[{"taxonomy":"product_brand","embeddable":true,"href":"https:\/\/inflowed.es\/ca\/wp-json\/wp\/v2\/product_brand?post=5002"},{"taxonomy":"product_cat","embeddable":true,"href":"https:\/\/inflowed.es\/ca\/wp-json\/wp\/v2\/product_cat?post=5002"},{"taxonomy":"product_tag","embeddable":true,"href":"https:\/\/inflowed.es\/ca\/wp-json\/wp\/v2\/product_tag?post=5002"}],"curies":[{"name":"wp","href":"https:\/\/api.w.org\/{rel}","templated":true}]}}