{"id":4879,"date":"2024-11-12T10:15:33","date_gmt":"2024-11-12T10:15:33","guid":{"rendered":"https:\/\/inflowed.es\/?post_type=product&#038;p=4879"},"modified":"2024-11-12T16:14:33","modified_gmt":"2024-11-12T16:14:33","slug":"zodiac-freerider-rf-5200-iq","status":"publish","type":"product","link":"https:\/\/inflowed.es\/ca\/producte\/zodiac-freerider-rf-5200-iq","title":{"rendered":"Zodiac Freerider RF 5200 iQ"},"content":{"rendered":"<h2>Robot Limpiafondos Zodiac Freerider RF 5200 iQ: Libertad y Eficiencia en la Limpieza de su Piscina<\/h2>\n<p>Descubra el Zodiac Freerider RF 5200 iQ, un limpiafondos sin cables que combina potencia y tecnolog\u00eda avanzada para ofrecer una limpieza de piscinas sin complicaciones. Equipado con una bater\u00eda de iones de litio de alto rendimiento, este robot asegura un ciclo de limpieza completo de hasta 2 horas. Su sistema de aspiraci\u00f3n cicl\u00f3nica patentado y cepillos en h\u00e9lice permiten capturar hasta los residuos m\u00e1s finos, proporcionando un rendimiento superior y constante en todo tipo de superficies.<\/p>\n<p>El Freerider RF 5200 iQ est\u00e1 dise\u00f1ado para moverse con agilidad en cualquier forma o tama\u00f1o de piscina de hasta 10 x 5 metros, cubriendo fondo, paredes y l\u00ednea de agua. Gracias a su compatibilidad con la aplicaci\u00f3n iAquaLink\u00ae, usted puede controlar y monitorear el limpiafondos desde su m\u00f3vil, visualizar el nivel de carga de la bater\u00eda, recibir notificaciones y acceder a las actualizaciones del producto.<\/p>\n<div id=\"col_1\">\n<h3>Libertad sin cables<\/h3>\n<p>FREERIDER\u2122 inal\u00e1mbrico, le resultar\u00e1 f\u00e1cil de utilizar en su d\u00eda a d\u00eda: adem\u00e1s, ocupa poco sitio. Su bater\u00eda de iones de litio sostenible, garantiza un ciclo de limpieza completo (2 horas y media) y se recarga completamente en tan solo 4 horas. La aplicaci\u00f3n iAquaLink\u2122 incrementa la sensaci\u00f3n de libertad gracias a que puede consultar inmediatamente el nivel de carga de la bater\u00eda, acceder a las notificaciones de fin de ciclo y conseguir actualizaciones del producto.<\/p>\n<\/div>\n<div id=\"col_2\"><img fetchpriority=\"high\" decoding=\"async\" class=\"size-medium wp-image-4888 aligncenter\" src=\"https:\/\/inflowed.es\/wp-content\/uploads\/2024\/11\/col-2-freerider-300x300.png\" alt=\"\" width=\"300\" height=\"300\" srcset=\"https:\/\/inflowed.es\/wp-content\/uploads\/2024\/11\/col-2-freerider-300x300.png 300w, https:\/\/inflowed.es\/wp-content\/uploads\/2024\/11\/col-2-freerider-150x150.png 150w, https:\/\/inflowed.es\/wp-content\/uploads\/2024\/11\/col-2-freerider-12x12.png 12w, https:\/\/inflowed.es\/wp-content\/uploads\/2024\/11\/col-2-freerider.png 380w\" sizes=\"(max-width: 300px) 100vw, 300px\" \/><\/div>\n<p>&nbsp;<\/p>\n<div id=\"col_1\"><img decoding=\"async\" class=\"size-medium wp-image-4886 aligncenter\" src=\"https:\/\/inflowed.es\/wp-content\/uploads\/2024\/11\/col-1-freerider-300x300.jpeg\" alt=\"\" width=\"300\" height=\"300\" srcset=\"https:\/\/inflowed.es\/wp-content\/uploads\/2024\/11\/col-1-freerider-300x300.jpeg 300w, https:\/\/inflowed.es\/wp-content\/uploads\/2024\/11\/col-1-freerider-1024x1024.jpeg 1024w, https:\/\/inflowed.es\/wp-content\/uploads\/2024\/11\/col-1-freerider-150x150.jpeg 150w, https:\/\/inflowed.es\/wp-content\/uploads\/2024\/11\/col-1-freerider-768x768.jpeg 768w, https:\/\/inflowed.es\/wp-content\/uploads\/2024\/11\/col-1-freerider-1536x1536.jpeg 1536w, https:\/\/inflowed.es\/wp-content\/uploads\/2024\/11\/col-1-freerider-2048x2048.jpeg 2048w, https:\/\/inflowed.es\/wp-content\/uploads\/2024\/11\/col-1-freerider-12x12.jpeg 12w, https:\/\/inflowed.es\/wp-content\/uploads\/2024\/11\/col-1-freerider-900x900.jpeg 900w, https:\/\/inflowed.es\/wp-content\/uploads\/2024\/11\/col-1-freerider-450x450.jpeg 450w, https:\/\/inflowed.es\/wp-content\/uploads\/2024\/11\/col-1-freerider-600x600.jpeg 600w\" sizes=\"(max-width: 300px) 100vw, 300px\" \/><\/div>\n<div id=\"col_2\">\n<h3>Aspiraci\u00f3n cicl\u00f3nica<\/h3>\n<p>FREERIDER\u2122 ofrece un rendimiento integral de limpieza gracias a su potente aspiraci\u00f3n cicl\u00f3nica patentada de larga duraci\u00f3n. Los cepillos en h\u00e9lice y la filtraci\u00f3n progresiva de doble nivel permiten aspirar todos los residuos, incluso los m\u00e1s finos, de manera m\u00e1s eficaz.<\/p>\n<\/div>\n<p>&nbsp;<\/p>\n<div id=\"col_1\">\n<h3>Manipulaci\u00f3n f\u00e1cil<\/h3>\n<p>Con sus sensores inteligentes integrados y su exclusivo dise\u00f1o, FREERIDER\u2122 es excepcionalmente \u00e1gil y proporciona una excelente cobertura de limpieza para toda la piscina, independientemente de su forma y revestimiento.<\/p>\n<\/div>\n<div id=\"col_2\"><img decoding=\"async\" class=\"size-medium wp-image-4898 aligncenter\" src=\"https:\/\/inflowed.es\/wp-content\/uploads\/2024\/11\/col-3-freerider-300x300.png\" alt=\"\" width=\"300\" height=\"300\" srcset=\"https:\/\/inflowed.es\/wp-content\/uploads\/2024\/11\/col-3-freerider-300x300.png 300w, https:\/\/inflowed.es\/wp-content\/uploads\/2024\/11\/col-3-freerider-150x150.png 150w, https:\/\/inflowed.es\/wp-content\/uploads\/2024\/11\/col-3-freerider-12x12.png 12w, https:\/\/inflowed.es\/wp-content\/uploads\/2024\/11\/col-3-freerider.png 380w\" sizes=\"(max-width: 300px) 100vw, 300px\" \/><\/div>","protected":false},"excerpt":{"rendered":"<ul>\n<li>Apto para piscinas de <strong>hasta 10 x 5 mt.<\/strong><\/li>\n<li>Filtro para residuos finos de\u00a0<strong>100 micras.<\/strong><\/li>\n<li><strong>Inal\u00e1mbrico (sin cable)<\/strong>, incluye estaci\u00f3n de carga.<\/li>\n<li>Con gancho para extracci\u00f3n del agua.<\/li>\n<li><strong>Incluye App M\u00f3vil b\u00e1sica.<\/strong><\/li>\n<li>M\u00faltiples opciones de modos de limpieza.<\/li>\n<\/ul>\n<p><a href=\"https:\/\/inflowed.es\/wp-content\/uploads\/2024\/11\/Folleto-Zodiac-Freerider-RF-5200-iQ.pdf\">Folleto Zodiac Freerider RF 5200 iQ<\/a><\/p>","protected":false},"featured_media":4880,"comment_status":"open","ping_status":"closed","template":"","meta":[],"product_brand":[],"product_cat":[91],"product_tag":[],"class_list":{"0":"post-4879","1":"product","2":"type-product","3":"status-publish","4":"has-post-thumbnail","6":"product_cat-limpiafondos-de-bateria","8":"first","9":"instock","10":"taxable","11":"shipping-taxable","12":"product-type-simple"},"yoast_head":"<!-- This site is optimized with the Yoast SEO plugin v27.2 - https:\/\/yoast.com\/product\/yoast-seo-wordpress\/ -->\n<title>Zodiac Freerider RF 5200 iQ &#8211; INFLOWED<\/title>\n<meta name=\"robots\" content=\"index, follow, max-snippet:-1, max-image-preview:large, max-video-preview:-1\" \/>\n<link rel=\"canonical\" href=\"https:\/\/inflowed.es\/ca\/producte\/zodiac-freerider-rf-5200-iq\/\" \/>\n<meta property=\"og:locale\" content=\"ca_ES\" \/>\n<meta property=\"og:type\" content=\"article\" \/>\n<meta property=\"og:title\" content=\"Zodiac Freerider RF 5200 iQ &#8211; INFLOWED\" \/>\n<meta property=\"og:description\" content=\"Apto para piscinas de hasta 10 x 5 mt.  Filtro para residuos finos de\u00a0100 micras.  Inal\u00e1mbrico (sin cable), incluye estaci\u00f3n de carga.  Con gancho para extracci\u00f3n del agua.  Incluye App M\u00f3vil b\u00e1sica.  M\u00faltiples opciones de modos de limpieza.  Folleto Zodiac Freerider RF 5200 iQ\" \/>\n<meta property=\"og:url\" content=\"https:\/\/inflowed.es\/ca\/producte\/zodiac-freerider-rf-5200-iq\/\" \/>\n<meta property=\"og:site_name\" content=\"INFLOWED\" \/>\n<meta property=\"article:modified_time\" content=\"2024-11-12T16:14:33+00:00\" \/>\n<meta property=\"og:image\" content=\"https:\/\/inflowed.es\/wp-content\/uploads\/2024\/11\/Freerider-FR-5200-iQ.jpg\" \/>\n\t<meta property=\"og:image:width\" content=\"800\" \/>\n\t<meta property=\"og:image:height\" content=\"800\" \/>\n\t<meta property=\"og:image:type\" content=\"image\/jpeg\" \/>\n<meta name=\"twitter:card\" content=\"summary_large_image\" \/>\n<meta name=\"twitter:label1\" content=\"Temps estimat de lectura\" \/>\n\t<meta name=\"twitter:data1\" content=\"3 minuts\" \/>\n<script type=\"application\/ld+json\" class=\"yoast-schema-graph\">{\"@context\":\"https:\/\/schema.org\",\"@graph\":[{\"@type\":\"WebPage\",\"@id\":\"https:\/\/inflowed.es\/producto\/zodiac-freerider-rf-5200-iq\",\"url\":\"https:\/\/inflowed.es\/producto\/zodiac-freerider-rf-5200-iq\",\"name\":\"Zodiac Freerider RF 5200 iQ &#8211; INFLOWED\",\"isPartOf\":{\"@id\":\"https:\/\/inflowed.es\/#website\"},\"primaryImageOfPage\":{\"@id\":\"https:\/\/inflowed.es\/producto\/zodiac-freerider-rf-5200-iq#primaryimage\"},\"image\":{\"@id\":\"https:\/\/inflowed.es\/producto\/zodiac-freerider-rf-5200-iq#primaryimage\"},\"thumbnailUrl\":\"https:\/\/inflowed.es\/wp-content\/uploads\/2024\/11\/Freerider-FR-5200-iQ.jpg\",\"datePublished\":\"2024-11-12T10:15:33+00:00\",\"dateModified\":\"2024-11-12T16:14:33+00:00\",\"breadcrumb\":{\"@id\":\"https:\/\/inflowed.es\/producto\/zodiac-freerider-rf-5200-iq#breadcrumb\"},\"inLanguage\":\"ca\",\"potentialAction\":[{\"@type\":\"ReadAction\",\"target\":[\"https:\/\/inflowed.es\/producto\/zodiac-freerider-rf-5200-iq\"]}]},{\"@type\":\"ImageObject\",\"inLanguage\":\"ca\",\"@id\":\"https:\/\/inflowed.es\/producto\/zodiac-freerider-rf-5200-iq#primaryimage\",\"url\":\"https:\/\/inflowed.es\/wp-content\/uploads\/2024\/11\/Freerider-FR-5200-iQ.jpg\",\"contentUrl\":\"https:\/\/inflowed.es\/wp-content\/uploads\/2024\/11\/Freerider-FR-5200-iQ.jpg\",\"width\":800,\"height\":800},{\"@type\":\"BreadcrumbList\",\"@id\":\"https:\/\/inflowed.es\/producto\/zodiac-freerider-rf-5200-iq#breadcrumb\",\"itemListElement\":[{\"@type\":\"ListItem\",\"position\":1,\"name\":\"Portada\",\"item\":\"https:\/\/inflowed.es\/\"},{\"@type\":\"ListItem\",\"position\":2,\"name\":\"Cat\u00e1logo de productos\",\"item\":\"https:\/\/inflowed.es\/catalogo-de-productos\"},{\"@type\":\"ListItem\",\"position\":3,\"name\":\"Zodiac Freerider RF 5200 iQ\"}]},{\"@type\":\"WebSite\",\"@id\":\"https:\/\/inflowed.es\/#website\",\"url\":\"https:\/\/inflowed.es\/\",\"name\":\"INFLOWED\",\"description\":\"Distribuci&oacute;n mayorista de art&iacute;culos para piscinas\",\"publisher\":{\"@id\":\"https:\/\/inflowed.es\/#organization\"},\"potentialAction\":[{\"@type\":\"SearchAction\",\"target\":{\"@type\":\"EntryPoint\",\"urlTemplate\":\"https:\/\/inflowed.es\/?s={search_term_string}\"},\"query-input\":{\"@type\":\"PropertyValueSpecification\",\"valueRequired\":true,\"valueName\":\"search_term_string\"}}],\"inLanguage\":\"ca\"},{\"@type\":\"Organization\",\"@id\":\"https:\/\/inflowed.es\/#organization\",\"name\":\"Inflowed Spain S.L.\",\"url\":\"https:\/\/inflowed.es\/\",\"logo\":{\"@type\":\"ImageObject\",\"inLanguage\":\"ca\",\"@id\":\"https:\/\/inflowed.es\/#\/schema\/logo\/image\/\",\"url\":\"https:\/\/inflowed.es\/wp-content\/uploads\/2023\/11\/logo-inflowed.png\",\"contentUrl\":\"https:\/\/inflowed.es\/wp-content\/uploads\/2023\/11\/logo-inflowed.png\",\"width\":1032,\"height\":242,\"caption\":\"Inflowed Spain S.L.\"},\"image\":{\"@id\":\"https:\/\/inflowed.es\/#\/schema\/logo\/image\/\"}}]}<\/script>\n<!-- \/ Yoast SEO plugin. -->","yoast_head_json":{"title":"Zodiac Freerider RF 5200 iQ &#8211; INFLOWED","robots":{"index":"index","follow":"follow","max-snippet":"max-snippet:-1","max-image-preview":"max-image-preview:large","max-video-preview":"max-video-preview:-1"},"canonical":"https:\/\/inflowed.es\/ca\/producte\/zodiac-freerider-rf-5200-iq\/","og_locale":"ca_ES","og_type":"article","og_title":"Zodiac Freerider RF 5200 iQ &#8211; INFLOWED","og_description":"Apto para piscinas de hasta 10 x 5 mt.  Filtro para residuos finos de\u00a0100 micras.  Inal\u00e1mbrico (sin cable), incluye estaci\u00f3n de carga.  Con gancho para extracci\u00f3n del agua.  Incluye App M\u00f3vil b\u00e1sica.  M\u00faltiples opciones de modos de limpieza.  Folleto Zodiac Freerider RF 5200 iQ","og_url":"https:\/\/inflowed.es\/ca\/producte\/zodiac-freerider-rf-5200-iq\/","og_site_name":"INFLOWED","article_modified_time":"2024-11-12T16:14:33+00:00","og_image":[{"width":800,"height":800,"url":"https:\/\/inflowed.es\/wp-content\/uploads\/2024\/11\/Freerider-FR-5200-iQ.jpg","type":"image\/jpeg"}],"twitter_card":"summary_large_image","twitter_misc":{"Temps estimat de lectura":"3 minuts"},"schema":{"@context":"https:\/\/schema.org","@graph":[{"@type":"WebPage","@id":"https:\/\/inflowed.es\/producto\/zodiac-freerider-rf-5200-iq","url":"https:\/\/inflowed.es\/producto\/zodiac-freerider-rf-5200-iq","name":"Zodiac Freerider RF 5200 iQ &#8211; INFLOWED","isPartOf":{"@id":"https:\/\/inflowed.es\/#website"},"primaryImageOfPage":{"@id":"https:\/\/inflowed.es\/producto\/zodiac-freerider-rf-5200-iq#primaryimage"},"image":{"@id":"https:\/\/inflowed.es\/producto\/zodiac-freerider-rf-5200-iq#primaryimage"},"thumbnailUrl":"https:\/\/inflowed.es\/wp-content\/uploads\/2024\/11\/Freerider-FR-5200-iQ.jpg","datePublished":"2024-11-12T10:15:33+00:00","dateModified":"2024-11-12T16:14:33+00:00","breadcrumb":{"@id":"https:\/\/inflowed.es\/producto\/zodiac-freerider-rf-5200-iq#breadcrumb"},"inLanguage":"ca","potentialAction":[{"@type":"ReadAction","target":["https:\/\/inflowed.es\/producto\/zodiac-freerider-rf-5200-iq"]}]},{"@type":"ImageObject","inLanguage":"ca","@id":"https:\/\/inflowed.es\/producto\/zodiac-freerider-rf-5200-iq#primaryimage","url":"https:\/\/inflowed.es\/wp-content\/uploads\/2024\/11\/Freerider-FR-5200-iQ.jpg","contentUrl":"https:\/\/inflowed.es\/wp-content\/uploads\/2024\/11\/Freerider-FR-5200-iQ.jpg","width":800,"height":800},{"@type":"BreadcrumbList","@id":"https:\/\/inflowed.es\/producto\/zodiac-freerider-rf-5200-iq#breadcrumb","itemListElement":[{"@type":"ListItem","position":1,"name":"Portada","item":"https:\/\/inflowed.es\/"},{"@type":"ListItem","position":2,"name":"Cat\u00e1logo de productos","item":"https:\/\/inflowed.es\/catalogo-de-productos"},{"@type":"ListItem","position":3,"name":"Zodiac Freerider RF 5200 iQ"}]},{"@type":"WebSite","@id":"https:\/\/inflowed.es\/#website","url":"https:\/\/inflowed.es\/","name":"INFLOWED","description":"Distribuci&oacute;n mayorista de art&iacute;culos para piscinas","publisher":{"@id":"https:\/\/inflowed.es\/#organization"},"potentialAction":[{"@type":"SearchAction","target":{"@type":"EntryPoint","urlTemplate":"https:\/\/inflowed.es\/?s={search_term_string}"},"query-input":{"@type":"PropertyValueSpecification","valueRequired":true,"valueName":"search_term_string"}}],"inLanguage":"ca"},{"@type":"Organization","@id":"https:\/\/inflowed.es\/#organization","name":"Inflowed Spain S.L.","url":"https:\/\/inflowed.es\/","logo":{"@type":"ImageObject","inLanguage":"ca","@id":"https:\/\/inflowed.es\/#\/schema\/logo\/image\/","url":"https:\/\/inflowed.es\/wp-content\/uploads\/2023\/11\/logo-inflowed.png","contentUrl":"https:\/\/inflowed.es\/wp-content\/uploads\/2023\/11\/logo-inflowed.png","width":1032,"height":242,"caption":"Inflowed Spain S.L."},"image":{"@id":"https:\/\/inflowed.es\/#\/schema\/logo\/image\/"}}]}},"_links":{"self":[{"href":"https:\/\/inflowed.es\/ca\/wp-json\/wp\/v2\/product\/4879","targetHints":{"allow":["GET"]}}],"collection":[{"href":"https:\/\/inflowed.es\/ca\/wp-json\/wp\/v2\/product"}],"about":[{"href":"https:\/\/inflowed.es\/ca\/wp-json\/wp\/v2\/types\/product"}],"replies":[{"embeddable":true,"href":"https:\/\/inflowed.es\/ca\/wp-json\/wp\/v2\/comments?post=4879"}],"version-history":[{"count":14,"href":"https:\/\/inflowed.es\/ca\/wp-json\/wp\/v2\/product\/4879\/revisions"}],"predecessor-version":[{"id":4905,"href":"https:\/\/inflowed.es\/ca\/wp-json\/wp\/v2\/product\/4879\/revisions\/4905"}],"wp:featuredmedia":[{"embeddable":true,"href":"https:\/\/inflowed.es\/ca\/wp-json\/wp\/v2\/media\/4880"}],"wp:attachment":[{"href":"https:\/\/inflowed.es\/ca\/wp-json\/wp\/v2\/media?parent=4879"}],"wp:term":[{"taxonomy":"product_brand","embeddable":true,"href":"https:\/\/inflowed.es\/ca\/wp-json\/wp\/v2\/product_brand?post=4879"},{"taxonomy":"product_cat","embeddable":true,"href":"https:\/\/inflowed.es\/ca\/wp-json\/wp\/v2\/product_cat?post=4879"},{"taxonomy":"product_tag","embeddable":true,"href":"https:\/\/inflowed.es\/ca\/wp-json\/wp\/v2\/product_tag?post=4879"}],"curies":[{"name":"wp","href":"https:\/\/api.w.org\/{rel}","templated":true}]}}