{"id":4867,"date":"2024-11-11T16:39:27","date_gmt":"2024-11-11T16:39:27","guid":{"rendered":"https:\/\/inflowed.es\/?post_type=product&#038;p=4867"},"modified":"2024-11-12T16:14:34","modified_gmt":"2024-11-12T16:14:34","slug":"aquachek-peroxido-de-hidrogeno-peroxido-de-h-ph-alcalinidad","status":"publish","type":"product","link":"https:\/\/inflowed.es\/ca\/producte\/aquachek-peroxido-de-hidrogeno-peroxido-de-h-ph-alcalinidad","title":{"rendered":"Aquachek Per\u00f3xido de Hidr\u00f3geno (Per\u00f3xido de H. + pH + Alcalinidad)"},"content":{"rendered":"","protected":false},"excerpt":{"rendered":"<ul>\n<li>Tiras anal\u00edticas <strong>3 en 1.<\/strong><\/li>\n<li><strong>25 tiras<\/strong> por bote.<\/li>\n<li>Medici\u00f3n de par\u00e1metros:\n<ul>\n<li>Per\u00f3xido de Hidr\u00f3geno<\/li>\n<li>pH<\/li>\n<li>Alcalinidad<\/li>\n<\/ul>\n<\/li>\n<\/ul>","protected":false},"featured_media":4868,"comment_status":"open","ping_status":"closed","template":"","meta":[],"product_brand":[],"product_cat":[181],"product_tag":[],"class_list":{"0":"post-4867","1":"product","2":"type-product","3":"status-publish","4":"has-post-thumbnail","6":"product_cat-analitica","8":"first","9":"instock","10":"taxable","11":"shipping-taxable","12":"product-type-simple"},"yoast_head":"<!-- This site is optimized with the Yoast SEO plugin v27.2 - https:\/\/yoast.com\/product\/yoast-seo-wordpress\/ -->\n<title>Aquachek Per\u00f3xido de Hidr\u00f3geno (Per\u00f3xido de H. + pH + Alcalinidad) &#8211; INFLOWED<\/title>\n<meta name=\"robots\" content=\"index, follow, max-snippet:-1, max-image-preview:large, max-video-preview:-1\" \/>\n<link rel=\"canonical\" href=\"https:\/\/inflowed.es\/ca\/producte\/aquachek-peroxido-de-hidrogeno-peroxido-de-h-ph-alcalinidad\/\" \/>\n<meta property=\"og:locale\" content=\"ca_ES\" \/>\n<meta property=\"og:type\" content=\"article\" \/>\n<meta property=\"og:title\" content=\"Aquachek Per\u00f3xido de Hidr\u00f3geno (Per\u00f3xido de H. + pH + Alcalinidad) &#8211; INFLOWED\" \/>\n<meta property=\"og:description\" content=\"Tiras anal\u00edticas 3 en 1.  25 tiras por bote.  Medici\u00f3n de par\u00e1metros:   Per\u00f3xido de Hidr\u00f3geno  pH  Alcalinidad\" \/>\n<meta property=\"og:url\" content=\"https:\/\/inflowed.es\/ca\/producte\/aquachek-peroxido-de-hidrogeno-peroxido-de-h-ph-alcalinidad\/\" \/>\n<meta property=\"og:site_name\" content=\"INFLOWED\" \/>\n<meta property=\"article:modified_time\" content=\"2024-11-12T16:14:34+00:00\" \/>\n<meta property=\"og:image\" content=\"https:\/\/inflowed.es\/wp-content\/uploads\/2024\/11\/Aquachek-Peroxido-de-Hidrogeno.jpg\" \/>\n\t<meta property=\"og:image:width\" content=\"500\" \/>\n\t<meta property=\"og:image:height\" content=\"500\" \/>\n\t<meta property=\"og:image:type\" content=\"image\/jpeg\" \/>\n<meta name=\"twitter:card\" content=\"summary_large_image\" \/>\n<meta name=\"twitter:label1\" content=\"Temps estimat de lectura\" \/>\n\t<meta name=\"twitter:data1\" content=\"1 minut\" \/>\n<script type=\"application\/ld+json\" class=\"yoast-schema-graph\">{\"@context\":\"https:\/\/schema.org\",\"@graph\":[{\"@type\":\"WebPage\",\"@id\":\"https:\/\/inflowed.es\/producto\/aquachek-peroxido-de-hidrogeno-peroxido-de-h-ph-alcalinidad\",\"url\":\"https:\/\/inflowed.es\/producto\/aquachek-peroxido-de-hidrogeno-peroxido-de-h-ph-alcalinidad\",\"name\":\"Aquachek Per\u00f3xido de Hidr\u00f3geno (Per\u00f3xido de H. + pH + Alcalinidad) &#8211; INFLOWED\",\"isPartOf\":{\"@id\":\"https:\/\/inflowed.es\/#website\"},\"primaryImageOfPage\":{\"@id\":\"https:\/\/inflowed.es\/producto\/aquachek-peroxido-de-hidrogeno-peroxido-de-h-ph-alcalinidad#primaryimage\"},\"image\":{\"@id\":\"https:\/\/inflowed.es\/producto\/aquachek-peroxido-de-hidrogeno-peroxido-de-h-ph-alcalinidad#primaryimage\"},\"thumbnailUrl\":\"https:\/\/inflowed.es\/wp-content\/uploads\/2024\/11\/Aquachek-Peroxido-de-Hidrogeno.jpg\",\"datePublished\":\"2024-11-11T16:39:27+00:00\",\"dateModified\":\"2024-11-12T16:14:34+00:00\",\"breadcrumb\":{\"@id\":\"https:\/\/inflowed.es\/producto\/aquachek-peroxido-de-hidrogeno-peroxido-de-h-ph-alcalinidad#breadcrumb\"},\"inLanguage\":\"ca\",\"potentialAction\":[{\"@type\":\"ReadAction\",\"target\":[\"https:\/\/inflowed.es\/producto\/aquachek-peroxido-de-hidrogeno-peroxido-de-h-ph-alcalinidad\"]}]},{\"@type\":\"ImageObject\",\"inLanguage\":\"ca\",\"@id\":\"https:\/\/inflowed.es\/producto\/aquachek-peroxido-de-hidrogeno-peroxido-de-h-ph-alcalinidad#primaryimage\",\"url\":\"https:\/\/inflowed.es\/wp-content\/uploads\/2024\/11\/Aquachek-Peroxido-de-Hidrogeno.jpg\",\"contentUrl\":\"https:\/\/inflowed.es\/wp-content\/uploads\/2024\/11\/Aquachek-Peroxido-de-Hidrogeno.jpg\",\"width\":500,\"height\":500},{\"@type\":\"BreadcrumbList\",\"@id\":\"https:\/\/inflowed.es\/producto\/aquachek-peroxido-de-hidrogeno-peroxido-de-h-ph-alcalinidad#breadcrumb\",\"itemListElement\":[{\"@type\":\"ListItem\",\"position\":1,\"name\":\"Portada\",\"item\":\"https:\/\/inflowed.es\/\"},{\"@type\":\"ListItem\",\"position\":2,\"name\":\"Cat\u00e1logo de productos\",\"item\":\"https:\/\/inflowed.es\/catalogo-de-productos\"},{\"@type\":\"ListItem\",\"position\":3,\"name\":\"Aquachek Per\u00f3xido de Hidr\u00f3geno (Per\u00f3xido de H. + pH + Alcalinidad)\"}]},{\"@type\":\"WebSite\",\"@id\":\"https:\/\/inflowed.es\/#website\",\"url\":\"https:\/\/inflowed.es\/\",\"name\":\"INFLOWED\",\"description\":\"Distribuci&oacute;n mayorista de art&iacute;culos para piscinas\",\"publisher\":{\"@id\":\"https:\/\/inflowed.es\/#organization\"},\"potentialAction\":[{\"@type\":\"SearchAction\",\"target\":{\"@type\":\"EntryPoint\",\"urlTemplate\":\"https:\/\/inflowed.es\/?s={search_term_string}\"},\"query-input\":{\"@type\":\"PropertyValueSpecification\",\"valueRequired\":true,\"valueName\":\"search_term_string\"}}],\"inLanguage\":\"ca\"},{\"@type\":\"Organization\",\"@id\":\"https:\/\/inflowed.es\/#organization\",\"name\":\"Inflowed Spain S.L.\",\"url\":\"https:\/\/inflowed.es\/\",\"logo\":{\"@type\":\"ImageObject\",\"inLanguage\":\"ca\",\"@id\":\"https:\/\/inflowed.es\/#\/schema\/logo\/image\/\",\"url\":\"https:\/\/inflowed.es\/wp-content\/uploads\/2023\/11\/logo-inflowed.png\",\"contentUrl\":\"https:\/\/inflowed.es\/wp-content\/uploads\/2023\/11\/logo-inflowed.png\",\"width\":1032,\"height\":242,\"caption\":\"Inflowed Spain S.L.\"},\"image\":{\"@id\":\"https:\/\/inflowed.es\/#\/schema\/logo\/image\/\"}}]}<\/script>\n<!-- \/ Yoast SEO plugin. -->","yoast_head_json":{"title":"Aquachek Per\u00f3xido de Hidr\u00f3geno (Per\u00f3xido de H. + pH + Alcalinidad) &#8211; INFLOWED","robots":{"index":"index","follow":"follow","max-snippet":"max-snippet:-1","max-image-preview":"max-image-preview:large","max-video-preview":"max-video-preview:-1"},"canonical":"https:\/\/inflowed.es\/ca\/producte\/aquachek-peroxido-de-hidrogeno-peroxido-de-h-ph-alcalinidad\/","og_locale":"ca_ES","og_type":"article","og_title":"Aquachek Per\u00f3xido de Hidr\u00f3geno (Per\u00f3xido de H. + pH + Alcalinidad) &#8211; INFLOWED","og_description":"Tiras anal\u00edticas 3 en 1.  25 tiras por bote.  Medici\u00f3n de par\u00e1metros:   Per\u00f3xido de Hidr\u00f3geno  pH  Alcalinidad","og_url":"https:\/\/inflowed.es\/ca\/producte\/aquachek-peroxido-de-hidrogeno-peroxido-de-h-ph-alcalinidad\/","og_site_name":"INFLOWED","article_modified_time":"2024-11-12T16:14:34+00:00","og_image":[{"width":500,"height":500,"url":"https:\/\/inflowed.es\/wp-content\/uploads\/2024\/11\/Aquachek-Peroxido-de-Hidrogeno.jpg","type":"image\/jpeg"}],"twitter_card":"summary_large_image","twitter_misc":{"Temps estimat de lectura":"1 minut"},"schema":{"@context":"https:\/\/schema.org","@graph":[{"@type":"WebPage","@id":"https:\/\/inflowed.es\/producto\/aquachek-peroxido-de-hidrogeno-peroxido-de-h-ph-alcalinidad","url":"https:\/\/inflowed.es\/producto\/aquachek-peroxido-de-hidrogeno-peroxido-de-h-ph-alcalinidad","name":"Aquachek Per\u00f3xido de Hidr\u00f3geno (Per\u00f3xido de H. + pH + Alcalinidad) &#8211; INFLOWED","isPartOf":{"@id":"https:\/\/inflowed.es\/#website"},"primaryImageOfPage":{"@id":"https:\/\/inflowed.es\/producto\/aquachek-peroxido-de-hidrogeno-peroxido-de-h-ph-alcalinidad#primaryimage"},"image":{"@id":"https:\/\/inflowed.es\/producto\/aquachek-peroxido-de-hidrogeno-peroxido-de-h-ph-alcalinidad#primaryimage"},"thumbnailUrl":"https:\/\/inflowed.es\/wp-content\/uploads\/2024\/11\/Aquachek-Peroxido-de-Hidrogeno.jpg","datePublished":"2024-11-11T16:39:27+00:00","dateModified":"2024-11-12T16:14:34+00:00","breadcrumb":{"@id":"https:\/\/inflowed.es\/producto\/aquachek-peroxido-de-hidrogeno-peroxido-de-h-ph-alcalinidad#breadcrumb"},"inLanguage":"ca","potentialAction":[{"@type":"ReadAction","target":["https:\/\/inflowed.es\/producto\/aquachek-peroxido-de-hidrogeno-peroxido-de-h-ph-alcalinidad"]}]},{"@type":"ImageObject","inLanguage":"ca","@id":"https:\/\/inflowed.es\/producto\/aquachek-peroxido-de-hidrogeno-peroxido-de-h-ph-alcalinidad#primaryimage","url":"https:\/\/inflowed.es\/wp-content\/uploads\/2024\/11\/Aquachek-Peroxido-de-Hidrogeno.jpg","contentUrl":"https:\/\/inflowed.es\/wp-content\/uploads\/2024\/11\/Aquachek-Peroxido-de-Hidrogeno.jpg","width":500,"height":500},{"@type":"BreadcrumbList","@id":"https:\/\/inflowed.es\/producto\/aquachek-peroxido-de-hidrogeno-peroxido-de-h-ph-alcalinidad#breadcrumb","itemListElement":[{"@type":"ListItem","position":1,"name":"Portada","item":"https:\/\/inflowed.es\/"},{"@type":"ListItem","position":2,"name":"Cat\u00e1logo de productos","item":"https:\/\/inflowed.es\/catalogo-de-productos"},{"@type":"ListItem","position":3,"name":"Aquachek Per\u00f3xido de Hidr\u00f3geno (Per\u00f3xido de H. + pH + Alcalinidad)"}]},{"@type":"WebSite","@id":"https:\/\/inflowed.es\/#website","url":"https:\/\/inflowed.es\/","name":"INFLOWED","description":"Distribuci&oacute;n mayorista de art&iacute;culos para piscinas","publisher":{"@id":"https:\/\/inflowed.es\/#organization"},"potentialAction":[{"@type":"SearchAction","target":{"@type":"EntryPoint","urlTemplate":"https:\/\/inflowed.es\/?s={search_term_string}"},"query-input":{"@type":"PropertyValueSpecification","valueRequired":true,"valueName":"search_term_string"}}],"inLanguage":"ca"},{"@type":"Organization","@id":"https:\/\/inflowed.es\/#organization","name":"Inflowed Spain S.L.","url":"https:\/\/inflowed.es\/","logo":{"@type":"ImageObject","inLanguage":"ca","@id":"https:\/\/inflowed.es\/#\/schema\/logo\/image\/","url":"https:\/\/inflowed.es\/wp-content\/uploads\/2023\/11\/logo-inflowed.png","contentUrl":"https:\/\/inflowed.es\/wp-content\/uploads\/2023\/11\/logo-inflowed.png","width":1032,"height":242,"caption":"Inflowed Spain S.L."},"image":{"@id":"https:\/\/inflowed.es\/#\/schema\/logo\/image\/"}}]}},"_links":{"self":[{"href":"https:\/\/inflowed.es\/ca\/wp-json\/wp\/v2\/product\/4867","targetHints":{"allow":["GET"]}}],"collection":[{"href":"https:\/\/inflowed.es\/ca\/wp-json\/wp\/v2\/product"}],"about":[{"href":"https:\/\/inflowed.es\/ca\/wp-json\/wp\/v2\/types\/product"}],"replies":[{"embeddable":true,"href":"https:\/\/inflowed.es\/ca\/wp-json\/wp\/v2\/comments?post=4867"}],"version-history":[{"count":2,"href":"https:\/\/inflowed.es\/ca\/wp-json\/wp\/v2\/product\/4867\/revisions"}],"predecessor-version":[{"id":4870,"href":"https:\/\/inflowed.es\/ca\/wp-json\/wp\/v2\/product\/4867\/revisions\/4870"}],"wp:featuredmedia":[{"embeddable":true,"href":"https:\/\/inflowed.es\/ca\/wp-json\/wp\/v2\/media\/4868"}],"wp:attachment":[{"href":"https:\/\/inflowed.es\/ca\/wp-json\/wp\/v2\/media?parent=4867"}],"wp:term":[{"taxonomy":"product_brand","embeddable":true,"href":"https:\/\/inflowed.es\/ca\/wp-json\/wp\/v2\/product_brand?post=4867"},{"taxonomy":"product_cat","embeddable":true,"href":"https:\/\/inflowed.es\/ca\/wp-json\/wp\/v2\/product_cat?post=4867"},{"taxonomy":"product_tag","embeddable":true,"href":"https:\/\/inflowed.es\/ca\/wp-json\/wp\/v2\/product_tag?post=4867"}],"curies":[{"name":"wp","href":"https:\/\/api.w.org\/{rel}","templated":true}]}}