{"id":4813,"date":"2024-10-31T15:56:20","date_gmt":"2024-10-31T15:56:20","guid":{"rendered":"https:\/\/inflowed.es\/?post_type=product&#038;p=4813"},"modified":"2024-11-12T16:14:35","modified_gmt":"2024-11-12T16:14:35","slug":"clorador-salino-innowater-smc","status":"publish","type":"product","link":"https:\/\/inflowed.es\/ca\/producte\/clorador-salino-innowater-smc","title":{"rendered":"Clorador Salino Innowater SMC"},"content":{"rendered":"<ul>\n<li>Fuente de alimentaci\u00f3n estanca de alto rendimiento.<\/li>\n<li>Envolvente cerrada sin ventilaci\u00f3n forzada.<\/li>\n<li>Pantalla LCD con \u00e1gil sistema de men\u00fas.<\/li>\n<li>Conector de c\u00e9lula de f\u00e1cil desconexi\u00f3n en goma resistente al agua.<\/li>\n<li>Control electr\u00f3nico de potencia a prueba de sobrecargas.<\/li>\n<li>C\u00e9lula bipolar compacta de bajo mantenimiento.<\/li>\n<li>Cambio de polaridad programable.<\/li>\n<li>Porta electrodos y vaso transparentes de f\u00e1cil acceso y r\u00e1pida inspecci\u00f3n.<\/li>\n<li>Conexi\u00f3n el\u00e9ctrica de c\u00e9lula r\u00e1pida sin tuercas.<\/li>\n<li>Bornes de c\u00e9lula intercambiables moldeados con material aislante.<\/li>\n<li>Conexi\u00f3n a internet a trav\u00e9s de la plataforma\u00a0\u00a0<img decoding=\"async\" class=\"alignnone wp-image-12953\" src=\"https:\/\/innowater.es\/wp-content\/uploads\/2017\/07\/Loxone-normal-v2-300x67.png\" sizes=\"(max-width:767px) 72px, 72px\" srcset=\"https:\/\/innowater.es\/wp-content\/uploads\/2017\/07\/Loxone-normal-v2-300x67.png 300w, https:\/\/innowater.es\/wp-content\/uploads\/2017\/07\/Loxone-normal-v2-150x33.png 150w, https:\/\/innowater.es\/wp-content\/uploads\/2017\/07\/Loxone-normal-v2.png 601w\" alt=\"\" width=\"72\" height=\"16\" \/><\/li>\n<\/ul>\n<h2>Tabla comparativa de modelos Innowater SMC<\/h2>\n<table class=\"tabla_especificaciones\" width=\"100%\">\n<tbody>\n<tr>\n<td width=\"189\"><strong>Modelo<\/strong><\/td>\n<td style=\"text-align: center;\" width=\"100\"><strong>SMC10<\/strong><\/td>\n<td style=\"text-align: center;\" width=\"100\"><strong>SMC15<\/strong><\/td>\n<td style=\"text-align: center;\" width=\"100\"><strong>SMC20<\/strong><\/td>\n<td style=\"text-align: center;\" width=\"100\"><strong>SMC30<\/strong><\/td>\n<td style=\"text-align: center;\" width=\"100\"><strong>SMC40<\/strong><\/td>\n<td style=\"text-align: center;\" width=\"100\"><strong>SMC50<\/strong><\/td>\n<\/tr>\n<tr>\n<td width=\"189\"><strong>Producci\u00f3n g Cl<sub>2<\/sub>\u00a0\/ h<\/strong><\/td>\n<td style=\"text-align: center;\" width=\"100\">10<\/td>\n<td style=\"text-align: center;\" width=\"100\">15<\/td>\n<td style=\"text-align: center;\" width=\"100\">20<\/td>\n<td style=\"text-align: center;\" width=\"100\">30<\/td>\n<td style=\"text-align: center;\" width=\"100\">40<\/td>\n<td style=\"text-align: center;\" width=\"100\">50<\/td>\n<\/tr>\n<tr>\n<td width=\"189\"><strong>m<sup>3<\/sup>\u00a0m\u00e1x. piscina T &lt; 25<sup>o<\/sup>C<\/strong><\/td>\n<td style=\"text-align: center;\" width=\"110\">30<\/td>\n<td style=\"text-align: center;\" width=\"110\">50<\/td>\n<td style=\"text-align: center;\" width=\"110\">90<\/td>\n<td style=\"text-align: center;\" width=\"110\">150<\/td>\n<td style=\"text-align: center;\" width=\"110\">180<\/td>\n<td style=\"text-align: center;\" width=\"110\">200<\/td>\n<\/tr>\n<tr>\n<td width=\"189\"><strong>m<sup>3<\/sup>\u00a0m\u00e1x. piscina T &gt; 25<sup>o<\/sup>C<\/strong><\/td>\n<td style=\"text-align: center;\" width=\"110\">20<\/td>\n<td style=\"text-align: center;\" width=\"110\">40<\/td>\n<td style=\"text-align: center;\" width=\"110\">75<\/td>\n<td style=\"text-align: center;\" width=\"110\">120<\/td>\n<td style=\"text-align: center;\" width=\"110\">150<\/td>\n<td style=\"text-align: center;\" width=\"110\">160<\/td>\n<\/tr>\n<tr>\n<td width=\"189\"><strong>Tensi\u00f3n m\u00e1x. de salida VDC<\/strong><\/td>\n<td style=\"text-align: center;\" width=\"110\">24<\/td>\n<td style=\"text-align: center;\" width=\"110\">24<\/td>\n<td style=\"text-align: center;\" width=\"110\">24<\/td>\n<td style=\"text-align: center;\" width=\"110\">24<\/td>\n<td style=\"text-align: center;\" width=\"110\">24<\/td>\n<td style=\"text-align: center;\" width=\"110\">24<\/td>\n<\/tr>\n<tr>\n<td width=\"189\"><strong>Corriente de salida A<\/strong><\/td>\n<td style=\"text-align: center;\" width=\"110\">1.5<\/td>\n<td style=\"text-align: center;\" width=\"110\">2.5<\/td>\n<td style=\"text-align: center;\" width=\"110\">3.0<\/td>\n<td style=\"text-align: center;\" width=\"110\">5.0<\/td>\n<td style=\"text-align: center;\" width=\"110\">6.0<\/td>\n<td style=\"text-align: center;\" width=\"110\">8.5<\/td>\n<\/tr>\n<tr>\n<td width=\"189\"><strong>Alimentaci\u00f3n VAC<\/strong><\/td>\n<td style=\"text-align: center;\" width=\"110\">230<\/td>\n<td style=\"text-align: center;\" width=\"110\">230<\/td>\n<td style=\"text-align: center;\" width=\"110\">230<\/td>\n<td style=\"text-align: center;\" width=\"110\">230<\/td>\n<td style=\"text-align: center;\" width=\"110\">230<\/td>\n<td style=\"text-align: center;\" width=\"110\">230<\/td>\n<\/tr>\n<tr>\n<td width=\"189\"><strong>Consumo el\u00e9ctrico m\u00e1x. W<\/strong><\/td>\n<td style=\"text-align: center;\" width=\"110\">50<\/td>\n<td style=\"text-align: center;\" width=\"110\">60<\/td>\n<td style=\"text-align: center;\" width=\"110\">90<\/td>\n<td style=\"text-align: center;\" width=\"110\">130<\/td>\n<td style=\"text-align: center;\" width=\"110\">170<\/td>\n<td style=\"text-align: center;\" width=\"110\">210<\/td>\n<\/tr>\n<tr>\n<td width=\"189\"><strong>Cambio de polaridad c\u00e9lula<\/strong><\/td>\n<td style=\"text-align: center;\" width=\"110\">Programable<\/td>\n<td style=\"text-align: center;\" width=\"110\">Programable<\/td>\n<td style=\"text-align: center;\" width=\"110\">Programable<\/td>\n<td style=\"text-align: center;\" width=\"110\">Programable<\/td>\n<td style=\"text-align: center;\" width=\"110\">Programable<\/td>\n<td style=\"text-align: center;\" width=\"110\">Programable<\/td>\n<\/tr>\n<tr>\n<td width=\"189\"><strong>Control de producci\u00f3n<\/strong><\/td>\n<td style=\"text-align: center;\" width=\"110\">Electr\u00f3nico<\/td>\n<td style=\"text-align: center;\" width=\"110\">Electr\u00f3nico<\/td>\n<td style=\"text-align: center;\" width=\"110\">Electr\u00f3nico<\/td>\n<td style=\"text-align: center;\" width=\"110\">Electr\u00f3nico<\/td>\n<td style=\"text-align: center;\" width=\"110\">Electr\u00f3nico<\/td>\n<td style=\"text-align: center;\" width=\"110\">Electr\u00f3nico<\/td>\n<\/tr>\n<tr>\n<td width=\"189\"><strong>Concentraci\u00f3n de sal g\/l<\/strong><\/td>\n<td style=\"text-align: center;\" width=\"110\">4 \u2013 agua de mar<\/td>\n<td style=\"text-align: center;\" width=\"110\">4 \u2013 agua de mar<\/td>\n<td style=\"text-align: center;\" width=\"110\">4 \u2013 agua de mar<\/td>\n<td style=\"text-align: center;\" width=\"110\">4 \u2013 agua de mar<\/td>\n<td style=\"text-align: center;\" width=\"110\">4 \u2013 agua de mar<\/td>\n<td style=\"text-align: center;\" width=\"110\">4 \u2013 agua de mar<\/td>\n<\/tr>\n<tr>\n<td width=\"189\"><strong>Calidad electrodo<\/strong><\/td>\n<td style=\"text-align: center;\" width=\"110\">10K Premium Grade<\/td>\n<td style=\"text-align: center;\" width=\"110\">10K Premium Grade<\/td>\n<td style=\"text-align: center;\" width=\"110\">10K Premium Grade<\/td>\n<td style=\"text-align: center;\" width=\"110\">10K Premium Grade<\/td>\n<td style=\"text-align: center;\" width=\"110\">10K Premium Grade<\/td>\n<td style=\"text-align: center;\" width=\"110\">10K Premium Grade<\/td>\n<\/tr>\n<tr>\n<td width=\"189\"><strong>Caudal m\u00edn. m<sup>3<\/sup>\/h<\/strong><\/td>\n<td style=\"text-align: center;\" width=\"110\">4<\/td>\n<td style=\"text-align: center;\" width=\"110\">4<\/td>\n<td style=\"text-align: center;\" width=\"110\">4<\/td>\n<td style=\"text-align: center;\" width=\"110\">6<\/td>\n<td style=\"text-align: center;\" width=\"110\">6<\/td>\n<td style=\"text-align: center;\" width=\"110\">10<\/td>\n<\/tr>\n<tr>\n<td width=\"189\"><strong>Presi\u00f3n m\u00e1x. bar<\/strong><\/td>\n<td style=\"text-align: center;\" width=\"110\">1.5<\/td>\n<td style=\"text-align: center;\" width=\"110\">1.5<\/td>\n<td style=\"text-align: center;\" width=\"110\">1.5<\/td>\n<td style=\"text-align: center;\" width=\"110\">1.5<\/td>\n<td style=\"text-align: center;\" width=\"110\">1.5<\/td>\n<td style=\"text-align: center;\" width=\"110\">1.5<\/td>\n<\/tr>\n<tr>\n<td width=\"189\"><strong>Ca\u00edda de presi\u00f3n bar<\/strong><\/td>\n<td style=\"text-align: center;\" width=\"110\">0.025<\/td>\n<td style=\"text-align: center;\" width=\"110\">0.025<\/td>\n<td style=\"text-align: center;\" width=\"110\">0.025<\/td>\n<td style=\"text-align: center;\" width=\"110\">0.025<\/td>\n<td style=\"text-align: center;\" width=\"110\">0.025<\/td>\n<td style=\"text-align: center;\" width=\"110\">0.030<\/td>\n<\/tr>\n<tr>\n<td width=\"189\"><strong>Tuber\u00eda c\u00e9lula mm<\/strong><\/td>\n<td style=\"text-align: center;\" width=\"110\">50<\/td>\n<td style=\"text-align: center;\" width=\"110\">50<\/td>\n<td style=\"text-align: center;\" width=\"110\">50<\/td>\n<td style=\"text-align: center;\" width=\"110\">50<\/td>\n<td style=\"text-align: center;\" width=\"110\">50<\/td>\n<td style=\"text-align: center;\" width=\"110\">63<\/td>\n<\/tr>\n<tr>\n<td width=\"189\"><strong>Instalaci\u00f3n c\u00e9lula<\/strong><\/td>\n<td style=\"text-align: center;\" width=\"110\">Cola PVC<\/td>\n<td style=\"text-align: center;\" width=\"110\">Cola PVC<\/td>\n<td style=\"text-align: center;\" width=\"110\">Cola PVC<\/td>\n<td style=\"text-align: center;\" width=\"110\">Cola PVC<\/td>\n<td style=\"text-align: center;\" width=\"110\">Cola PVC<\/td>\n<td style=\"text-align: center;\" width=\"110\">Enlace roscado<\/td>\n<\/tr>\n<tr>\n<td width=\"189\"><strong>Peso Kg<\/strong><\/td>\n<td style=\"text-align: center;\" width=\"110\">6<\/td>\n<td style=\"text-align: center;\" width=\"110\">6<\/td>\n<td style=\"text-align: center;\" width=\"110\">6<\/td>\n<td style=\"text-align: center;\" width=\"110\">6<\/td>\n<td style=\"text-align: center;\" width=\"110\">6<\/td>\n<td style=\"text-align: center;\" width=\"110\">12<\/td>\n<\/tr>\n<tr>\n<td width=\"189\"><strong>Dimensiones embalaje mm<\/strong><\/td>\n<td style=\"text-align: center;\" width=\"110\">600 x 360 x 150<\/td>\n<td style=\"text-align: center;\" width=\"110\">600 x 360 x 150<\/td>\n<td style=\"text-align: center;\" width=\"110\">600 x 360 x 150<\/td>\n<td style=\"text-align: center;\" width=\"110\">600 x 360 x 150<\/td>\n<td style=\"text-align: center;\" width=\"110\">600 x 360 x 150<\/td>\n<td style=\"text-align: center;\" width=\"110\">655 x 650 x 230<\/td>\n<\/tr>\n<\/tbody>\n<\/table>","protected":false},"excerpt":{"rendered":"<ul>\n<li>Fuente de alimentaci\u00f3n <strong>estanca<\/strong> de <strong>alto rendimiento.<\/strong><\/li>\n<li>Envolvente cerrada sin ventilaci\u00f3n forzada.<\/li>\n<li>Pantalla LCD con <strong>\u00e1gil sistema de men\u00fas.<\/strong><\/li>\n<li>Conector de c\u00e9lula de <strong>f\u00e1cil desconexi\u00f3n<\/strong> en goma resistente al agua.<\/li>\n<li><strong>Modelos disponibles:<\/strong>\n<ul>\n<li>SMC10, SMC15, SMC20, SMC30, SMC40, SMC50<\/li>\n<\/ul>\n<\/li>\n<\/ul>","protected":false},"featured_media":4814,"comment_status":"open","ping_status":"closed","template":"","meta":[],"product_brand":[],"product_cat":[82],"product_tag":[],"class_list":{"0":"post-4813","1":"product","2":"type-product","3":"status-publish","4":"has-post-thumbnail","6":"product_cat-cloradores-salinos","8":"first","9":"instock","10":"taxable","11":"shipping-taxable","12":"product-type-simple"},"yoast_head":"<!-- This site is optimized with the Yoast SEO plugin v27.2 - https:\/\/yoast.com\/product\/yoast-seo-wordpress\/ -->\n<title>Clorador Salino Innowater SMC &#8211; INFLOWED<\/title>\n<meta name=\"robots\" content=\"index, follow, max-snippet:-1, max-image-preview:large, max-video-preview:-1\" \/>\n<link rel=\"canonical\" href=\"https:\/\/inflowed.es\/ca\/producte\/clorador-salino-innowater-smc\/\" \/>\n<meta property=\"og:locale\" content=\"ca_ES\" \/>\n<meta property=\"og:type\" content=\"article\" \/>\n<meta property=\"og:title\" content=\"Clorador Salino Innowater SMC &#8211; INFLOWED\" \/>\n<meta property=\"og:description\" content=\"Fuente de alimentaci\u00f3n estanca de alto rendimiento.  Envolvente cerrada sin ventilaci\u00f3n forzada.  Pantalla LCD con \u00e1gil sistema de men\u00fas.  Conector de c\u00e9lula de f\u00e1cil desconexi\u00f3n en goma resistente al agua.  Modelos disponibles:   SMC10, SMC15, SMC20, SMC30, SMC40, SMC50\" \/>\n<meta property=\"og:url\" content=\"https:\/\/inflowed.es\/ca\/producte\/clorador-salino-innowater-smc\/\" \/>\n<meta property=\"og:site_name\" content=\"INFLOWED\" \/>\n<meta property=\"article:modified_time\" content=\"2024-11-12T16:14:35+00:00\" \/>\n<meta property=\"og:image\" content=\"https:\/\/inflowed.es\/wp-content\/uploads\/2024\/10\/Innowater-SMC.jpg\" \/>\n\t<meta property=\"og:image:width\" content=\"595\" \/>\n\t<meta property=\"og:image:height\" content=\"566\" \/>\n\t<meta property=\"og:image:type\" content=\"image\/jpeg\" \/>\n<meta name=\"twitter:card\" content=\"summary_large_image\" \/>\n<meta name=\"twitter:label1\" content=\"Temps estimat de lectura\" \/>\n\t<meta name=\"twitter:data1\" content=\"2 minuts\" \/>\n<script type=\"application\/ld+json\" class=\"yoast-schema-graph\">{\"@context\":\"https:\/\/schema.org\",\"@graph\":[{\"@type\":\"WebPage\",\"@id\":\"https:\/\/inflowed.es\/producto\/clorador-salino-innowater-smc\",\"url\":\"https:\/\/inflowed.es\/producto\/clorador-salino-innowater-smc\",\"name\":\"Clorador Salino Innowater SMC &#8211; INFLOWED\",\"isPartOf\":{\"@id\":\"https:\/\/inflowed.es\/#website\"},\"primaryImageOfPage\":{\"@id\":\"https:\/\/inflowed.es\/producto\/clorador-salino-innowater-smc#primaryimage\"},\"image\":{\"@id\":\"https:\/\/inflowed.es\/producto\/clorador-salino-innowater-smc#primaryimage\"},\"thumbnailUrl\":\"https:\/\/inflowed.es\/wp-content\/uploads\/2024\/10\/Innowater-SMC.jpg\",\"datePublished\":\"2024-10-31T15:56:20+00:00\",\"dateModified\":\"2024-11-12T16:14:35+00:00\",\"breadcrumb\":{\"@id\":\"https:\/\/inflowed.es\/producto\/clorador-salino-innowater-smc#breadcrumb\"},\"inLanguage\":\"ca\",\"potentialAction\":[{\"@type\":\"ReadAction\",\"target\":[\"https:\/\/inflowed.es\/producto\/clorador-salino-innowater-smc\"]}]},{\"@type\":\"ImageObject\",\"inLanguage\":\"ca\",\"@id\":\"https:\/\/inflowed.es\/producto\/clorador-salino-innowater-smc#primaryimage\",\"url\":\"https:\/\/inflowed.es\/wp-content\/uploads\/2024\/10\/Innowater-SMC.jpg\",\"contentUrl\":\"https:\/\/inflowed.es\/wp-content\/uploads\/2024\/10\/Innowater-SMC.jpg\",\"width\":595,\"height\":566},{\"@type\":\"BreadcrumbList\",\"@id\":\"https:\/\/inflowed.es\/producto\/clorador-salino-innowater-smc#breadcrumb\",\"itemListElement\":[{\"@type\":\"ListItem\",\"position\":1,\"name\":\"Portada\",\"item\":\"https:\/\/inflowed.es\/\"},{\"@type\":\"ListItem\",\"position\":2,\"name\":\"Cat\u00e1logo de productos\",\"item\":\"https:\/\/inflowed.es\/catalogo-de-productos\"},{\"@type\":\"ListItem\",\"position\":3,\"name\":\"Clorador Salino Innowater SMC\"}]},{\"@type\":\"WebSite\",\"@id\":\"https:\/\/inflowed.es\/#website\",\"url\":\"https:\/\/inflowed.es\/\",\"name\":\"INFLOWED\",\"description\":\"Distribuci&oacute;n mayorista de art&iacute;culos para piscinas\",\"publisher\":{\"@id\":\"https:\/\/inflowed.es\/#organization\"},\"potentialAction\":[{\"@type\":\"SearchAction\",\"target\":{\"@type\":\"EntryPoint\",\"urlTemplate\":\"https:\/\/inflowed.es\/?s={search_term_string}\"},\"query-input\":{\"@type\":\"PropertyValueSpecification\",\"valueRequired\":true,\"valueName\":\"search_term_string\"}}],\"inLanguage\":\"ca\"},{\"@type\":\"Organization\",\"@id\":\"https:\/\/inflowed.es\/#organization\",\"name\":\"Inflowed Spain S.L.\",\"url\":\"https:\/\/inflowed.es\/\",\"logo\":{\"@type\":\"ImageObject\",\"inLanguage\":\"ca\",\"@id\":\"https:\/\/inflowed.es\/#\/schema\/logo\/image\/\",\"url\":\"https:\/\/inflowed.es\/wp-content\/uploads\/2023\/11\/logo-inflowed.png\",\"contentUrl\":\"https:\/\/inflowed.es\/wp-content\/uploads\/2023\/11\/logo-inflowed.png\",\"width\":1032,\"height\":242,\"caption\":\"Inflowed Spain S.L.\"},\"image\":{\"@id\":\"https:\/\/inflowed.es\/#\/schema\/logo\/image\/\"}}]}<\/script>\n<!-- \/ Yoast SEO plugin. -->","yoast_head_json":{"title":"Clorador Salino Innowater SMC &#8211; INFLOWED","robots":{"index":"index","follow":"follow","max-snippet":"max-snippet:-1","max-image-preview":"max-image-preview:large","max-video-preview":"max-video-preview:-1"},"canonical":"https:\/\/inflowed.es\/ca\/producte\/clorador-salino-innowater-smc\/","og_locale":"ca_ES","og_type":"article","og_title":"Clorador Salino Innowater SMC &#8211; INFLOWED","og_description":"Fuente de alimentaci\u00f3n estanca de alto rendimiento.  Envolvente cerrada sin ventilaci\u00f3n forzada.  Pantalla LCD con \u00e1gil sistema de men\u00fas.  Conector de c\u00e9lula de f\u00e1cil desconexi\u00f3n en goma resistente al agua.  Modelos disponibles:   SMC10, SMC15, SMC20, SMC30, SMC40, SMC50","og_url":"https:\/\/inflowed.es\/ca\/producte\/clorador-salino-innowater-smc\/","og_site_name":"INFLOWED","article_modified_time":"2024-11-12T16:14:35+00:00","og_image":[{"width":595,"height":566,"url":"https:\/\/inflowed.es\/wp-content\/uploads\/2024\/10\/Innowater-SMC.jpg","type":"image\/jpeg"}],"twitter_card":"summary_large_image","twitter_misc":{"Temps estimat de lectura":"2 minuts"},"schema":{"@context":"https:\/\/schema.org","@graph":[{"@type":"WebPage","@id":"https:\/\/inflowed.es\/producto\/clorador-salino-innowater-smc","url":"https:\/\/inflowed.es\/producto\/clorador-salino-innowater-smc","name":"Clorador Salino Innowater SMC &#8211; INFLOWED","isPartOf":{"@id":"https:\/\/inflowed.es\/#website"},"primaryImageOfPage":{"@id":"https:\/\/inflowed.es\/producto\/clorador-salino-innowater-smc#primaryimage"},"image":{"@id":"https:\/\/inflowed.es\/producto\/clorador-salino-innowater-smc#primaryimage"},"thumbnailUrl":"https:\/\/inflowed.es\/wp-content\/uploads\/2024\/10\/Innowater-SMC.jpg","datePublished":"2024-10-31T15:56:20+00:00","dateModified":"2024-11-12T16:14:35+00:00","breadcrumb":{"@id":"https:\/\/inflowed.es\/producto\/clorador-salino-innowater-smc#breadcrumb"},"inLanguage":"ca","potentialAction":[{"@type":"ReadAction","target":["https:\/\/inflowed.es\/producto\/clorador-salino-innowater-smc"]}]},{"@type":"ImageObject","inLanguage":"ca","@id":"https:\/\/inflowed.es\/producto\/clorador-salino-innowater-smc#primaryimage","url":"https:\/\/inflowed.es\/wp-content\/uploads\/2024\/10\/Innowater-SMC.jpg","contentUrl":"https:\/\/inflowed.es\/wp-content\/uploads\/2024\/10\/Innowater-SMC.jpg","width":595,"height":566},{"@type":"BreadcrumbList","@id":"https:\/\/inflowed.es\/producto\/clorador-salino-innowater-smc#breadcrumb","itemListElement":[{"@type":"ListItem","position":1,"name":"Portada","item":"https:\/\/inflowed.es\/"},{"@type":"ListItem","position":2,"name":"Cat\u00e1logo de productos","item":"https:\/\/inflowed.es\/catalogo-de-productos"},{"@type":"ListItem","position":3,"name":"Clorador Salino Innowater SMC"}]},{"@type":"WebSite","@id":"https:\/\/inflowed.es\/#website","url":"https:\/\/inflowed.es\/","name":"INFLOWED","description":"Distribuci&oacute;n mayorista de art&iacute;culos para piscinas","publisher":{"@id":"https:\/\/inflowed.es\/#organization"},"potentialAction":[{"@type":"SearchAction","target":{"@type":"EntryPoint","urlTemplate":"https:\/\/inflowed.es\/?s={search_term_string}"},"query-input":{"@type":"PropertyValueSpecification","valueRequired":true,"valueName":"search_term_string"}}],"inLanguage":"ca"},{"@type":"Organization","@id":"https:\/\/inflowed.es\/#organization","name":"Inflowed Spain S.L.","url":"https:\/\/inflowed.es\/","logo":{"@type":"ImageObject","inLanguage":"ca","@id":"https:\/\/inflowed.es\/#\/schema\/logo\/image\/","url":"https:\/\/inflowed.es\/wp-content\/uploads\/2023\/11\/logo-inflowed.png","contentUrl":"https:\/\/inflowed.es\/wp-content\/uploads\/2023\/11\/logo-inflowed.png","width":1032,"height":242,"caption":"Inflowed Spain S.L."},"image":{"@id":"https:\/\/inflowed.es\/#\/schema\/logo\/image\/"}}]}},"_links":{"self":[{"href":"https:\/\/inflowed.es\/ca\/wp-json\/wp\/v2\/product\/4813","targetHints":{"allow":["GET"]}}],"collection":[{"href":"https:\/\/inflowed.es\/ca\/wp-json\/wp\/v2\/product"}],"about":[{"href":"https:\/\/inflowed.es\/ca\/wp-json\/wp\/v2\/types\/product"}],"replies":[{"embeddable":true,"href":"https:\/\/inflowed.es\/ca\/wp-json\/wp\/v2\/comments?post=4813"}],"version-history":[{"count":4,"href":"https:\/\/inflowed.es\/ca\/wp-json\/wp\/v2\/product\/4813\/revisions"}],"predecessor-version":[{"id":4818,"href":"https:\/\/inflowed.es\/ca\/wp-json\/wp\/v2\/product\/4813\/revisions\/4818"}],"wp:featuredmedia":[{"embeddable":true,"href":"https:\/\/inflowed.es\/ca\/wp-json\/wp\/v2\/media\/4814"}],"wp:attachment":[{"href":"https:\/\/inflowed.es\/ca\/wp-json\/wp\/v2\/media?parent=4813"}],"wp:term":[{"taxonomy":"product_brand","embeddable":true,"href":"https:\/\/inflowed.es\/ca\/wp-json\/wp\/v2\/product_brand?post=4813"},{"taxonomy":"product_cat","embeddable":true,"href":"https:\/\/inflowed.es\/ca\/wp-json\/wp\/v2\/product_cat?post=4813"},{"taxonomy":"product_tag","embeddable":true,"href":"https:\/\/inflowed.es\/ca\/wp-json\/wp\/v2\/product_tag?post=4813"}],"curies":[{"name":"wp","href":"https:\/\/api.w.org\/{rel}","templated":true}]}}