{"id":4799,"date":"2024-10-31T14:23:09","date_gmt":"2024-10-31T14:23:09","guid":{"rendered":"https:\/\/inflowed.es\/?post_type=product&#038;p=4799"},"modified":"2024-11-22T15:42:35","modified_gmt":"2024-11-22T15:42:35","slug":"robot-inalambrico-niya-tracker-35","status":"publish","type":"product","link":"https:\/\/inflowed.es\/ca\/producte\/robot-inalambrico-niya-tracker-35","title":{"rendered":"Robot inal\u00e1mbrico Niya Tracker 35"},"content":{"rendered":"<p><img fetchpriority=\"high\" decoding=\"async\" class=\"alignnone wp-image-4800 size-full\" src=\"https:\/\/inflowed.es\/wp-content\/uploads\/2024\/10\/Captura-de-pantalla_31-10-2024_151721_.jpeg\" alt=\"\" width=\"2370\" height=\"998\" srcset=\"https:\/\/inflowed.es\/wp-content\/uploads\/2024\/10\/Captura-de-pantalla_31-10-2024_151721_.jpeg 2370w, https:\/\/inflowed.es\/wp-content\/uploads\/2024\/10\/Captura-de-pantalla_31-10-2024_151721_-300x126.jpeg 300w, https:\/\/inflowed.es\/wp-content\/uploads\/2024\/10\/Captura-de-pantalla_31-10-2024_151721_-1024x431.jpeg 1024w, https:\/\/inflowed.es\/wp-content\/uploads\/2024\/10\/Captura-de-pantalla_31-10-2024_151721_-768x323.jpeg 768w, https:\/\/inflowed.es\/wp-content\/uploads\/2024\/10\/Captura-de-pantalla_31-10-2024_151721_-1536x647.jpeg 1536w, https:\/\/inflowed.es\/wp-content\/uploads\/2024\/10\/Captura-de-pantalla_31-10-2024_151721_-2048x862.jpeg 2048w, https:\/\/inflowed.es\/wp-content\/uploads\/2024\/10\/Captura-de-pantalla_31-10-2024_151721_-18x8.jpeg 18w, https:\/\/inflowed.es\/wp-content\/uploads\/2024\/10\/Captura-de-pantalla_31-10-2024_151721_-600x253.jpeg 600w, https:\/\/inflowed.es\/wp-content\/uploads\/2024\/10\/Captura-de-pantalla_31-10-2024_151721_-150x63.jpeg 150w\" sizes=\"(max-width: 2370px) 100vw, 2370px\" \/><\/p>\n<p>El <strong>Niya Tracker 35<\/strong> es un robot limpiafondos inal\u00e1mbrico que ofrece versatilidad asequible. Con una cobertura completa de la piscina, te permite <strong>limpiar toda tu piscina con solo presionar un bot\u00f3n.<\/strong> Sin Esfuerzo. F\u00e1cil. Eficiente. Sin preocupaciones y sin las molestias del cuidado de la piscina.<\/p>\n<table style=\"border-collapse: collapse; width: 100%; text-align: justify;\">\n<tbody>\n<tr>\n<td style=\"width: 50%;\">\n<h3>Rendimiento de Limpieza<br \/>\nPara un agua cristalina<\/h3>\n<p>El Tracker 35 cepilla y frega la piscina con 2 cepillos activos y 3 motores sin escobillas.<\/td>\n<td style=\"width: 50%;\">\n<h3>Cobertura completa de limpieza<br \/>\nLinea de agua incluida<\/h3>\n<p>2 cepillos activos permiten cepillar en toda la piscina, paredes y l\u00edneas de agua.<\/td>\n<\/tr>\n<tr>\n<td style=\"width: 50%;\">\n<h3>Navegaci\u00f3n impulsada por sonar<br \/>\npara eficiencia energ\u00e9tica<\/h3>\n<p>La tecnolog\u00eda de sonar inteligente impulsa al robot para escanear sistem\u00e1ticamente la piscina, navegando con precisi\u00f3n para lograr la mejor eficiencia energ\u00e9tica<\/td>\n<td style=\"width: 50%;\">\n<h3>Personalizaci\u00f3n del modo de limpieza Para un control total<\/h3>\n<p>Selecciona entre 4 modos de limpieza: ECO, paredes, fondo o est\u00e1ndar para una cobertura completa.<\/td>\n<\/tr>\n<\/tbody>\n<\/table>\n<h2>Tabla comparativa modelos Niya Tracker<\/h2>\n<table class=\"tabla-niya-tracker\" style=\"border-collapse: collapse;\">\n<tbody>\n<tr>\n<td style=\"width: 20%;\"><\/td>\n<td style=\"width: 20%;\"><a href=\"\/ca\/producte\/robot-inalambrico-niya-tracker-25\/\"><img decoding=\"async\" class=\"aligncenter wp-image-4615\" src=\"https:\/\/inflowed.es\/wp-content\/uploads\/2024\/10\/tbl-niya-25-150x150.png\" alt=\"\" width=\"150\" height=\"150\" srcset=\"https:\/\/inflowed.es\/wp-content\/uploads\/2024\/10\/tbl-niya-25-150x150.png 150w, https:\/\/inflowed.es\/wp-content\/uploads\/2024\/10\/tbl-niya-25-300x300.png 300w, https:\/\/inflowed.es\/wp-content\/uploads\/2024\/10\/tbl-niya-25-12x12.png 12w, https:\/\/inflowed.es\/wp-content\/uploads\/2024\/10\/tbl-niya-25-450x450.png 450w, https:\/\/inflowed.es\/wp-content\/uploads\/2024\/10\/tbl-niya-25.png 500w\" sizes=\"(max-width: 150px) 100vw, 150px\" \/><\/a><\/td>\n<td style=\"width: 20%;\"><a href=\"\/ca\/producte\/robot-inalambrico-niya-tracker-35\/\"><img decoding=\"async\" class=\"aligncenter wp-image-4616 size-thumbnail\" src=\"https:\/\/inflowed.es\/wp-content\/uploads\/2024\/10\/tbl-niya-35-150x150.png\" alt=\"\" width=\"150\" height=\"150\" srcset=\"https:\/\/inflowed.es\/wp-content\/uploads\/2024\/10\/tbl-niya-35-150x150.png 150w, https:\/\/inflowed.es\/wp-content\/uploads\/2024\/10\/tbl-niya-35-300x300.png 300w, https:\/\/inflowed.es\/wp-content\/uploads\/2024\/10\/tbl-niya-35-12x12.png 12w, https:\/\/inflowed.es\/wp-content\/uploads\/2024\/10\/tbl-niya-35-450x450.png 450w, https:\/\/inflowed.es\/wp-content\/uploads\/2024\/10\/tbl-niya-35.png 500w\" sizes=\"(max-width: 150px) 100vw, 150px\" \/><\/a><\/td>\n<td style=\"width: 20%;\"><a href=\"\/ca\/producte\/robot-inalambrico-niya-tracker-55\/\"><img loading=\"lazy\" decoding=\"async\" class=\"aligncenter wp-image-4617 size-thumbnail\" src=\"https:\/\/inflowed.es\/wp-content\/uploads\/2024\/10\/tbl-niya-55-150x150.png\" alt=\"\" width=\"150\" height=\"150\" srcset=\"https:\/\/inflowed.es\/wp-content\/uploads\/2024\/10\/tbl-niya-55-150x150.png 150w, https:\/\/inflowed.es\/wp-content\/uploads\/2024\/10\/tbl-niya-55-300x300.png 300w, https:\/\/inflowed.es\/wp-content\/uploads\/2024\/10\/tbl-niya-55-12x12.png 12w, https:\/\/inflowed.es\/wp-content\/uploads\/2024\/10\/tbl-niya-55-450x450.png 450w, https:\/\/inflowed.es\/wp-content\/uploads\/2024\/10\/tbl-niya-55.png 500w\" sizes=\"(max-width: 150px) 100vw, 150px\" \/><\/a><\/td>\n<td style=\"width: 20%;\"><a href=\"\/ca\/producte\/robot-inalambrico-niya-tracker-75\/\"><img loading=\"lazy\" decoding=\"async\" class=\"aligncenter wp-image-4618 size-thumbnail\" src=\"https:\/\/inflowed.es\/wp-content\/uploads\/2024\/10\/tbl-niya-75-150x150.png\" alt=\"\" width=\"150\" height=\"150\" srcset=\"https:\/\/inflowed.es\/wp-content\/uploads\/2024\/10\/tbl-niya-75-150x150.png 150w, https:\/\/inflowed.es\/wp-content\/uploads\/2024\/10\/tbl-niya-75-300x300.png 300w, https:\/\/inflowed.es\/wp-content\/uploads\/2024\/10\/tbl-niya-75-12x12.png 12w, https:\/\/inflowed.es\/wp-content\/uploads\/2024\/10\/tbl-niya-75-450x450.png 450w, https:\/\/inflowed.es\/wp-content\/uploads\/2024\/10\/tbl-niya-75.png 500w\" sizes=\"(max-width: 150px) 100vw, 150px\" \/><\/a><\/td>\n<\/tr>\n<tr>\n<td style=\"width: 20%;\"><\/td>\n<td style=\"width: 20%;\">\n<p style=\"text-align: center;\"><a href=\"\/ca\/producte\/robot-inalambrico-niya-tracker-25\/\"><span style=\"color: #038f95; font-size: 18px;\"><strong>Niya <\/strong>Tracker 25<\/span><\/a><\/p>\n<\/td>\n<td style=\"width: 20%;\">\n<p style=\"text-align: center;\"><a href=\"\/ca\/producte\/robot-inalambrico-niya-tracker-35\/\"><span style=\"color: #038f95; font-size: 18px;\"><strong>Niya<\/strong> Tracker 35<\/span><\/a><\/p>\n<\/td>\n<td style=\"width: 20%;\">\n<p style=\"text-align: center;\"><a href=\"\/ca\/producte\/robot-inalambrico-niya-tracker-55\/\"><span style=\"color: #038f95; font-size: 18px;\"><strong>Niya<\/strong> Tracker 55<\/span><\/a><\/p>\n<\/td>\n<td style=\"width: 20%;\">\n<p style=\"text-align: center;\"><a href=\"\/ca\/producte\/robot-inalambrico-niya-tracker-75\/\"><span style=\"color: #038f95; font-size: 18px;\"><strong>Niya <\/strong>Tracker 75<\/span><\/a><\/p>\n<\/td>\n<\/tr>\n<tr>\n<td style=\"width: 20%; text-align: left;\"><strong>Longitud de la piscina<\/strong><\/td>\n<td style=\"width: 20%; text-align: left;\">Hasta 8 m<\/td>\n<td style=\"width: 20%; text-align: left;\">Hasta 12 m<\/td>\n<td style=\"width: 20%; text-align: left;\">Hasta 12 m<\/td>\n<td style=\"width: 20%; text-align: left;\">Hasta 15 m<\/td>\n<\/tr>\n<tr>\n<td style=\"width: 20%;\"><strong>Peso<\/strong><\/td>\n<td style=\"width: 20%; text-align: left;\">8 Kg<\/td>\n<td style=\"width: 20%; text-align: left;\">8,7 Kg<\/td>\n<td style=\"width: 20%; text-align: left;\">9 Kg<\/td>\n<td style=\"width: 20%; text-align: left;\">9,7 Kg<\/td>\n<\/tr>\n<tr>\n<td style=\"width: 20%;\"><strong>Tipos de Piscinas<\/strong><\/td>\n<td style=\"width: 20%; text-align: left;\">Elevada\/Enterrada F\u00e1cil<\/td>\n<td style=\"width: 20%; text-align: left;\">Elevada\/Enterrada F\u00e1cil<\/td>\n<td style=\"width: 20%; text-align: left;\">Enterrada<\/td>\n<td style=\"width: 20%; text-align: left;\">Enterrada<\/td>\n<\/tr>\n<tr>\n<td style=\"width: 20%;\"><strong>Funcionamiento<\/strong><\/td>\n<td style=\"width: 20%; text-align: left;\">Hasta 1,5 h<\/td>\n<td style=\"width: 20%; text-align: left;\">Hasta 2,5 h &#8211; cobertura total<\/td>\n<td style=\"width: 20%; text-align: left;\">Hasta 2,5 h &#8211; cobertura total<\/td>\n<td style=\"width: 20%; text-align: left;\">Hasta 3 h &#8211; cobertura total<\/td>\n<\/tr>\n<tr>\n<td style=\"width: 20%;\"><strong>Tiempo de Carga<\/strong><\/td>\n<td style=\"width: 20%; text-align: left;\">4 h<\/td>\n<td style=\"width: 20%; text-align: left;\">2,5 h<\/td>\n<td style=\"width: 20%; text-align: left;\">2,5 h<\/td>\n<td style=\"width: 20%; text-align: left;\">4 h<\/td>\n<\/tr>\n<tr>\n<td style=\"width: 20%;\"><strong>Navegaci\u00f3n Sonar<\/strong><\/td>\n<td style=\"width: 20%; text-align: left;\">S\u00ed<\/td>\n<td style=\"width: 20%; text-align: left;\">S\u00ed<\/td>\n<td style=\"width: 20%; text-align: left;\">S\u00ed<\/td>\n<td style=\"width: 20%; text-align: left;\">S\u00ed<\/td>\n<\/tr>\n<tr>\n<td style=\"width: 20%;\"><strong>App<\/strong><\/td>\n<td style=\"width: 20%; text-align: left;\">Actualizaci\u00f3n de SW solamente<\/td>\n<td style=\"width: 20%; text-align: left;\">Actualizaci\u00f3n de SW solamente<\/td>\n<td style=\"width: 20%; text-align: left;\">S\u00ed<\/td>\n<td style=\"width: 20%; text-align: left;\">S\u00ed<\/td>\n<\/tr>\n<tr>\n<td style=\"width: 20%;\"><strong>Cepillos<\/strong><\/td>\n<td style=\"width: 20%; text-align: left;\">&#8211;<\/td>\n<td style=\"width: 20%; text-align: left;\">2 Activos<\/td>\n<td style=\"width: 20%; text-align: left;\">2 Activos<\/td>\n<td style=\"width: 20%; text-align: left;\">2 Activos<\/td>\n<\/tr>\n<tr>\n<td style=\"width: 20%;\"><strong>Modos de limpieza<\/strong><\/td>\n<td style=\"width: 20%; text-align: left;\">2<br \/>\n(ECO \/ Solo suelo)<\/td>\n<td style=\"width: 20%; text-align: left;\">4<br \/>\n(ECO \/ Est\u00e1ndar \/ Solo fondo \/ Solo pared)<\/td>\n<td style=\"width: 20%; text-align: left;\">4<br \/>\n(ECO \/ Est\u00e1ndar \/ Solo fondo \/ Solo pared)<\/td>\n<td style=\"width: 20%; text-align: left;\">5<br \/>\n(ECO \/ Est\u00e1ndar \/ Solo fondo \/ L\u00ednea de agua)<\/td>\n<\/tr>\n<tr>\n<td style=\"width: 20%;\"><strong>Densidad Filtro<\/strong><\/td>\n<td style=\"width: 20%; text-align: left;\">Cesta filtro fino &#8211; 150 \u00b5m<\/td>\n<td style=\"width: 20%; text-align: left;\">Cesta filtro fino &#8211; 150 \u00b5m<\/td>\n<td style=\"width: 20%; text-align: left;\">Cesta filtro fino &#8211; 150 \u00b5m<\/td>\n<td style=\"width: 20%; text-align: left;\">Cesto filtro fino (150 \u00b5m) + esponja filtrante<\/td>\n<\/tr>\n<tr>\n<td style=\"width: 20%;\"><strong>Tama\u00f1o de Filtro<\/strong><\/td>\n<td style=\"width: 20%; text-align: left;\">2 L<\/td>\n<td style=\"width: 20%; text-align: left;\">1,6 L<\/td>\n<td style=\"width: 20%; text-align: left;\">3,2 L<\/td>\n<td style=\"width: 20%; text-align: left;\">3,2 L<\/td>\n<\/tr>\n<tr>\n<td style=\"width: 20%;\"><strong>N\u00ba de Motores (tracci\u00f3n \/ succi\u00f3n)<\/strong><\/td>\n<td style=\"width: 20%; text-align: left;\">2\/1 Sin escobillas<\/td>\n<td style=\"width: 20%; text-align: left;\">2\/1 Sin escobillas<\/td>\n<td style=\"width: 20%; text-align: left;\">2\/1 Sin escobillas<\/td>\n<td style=\"width: 20%; text-align: left;\">2\/2 Sin escobillas<\/td>\n<\/tr>\n<tr>\n<td style=\"width: 20%;\"><strong>Capacidad Bater\u00eda<\/strong><\/td>\n<td style=\"width: 20%; text-align: left;\">7800 mAh<\/td>\n<td style=\"width: 20%; text-align: left;\">7800 mAh<\/td>\n<td style=\"width: 20%; text-align: left;\">7800 mAh<\/td>\n<td style=\"width: 20%; text-align: left;\">10400 mAh<\/td>\n<\/tr>\n<tr>\n<td style=\"width: 20%; text-align: left;\"><strong>Bater\u00eda Reemplazable<\/strong><\/td>\n<td style=\"width: 20%; text-align: left;\">&#8211;<\/td>\n<td style=\"width: 20%; text-align: left;\">S\u00ed<\/td>\n<td style=\"width: 20%; text-align: left;\">S\u00ed<\/td>\n<td style=\"width: 20%; text-align: left;\">S\u00ed<\/td>\n<\/tr>\n<\/tbody>\n<\/table>","protected":false},"excerpt":{"rendered":"<ul>\n<li>Robot\u00a0<strong>inal\u00e1mbrico<\/strong>\u00a0de \u00faltima generaci\u00f3n.<\/li>\n<li>Limpieza de <strong>fondo y paredes.<\/strong><\/li>\n<li>Para piscinas de\u00a0<strong>hasta 12 m.<\/strong><\/li>\n<li><strong>4 modos de limpieza:<\/strong>\n<ul>\n<li>ECO | Est\u00e1ndar | Solo fondo | Solo pared<\/li>\n<\/ul>\n<\/li>\n<li><strong>Filtro fino 150 \u00b5m .<\/strong><\/li>\n<li>Funcionamiento\u00a0<strong>hasta 2,5 h. <\/strong>Cobertura total.<\/li>\n<li>Tiempo de\u00a0<strong>carga 2,5 h.<\/strong><\/li>\n<\/ul>","protected":false},"featured_media":4790,"comment_status":"open","ping_status":"closed","template":"","meta":[],"product_brand":[],"product_cat":[91],"product_tag":[],"class_list":{"0":"post-4799","1":"product","2":"type-product","3":"status-publish","4":"has-post-thumbnail","6":"product_cat-limpiafondos-de-bateria","8":"first","9":"onbackorder","10":"taxable","11":"shipping-taxable","12":"product-type-simple"},"yoast_head":"<!-- This site is optimized with the Yoast SEO plugin v27.2 - https:\/\/yoast.com\/product\/yoast-seo-wordpress\/ -->\n<title>Robot inal\u00e1mbrico Niya Tracker 35 &#8211; INFLOWED<\/title>\n<meta name=\"robots\" content=\"index, follow, max-snippet:-1, max-image-preview:large, max-video-preview:-1\" \/>\n<link rel=\"canonical\" href=\"https:\/\/inflowed.es\/ca\/producte\/robot-inalambrico-niya-tracker-35\/\" \/>\n<meta property=\"og:locale\" content=\"ca_ES\" \/>\n<meta property=\"og:type\" content=\"article\" \/>\n<meta property=\"og:title\" content=\"Robot inal\u00e1mbrico Niya Tracker 35 &#8211; INFLOWED\" \/>\n<meta property=\"og:description\" content=\"Robot\u00a0inal\u00e1mbrico\u00a0de \u00faltima generaci\u00f3n.  Limpieza de fondo y paredes.  Para piscinas de\u00a0hasta 12 m.  4 modos de limpieza:   ECO | Est\u00e1ndar | Solo fondo | Solo pared    Filtro fino 150 \u00b5m .  Funcionamiento\u00a0hasta 2,5 h. Cobertura total.  Tiempo de\u00a0carga 2,5 h.\" \/>\n<meta property=\"og:url\" content=\"https:\/\/inflowed.es\/ca\/producte\/robot-inalambrico-niya-tracker-35\/\" \/>\n<meta property=\"og:site_name\" content=\"INFLOWED\" \/>\n<meta property=\"article:modified_time\" content=\"2024-11-22T15:42:35+00:00\" \/>\n<meta property=\"og:image\" content=\"https:\/\/inflowed.es\/wp-content\/uploads\/2024\/10\/niya-tracker-35.jpg\" \/>\n\t<meta property=\"og:image:width\" content=\"1000\" \/>\n\t<meta property=\"og:image:height\" content=\"1000\" \/>\n\t<meta property=\"og:image:type\" content=\"image\/jpeg\" \/>\n<meta name=\"twitter:card\" content=\"summary_large_image\" \/>\n<meta name=\"twitter:label1\" content=\"Temps estimat de lectura\" \/>\n\t<meta name=\"twitter:data1\" content=\"3 minuts\" \/>\n<script type=\"application\/ld+json\" class=\"yoast-schema-graph\">{\"@context\":\"https:\/\/schema.org\",\"@graph\":[{\"@type\":\"WebPage\",\"@id\":\"https:\/\/inflowed.es\/producto\/robot-inalambrico-niya-tracker-35\",\"url\":\"https:\/\/inflowed.es\/producto\/robot-inalambrico-niya-tracker-35\",\"name\":\"Robot inal\u00e1mbrico Niya Tracker 35 &#8211; INFLOWED\",\"isPartOf\":{\"@id\":\"https:\/\/inflowed.es\/#website\"},\"primaryImageOfPage\":{\"@id\":\"https:\/\/inflowed.es\/producto\/robot-inalambrico-niya-tracker-35#primaryimage\"},\"image\":{\"@id\":\"https:\/\/inflowed.es\/producto\/robot-inalambrico-niya-tracker-35#primaryimage\"},\"thumbnailUrl\":\"https:\/\/inflowed.es\/wp-content\/uploads\/2024\/10\/niya-tracker-35.jpg\",\"datePublished\":\"2024-10-31T14:23:09+00:00\",\"dateModified\":\"2024-11-22T15:42:35+00:00\",\"breadcrumb\":{\"@id\":\"https:\/\/inflowed.es\/producto\/robot-inalambrico-niya-tracker-35#breadcrumb\"},\"inLanguage\":\"ca\",\"potentialAction\":[{\"@type\":\"ReadAction\",\"target\":[\"https:\/\/inflowed.es\/producto\/robot-inalambrico-niya-tracker-35\"]}]},{\"@type\":\"ImageObject\",\"inLanguage\":\"ca\",\"@id\":\"https:\/\/inflowed.es\/producto\/robot-inalambrico-niya-tracker-35#primaryimage\",\"url\":\"https:\/\/inflowed.es\/wp-content\/uploads\/2024\/10\/niya-tracker-35.jpg\",\"contentUrl\":\"https:\/\/inflowed.es\/wp-content\/uploads\/2024\/10\/niya-tracker-35.jpg\",\"width\":1000,\"height\":1000},{\"@type\":\"BreadcrumbList\",\"@id\":\"https:\/\/inflowed.es\/producto\/robot-inalambrico-niya-tracker-35#breadcrumb\",\"itemListElement\":[{\"@type\":\"ListItem\",\"position\":1,\"name\":\"Portada\",\"item\":\"https:\/\/inflowed.es\/\"},{\"@type\":\"ListItem\",\"position\":2,\"name\":\"Cat\u00e1logo de productos\",\"item\":\"https:\/\/inflowed.es\/catalogo-de-productos\"},{\"@type\":\"ListItem\",\"position\":3,\"name\":\"Robot inal\u00e1mbrico Niya Tracker 35\"}]},{\"@type\":\"WebSite\",\"@id\":\"https:\/\/inflowed.es\/#website\",\"url\":\"https:\/\/inflowed.es\/\",\"name\":\"INFLOWED\",\"description\":\"Distribuci&oacute;n mayorista de art&iacute;culos para piscinas\",\"publisher\":{\"@id\":\"https:\/\/inflowed.es\/#organization\"},\"potentialAction\":[{\"@type\":\"SearchAction\",\"target\":{\"@type\":\"EntryPoint\",\"urlTemplate\":\"https:\/\/inflowed.es\/?s={search_term_string}\"},\"query-input\":{\"@type\":\"PropertyValueSpecification\",\"valueRequired\":true,\"valueName\":\"search_term_string\"}}],\"inLanguage\":\"ca\"},{\"@type\":\"Organization\",\"@id\":\"https:\/\/inflowed.es\/#organization\",\"name\":\"Inflowed Spain S.L.\",\"url\":\"https:\/\/inflowed.es\/\",\"logo\":{\"@type\":\"ImageObject\",\"inLanguage\":\"ca\",\"@id\":\"https:\/\/inflowed.es\/#\/schema\/logo\/image\/\",\"url\":\"https:\/\/inflowed.es\/wp-content\/uploads\/2023\/11\/logo-inflowed.png\",\"contentUrl\":\"https:\/\/inflowed.es\/wp-content\/uploads\/2023\/11\/logo-inflowed.png\",\"width\":1032,\"height\":242,\"caption\":\"Inflowed Spain S.L.\"},\"image\":{\"@id\":\"https:\/\/inflowed.es\/#\/schema\/logo\/image\/\"}}]}<\/script>\n<!-- \/ Yoast SEO plugin. -->","yoast_head_json":{"title":"Robot inal\u00e1mbrico Niya Tracker 35 &#8211; INFLOWED","robots":{"index":"index","follow":"follow","max-snippet":"max-snippet:-1","max-image-preview":"max-image-preview:large","max-video-preview":"max-video-preview:-1"},"canonical":"https:\/\/inflowed.es\/ca\/producte\/robot-inalambrico-niya-tracker-35\/","og_locale":"ca_ES","og_type":"article","og_title":"Robot inal\u00e1mbrico Niya Tracker 35 &#8211; INFLOWED","og_description":"Robot\u00a0inal\u00e1mbrico\u00a0de \u00faltima generaci\u00f3n.  Limpieza de fondo y paredes.  Para piscinas de\u00a0hasta 12 m.  4 modos de limpieza:   ECO | Est\u00e1ndar | Solo fondo | Solo pared    Filtro fino 150 \u00b5m .  Funcionamiento\u00a0hasta 2,5 h. Cobertura total.  Tiempo de\u00a0carga 2,5 h.","og_url":"https:\/\/inflowed.es\/ca\/producte\/robot-inalambrico-niya-tracker-35\/","og_site_name":"INFLOWED","article_modified_time":"2024-11-22T15:42:35+00:00","og_image":[{"width":1000,"height":1000,"url":"https:\/\/inflowed.es\/wp-content\/uploads\/2024\/10\/niya-tracker-35.jpg","type":"image\/jpeg"}],"twitter_card":"summary_large_image","twitter_misc":{"Temps estimat de lectura":"3 minuts"},"schema":{"@context":"https:\/\/schema.org","@graph":[{"@type":"WebPage","@id":"https:\/\/inflowed.es\/producto\/robot-inalambrico-niya-tracker-35","url":"https:\/\/inflowed.es\/producto\/robot-inalambrico-niya-tracker-35","name":"Robot inal\u00e1mbrico Niya Tracker 35 &#8211; INFLOWED","isPartOf":{"@id":"https:\/\/inflowed.es\/#website"},"primaryImageOfPage":{"@id":"https:\/\/inflowed.es\/producto\/robot-inalambrico-niya-tracker-35#primaryimage"},"image":{"@id":"https:\/\/inflowed.es\/producto\/robot-inalambrico-niya-tracker-35#primaryimage"},"thumbnailUrl":"https:\/\/inflowed.es\/wp-content\/uploads\/2024\/10\/niya-tracker-35.jpg","datePublished":"2024-10-31T14:23:09+00:00","dateModified":"2024-11-22T15:42:35+00:00","breadcrumb":{"@id":"https:\/\/inflowed.es\/producto\/robot-inalambrico-niya-tracker-35#breadcrumb"},"inLanguage":"ca","potentialAction":[{"@type":"ReadAction","target":["https:\/\/inflowed.es\/producto\/robot-inalambrico-niya-tracker-35"]}]},{"@type":"ImageObject","inLanguage":"ca","@id":"https:\/\/inflowed.es\/producto\/robot-inalambrico-niya-tracker-35#primaryimage","url":"https:\/\/inflowed.es\/wp-content\/uploads\/2024\/10\/niya-tracker-35.jpg","contentUrl":"https:\/\/inflowed.es\/wp-content\/uploads\/2024\/10\/niya-tracker-35.jpg","width":1000,"height":1000},{"@type":"BreadcrumbList","@id":"https:\/\/inflowed.es\/producto\/robot-inalambrico-niya-tracker-35#breadcrumb","itemListElement":[{"@type":"ListItem","position":1,"name":"Portada","item":"https:\/\/inflowed.es\/"},{"@type":"ListItem","position":2,"name":"Cat\u00e1logo de productos","item":"https:\/\/inflowed.es\/catalogo-de-productos"},{"@type":"ListItem","position":3,"name":"Robot inal\u00e1mbrico Niya Tracker 35"}]},{"@type":"WebSite","@id":"https:\/\/inflowed.es\/#website","url":"https:\/\/inflowed.es\/","name":"INFLOWED","description":"Distribuci&oacute;n mayorista de art&iacute;culos para piscinas","publisher":{"@id":"https:\/\/inflowed.es\/#organization"},"potentialAction":[{"@type":"SearchAction","target":{"@type":"EntryPoint","urlTemplate":"https:\/\/inflowed.es\/?s={search_term_string}"},"query-input":{"@type":"PropertyValueSpecification","valueRequired":true,"valueName":"search_term_string"}}],"inLanguage":"ca"},{"@type":"Organization","@id":"https:\/\/inflowed.es\/#organization","name":"Inflowed Spain S.L.","url":"https:\/\/inflowed.es\/","logo":{"@type":"ImageObject","inLanguage":"ca","@id":"https:\/\/inflowed.es\/#\/schema\/logo\/image\/","url":"https:\/\/inflowed.es\/wp-content\/uploads\/2023\/11\/logo-inflowed.png","contentUrl":"https:\/\/inflowed.es\/wp-content\/uploads\/2023\/11\/logo-inflowed.png","width":1032,"height":242,"caption":"Inflowed Spain S.L."},"image":{"@id":"https:\/\/inflowed.es\/#\/schema\/logo\/image\/"}}]}},"_links":{"self":[{"href":"https:\/\/inflowed.es\/ca\/wp-json\/wp\/v2\/product\/4799","targetHints":{"allow":["GET"]}}],"collection":[{"href":"https:\/\/inflowed.es\/ca\/wp-json\/wp\/v2\/product"}],"about":[{"href":"https:\/\/inflowed.es\/ca\/wp-json\/wp\/v2\/types\/product"}],"replies":[{"embeddable":true,"href":"https:\/\/inflowed.es\/ca\/wp-json\/wp\/v2\/comments?post=4799"}],"version-history":[{"count":8,"href":"https:\/\/inflowed.es\/ca\/wp-json\/wp\/v2\/product\/4799\/revisions"}],"predecessor-version":[{"id":4828,"href":"https:\/\/inflowed.es\/ca\/wp-json\/wp\/v2\/product\/4799\/revisions\/4828"}],"wp:featuredmedia":[{"embeddable":true,"href":"https:\/\/inflowed.es\/ca\/wp-json\/wp\/v2\/media\/4790"}],"wp:attachment":[{"href":"https:\/\/inflowed.es\/ca\/wp-json\/wp\/v2\/media?parent=4799"}],"wp:term":[{"taxonomy":"product_brand","embeddable":true,"href":"https:\/\/inflowed.es\/ca\/wp-json\/wp\/v2\/product_brand?post=4799"},{"taxonomy":"product_cat","embeddable":true,"href":"https:\/\/inflowed.es\/ca\/wp-json\/wp\/v2\/product_cat?post=4799"},{"taxonomy":"product_tag","embeddable":true,"href":"https:\/\/inflowed.es\/ca\/wp-json\/wp\/v2\/product_tag?post=4799"}],"curies":[{"name":"wp","href":"https:\/\/api.w.org\/{rel}","templated":true}]}}