{"id":4402,"date":"2024-07-15T15:12:58","date_gmt":"2024-07-15T15:12:58","guid":{"rendered":"https:\/\/inflowed.es\/?post_type=product&#038;p=4402"},"modified":"2024-07-15T15:17:36","modified_gmt":"2024-07-15T15:17:36","slug":"manual-bsv-touch-evo-link","status":"publish","type":"product","link":"https:\/\/inflowed.es\/ca\/producte\/manual-bsv-touch-evo-link","title":{"rendered":"Manual BSV Touch EVO Link"},"content":{"rendered":"<h2>Contenidos<\/h2>\n<p>DESCRIPCI\u00d3N GENERAL<br \/>\nEquipo de cloraci\u00f3n salina TOUCHEVOLINK<br \/>\nGama de equipos<br \/>\nCaracter\u00edsticas t\u00e9cnicas<br \/>\nRecomendaciones y advertencias de seguridad<br \/>\nPREPARACI\u00d3N DE LA PISCINA<br \/>\nIncorporaci\u00f3n de sal en el agua<br \/>\nEquilibrio qu\u00edmico del agua<br \/>\nINSTALACI\u00d3N DEL EQUIPO<br \/>\nConsideraciones generales:<br \/>\nEsquema de conexionado hidr\u00e1ulico<br \/>\nEquipos de la serie TOUCHEVOLINK<br \/>\nKit AUTO<br \/>\nKit ADVANCED<br \/>\nKit PRO\/2<br \/>\nKit sonda NTC<br \/>\nLectura de concentraci\u00f3n de sal<br \/>\nAviso crom\u00e1tico del estado del equipo<br \/>\nEsquema de conexionado el\u00e9ctrico<br \/>\nControl paro-marcha<br \/>\nProgramaci\u00f3n de los focos<br \/>\nControl de la filtraci\u00f3n a trav\u00e9s de los rel\u00e9s programables<br \/>\nPUESTA EN MARCHA Y AJUSTES<br \/>\nMEN\u00daS USUARIO TOUCHEVOLINK<br \/>\nOperaci\u00f3n<br \/>\nPantalla principal<br \/>\nMen\u00fa Rel\u00e9s<br \/>\nMen\u00fa Configuraci\u00f3n<br \/>\nConfiguraci\u00f3n avanzada<br \/>\nMensajes de avisos y alarmas<br \/>\nVida de la c\u00e9lula de electrolisis<br \/>\nDOMOPOOLS<br \/>\nConsideraciones generales<br \/>\nInstalaci\u00f3n<br \/>\nMANTENIMIENTO<br \/>\nLimpieza de la c\u00e9lula de electrolisis<br \/>\nComprobaci\u00f3n y mantenimiento de la sonda REDOX<br \/>\nComprobaci\u00f3n y mantenimiento de la sonda pH<br \/>\nGARANT\u00cdA Y SERVICIO<\/p>","protected":false},"excerpt":{"rendered":"<ul>\n<li>Manual\u00a0<strong>oficial<\/strong>\u00a0y actualizado.<\/li>\n<li>V\u00e1lido para equipos:\n<ul>\n<li><b>Touch EVO Link<\/b><\/li>\n<\/ul>\n<\/li>\n<li>Manual en\u00a0<strong>Espa\u00f1ol<\/strong>\u00a0e\u00a0<strong>Ingl\u00e9s.<\/strong><\/li>\n<\/ul>\n<p><a href=\"https:\/\/inflowed.es\/wp-content\/uploads\/2024\/07\/Manual-TOUCHEVOLINK-REV.2.pdf\">Manual BSV Touch EVO Link<\/a><\/p>","protected":false},"featured_media":4403,"comment_status":"closed","ping_status":"closed","template":"","meta":[],"product_brand":[],"product_cat":[179],"product_tag":[],"class_list":{"0":"post-4402","1":"product","2":"type-product","3":"status-publish","4":"has-post-thumbnail","6":"product_cat-manuales","8":"first","9":"instock","10":"taxable","11":"shipping-taxable","12":"product-type-simple"},"yoast_head":"<!-- This site is optimized with the Yoast SEO plugin v27.2 - https:\/\/yoast.com\/product\/yoast-seo-wordpress\/ -->\n<title>Manual BSV Touch EVO Link &#8211; INFLOWED<\/title>\n<meta name=\"description\" content=\"Manual de cloradores salinos BSV Touch EVO Link. Consulta el manual oficial a trav\u00e9s del distribuidor oficial INFLOWED. Servicio t\u00e9cnico oficial.\" \/>\n<meta name=\"robots\" content=\"index, follow, max-snippet:-1, max-image-preview:large, max-video-preview:-1\" \/>\n<link rel=\"canonical\" href=\"https:\/\/inflowed.es\/ca\/producte\/manual-bsv-touch-evo-link\/\" \/>\n<meta property=\"og:locale\" content=\"ca_ES\" \/>\n<meta property=\"og:type\" content=\"article\" \/>\n<meta property=\"og:title\" content=\"Manual BSV Touch EVO Link &#8211; INFLOWED\" \/>\n<meta property=\"og:description\" content=\"Manual de cloradores salinos BSV Touch EVO Link. Consulta el manual oficial a trav\u00e9s del distribuidor oficial INFLOWED. Servicio t\u00e9cnico oficial.\" \/>\n<meta property=\"og:url\" content=\"https:\/\/inflowed.es\/ca\/producte\/manual-bsv-touch-evo-link\/\" \/>\n<meta property=\"og:site_name\" content=\"INFLOWED\" \/>\n<meta property=\"article:modified_time\" content=\"2024-07-15T15:17:36+00:00\" \/>\n<meta property=\"og:image\" content=\"https:\/\/inflowed.es\/wp-content\/uploads\/2024\/07\/manual-bsv-touch-evo-link.jpg\" \/>\n\t<meta property=\"og:image:width\" content=\"567\" \/>\n\t<meta property=\"og:image:height\" content=\"799\" \/>\n\t<meta property=\"og:image:type\" content=\"image\/jpeg\" \/>\n<meta name=\"twitter:card\" content=\"summary_large_image\" \/>\n<meta name=\"twitter:label1\" content=\"Temps estimat de lectura\" \/>\n\t<meta name=\"twitter:data1\" content=\"1 minut\" \/>\n<script type=\"application\/ld+json\" class=\"yoast-schema-graph\">{\"@context\":\"https:\/\/schema.org\",\"@graph\":[{\"@type\":\"WebPage\",\"@id\":\"https:\/\/inflowed.es\/producto\/manual-bsv-touch-evo-link\",\"url\":\"https:\/\/inflowed.es\/producto\/manual-bsv-touch-evo-link\",\"name\":\"Manual BSV Touch EVO Link &#8211; INFLOWED\",\"isPartOf\":{\"@id\":\"https:\/\/inflowed.es\/#website\"},\"primaryImageOfPage\":{\"@id\":\"https:\/\/inflowed.es\/producto\/manual-bsv-touch-evo-link#primaryimage\"},\"image\":{\"@id\":\"https:\/\/inflowed.es\/producto\/manual-bsv-touch-evo-link#primaryimage\"},\"thumbnailUrl\":\"https:\/\/inflowed.es\/wp-content\/uploads\/2024\/07\/manual-bsv-touch-evo-link.jpg\",\"datePublished\":\"2024-07-15T15:12:58+00:00\",\"dateModified\":\"2024-07-15T15:17:36+00:00\",\"description\":\"Manual de cloradores salinos BSV Touch EVO Link. Consulta el manual oficial a trav\u00e9s del distribuidor oficial INFLOWED. Servicio t\u00e9cnico oficial.\",\"breadcrumb\":{\"@id\":\"https:\/\/inflowed.es\/producto\/manual-bsv-touch-evo-link#breadcrumb\"},\"inLanguage\":\"ca\",\"potentialAction\":[{\"@type\":\"ReadAction\",\"target\":[\"https:\/\/inflowed.es\/producto\/manual-bsv-touch-evo-link\"]}]},{\"@type\":\"ImageObject\",\"inLanguage\":\"ca\",\"@id\":\"https:\/\/inflowed.es\/producto\/manual-bsv-touch-evo-link#primaryimage\",\"url\":\"https:\/\/inflowed.es\/wp-content\/uploads\/2024\/07\/manual-bsv-touch-evo-link.jpg\",\"contentUrl\":\"https:\/\/inflowed.es\/wp-content\/uploads\/2024\/07\/manual-bsv-touch-evo-link.jpg\",\"width\":567,\"height\":799},{\"@type\":\"BreadcrumbList\",\"@id\":\"https:\/\/inflowed.es\/producto\/manual-bsv-touch-evo-link#breadcrumb\",\"itemListElement\":[{\"@type\":\"ListItem\",\"position\":1,\"name\":\"Portada\",\"item\":\"https:\/\/inflowed.es\/\"},{\"@type\":\"ListItem\",\"position\":2,\"name\":\"Cat\u00e1logo de productos\",\"item\":\"https:\/\/inflowed.es\/catalogo-de-productos\"},{\"@type\":\"ListItem\",\"position\":3,\"name\":\"Manual BSV Touch EVO Link\"}]},{\"@type\":\"WebSite\",\"@id\":\"https:\/\/inflowed.es\/#website\",\"url\":\"https:\/\/inflowed.es\/\",\"name\":\"INFLOWED\",\"description\":\"Distribuci&oacute;n mayorista de art&iacute;culos para piscinas\",\"publisher\":{\"@id\":\"https:\/\/inflowed.es\/#organization\"},\"potentialAction\":[{\"@type\":\"SearchAction\",\"target\":{\"@type\":\"EntryPoint\",\"urlTemplate\":\"https:\/\/inflowed.es\/?s={search_term_string}\"},\"query-input\":{\"@type\":\"PropertyValueSpecification\",\"valueRequired\":true,\"valueName\":\"search_term_string\"}}],\"inLanguage\":\"ca\"},{\"@type\":\"Organization\",\"@id\":\"https:\/\/inflowed.es\/#organization\",\"name\":\"Inflowed Spain S.L.\",\"url\":\"https:\/\/inflowed.es\/\",\"logo\":{\"@type\":\"ImageObject\",\"inLanguage\":\"ca\",\"@id\":\"https:\/\/inflowed.es\/#\/schema\/logo\/image\/\",\"url\":\"https:\/\/inflowed.es\/wp-content\/uploads\/2023\/11\/logo-inflowed.png\",\"contentUrl\":\"https:\/\/inflowed.es\/wp-content\/uploads\/2023\/11\/logo-inflowed.png\",\"width\":1032,\"height\":242,\"caption\":\"Inflowed Spain S.L.\"},\"image\":{\"@id\":\"https:\/\/inflowed.es\/#\/schema\/logo\/image\/\"}}]}<\/script>\n<!-- \/ Yoast SEO plugin. -->","yoast_head_json":{"title":"Manual BSV Touch EVO Link &#8211; INFLOWED","description":"Manual de cloradores salinos BSV Touch EVO Link. Consulta el manual oficial a trav\u00e9s del distribuidor oficial INFLOWED. Servicio t\u00e9cnico oficial.","robots":{"index":"index","follow":"follow","max-snippet":"max-snippet:-1","max-image-preview":"max-image-preview:large","max-video-preview":"max-video-preview:-1"},"canonical":"https:\/\/inflowed.es\/ca\/producte\/manual-bsv-touch-evo-link\/","og_locale":"ca_ES","og_type":"article","og_title":"Manual BSV Touch EVO Link &#8211; INFLOWED","og_description":"Manual de cloradores salinos BSV Touch EVO Link. Consulta el manual oficial a trav\u00e9s del distribuidor oficial INFLOWED. Servicio t\u00e9cnico oficial.","og_url":"https:\/\/inflowed.es\/ca\/producte\/manual-bsv-touch-evo-link\/","og_site_name":"INFLOWED","article_modified_time":"2024-07-15T15:17:36+00:00","og_image":[{"width":567,"height":799,"url":"https:\/\/inflowed.es\/wp-content\/uploads\/2024\/07\/manual-bsv-touch-evo-link.jpg","type":"image\/jpeg"}],"twitter_card":"summary_large_image","twitter_misc":{"Temps estimat de lectura":"1 minut"},"schema":{"@context":"https:\/\/schema.org","@graph":[{"@type":"WebPage","@id":"https:\/\/inflowed.es\/producto\/manual-bsv-touch-evo-link","url":"https:\/\/inflowed.es\/producto\/manual-bsv-touch-evo-link","name":"Manual BSV Touch EVO Link &#8211; INFLOWED","isPartOf":{"@id":"https:\/\/inflowed.es\/#website"},"primaryImageOfPage":{"@id":"https:\/\/inflowed.es\/producto\/manual-bsv-touch-evo-link#primaryimage"},"image":{"@id":"https:\/\/inflowed.es\/producto\/manual-bsv-touch-evo-link#primaryimage"},"thumbnailUrl":"https:\/\/inflowed.es\/wp-content\/uploads\/2024\/07\/manual-bsv-touch-evo-link.jpg","datePublished":"2024-07-15T15:12:58+00:00","dateModified":"2024-07-15T15:17:36+00:00","description":"Manual de cloradores salinos BSV Touch EVO Link. Consulta el manual oficial a trav\u00e9s del distribuidor oficial INFLOWED. Servicio t\u00e9cnico oficial.","breadcrumb":{"@id":"https:\/\/inflowed.es\/producto\/manual-bsv-touch-evo-link#breadcrumb"},"inLanguage":"ca","potentialAction":[{"@type":"ReadAction","target":["https:\/\/inflowed.es\/producto\/manual-bsv-touch-evo-link"]}]},{"@type":"ImageObject","inLanguage":"ca","@id":"https:\/\/inflowed.es\/producto\/manual-bsv-touch-evo-link#primaryimage","url":"https:\/\/inflowed.es\/wp-content\/uploads\/2024\/07\/manual-bsv-touch-evo-link.jpg","contentUrl":"https:\/\/inflowed.es\/wp-content\/uploads\/2024\/07\/manual-bsv-touch-evo-link.jpg","width":567,"height":799},{"@type":"BreadcrumbList","@id":"https:\/\/inflowed.es\/producto\/manual-bsv-touch-evo-link#breadcrumb","itemListElement":[{"@type":"ListItem","position":1,"name":"Portada","item":"https:\/\/inflowed.es\/"},{"@type":"ListItem","position":2,"name":"Cat\u00e1logo de productos","item":"https:\/\/inflowed.es\/catalogo-de-productos"},{"@type":"ListItem","position":3,"name":"Manual BSV Touch EVO Link"}]},{"@type":"WebSite","@id":"https:\/\/inflowed.es\/#website","url":"https:\/\/inflowed.es\/","name":"INFLOWED","description":"Distribuci&oacute;n mayorista de art&iacute;culos para piscinas","publisher":{"@id":"https:\/\/inflowed.es\/#organization"},"potentialAction":[{"@type":"SearchAction","target":{"@type":"EntryPoint","urlTemplate":"https:\/\/inflowed.es\/?s={search_term_string}"},"query-input":{"@type":"PropertyValueSpecification","valueRequired":true,"valueName":"search_term_string"}}],"inLanguage":"ca"},{"@type":"Organization","@id":"https:\/\/inflowed.es\/#organization","name":"Inflowed Spain S.L.","url":"https:\/\/inflowed.es\/","logo":{"@type":"ImageObject","inLanguage":"ca","@id":"https:\/\/inflowed.es\/#\/schema\/logo\/image\/","url":"https:\/\/inflowed.es\/wp-content\/uploads\/2023\/11\/logo-inflowed.png","contentUrl":"https:\/\/inflowed.es\/wp-content\/uploads\/2023\/11\/logo-inflowed.png","width":1032,"height":242,"caption":"Inflowed Spain S.L."},"image":{"@id":"https:\/\/inflowed.es\/#\/schema\/logo\/image\/"}}]}},"_links":{"self":[{"href":"https:\/\/inflowed.es\/ca\/wp-json\/wp\/v2\/product\/4402","targetHints":{"allow":["GET"]}}],"collection":[{"href":"https:\/\/inflowed.es\/ca\/wp-json\/wp\/v2\/product"}],"about":[{"href":"https:\/\/inflowed.es\/ca\/wp-json\/wp\/v2\/types\/product"}],"replies":[{"embeddable":true,"href":"https:\/\/inflowed.es\/ca\/wp-json\/wp\/v2\/comments?post=4402"}],"version-history":[{"count":1,"href":"https:\/\/inflowed.es\/ca\/wp-json\/wp\/v2\/product\/4402\/revisions"}],"predecessor-version":[{"id":4405,"href":"https:\/\/inflowed.es\/ca\/wp-json\/wp\/v2\/product\/4402\/revisions\/4405"}],"wp:featuredmedia":[{"embeddable":true,"href":"https:\/\/inflowed.es\/ca\/wp-json\/wp\/v2\/media\/4403"}],"wp:attachment":[{"href":"https:\/\/inflowed.es\/ca\/wp-json\/wp\/v2\/media?parent=4402"}],"wp:term":[{"taxonomy":"product_brand","embeddable":true,"href":"https:\/\/inflowed.es\/ca\/wp-json\/wp\/v2\/product_brand?post=4402"},{"taxonomy":"product_cat","embeddable":true,"href":"https:\/\/inflowed.es\/ca\/wp-json\/wp\/v2\/product_cat?post=4402"},{"taxonomy":"product_tag","embeddable":true,"href":"https:\/\/inflowed.es\/ca\/wp-json\/wp\/v2\/product_tag?post=4402"}],"curies":[{"name":"wp","href":"https:\/\/api.w.org\/{rel}","templated":true}]}}