{"id":4176,"date":"2023-12-30T15:35:08","date_gmt":"2023-12-30T15:35:08","guid":{"rendered":"https:\/\/inflowed.es\/?post_type=product&#038;p=4176"},"modified":"2023-12-30T15:37:45","modified_gmt":"2023-12-30T15:37:45","slug":"bomba-autoaspirante-psh-nd-1","status":"publish","type":"product","link":"https:\/\/inflowed.es\/ca\/producte\/bomba-autoaspirante-psh-nd-1","title":{"rendered":"Bomba autoaspirante PSH ND.1"},"content":{"rendered":"<ul>\n<li>La ND.1 de PSH es una bomba centr\u00edfuga autoaspirante (hasta 4 mca) dise\u00f1ada para aportar a tu instalaci\u00f3n de depuraci\u00f3n un alto grado de fiabilidad.<\/li>\n<li>Se trata del modelo m\u00e1s veterano de Bombas PSH con m\u00e1s de 40 a\u00f1os de existencia en el mercado (Nova Delfino).<\/li>\n<li>Sus dimensiones son equivalentes al modelo Winner de Saci, por lo que son intercambiables.<\/li>\n<li>La extensa gama de esta serie permite conseguir rendimientos \u00f3ptimos hasta 1,5 kW (2 CV).<\/li>\n<li>Protecci\u00f3n t\u00e9rmica incluida en las versiones monof\u00e1sicas.<\/li>\n<li>Sello mec\u00e1nico y rodamientos de gran calidad.<\/li>\n<li>Tapa transparente de simple manejo que facilita el mantenimiento de la bomba.<\/li>\n<li>Cesto prefiltro m\u00e1s asa, de gran capacidad de filtraci\u00f3n, incorporado en el cuerpo de la bomba.<\/li>\n<li>Clase de aislamiento: F<\/li>\n<li>Protecci\u00f3n: IP55<\/li>\n<li>Motor: 50 Hz \/ 2900 rpm<\/li>\n<li>Materiales:\n<ul>\n<li>Cuerpo bomba: polipropileno reforzado con 30% fibra de vidrio<\/li>\n<li>Rodete y difusor: noryl reforzado con 30% fibra de vidrio<\/li>\n<li>Cesto prefiltro: polipropileno<\/li>\n<li>Eje: acero inoxidable AISI 316<\/li>\n<li>Sello mec\u00e1nico: carbono+resina-cer\u00e1mica<\/li>\n<li>Monof\u00e1sica: 230 V II (habitual en instalaci\u00f3n el\u00e9ctrica dom\u00e9stica) \/ Trif\u00e1sica: 230\/400 V III. Si no est\u00e1 seguro, consulte con su electricista.<\/li>\n<\/ul>\n<\/li>\n<\/ul>\n<h3>Tabla comparativa<\/h3>\n<table class=\"table table-condensed table-hover\" cellspacing=\"0px\">\n<tbody>\n<tr>\n<td rowspan=\"2\"><strong>Modelo<\/strong><\/td>\n<td colspan=\"2\"><strong>Potencia<\/strong><\/td>\n<td><strong>Condensador<\/strong><\/td>\n<td><strong>II<\/strong><\/td>\n<td><strong>III<\/strong><\/td>\n<td><strong>III<\/strong><\/td>\n<td colspan=\"9\"><strong>Caudal (m\u00b3\/h) seg\u00fan altura manom\u00e9trica (m)<\/strong><\/td>\n<td colspan=\"2\"><strong>Bocas<\/strong><\/td>\n<td><strong>Peso<\/strong><\/td>\n<\/tr>\n<tr>\n<td><strong>CV<\/strong><\/td>\n<td><strong>kW<\/strong><\/td>\n<td><strong>\u03bcF<\/strong><\/td>\n<td><strong>230V A<\/strong><\/td>\n<td><strong>230V<\/strong><br \/>\n<strong>A<\/strong><\/td>\n<td><strong>400V<\/strong><br \/>\n<strong>A<\/strong><\/td>\n<td><strong>4<\/strong><\/td>\n<td><strong>6<\/strong><\/td>\n<td><strong>8<\/strong><\/td>\n<td><strong>10<\/strong><\/td>\n<td><strong>12<\/strong><\/td>\n<td><strong>14<\/strong><\/td>\n<td><strong>16<\/strong><\/td>\n<td><strong>18<\/strong><\/td>\n<td><strong>19<\/strong><\/td>\n<td><strong>Entrada<\/strong><\/td>\n<td><strong>Salida<\/strong><\/td>\n<td><strong>kg<\/strong><\/td>\n<\/tr>\n<tr>\n<td><strong>ND.1-09<\/strong><\/td>\n<td>1\/2<\/td>\n<td>0,37<\/td>\n<td>16<\/td>\n<td>3,0<\/td>\n<td>\u2013<\/td>\n<td>\u2013<\/td>\n<td>15,3<\/td>\n<td>12,8<\/td>\n<td>10,3<\/td>\n<td>7,8<\/td>\n<td>4,4<\/td>\n<td>\u2013<\/td>\n<td>\u2013<\/td>\n<td>\u2013<\/td>\n<td>\u2013<\/td>\n<td>2\u2033<\/td>\n<td>2\u2033<\/td>\n<td>10,4<\/td>\n<\/tr>\n<tr>\n<td><strong>ND.1-14<\/strong><\/td>\n<td>3\/4<\/td>\n<td>0,6<\/td>\n<td>20<\/td>\n<td>3,5<\/td>\n<td>2,5<\/td>\n<td>1,4<\/td>\n<td>17,6<\/td>\n<td>15,7<\/td>\n<td>13,8<\/td>\n<td>11,8<\/td>\n<td>9,2<\/td>\n<td>6,1<\/td>\n<td>0,7<\/td>\n<td>\u2013<\/td>\n<td>\u2013<\/td>\n<td>2\u2033<\/td>\n<td>2\u2033<\/td>\n<td>13,6<\/td>\n<\/tr>\n<tr>\n<td><strong>ND.1-19<\/strong><\/td>\n<td>1<\/td>\n<td>0,75<\/td>\n<td>25<\/td>\n<td>4,9<\/td>\n<td>3,7<\/td>\n<td>2,1<\/td>\n<td>22,5<\/td>\n<td>20,1<\/td>\n<td>18,3<\/td>\n<td>15,8<\/td>\n<td>13,5<\/td>\n<td>10,7<\/td>\n<td>6,8<\/td>\n<td>2,3<\/td>\n<td>\u2013<\/td>\n<td>2\u2033<\/td>\n<td>2\u2033<\/td>\n<td>13,7<\/td>\n<\/tr>\n<tr>\n<td><strong>ND.1-24<\/strong><\/td>\n<td>1,5<\/td>\n<td>1,1<\/td>\n<td>31<\/td>\n<td>6,6<\/td>\n<td>4,3<\/td>\n<td>2,5<\/td>\n<td>27,9<\/td>\n<td>25,8<\/td>\n<td>23,5<\/td>\n<td>20,9<\/td>\n<td>18,1<\/td>\n<td>15,0<\/td>\n<td>10,4<\/td>\n<td>4,2<\/td>\n<td>\u2013<\/td>\n<td>2\u2033<\/td>\n<td>2\u2033<\/td>\n<td>17,1<\/td>\n<\/tr>\n<tr>\n<td><strong>ND.1-28<\/strong><\/td>\n<td>2<\/td>\n<td>1,5<\/td>\n<td>40<\/td>\n<td>8,6<\/td>\n<td>5,8<\/td>\n<td>3,3<\/td>\n<td>32,1<\/td>\n<td>30,4<\/td>\n<td>27,5<\/td>\n<td>24,6<\/td>\n<td>21,9<\/td>\n<td>18,6<\/td>\n<td>13,9<\/td>\n<td>8,2<\/td>\n<td>4,2<\/td>\n<td>2\u2033<\/td>\n<td>2\u2033<\/td>\n<td>19,0<\/td>\n<\/tr>\n<\/tbody>\n<\/table>","protected":false},"excerpt":{"rendered":"<ul>\n<li>Bomba\u00a0autoaspirante de\u00a0altas prestaciones.<\/li>\n<li>Fabricada con materiales de alta resistencia con cuerpo en polipropileno y prefiltro con tapa transparente.<\/li>\n<li>Motores monof\u00e1sicos y trif\u00e1sicos disponibles.<\/li>\n<\/ul>\n<p><a href=\"https:\/\/inflowed.es\/wp-content\/uploads\/2023\/12\/Ficha-tecnica-PSH-ND.1.pdf\">Ficha t\u00e9cnica PSH ND.1<\/a><\/p>","protected":false},"featured_media":4177,"comment_status":"closed","ping_status":"closed","template":"","meta":[],"product_brand":[],"product_cat":[76],"product_tag":[],"class_list":{"0":"post-4176","1":"product","2":"type-product","3":"status-publish","4":"has-post-thumbnail","6":"product_cat-bombas","8":"first","9":"instock","10":"taxable","11":"shipping-taxable","12":"product-type-simple"},"yoast_head":"<!-- This site is optimized with the Yoast SEO plugin v27.2 - https:\/\/yoast.com\/product\/yoast-seo-wordpress\/ -->\n<title>Bomba autoaspirante PSH ND.1 &#8211; INFLOWED<\/title>\n<meta name=\"description\" content=\"Bomba autoaspirante PSH ND.1. Bomba de altas prestaciones ideal tanto para piscinas privadas como para piscinas p\u00fablicas. Mejor precio en INFLOWED.\" \/>\n<meta name=\"robots\" content=\"index, follow, max-snippet:-1, max-image-preview:large, max-video-preview:-1\" \/>\n<link rel=\"canonical\" href=\"https:\/\/inflowed.es\/ca\/producte\/bomba-autoaspirante-psh-nd-1\/\" \/>\n<meta property=\"og:locale\" content=\"ca_ES\" \/>\n<meta property=\"og:type\" content=\"article\" \/>\n<meta property=\"og:title\" content=\"Bomba autoaspirante PSH ND.1 &#8211; INFLOWED\" \/>\n<meta property=\"og:description\" content=\"Bomba autoaspirante PSH ND.1. Bomba de altas prestaciones ideal tanto para piscinas privadas como para piscinas p\u00fablicas. Mejor precio en INFLOWED.\" \/>\n<meta property=\"og:url\" content=\"https:\/\/inflowed.es\/ca\/producte\/bomba-autoaspirante-psh-nd-1\/\" \/>\n<meta property=\"og:site_name\" content=\"INFLOWED\" \/>\n<meta property=\"article:modified_time\" content=\"2023-12-30T15:37:45+00:00\" \/>\n<meta property=\"og:image\" content=\"https:\/\/inflowed.es\/wp-content\/uploads\/2023\/12\/bomba-psh-nd1.jpg\" \/>\n\t<meta property=\"og:image:width\" content=\"800\" \/>\n\t<meta property=\"og:image:height\" content=\"800\" \/>\n\t<meta property=\"og:image:type\" content=\"image\/jpeg\" \/>\n<meta name=\"twitter:card\" content=\"summary_large_image\" \/>\n<meta name=\"twitter:label1\" content=\"Temps estimat de lectura\" \/>\n\t<meta name=\"twitter:data1\" content=\"2 minuts\" \/>\n<script type=\"application\/ld+json\" class=\"yoast-schema-graph\">{\"@context\":\"https:\/\/schema.org\",\"@graph\":[{\"@type\":\"WebPage\",\"@id\":\"https:\/\/inflowed.es\/producto\/bomba-autoaspirante-psh-nd-1\",\"url\":\"https:\/\/inflowed.es\/producto\/bomba-autoaspirante-psh-nd-1\",\"name\":\"Bomba autoaspirante PSH ND.1 &#8211; INFLOWED\",\"isPartOf\":{\"@id\":\"https:\/\/inflowed.es\/#website\"},\"primaryImageOfPage\":{\"@id\":\"https:\/\/inflowed.es\/producto\/bomba-autoaspirante-psh-nd-1#primaryimage\"},\"image\":{\"@id\":\"https:\/\/inflowed.es\/producto\/bomba-autoaspirante-psh-nd-1#primaryimage\"},\"thumbnailUrl\":\"https:\/\/inflowed.es\/wp-content\/uploads\/2023\/12\/bomba-psh-nd1.jpg\",\"datePublished\":\"2023-12-30T15:35:08+00:00\",\"dateModified\":\"2023-12-30T15:37:45+00:00\",\"description\":\"Bomba autoaspirante PSH ND.1. Bomba de altas prestaciones ideal tanto para piscinas privadas como para piscinas p\u00fablicas. Mejor precio en INFLOWED.\",\"breadcrumb\":{\"@id\":\"https:\/\/inflowed.es\/producto\/bomba-autoaspirante-psh-nd-1#breadcrumb\"},\"inLanguage\":\"ca\",\"potentialAction\":[{\"@type\":\"ReadAction\",\"target\":[\"https:\/\/inflowed.es\/producto\/bomba-autoaspirante-psh-nd-1\"]}]},{\"@type\":\"ImageObject\",\"inLanguage\":\"ca\",\"@id\":\"https:\/\/inflowed.es\/producto\/bomba-autoaspirante-psh-nd-1#primaryimage\",\"url\":\"https:\/\/inflowed.es\/wp-content\/uploads\/2023\/12\/bomba-psh-nd1.jpg\",\"contentUrl\":\"https:\/\/inflowed.es\/wp-content\/uploads\/2023\/12\/bomba-psh-nd1.jpg\",\"width\":800,\"height\":800},{\"@type\":\"BreadcrumbList\",\"@id\":\"https:\/\/inflowed.es\/producto\/bomba-autoaspirante-psh-nd-1#breadcrumb\",\"itemListElement\":[{\"@type\":\"ListItem\",\"position\":1,\"name\":\"Portada\",\"item\":\"https:\/\/inflowed.es\/\"},{\"@type\":\"ListItem\",\"position\":2,\"name\":\"Cat\u00e1logo de productos\",\"item\":\"https:\/\/inflowed.es\/catalogo-de-productos\"},{\"@type\":\"ListItem\",\"position\":3,\"name\":\"Bomba autoaspirante PSH ND.1\"}]},{\"@type\":\"WebSite\",\"@id\":\"https:\/\/inflowed.es\/#website\",\"url\":\"https:\/\/inflowed.es\/\",\"name\":\"INFLOWED\",\"description\":\"Distribuci&oacute;n mayorista de art&iacute;culos para piscinas\",\"publisher\":{\"@id\":\"https:\/\/inflowed.es\/#organization\"},\"potentialAction\":[{\"@type\":\"SearchAction\",\"target\":{\"@type\":\"EntryPoint\",\"urlTemplate\":\"https:\/\/inflowed.es\/?s={search_term_string}\"},\"query-input\":{\"@type\":\"PropertyValueSpecification\",\"valueRequired\":true,\"valueName\":\"search_term_string\"}}],\"inLanguage\":\"ca\"},{\"@type\":\"Organization\",\"@id\":\"https:\/\/inflowed.es\/#organization\",\"name\":\"Inflowed Spain S.L.\",\"url\":\"https:\/\/inflowed.es\/\",\"logo\":{\"@type\":\"ImageObject\",\"inLanguage\":\"ca\",\"@id\":\"https:\/\/inflowed.es\/#\/schema\/logo\/image\/\",\"url\":\"https:\/\/inflowed.es\/wp-content\/uploads\/2023\/11\/logo-inflowed.png\",\"contentUrl\":\"https:\/\/inflowed.es\/wp-content\/uploads\/2023\/11\/logo-inflowed.png\",\"width\":1032,\"height\":242,\"caption\":\"Inflowed Spain S.L.\"},\"image\":{\"@id\":\"https:\/\/inflowed.es\/#\/schema\/logo\/image\/\"}}]}<\/script>\n<!-- \/ Yoast SEO plugin. -->","yoast_head_json":{"title":"Bomba autoaspirante PSH ND.1 &#8211; INFLOWED","description":"Bomba autoaspirante PSH ND.1. Bomba de altas prestaciones ideal tanto para piscinas privadas como para piscinas p\u00fablicas. Mejor precio en INFLOWED.","robots":{"index":"index","follow":"follow","max-snippet":"max-snippet:-1","max-image-preview":"max-image-preview:large","max-video-preview":"max-video-preview:-1"},"canonical":"https:\/\/inflowed.es\/ca\/producte\/bomba-autoaspirante-psh-nd-1\/","og_locale":"ca_ES","og_type":"article","og_title":"Bomba autoaspirante PSH ND.1 &#8211; INFLOWED","og_description":"Bomba autoaspirante PSH ND.1. Bomba de altas prestaciones ideal tanto para piscinas privadas como para piscinas p\u00fablicas. Mejor precio en INFLOWED.","og_url":"https:\/\/inflowed.es\/ca\/producte\/bomba-autoaspirante-psh-nd-1\/","og_site_name":"INFLOWED","article_modified_time":"2023-12-30T15:37:45+00:00","og_image":[{"width":800,"height":800,"url":"https:\/\/inflowed.es\/wp-content\/uploads\/2023\/12\/bomba-psh-nd1.jpg","type":"image\/jpeg"}],"twitter_card":"summary_large_image","twitter_misc":{"Temps estimat de lectura":"2 minuts"},"schema":{"@context":"https:\/\/schema.org","@graph":[{"@type":"WebPage","@id":"https:\/\/inflowed.es\/producto\/bomba-autoaspirante-psh-nd-1","url":"https:\/\/inflowed.es\/producto\/bomba-autoaspirante-psh-nd-1","name":"Bomba autoaspirante PSH ND.1 &#8211; INFLOWED","isPartOf":{"@id":"https:\/\/inflowed.es\/#website"},"primaryImageOfPage":{"@id":"https:\/\/inflowed.es\/producto\/bomba-autoaspirante-psh-nd-1#primaryimage"},"image":{"@id":"https:\/\/inflowed.es\/producto\/bomba-autoaspirante-psh-nd-1#primaryimage"},"thumbnailUrl":"https:\/\/inflowed.es\/wp-content\/uploads\/2023\/12\/bomba-psh-nd1.jpg","datePublished":"2023-12-30T15:35:08+00:00","dateModified":"2023-12-30T15:37:45+00:00","description":"Bomba autoaspirante PSH ND.1. Bomba de altas prestaciones ideal tanto para piscinas privadas como para piscinas p\u00fablicas. Mejor precio en INFLOWED.","breadcrumb":{"@id":"https:\/\/inflowed.es\/producto\/bomba-autoaspirante-psh-nd-1#breadcrumb"},"inLanguage":"ca","potentialAction":[{"@type":"ReadAction","target":["https:\/\/inflowed.es\/producto\/bomba-autoaspirante-psh-nd-1"]}]},{"@type":"ImageObject","inLanguage":"ca","@id":"https:\/\/inflowed.es\/producto\/bomba-autoaspirante-psh-nd-1#primaryimage","url":"https:\/\/inflowed.es\/wp-content\/uploads\/2023\/12\/bomba-psh-nd1.jpg","contentUrl":"https:\/\/inflowed.es\/wp-content\/uploads\/2023\/12\/bomba-psh-nd1.jpg","width":800,"height":800},{"@type":"BreadcrumbList","@id":"https:\/\/inflowed.es\/producto\/bomba-autoaspirante-psh-nd-1#breadcrumb","itemListElement":[{"@type":"ListItem","position":1,"name":"Portada","item":"https:\/\/inflowed.es\/"},{"@type":"ListItem","position":2,"name":"Cat\u00e1logo de productos","item":"https:\/\/inflowed.es\/catalogo-de-productos"},{"@type":"ListItem","position":3,"name":"Bomba autoaspirante PSH ND.1"}]},{"@type":"WebSite","@id":"https:\/\/inflowed.es\/#website","url":"https:\/\/inflowed.es\/","name":"INFLOWED","description":"Distribuci&oacute;n mayorista de art&iacute;culos para piscinas","publisher":{"@id":"https:\/\/inflowed.es\/#organization"},"potentialAction":[{"@type":"SearchAction","target":{"@type":"EntryPoint","urlTemplate":"https:\/\/inflowed.es\/?s={search_term_string}"},"query-input":{"@type":"PropertyValueSpecification","valueRequired":true,"valueName":"search_term_string"}}],"inLanguage":"ca"},{"@type":"Organization","@id":"https:\/\/inflowed.es\/#organization","name":"Inflowed Spain S.L.","url":"https:\/\/inflowed.es\/","logo":{"@type":"ImageObject","inLanguage":"ca","@id":"https:\/\/inflowed.es\/#\/schema\/logo\/image\/","url":"https:\/\/inflowed.es\/wp-content\/uploads\/2023\/11\/logo-inflowed.png","contentUrl":"https:\/\/inflowed.es\/wp-content\/uploads\/2023\/11\/logo-inflowed.png","width":1032,"height":242,"caption":"Inflowed Spain S.L."},"image":{"@id":"https:\/\/inflowed.es\/#\/schema\/logo\/image\/"}}]}},"_links":{"self":[{"href":"https:\/\/inflowed.es\/ca\/wp-json\/wp\/v2\/product\/4176","targetHints":{"allow":["GET"]}}],"collection":[{"href":"https:\/\/inflowed.es\/ca\/wp-json\/wp\/v2\/product"}],"about":[{"href":"https:\/\/inflowed.es\/ca\/wp-json\/wp\/v2\/types\/product"}],"replies":[{"embeddable":true,"href":"https:\/\/inflowed.es\/ca\/wp-json\/wp\/v2\/comments?post=4176"}],"version-history":[{"count":2,"href":"https:\/\/inflowed.es\/ca\/wp-json\/wp\/v2\/product\/4176\/revisions"}],"predecessor-version":[{"id":4180,"href":"https:\/\/inflowed.es\/ca\/wp-json\/wp\/v2\/product\/4176\/revisions\/4180"}],"wp:featuredmedia":[{"embeddable":true,"href":"https:\/\/inflowed.es\/ca\/wp-json\/wp\/v2\/media\/4177"}],"wp:attachment":[{"href":"https:\/\/inflowed.es\/ca\/wp-json\/wp\/v2\/media?parent=4176"}],"wp:term":[{"taxonomy":"product_brand","embeddable":true,"href":"https:\/\/inflowed.es\/ca\/wp-json\/wp\/v2\/product_brand?post=4176"},{"taxonomy":"product_cat","embeddable":true,"href":"https:\/\/inflowed.es\/ca\/wp-json\/wp\/v2\/product_cat?post=4176"},{"taxonomy":"product_tag","embeddable":true,"href":"https:\/\/inflowed.es\/ca\/wp-json\/wp\/v2\/product_tag?post=4176"}],"curies":[{"name":"wp","href":"https:\/\/api.w.org\/{rel}","templated":true}]}}