{"id":3751,"date":"2023-12-17T16:55:25","date_gmt":"2023-12-17T16:55:25","guid":{"rendered":"https:\/\/inflowed.es\/?post_type=product&#038;p=3751"},"modified":"2023-12-17T16:55:25","modified_gmt":"2023-12-17T16:55:25","slug":"bomba-autoaspirante-psh-mini","status":"publish","type":"product","link":"https:\/\/inflowed.es\/ca\/producte\/bomba-autoaspirante-psh-mini","title":{"rendered":"Bomba autoaspirante PSH Mini"},"content":{"rendered":"<p>La MINI sin duda es el best-seller de BOMBAS PSH, dise\u00f1ada para la recirculaci\u00f3n del agua de piscinas peque\u00f1as y medianas. Su gran poder de auto-aspiraci\u00f3n la convierte en la opci\u00f3n m\u00e1s indicada para equipos de filtraci\u00f3n y limpia-fondos.<\/p>\n<h3>Caracter\u00edsticas<\/h3>\n<ul>\n<li>Bombas monof\u00e1sicas y trif\u00e1sicas PSH MINI desde 0,33 a 1,5CV<\/li>\n<li>Bomba centr\u00edfuga autoaspirante hasta 4mca<\/li>\n<li>Apta para funcionar con cloradores salinos o con agua de mar<\/li>\n<li>Disponible motor trif\u00e1sico de alta eficiencia energ\u00e9tica tipo IE3 seg\u00fan est\u00e1ndar IEC 60034-30-1<\/li>\n<li>Protecci\u00f3n t\u00e9rmica incluida en las versiones monof\u00e1sicas<\/li>\n<li>Incorpora cable de 1,5m con enchufe Schuko en las versiones monof\u00e1sicas<\/li>\n<li>Sello mec\u00e1nico y rodamientos de gran calidad<\/li>\n<li>Tapa transparente de simple manejo que facilita el mantenimiento de la bomba<\/li>\n<li>Cesta prefiltro incorporada en el cuerpo bomba\u2022 Clase de aislamiento: F<\/li>\n<li>Protecci\u00f3n: IP55<\/li>\n<li>Motor: 50Hz\/2900 rpm<\/li>\n<li>Disponible tambi\u00e9n a 60Hz<\/li>\n<li>Especialmente indicada para limpiafondos y equipos de filtraci\u00f3n<\/li>\n<\/ul>\n<h3>Materiales<\/h3>\n<ul>\n<li>Cuerpo bomba: Polipropileno + 30% FV.<\/li>\n<li>Rodete y difusor: Noryl + 30% FV.<\/li>\n<li>Eje: Acero inoxidable AISI 416.<\/li>\n<li>Sello mec\u00e1nico: Carbono +<\/li>\n<li>Resina \u2013 Cer\u00e1mica.<\/li>\n<li>Tapa prefiltro: Policarbonato.<\/li>\n<li>Cesta prefiltro: Polipropileno +5%FV.<\/li>\n<\/ul>\n<h3>Tabla comparativa<\/h3>\n<div>\n<table>\n<tbody>\n<tr>\n<td rowspan=\"3\">Tipo<\/td>\n<td colspan=\"2\">Potencia<\/td>\n<td rowspan=\"3\">Cond. \u00b5F<\/td>\n<td rowspan=\"3\">II<br \/>\n230V<br \/>\nA<\/td>\n<td rowspan=\"3\">III<br \/>\n230V<br \/>\nA<\/td>\n<td rowspan=\"3\">III<br \/>\n400V<br \/>\nA<\/td>\n<td colspan=\"2\">IE3<\/td>\n<td colspan=\"7\">Altura manom\u00e9trica (m)<\/td>\n<td colspan=\"2\">Bocas<br \/>\nDN<\/td>\n<td>Peso<\/td>\n<\/tr>\n<tr>\n<td rowspan=\"2\">kW<\/td>\n<td rowspan=\"2\">HP<\/td>\n<td rowspan=\"2\">III<br \/>\n230V<br \/>\nA<\/td>\n<td rowspan=\"2\">III<br \/>\n400V<br \/>\nA<\/td>\n<td>4<\/td>\n<td>6<\/td>\n<td>8<\/td>\n<td>10<\/td>\n<td>12<\/td>\n<td>14<\/td>\n<td>16<\/td>\n<td rowspan=\"2\">IN<\/td>\n<td rowspan=\"2\">OUT<\/td>\n<td rowspan=\"2\">Kg<\/td>\n<\/tr>\n<tr>\n<td colspan=\"7\">Caudal (m\u00b3\/h)<\/td>\n<\/tr>\n<tr>\n<td><strong>MINI-33<\/strong><\/td>\n<td>0,25<\/td>\n<td>0,33<\/td>\n<td>16<\/td>\n<td>2,6<\/td>\n<td>\u2013<\/td>\n<td>\u2013<\/td>\n<td>\u2013<\/td>\n<td>\u2013<\/td>\n<td>12,5<\/td>\n<td>10,8<\/td>\n<td>9,0<\/td>\n<td>6,5<\/td>\n<td>3,3<\/td>\n<td>\u2013<\/td>\n<td>\u2013<\/td>\n<td>1\u2033 1\/2 \/ \u00d850<\/td>\n<td>1\u2033 1\/2 \/ \u00d850<\/td>\n<td>9,6<\/td>\n<\/tr>\n<tr>\n<td><strong>MINI-50<\/strong><\/td>\n<td>0,37<\/td>\n<td>0,50<\/td>\n<td>16<\/td>\n<td>3,2<\/td>\n<td>\u2013<\/td>\n<td>\u2013<\/td>\n<td>\u2013<\/td>\n<td>\u2013<\/td>\n<td>13,3<\/td>\n<td>11,7<\/td>\n<td>10,0<\/td>\n<td>7,9<\/td>\n<td>5,6<\/td>\n<td>2,3<\/td>\n<td>\u2013<\/td>\n<td>1\u2033 1\/2 \/\u00d850<\/td>\n<td>1\u2033 1\/2 \/ \u00d850<\/td>\n<td>9,8<\/td>\n<\/tr>\n<tr>\n<td><strong>MINI-80<\/strong><\/td>\n<td>0,60<\/td>\n<td>0,80<\/td>\n<td>20<\/td>\n<td>4,2<\/td>\n<td>2,7<\/td>\n<td>1,7<\/td>\n<td>2,6<\/td>\n<td>1,5<\/td>\n<td>16,5<\/td>\n<td>14,4<\/td>\n<td>12,5<\/td>\n<td>10,5<\/td>\n<td>8,6<\/td>\n<td>6,3<\/td>\n<td>3,3<\/td>\n<td>1\u2033 1\/2 \/ \u00d850<\/td>\n<td>1\u2033 1\/2 \/ \u00d850<\/td>\n<td>10,3<\/td>\n<\/tr>\n<tr>\n<td><strong>MINI-100<\/strong><\/td>\n<td>0,75<\/td>\n<td>1<\/td>\n<td>25<\/td>\n<td>4,6<\/td>\n<td>3,1<\/td>\n<td>1,9<\/td>\n<td>3,0<\/td>\n<td>1,7<\/td>\n<td>18,4<\/td>\n<td>16,4<\/td>\n<td>14,4<\/td>\n<td>12,5<\/td>\n<td>10,4<\/td>\n<td>7,8<\/td>\n<td>4,0<\/td>\n<td>1\u2033 1\/2 \/ \u00d850<\/td>\n<td>1\u2033 1\/2 \/ \u00d850<\/td>\n<td>12,2<\/td>\n<\/tr>\n<tr>\n<td><strong>MINI-150<\/strong><\/td>\n<td>1,75<\/td>\n<td>1,50<\/td>\n<td>25<\/td>\n<td>4,3<\/td>\n<td>4,3<\/td>\n<td>2,5<\/td>\n<td>4,0<\/td>\n<td>2,3<\/td>\n<td>24,2<\/td>\n<td>22,4<\/td>\n<td>20,2<\/td>\n<td>18,0<\/td>\n<td>15,3<\/td>\n<td>12,2<\/td>\n<td>8,4<\/td>\n<td>1\u2033 1\/2 \/ \u00d850<\/td>\n<td>1\u2033 1\/2 \/ \u00d850<\/td>\n<td>12,2<\/td>\n<\/tr>\n<\/tbody>\n<\/table>\n<\/div>","protected":false},"excerpt":{"rendered":"<ul>\n<li><strong>Apta<\/strong>\u00a0para funcionar con\u00a0<strong>cloradores salinos o con agua de mar.<\/strong><\/li>\n<li><strong>Protecci\u00f3n IP55.<\/strong><\/li>\n<li>Para\u00a0<strong>piscinas peque\u00f1as \/ medianas.<\/strong><\/li>\n<li>Cuerpo en polipropileno y prefiltro con tapa transparente.<\/li>\n<li>Motores monof\u00e1sicos y trif\u00e1sicos de hasta 1,5 CV.<\/li>\n<\/ul>\n<p><a href=\"https:\/\/inflowed.es\/wp-content\/uploads\/2023\/12\/Ficha-tecnica-PSH-Mini.pdf\">Ficha t\u00e9cnica PSH Mini<\/a><\/p>\n<p><a href=\"https:\/\/inflowed.es\/wp-content\/uploads\/2023\/12\/Despiece-PSH-Mini.pdf\">Despiece PSH Mini<\/a><\/p>","protected":false},"featured_media":3752,"comment_status":"closed","ping_status":"closed","template":"","meta":[],"product_brand":[],"product_cat":[76],"product_tag":[],"class_list":{"0":"post-3751","1":"product","2":"type-product","3":"status-publish","4":"has-post-thumbnail","6":"product_cat-bombas","8":"first","9":"instock","10":"taxable","11":"shipping-taxable","12":"product-type-simple"},"yoast_head":"<!-- This site is optimized with the Yoast SEO plugin v27.2 - https:\/\/yoast.com\/product\/yoast-seo-wordpress\/ -->\n<title>Bomba autoaspirante PSH Mini &#8211; INFLOWED<\/title>\n<meta name=\"description\" content=\"Bomba autoaspirante PSH Mini con excelente relaci\u00f3n calidad\/precio. Apta para piscinas de hasta 12 mt. Consigue el mejor precio en INFLOWED.\" \/>\n<meta name=\"robots\" content=\"index, follow, max-snippet:-1, max-image-preview:large, max-video-preview:-1\" \/>\n<link rel=\"canonical\" href=\"https:\/\/inflowed.es\/ca\/producte\/bomba-autoaspirante-psh-mini\/\" \/>\n<meta property=\"og:locale\" content=\"ca_ES\" \/>\n<meta property=\"og:type\" content=\"article\" \/>\n<meta property=\"og:title\" content=\"Bomba autoaspirante PSH Mini &#8211; INFLOWED\" \/>\n<meta property=\"og:description\" content=\"Bomba autoaspirante PSH Mini con excelente relaci\u00f3n calidad\/precio. Apta para piscinas de hasta 12 mt. Consigue el mejor precio en INFLOWED.\" \/>\n<meta property=\"og:url\" content=\"https:\/\/inflowed.es\/ca\/producte\/bomba-autoaspirante-psh-mini\/\" \/>\n<meta property=\"og:site_name\" content=\"INFLOWED\" \/>\n<meta property=\"og:image\" content=\"https:\/\/inflowed.es\/wp-content\/uploads\/2023\/12\/psh-mini.jpg\" \/>\n\t<meta property=\"og:image:width\" content=\"800\" \/>\n\t<meta property=\"og:image:height\" content=\"800\" \/>\n\t<meta property=\"og:image:type\" content=\"image\/jpeg\" \/>\n<meta name=\"twitter:card\" content=\"summary_large_image\" \/>\n<meta name=\"twitter:label1\" content=\"Temps estimat de lectura\" \/>\n\t<meta name=\"twitter:data1\" content=\"2 minuts\" \/>\n<script type=\"application\/ld+json\" class=\"yoast-schema-graph\">{\"@context\":\"https:\/\/schema.org\",\"@graph\":[{\"@type\":\"WebPage\",\"@id\":\"https:\/\/inflowed.es\/producto\/bomba-autoaspirante-psh-mini\",\"url\":\"https:\/\/inflowed.es\/producto\/bomba-autoaspirante-psh-mini\",\"name\":\"Bomba autoaspirante PSH Mini &#8211; INFLOWED\",\"isPartOf\":{\"@id\":\"https:\/\/inflowed.es\/#website\"},\"primaryImageOfPage\":{\"@id\":\"https:\/\/inflowed.es\/producto\/bomba-autoaspirante-psh-mini#primaryimage\"},\"image\":{\"@id\":\"https:\/\/inflowed.es\/producto\/bomba-autoaspirante-psh-mini#primaryimage\"},\"thumbnailUrl\":\"https:\/\/inflowed.es\/wp-content\/uploads\/2023\/12\/psh-mini.jpg\",\"datePublished\":\"2023-12-17T16:55:25+00:00\",\"description\":\"Bomba autoaspirante PSH Mini con excelente relaci\u00f3n calidad\/precio. Apta para piscinas de hasta 12 mt. Consigue el mejor precio en INFLOWED.\",\"breadcrumb\":{\"@id\":\"https:\/\/inflowed.es\/producto\/bomba-autoaspirante-psh-mini#breadcrumb\"},\"inLanguage\":\"ca\",\"potentialAction\":[{\"@type\":\"ReadAction\",\"target\":[\"https:\/\/inflowed.es\/producto\/bomba-autoaspirante-psh-mini\"]}]},{\"@type\":\"ImageObject\",\"inLanguage\":\"ca\",\"@id\":\"https:\/\/inflowed.es\/producto\/bomba-autoaspirante-psh-mini#primaryimage\",\"url\":\"https:\/\/inflowed.es\/wp-content\/uploads\/2023\/12\/psh-mini.jpg\",\"contentUrl\":\"https:\/\/inflowed.es\/wp-content\/uploads\/2023\/12\/psh-mini.jpg\",\"width\":800,\"height\":800},{\"@type\":\"BreadcrumbList\",\"@id\":\"https:\/\/inflowed.es\/producto\/bomba-autoaspirante-psh-mini#breadcrumb\",\"itemListElement\":[{\"@type\":\"ListItem\",\"position\":1,\"name\":\"Portada\",\"item\":\"https:\/\/inflowed.es\/\"},{\"@type\":\"ListItem\",\"position\":2,\"name\":\"Cat\u00e1logo de productos\",\"item\":\"https:\/\/inflowed.es\/catalogo-de-productos\"},{\"@type\":\"ListItem\",\"position\":3,\"name\":\"Bomba autoaspirante PSH Mini\"}]},{\"@type\":\"WebSite\",\"@id\":\"https:\/\/inflowed.es\/#website\",\"url\":\"https:\/\/inflowed.es\/\",\"name\":\"INFLOWED\",\"description\":\"Distribuci&oacute;n mayorista de art&iacute;culos para piscinas\",\"publisher\":{\"@id\":\"https:\/\/inflowed.es\/#organization\"},\"potentialAction\":[{\"@type\":\"SearchAction\",\"target\":{\"@type\":\"EntryPoint\",\"urlTemplate\":\"https:\/\/inflowed.es\/?s={search_term_string}\"},\"query-input\":{\"@type\":\"PropertyValueSpecification\",\"valueRequired\":true,\"valueName\":\"search_term_string\"}}],\"inLanguage\":\"ca\"},{\"@type\":\"Organization\",\"@id\":\"https:\/\/inflowed.es\/#organization\",\"name\":\"Inflowed Spain S.L.\",\"url\":\"https:\/\/inflowed.es\/\",\"logo\":{\"@type\":\"ImageObject\",\"inLanguage\":\"ca\",\"@id\":\"https:\/\/inflowed.es\/#\/schema\/logo\/image\/\",\"url\":\"https:\/\/inflowed.es\/wp-content\/uploads\/2023\/11\/logo-inflowed.png\",\"contentUrl\":\"https:\/\/inflowed.es\/wp-content\/uploads\/2023\/11\/logo-inflowed.png\",\"width\":1032,\"height\":242,\"caption\":\"Inflowed Spain S.L.\"},\"image\":{\"@id\":\"https:\/\/inflowed.es\/#\/schema\/logo\/image\/\"}}]}<\/script>\n<!-- \/ Yoast SEO plugin. -->","yoast_head_json":{"title":"Bomba autoaspirante PSH Mini &#8211; INFLOWED","description":"Bomba autoaspirante PSH Mini con excelente relaci\u00f3n calidad\/precio. Apta para piscinas de hasta 12 mt. Consigue el mejor precio en INFLOWED.","robots":{"index":"index","follow":"follow","max-snippet":"max-snippet:-1","max-image-preview":"max-image-preview:large","max-video-preview":"max-video-preview:-1"},"canonical":"https:\/\/inflowed.es\/ca\/producte\/bomba-autoaspirante-psh-mini\/","og_locale":"ca_ES","og_type":"article","og_title":"Bomba autoaspirante PSH Mini &#8211; INFLOWED","og_description":"Bomba autoaspirante PSH Mini con excelente relaci\u00f3n calidad\/precio. Apta para piscinas de hasta 12 mt. Consigue el mejor precio en INFLOWED.","og_url":"https:\/\/inflowed.es\/ca\/producte\/bomba-autoaspirante-psh-mini\/","og_site_name":"INFLOWED","og_image":[{"width":800,"height":800,"url":"https:\/\/inflowed.es\/wp-content\/uploads\/2023\/12\/psh-mini.jpg","type":"image\/jpeg"}],"twitter_card":"summary_large_image","twitter_misc":{"Temps estimat de lectura":"2 minuts"},"schema":{"@context":"https:\/\/schema.org","@graph":[{"@type":"WebPage","@id":"https:\/\/inflowed.es\/producto\/bomba-autoaspirante-psh-mini","url":"https:\/\/inflowed.es\/producto\/bomba-autoaspirante-psh-mini","name":"Bomba autoaspirante PSH Mini &#8211; INFLOWED","isPartOf":{"@id":"https:\/\/inflowed.es\/#website"},"primaryImageOfPage":{"@id":"https:\/\/inflowed.es\/producto\/bomba-autoaspirante-psh-mini#primaryimage"},"image":{"@id":"https:\/\/inflowed.es\/producto\/bomba-autoaspirante-psh-mini#primaryimage"},"thumbnailUrl":"https:\/\/inflowed.es\/wp-content\/uploads\/2023\/12\/psh-mini.jpg","datePublished":"2023-12-17T16:55:25+00:00","description":"Bomba autoaspirante PSH Mini con excelente relaci\u00f3n calidad\/precio. Apta para piscinas de hasta 12 mt. Consigue el mejor precio en INFLOWED.","breadcrumb":{"@id":"https:\/\/inflowed.es\/producto\/bomba-autoaspirante-psh-mini#breadcrumb"},"inLanguage":"ca","potentialAction":[{"@type":"ReadAction","target":["https:\/\/inflowed.es\/producto\/bomba-autoaspirante-psh-mini"]}]},{"@type":"ImageObject","inLanguage":"ca","@id":"https:\/\/inflowed.es\/producto\/bomba-autoaspirante-psh-mini#primaryimage","url":"https:\/\/inflowed.es\/wp-content\/uploads\/2023\/12\/psh-mini.jpg","contentUrl":"https:\/\/inflowed.es\/wp-content\/uploads\/2023\/12\/psh-mini.jpg","width":800,"height":800},{"@type":"BreadcrumbList","@id":"https:\/\/inflowed.es\/producto\/bomba-autoaspirante-psh-mini#breadcrumb","itemListElement":[{"@type":"ListItem","position":1,"name":"Portada","item":"https:\/\/inflowed.es\/"},{"@type":"ListItem","position":2,"name":"Cat\u00e1logo de productos","item":"https:\/\/inflowed.es\/catalogo-de-productos"},{"@type":"ListItem","position":3,"name":"Bomba autoaspirante PSH Mini"}]},{"@type":"WebSite","@id":"https:\/\/inflowed.es\/#website","url":"https:\/\/inflowed.es\/","name":"INFLOWED","description":"Distribuci&oacute;n mayorista de art&iacute;culos para piscinas","publisher":{"@id":"https:\/\/inflowed.es\/#organization"},"potentialAction":[{"@type":"SearchAction","target":{"@type":"EntryPoint","urlTemplate":"https:\/\/inflowed.es\/?s={search_term_string}"},"query-input":{"@type":"PropertyValueSpecification","valueRequired":true,"valueName":"search_term_string"}}],"inLanguage":"ca"},{"@type":"Organization","@id":"https:\/\/inflowed.es\/#organization","name":"Inflowed Spain S.L.","url":"https:\/\/inflowed.es\/","logo":{"@type":"ImageObject","inLanguage":"ca","@id":"https:\/\/inflowed.es\/#\/schema\/logo\/image\/","url":"https:\/\/inflowed.es\/wp-content\/uploads\/2023\/11\/logo-inflowed.png","contentUrl":"https:\/\/inflowed.es\/wp-content\/uploads\/2023\/11\/logo-inflowed.png","width":1032,"height":242,"caption":"Inflowed Spain S.L."},"image":{"@id":"https:\/\/inflowed.es\/#\/schema\/logo\/image\/"}}]}},"_links":{"self":[{"href":"https:\/\/inflowed.es\/ca\/wp-json\/wp\/v2\/product\/3751","targetHints":{"allow":["GET"]}}],"collection":[{"href":"https:\/\/inflowed.es\/ca\/wp-json\/wp\/v2\/product"}],"about":[{"href":"https:\/\/inflowed.es\/ca\/wp-json\/wp\/v2\/types\/product"}],"replies":[{"embeddable":true,"href":"https:\/\/inflowed.es\/ca\/wp-json\/wp\/v2\/comments?post=3751"}],"version-history":[{"count":1,"href":"https:\/\/inflowed.es\/ca\/wp-json\/wp\/v2\/product\/3751\/revisions"}],"predecessor-version":[{"id":3756,"href":"https:\/\/inflowed.es\/ca\/wp-json\/wp\/v2\/product\/3751\/revisions\/3756"}],"wp:featuredmedia":[{"embeddable":true,"href":"https:\/\/inflowed.es\/ca\/wp-json\/wp\/v2\/media\/3752"}],"wp:attachment":[{"href":"https:\/\/inflowed.es\/ca\/wp-json\/wp\/v2\/media?parent=3751"}],"wp:term":[{"taxonomy":"product_brand","embeddable":true,"href":"https:\/\/inflowed.es\/ca\/wp-json\/wp\/v2\/product_brand?post=3751"},{"taxonomy":"product_cat","embeddable":true,"href":"https:\/\/inflowed.es\/ca\/wp-json\/wp\/v2\/product_cat?post=3751"},{"taxonomy":"product_tag","embeddable":true,"href":"https:\/\/inflowed.es\/ca\/wp-json\/wp\/v2\/product_tag?post=3751"}],"curies":[{"name":"wp","href":"https:\/\/api.w.org\/{rel}","templated":true}]}}