{"id":3717,"date":"2023-12-14T08:07:36","date_gmt":"2023-12-14T08:07:36","guid":{"rendered":"https:\/\/inflowed.es\/?post_type=product&#038;p=3717"},"modified":"2023-12-14T08:07:37","modified_gmt":"2023-12-14T08:07:37","slug":"kit-ph-chip-para-cloradores-hayward-y-sugar-valley","status":"publish","type":"product","link":"https:\/\/inflowed.es\/ca\/producte\/kit-ph-chip-para-cloradores-hayward-y-sugar-valley","title":{"rendered":"Kit pH (+chip) para cloradores Hayward y Sugar Valley"},"content":{"rendered":"<p>El Kit de pH incluye:<\/p>\n<ul>\n<li>Chip de pH.<\/li>\n<li>Porta sondas para tuber\u00eda.<\/li>\n<li>Sonda de pH. Pl\u00e1stico.<\/li>\n<li>Soluciones de calibraci\u00f3n.<\/li>\n<li>Bomba inyectora perist\u00e1ltica.<\/li>\n<li>Tubo de aspiraci\u00f3n con v\u00e1lvula de pie.<\/li>\n<li>Tubo de impulsi\u00f3n con v\u00e1lvula de inyecci\u00f3n.<\/li>\n<\/ul>","protected":false},"excerpt":{"rendered":"<ul>\n<li>Kit de pH 100% original.<\/li>\n<li>Compatible con cloradores Hayward y Sugar Valley.<\/li>\n<li>Incluye chip de pH.<\/li>\n<li>Incluye todos los accesorios necesarios para la instalaci\u00f3n.<\/li>\n<\/ul>","protected":false},"featured_media":3718,"comment_status":"closed","ping_status":"closed","template":"","meta":[],"product_brand":[],"product_cat":[84],"product_tag":[],"class_list":{"0":"post-3717","1":"product","2":"type-product","3":"status-publish","4":"has-post-thumbnail","6":"product_cat-accesorios-cloradores-salinos","8":"first","9":"instock","10":"taxable","11":"shipping-taxable","12":"product-type-simple"},"yoast_head":"<!-- This site is optimized with the Yoast SEO plugin v27.2 - https:\/\/yoast.com\/product\/yoast-seo-wordpress\/ -->\n<title>Kit pH (+chip) para cloradores Hayward y Sugar Valley &#8211; INFLOWED<\/title>\n<meta name=\"description\" content=\"Kit de pH para cloradores salinos Hayward y Sugar Valley. Incluye chip y todos los accesorios necesarios para la instalaci\u00f3n. Mejor oferta en INFLOWED.\" \/>\n<meta name=\"robots\" content=\"index, follow, max-snippet:-1, max-image-preview:large, max-video-preview:-1\" \/>\n<link rel=\"canonical\" href=\"https:\/\/inflowed.es\/ca\/producte\/kit-ph-chip-para-cloradores-hayward-y-sugar-valley\/\" \/>\n<meta property=\"og:locale\" content=\"ca_ES\" \/>\n<meta property=\"og:type\" content=\"article\" \/>\n<meta property=\"og:title\" content=\"Kit pH (+chip) para cloradores Hayward y Sugar Valley &#8211; INFLOWED\" \/>\n<meta property=\"og:description\" content=\"Kit de pH para cloradores salinos Hayward y Sugar Valley. Incluye chip y todos los accesorios necesarios para la instalaci\u00f3n. Mejor oferta en INFLOWED.\" \/>\n<meta property=\"og:url\" content=\"https:\/\/inflowed.es\/ca\/producte\/kit-ph-chip-para-cloradores-hayward-y-sugar-valley\/\" \/>\n<meta property=\"og:site_name\" content=\"INFLOWED\" \/>\n<meta property=\"article:modified_time\" content=\"2023-12-14T08:07:37+00:00\" \/>\n<meta property=\"og:image\" content=\"https:\/\/inflowed.es\/wp-content\/uploads\/2023\/12\/Kit-pH-Hayward.png\" \/>\n\t<meta property=\"og:image:width\" content=\"500\" \/>\n\t<meta property=\"og:image:height\" content=\"500\" \/>\n\t<meta property=\"og:image:type\" content=\"image\/png\" \/>\n<meta name=\"twitter:card\" content=\"summary_large_image\" \/>\n<meta name=\"twitter:label1\" content=\"Temps estimat de lectura\" \/>\n\t<meta name=\"twitter:data1\" content=\"1 minut\" \/>\n<script type=\"application\/ld+json\" class=\"yoast-schema-graph\">{\"@context\":\"https:\/\/schema.org\",\"@graph\":[{\"@type\":\"WebPage\",\"@id\":\"https:\/\/inflowed.es\/producto\/kit-ph-chip-para-cloradores-hayward-y-sugar-valley\",\"url\":\"https:\/\/inflowed.es\/producto\/kit-ph-chip-para-cloradores-hayward-y-sugar-valley\",\"name\":\"Kit pH (+chip) para cloradores Hayward y Sugar Valley &#8211; INFLOWED\",\"isPartOf\":{\"@id\":\"https:\/\/inflowed.es\/#website\"},\"primaryImageOfPage\":{\"@id\":\"https:\/\/inflowed.es\/producto\/kit-ph-chip-para-cloradores-hayward-y-sugar-valley#primaryimage\"},\"image\":{\"@id\":\"https:\/\/inflowed.es\/producto\/kit-ph-chip-para-cloradores-hayward-y-sugar-valley#primaryimage\"},\"thumbnailUrl\":\"https:\/\/inflowed.es\/wp-content\/uploads\/2023\/12\/Kit-pH-Hayward.png\",\"datePublished\":\"2023-12-14T08:07:36+00:00\",\"dateModified\":\"2023-12-14T08:07:37+00:00\",\"description\":\"Kit de pH para cloradores salinos Hayward y Sugar Valley. Incluye chip y todos los accesorios necesarios para la instalaci\u00f3n. Mejor oferta en INFLOWED.\",\"breadcrumb\":{\"@id\":\"https:\/\/inflowed.es\/producto\/kit-ph-chip-para-cloradores-hayward-y-sugar-valley#breadcrumb\"},\"inLanguage\":\"ca\",\"potentialAction\":[{\"@type\":\"ReadAction\",\"target\":[\"https:\/\/inflowed.es\/producto\/kit-ph-chip-para-cloradores-hayward-y-sugar-valley\"]}]},{\"@type\":\"ImageObject\",\"inLanguage\":\"ca\",\"@id\":\"https:\/\/inflowed.es\/producto\/kit-ph-chip-para-cloradores-hayward-y-sugar-valley#primaryimage\",\"url\":\"https:\/\/inflowed.es\/wp-content\/uploads\/2023\/12\/Kit-pH-Hayward.png\",\"contentUrl\":\"https:\/\/inflowed.es\/wp-content\/uploads\/2023\/12\/Kit-pH-Hayward.png\",\"width\":500,\"height\":500},{\"@type\":\"BreadcrumbList\",\"@id\":\"https:\/\/inflowed.es\/producto\/kit-ph-chip-para-cloradores-hayward-y-sugar-valley#breadcrumb\",\"itemListElement\":[{\"@type\":\"ListItem\",\"position\":1,\"name\":\"Portada\",\"item\":\"https:\/\/inflowed.es\/\"},{\"@type\":\"ListItem\",\"position\":2,\"name\":\"Cat\u00e1logo de productos\",\"item\":\"https:\/\/inflowed.es\/catalogo-de-productos\"},{\"@type\":\"ListItem\",\"position\":3,\"name\":\"Kit pH (+chip) para cloradores Hayward y Sugar Valley\"}]},{\"@type\":\"WebSite\",\"@id\":\"https:\/\/inflowed.es\/#website\",\"url\":\"https:\/\/inflowed.es\/\",\"name\":\"INFLOWED\",\"description\":\"Distribuci&oacute;n mayorista de art&iacute;culos para piscinas\",\"publisher\":{\"@id\":\"https:\/\/inflowed.es\/#organization\"},\"potentialAction\":[{\"@type\":\"SearchAction\",\"target\":{\"@type\":\"EntryPoint\",\"urlTemplate\":\"https:\/\/inflowed.es\/?s={search_term_string}\"},\"query-input\":{\"@type\":\"PropertyValueSpecification\",\"valueRequired\":true,\"valueName\":\"search_term_string\"}}],\"inLanguage\":\"ca\"},{\"@type\":\"Organization\",\"@id\":\"https:\/\/inflowed.es\/#organization\",\"name\":\"Inflowed Spain S.L.\",\"url\":\"https:\/\/inflowed.es\/\",\"logo\":{\"@type\":\"ImageObject\",\"inLanguage\":\"ca\",\"@id\":\"https:\/\/inflowed.es\/#\/schema\/logo\/image\/\",\"url\":\"https:\/\/inflowed.es\/wp-content\/uploads\/2023\/11\/logo-inflowed.png\",\"contentUrl\":\"https:\/\/inflowed.es\/wp-content\/uploads\/2023\/11\/logo-inflowed.png\",\"width\":1032,\"height\":242,\"caption\":\"Inflowed Spain S.L.\"},\"image\":{\"@id\":\"https:\/\/inflowed.es\/#\/schema\/logo\/image\/\"}}]}<\/script>\n<!-- \/ Yoast SEO plugin. -->","yoast_head_json":{"title":"Kit pH (+chip) para cloradores Hayward y Sugar Valley &#8211; INFLOWED","description":"Kit de pH para cloradores salinos Hayward y Sugar Valley. Incluye chip y todos los accesorios necesarios para la instalaci\u00f3n. Mejor oferta en INFLOWED.","robots":{"index":"index","follow":"follow","max-snippet":"max-snippet:-1","max-image-preview":"max-image-preview:large","max-video-preview":"max-video-preview:-1"},"canonical":"https:\/\/inflowed.es\/ca\/producte\/kit-ph-chip-para-cloradores-hayward-y-sugar-valley\/","og_locale":"ca_ES","og_type":"article","og_title":"Kit pH (+chip) para cloradores Hayward y Sugar Valley &#8211; INFLOWED","og_description":"Kit de pH para cloradores salinos Hayward y Sugar Valley. Incluye chip y todos los accesorios necesarios para la instalaci\u00f3n. Mejor oferta en INFLOWED.","og_url":"https:\/\/inflowed.es\/ca\/producte\/kit-ph-chip-para-cloradores-hayward-y-sugar-valley\/","og_site_name":"INFLOWED","article_modified_time":"2023-12-14T08:07:37+00:00","og_image":[{"width":500,"height":500,"url":"https:\/\/inflowed.es\/wp-content\/uploads\/2023\/12\/Kit-pH-Hayward.png","type":"image\/png"}],"twitter_card":"summary_large_image","twitter_misc":{"Temps estimat de lectura":"1 minut"},"schema":{"@context":"https:\/\/schema.org","@graph":[{"@type":"WebPage","@id":"https:\/\/inflowed.es\/producto\/kit-ph-chip-para-cloradores-hayward-y-sugar-valley","url":"https:\/\/inflowed.es\/producto\/kit-ph-chip-para-cloradores-hayward-y-sugar-valley","name":"Kit pH (+chip) para cloradores Hayward y Sugar Valley &#8211; INFLOWED","isPartOf":{"@id":"https:\/\/inflowed.es\/#website"},"primaryImageOfPage":{"@id":"https:\/\/inflowed.es\/producto\/kit-ph-chip-para-cloradores-hayward-y-sugar-valley#primaryimage"},"image":{"@id":"https:\/\/inflowed.es\/producto\/kit-ph-chip-para-cloradores-hayward-y-sugar-valley#primaryimage"},"thumbnailUrl":"https:\/\/inflowed.es\/wp-content\/uploads\/2023\/12\/Kit-pH-Hayward.png","datePublished":"2023-12-14T08:07:36+00:00","dateModified":"2023-12-14T08:07:37+00:00","description":"Kit de pH para cloradores salinos Hayward y Sugar Valley. Incluye chip y todos los accesorios necesarios para la instalaci\u00f3n. Mejor oferta en INFLOWED.","breadcrumb":{"@id":"https:\/\/inflowed.es\/producto\/kit-ph-chip-para-cloradores-hayward-y-sugar-valley#breadcrumb"},"inLanguage":"ca","potentialAction":[{"@type":"ReadAction","target":["https:\/\/inflowed.es\/producto\/kit-ph-chip-para-cloradores-hayward-y-sugar-valley"]}]},{"@type":"ImageObject","inLanguage":"ca","@id":"https:\/\/inflowed.es\/producto\/kit-ph-chip-para-cloradores-hayward-y-sugar-valley#primaryimage","url":"https:\/\/inflowed.es\/wp-content\/uploads\/2023\/12\/Kit-pH-Hayward.png","contentUrl":"https:\/\/inflowed.es\/wp-content\/uploads\/2023\/12\/Kit-pH-Hayward.png","width":500,"height":500},{"@type":"BreadcrumbList","@id":"https:\/\/inflowed.es\/producto\/kit-ph-chip-para-cloradores-hayward-y-sugar-valley#breadcrumb","itemListElement":[{"@type":"ListItem","position":1,"name":"Portada","item":"https:\/\/inflowed.es\/"},{"@type":"ListItem","position":2,"name":"Cat\u00e1logo de productos","item":"https:\/\/inflowed.es\/catalogo-de-productos"},{"@type":"ListItem","position":3,"name":"Kit pH (+chip) para cloradores Hayward y Sugar Valley"}]},{"@type":"WebSite","@id":"https:\/\/inflowed.es\/#website","url":"https:\/\/inflowed.es\/","name":"INFLOWED","description":"Distribuci&oacute;n mayorista de art&iacute;culos para piscinas","publisher":{"@id":"https:\/\/inflowed.es\/#organization"},"potentialAction":[{"@type":"SearchAction","target":{"@type":"EntryPoint","urlTemplate":"https:\/\/inflowed.es\/?s={search_term_string}"},"query-input":{"@type":"PropertyValueSpecification","valueRequired":true,"valueName":"search_term_string"}}],"inLanguage":"ca"},{"@type":"Organization","@id":"https:\/\/inflowed.es\/#organization","name":"Inflowed Spain S.L.","url":"https:\/\/inflowed.es\/","logo":{"@type":"ImageObject","inLanguage":"ca","@id":"https:\/\/inflowed.es\/#\/schema\/logo\/image\/","url":"https:\/\/inflowed.es\/wp-content\/uploads\/2023\/11\/logo-inflowed.png","contentUrl":"https:\/\/inflowed.es\/wp-content\/uploads\/2023\/11\/logo-inflowed.png","width":1032,"height":242,"caption":"Inflowed Spain S.L."},"image":{"@id":"https:\/\/inflowed.es\/#\/schema\/logo\/image\/"}}]}},"_links":{"self":[{"href":"https:\/\/inflowed.es\/ca\/wp-json\/wp\/v2\/product\/3717","targetHints":{"allow":["GET"]}}],"collection":[{"href":"https:\/\/inflowed.es\/ca\/wp-json\/wp\/v2\/product"}],"about":[{"href":"https:\/\/inflowed.es\/ca\/wp-json\/wp\/v2\/types\/product"}],"replies":[{"embeddable":true,"href":"https:\/\/inflowed.es\/ca\/wp-json\/wp\/v2\/comments?post=3717"}],"version-history":[{"count":1,"href":"https:\/\/inflowed.es\/ca\/wp-json\/wp\/v2\/product\/3717\/revisions"}],"predecessor-version":[{"id":3719,"href":"https:\/\/inflowed.es\/ca\/wp-json\/wp\/v2\/product\/3717\/revisions\/3719"}],"wp:featuredmedia":[{"embeddable":true,"href":"https:\/\/inflowed.es\/ca\/wp-json\/wp\/v2\/media\/3718"}],"wp:attachment":[{"href":"https:\/\/inflowed.es\/ca\/wp-json\/wp\/v2\/media?parent=3717"}],"wp:term":[{"taxonomy":"product_brand","embeddable":true,"href":"https:\/\/inflowed.es\/ca\/wp-json\/wp\/v2\/product_brand?post=3717"},{"taxonomy":"product_cat","embeddable":true,"href":"https:\/\/inflowed.es\/ca\/wp-json\/wp\/v2\/product_cat?post=3717"},{"taxonomy":"product_tag","embeddable":true,"href":"https:\/\/inflowed.es\/ca\/wp-json\/wp\/v2\/product_tag?post=3717"}],"curies":[{"name":"wp","href":"https:\/\/api.w.org\/{rel}","templated":true}]}}