{"id":3699,"date":"2023-12-14T07:41:22","date_gmt":"2023-12-14T07:41:22","guid":{"rendered":"https:\/\/inflowed.es\/?post_type=product&#038;p=3699"},"modified":"2023-12-17T17:25:26","modified_gmt":"2023-12-17T17:25:26","slug":"clorador-salino-hayward-aquarite-flo-advanced","status":"publish","type":"product","link":"https:\/\/inflowed.es\/ca\/producte\/clorador-salino-hayward-aquarite-flo-advanced","title":{"rendered":"Clorador salino Hayward Aquarite Flo Advanced"},"content":{"rendered":"<p>Hayward Aquarite Flo Advanced es un clorador salino con funciones de control de los equipamientos de la piscina.<\/p>\n<ul>\n<li>Amplia gama de producciones de cloro:\u00a0<strong>8, 16, 22, 33 y 50 g\/h<\/strong>\u00a0para cubrir todas las necesidades del mercado.<\/li>\n<li>Control visual de la producci\u00f3n gracias a su\u00a0<strong>c\u00e9lula transparente.<\/strong><\/li>\n<li>Control de la bomba de filtraci\u00f3n y de la iluminaci\u00f3n.<\/li>\n<li>Sin necesidad de un transformador adicional para los proyectores LED de hasta 50 W, la caja de control suministra la potencia directamente.<\/li>\n<li><strong>Kits de regulaci\u00f3n del pH, Rx<\/strong>\u00a0y detector mec\u00e1nico de caudal opcionales.<\/li>\n<li>Kit de conexi\u00f3n (WiFi o Ethernet) opcional: le permite\u00a0<strong>controlar y guardar de forma remota todas las funcionalidades<\/strong>\u00a0mediante una aplicaci\u00f3n conectada.<\/li>\n<\/ul>\n<h3>Incluido<\/h3>\n<ul>\n<li>Regulaci\u00f3n de producci\u00f3n de cloro.<\/li>\n<li>Pantalla LCD.<\/li>\n<li>Control de iluminaci\u00f3n hasta 50W.<\/li>\n<li>Control de la filtraci\u00f3n y bombas de velocidad variables.<\/li>\n<\/ul>\n<h3>Tabla comparativa del Hayward Aquarite Flo Advanced<\/h3>\n<div>\n<table>\n<tbody>\n<tr>\n<td rowspan=\"2\"><\/td>\n<td><img decoding=\"async\" class=\"wp-image-23201 aligncenter\" src=\"https:\/\/piscinapool.com\/wp-content\/uploads\/2022\/02\/hayward-aqr-flo-adv-300x300.jpg\" alt=\"\" width=\"100\" height=\"100\" \/><\/td>\n<td><img decoding=\"async\" class=\"wp-image-23201 aligncenter\" src=\"https:\/\/piscinapool.com\/wp-content\/uploads\/2022\/02\/hayward-aqr-flo-adv-300x300.jpg\" alt=\"\" width=\"100\" height=\"100\" \/><\/td>\n<td><img decoding=\"async\" class=\"wp-image-23201 aligncenter\" src=\"https:\/\/piscinapool.com\/wp-content\/uploads\/2022\/02\/hayward-aqr-flo-adv-300x300.jpg\" alt=\"\" width=\"100\" height=\"100\" \/><\/td>\n<td><img decoding=\"async\" class=\"wp-image-23201 aligncenter\" src=\"https:\/\/piscinapool.com\/wp-content\/uploads\/2022\/02\/hayward-aqr-flo-adv-300x300.jpg\" alt=\"\" width=\"100\" height=\"100\" \/><\/td>\n<td><img decoding=\"async\" class=\"wp-image-23201 aligncenter\" src=\"https:\/\/piscinapool.com\/wp-content\/uploads\/2022\/02\/hayward-aqr-flo-adv-300x300.jpg\" alt=\"\" width=\"100\" height=\"100\" \/><\/td>\n<td><img decoding=\"async\" class=\"wp-image-23201 aligncenter\" src=\"https:\/\/piscinapool.com\/wp-content\/uploads\/2022\/02\/hayward-aqr-flo-adv-300x300.jpg\" alt=\"\" width=\"100\" height=\"100\" \/><\/td>\n<td><img decoding=\"async\" class=\"wp-image-23201 aligncenter\" src=\"https:\/\/piscinapool.com\/wp-content\/uploads\/2022\/02\/hayward-aqr-flo-adv-300x300.jpg\" alt=\"\" width=\"100\" height=\"100\" \/><\/td>\n<td><img decoding=\"async\" class=\"wp-image-23201 aligncenter\" src=\"https:\/\/piscinapool.com\/wp-content\/uploads\/2022\/02\/hayward-aqr-flo-adv-300x300.jpg\" alt=\"\" width=\"100\" height=\"100\" \/><\/td>\n<\/tr>\n<tr>\n<td style=\"text-align: center;\"><strong>AQR-FLO-AD8<\/strong><\/td>\n<td style=\"text-align: center;\"><strong>AQR-FLO-AD16<\/strong><\/td>\n<td style=\"text-align: center;\"><strong>AQR-FLO-AD22<\/strong><\/td>\n<td style=\"text-align: center;\"><strong>AQR-FLO-AD33<\/strong><\/td>\n<td style=\"text-align: center;\"><strong>AQR-FLO-AD50<\/strong><\/td>\n<td style=\"text-align: center;\"><strong>AQR-FLO-AD70<\/strong><\/td>\n<td style=\"text-align: center;\"><strong>AQR-FLO-AD16LS<\/strong><\/td>\n<td style=\"text-align: center;\"><strong>AQR-FLO-AD33LS<\/strong><\/td>\n<\/tr>\n<tr>\n<td><strong>Producci\u00f3n g\/h<\/strong><\/td>\n<td style=\"text-align: center;\">8 g\/h<\/td>\n<td style=\"text-align: center;\">16 g\/h<\/td>\n<td style=\"text-align: center;\">22 g\/h<\/td>\n<td style=\"text-align: center;\">33 gr\/h<\/td>\n<td style=\"text-align: center;\">50 gr\/h<\/td>\n<td style=\"text-align: center;\">70 gr\/h<\/td>\n<td style=\"text-align: center;\">\u2013<\/td>\n<td style=\"text-align: center;\">\u2013<\/td>\n<\/tr>\n<tr>\n<td><strong>Volumen piscina hasta m3<\/strong><\/td>\n<td style=\"text-align: center;\">30 m3<\/td>\n<td style=\"text-align: center;\">75 m3<\/td>\n<td style=\"text-align: center;\">100 m3<\/td>\n<td style=\"text-align: center;\">150 m3<\/td>\n<td style=\"text-align: center;\">200 m3<\/td>\n<td style=\"text-align: center;\">300 m3<\/td>\n<td style=\"text-align: center;\">60 m3<\/td>\n<td style=\"text-align: center;\">120 m3<\/td>\n<\/tr>\n<tr>\n<td><strong>Salinidad<\/strong><\/td>\n<td style=\"text-align: center;\" colspan=\"6\">3 a 100 g\/l<\/td>\n<td style=\"text-align: center;\" colspan=\"2\">1,5 a 100 g\/l<\/td>\n<\/tr>\n<tr>\n<td><strong>Visualizaci\u00f3n<\/strong><\/td>\n<td style=\"text-align: center;\" colspan=\"8\">Visualizaci\u00f3n gr\u00e1fica, muestra la producci\u00f3n instant\u00e1nea, cubierta, pH*, mV*, temp.*<\/td>\n<\/tr>\n<tr>\n<td><strong>Protecci\u00f3n<\/strong><\/td>\n<td style=\"text-align: center;\" colspan=\"8\">IP65<\/td>\n<\/tr>\n<tr>\n<td><strong>Selecci\u00f3n de idioma<\/strong><\/td>\n<td style=\"text-align: center;\" colspan=\"8\">GB \u2013 FR \u2013 SP \u2013 DE \u2013 IT \u2013 CZ \u2013 PT \u2013 NL \u2013 PL \u2013 HU \u2013 RU<\/td>\n<\/tr>\n<tr>\n<td><strong>Modo hipercloraci\u00f3n<\/strong><\/td>\n<td style=\"text-align: center;\">S\u00ed<\/td>\n<td style=\"text-align: center;\">S\u00ed<\/td>\n<td style=\"text-align: center;\">S\u00ed<\/td>\n<td style=\"text-align: center;\">S\u00ed<\/td>\n<td style=\"text-align: center;\">S\u00ed<\/td>\n<td style=\"text-align: center;\">S\u00ed<\/td>\n<td style=\"text-align: center;\">S\u00ed<\/td>\n<td style=\"text-align: center;\">S\u00ed<\/td>\n<\/tr>\n<tr>\n<td><strong>Regulaci\u00f3n manual Cl<\/strong><\/td>\n<td style=\"text-align: center;\">S\u00ed<\/td>\n<td style=\"text-align: center;\">S\u00ed<\/td>\n<td style=\"text-align: center;\">S\u00ed<\/td>\n<td style=\"text-align: center;\">S\u00ed<\/td>\n<td style=\"text-align: center;\">S\u00ed<\/td>\n<td style=\"text-align: center;\">S\u00ed<\/td>\n<td style=\"text-align: center;\">S\u00ed<\/td>\n<td style=\"text-align: center;\">S\u00ed<\/td>\n<\/tr>\n<tr>\n<td><strong>Control de los proyectores (hasta 50 W)<\/strong><\/td>\n<td style=\"text-align: center;\">S\u00ed<\/td>\n<td style=\"text-align: center;\">S\u00ed<\/td>\n<td style=\"text-align: center;\">S\u00ed<\/td>\n<td style=\"text-align: center;\">S\u00ed<\/td>\n<td style=\"text-align: center;\">S\u00ed<\/td>\n<td style=\"text-align: center;\">S\u00ed<\/td>\n<td style=\"text-align: center;\">S\u00ed<\/td>\n<td style=\"text-align: center;\">S\u00ed<\/td>\n<\/tr>\n<tr>\n<td><strong>Bomba de filtraci\u00f3n \/ control bomba VS<\/strong><\/td>\n<td style=\"text-align: center;\">S\u00ed<\/td>\n<td style=\"text-align: center;\">S\u00ed<\/td>\n<td style=\"text-align: center;\">S\u00ed<\/td>\n<td style=\"text-align: center;\">S\u00ed<\/td>\n<td style=\"text-align: center;\">S\u00ed<\/td>\n<td style=\"text-align: center;\">S\u00ed<\/td>\n<td style=\"text-align: center;\">S\u00ed<\/td>\n<td style=\"text-align: center;\">S\u00ed<\/td>\n<\/tr>\n<tr>\n<td><strong>Detecci\u00f3n de cubierta<\/strong><\/td>\n<td style=\"text-align: center;\">S\u00ed<\/td>\n<td style=\"text-align: center;\">S\u00ed<\/td>\n<td style=\"text-align: center;\">S\u00ed<\/td>\n<td style=\"text-align: center;\">S\u00ed<\/td>\n<td style=\"text-align: center;\">S\u00ed<\/td>\n<td style=\"text-align: center;\">S\u00ed<\/td>\n<td style=\"text-align: center;\">S\u00ed<\/td>\n<td style=\"text-align: center;\">S\u00ed<\/td>\n<\/tr>\n<tr>\n<td><strong>Modo Smart: Ajuste de Cl<\/strong><\/td>\n<td style=\"text-align: center;\">S\u00ed<\/td>\n<td style=\"text-align: center;\">S\u00ed<\/td>\n<td style=\"text-align: center;\">S\u00ed<\/td>\n<td style=\"text-align: center;\">S\u00ed<\/td>\n<td style=\"text-align: center;\">S\u00ed<\/td>\n<td style=\"text-align: center;\">S\u00ed<\/td>\n<td style=\"text-align: center;\">S\u00ed<\/td>\n<td style=\"text-align: center;\">S\u00ed<\/td>\n<\/tr>\n<tr>\n<td><strong>Detector de caudal<\/strong><\/td>\n<td style=\"text-align: center;\">\u2013<\/td>\n<td style=\"text-align: center;\">\u2013<\/td>\n<td style=\"text-align: center;\">\u2013<\/td>\n<td style=\"text-align: center;\">\u2013<\/td>\n<td style=\"text-align: center;\">S\u00ed<\/td>\n<td style=\"text-align: center;\">S\u00ed<\/td>\n<td style=\"text-align: center;\">\u2013<\/td>\n<td style=\"text-align: center;\">\u2013<\/td>\n<\/tr>\n<tr>\n<td><strong>Detector de gas<\/strong><\/td>\n<td style=\"text-align: center;\">S\u00ed<\/td>\n<td style=\"text-align: center;\">S\u00ed<\/td>\n<td style=\"text-align: center;\">S\u00ed<\/td>\n<td style=\"text-align: center;\">S\u00ed<\/td>\n<td style=\"text-align: center;\">\u2013<\/td>\n<td style=\"text-align: center;\">\u2013<\/td>\n<td style=\"text-align: center;\">S\u00ed<\/td>\n<td style=\"text-align: center;\">S\u00ed<\/td>\n<\/tr>\n<tr>\n<td><strong>Limpieza autom\u00e1tica<\/strong><\/td>\n<td style=\"text-align: center;\" colspan=\"8\">Programable hasta 999 min<\/td>\n<\/tr>\n<tr>\n<td><strong>Alarmas<\/strong><\/td>\n<td style=\"text-align: center;\" colspan=\"8\">Nivel de sal bajo \/ caudal nulo \/ pH (60 minutos)<\/td>\n<\/tr>\n<tr>\n<td><strong>Dimensiones de la caja de control<\/strong><\/td>\n<td style=\"text-align: center;\" colspan=\"8\">254 x 298 x 133<\/td>\n<\/tr>\n<\/tbody>\n<\/table>\n<\/div>\n<h3>Opcionales disponibles<\/h3>\n<div>\n<table class=\"alignleft\">\n<tbody>\n<tr>\n<td><strong>pH (con bomba)<\/strong><\/td>\n<td>BKPER-OPTION-PH<\/td>\n<\/tr>\n<tr>\n<td><strong>Rx<\/strong><\/td>\n<td>E-OPTION-REDOX<\/td>\n<\/tr>\n<tr>\n<td><strong>Wifi<\/strong><\/td>\n<td>RS3WI-OPTION-W<\/td>\n<\/tr>\n<tr>\n<td><strong>Ethernet<\/strong><\/td>\n<td>RS3NET-OPTION-L<\/td>\n<\/tr>\n<tr>\n<td><strong>Temperatura<\/strong><\/td>\n<td>T-OPTION-TEMP<\/td>\n<\/tr>\n<tr>\n<td><strong>Detector de caudal<\/strong><\/td>\n<td>J-OPTION-FLOW<\/td>\n<\/tr>\n<\/tbody>\n<\/table>\n<\/div>\n<p>&nbsp;<\/p>\n<p>&nbsp;<\/p>\n<p>&nbsp;<\/p>\n<p>&nbsp;<\/p>\n<p>&nbsp;<\/p>","protected":false},"excerpt":{"rendered":"<ul>\n<li>Control de los equipamientos de la piscina mediante m\u00f3dulos opcionales.<\/li>\n<li>Vida \u00fatil de la c\u00e9lula 8.000 horas.<\/li>\n<li>Control de la bomba de filtraci\u00f3n y de la iluminaci\u00f3n.<\/li>\n<li>Kits disponibles de regulaci\u00f3n del pH, Redox opcionales.<\/li>\n<li>Amplia gama de producciones de cloro:\u00a0<strong>8, 16, 22, 33 y 50 g\/h<\/strong> para cubrir todas las necesidades del mercado.<\/li>\n<\/ul>\n<p><a href=\"https:\/\/inflowed.es\/wp-content\/uploads\/2023\/12\/Ficha-tecnica-Hayward-Aquarite-Flo-Advanced.pdf\">Ficha t\u00e9cnica Hayward Aquarite Flo Advanced<\/a><\/p>\n<p><a href=\"https:\/\/inflowed.es\/wp-content\/uploads\/2023\/12\/manual-instalacion-hayward-aquarite-flo-advanced.pdf\">Manual instalacion Hayward Aquarite Flo Advanced<\/a><\/p>","protected":false},"featured_media":3700,"comment_status":"closed","ping_status":"closed","template":"","meta":[],"product_brand":[],"product_cat":[82],"product_tag":[],"class_list":{"0":"post-3699","1":"product","2":"type-product","3":"status-publish","4":"has-post-thumbnail","6":"product_cat-cloradores-salinos","8":"first","9":"instock","10":"taxable","11":"shipping-taxable","12":"product-type-simple"},"yoast_head":"<!-- This site is optimized with the Yoast SEO plugin v27.2 - https:\/\/yoast.com\/product\/yoast-seo-wordpress\/ -->\n<title>Clorador salino Hayward Aquarite Flo Advanced &#8211; INFLOWED<\/title>\n<meta name=\"description\" content=\"Hayward Aquarite Flo Advanced clorador salino de alta gama con una vida \u00fatil de c\u00e9lula de 8.000 horas. Consigue el mejor precio en INFLOWED.\" \/>\n<meta name=\"robots\" content=\"index, follow, max-snippet:-1, max-image-preview:large, max-video-preview:-1\" \/>\n<link rel=\"canonical\" href=\"https:\/\/inflowed.es\/ca\/producte\/clorador-salino-hayward-aquarite-flo-advanced\/\" \/>\n<meta property=\"og:locale\" content=\"ca_ES\" \/>\n<meta property=\"og:type\" content=\"article\" \/>\n<meta property=\"og:title\" content=\"Clorador salino Hayward Aquarite Flo Advanced &#8211; INFLOWED\" \/>\n<meta property=\"og:description\" content=\"Hayward Aquarite Flo Advanced clorador salino de alta gama con una vida \u00fatil de c\u00e9lula de 8.000 horas. Consigue el mejor precio en INFLOWED.\" \/>\n<meta property=\"og:url\" content=\"https:\/\/inflowed.es\/ca\/producte\/clorador-salino-hayward-aquarite-flo-advanced\/\" \/>\n<meta property=\"og:site_name\" content=\"INFLOWED\" \/>\n<meta property=\"article:modified_time\" content=\"2023-12-17T17:25:26+00:00\" \/>\n<meta property=\"og:image\" content=\"https:\/\/inflowed.es\/wp-content\/uploads\/2023\/12\/Hayward-Aquarite-Flo-Advanced.jpg\" \/>\n\t<meta property=\"og:image:width\" content=\"1600\" \/>\n\t<meta property=\"og:image:height\" content=\"1600\" \/>\n\t<meta property=\"og:image:type\" content=\"image\/jpeg\" \/>\n<meta name=\"twitter:card\" content=\"summary_large_image\" \/>\n<meta name=\"twitter:label1\" content=\"Temps estimat de lectura\" \/>\n\t<meta name=\"twitter:data1\" content=\"4 minuts\" \/>\n<script type=\"application\/ld+json\" class=\"yoast-schema-graph\">{\"@context\":\"https:\/\/schema.org\",\"@graph\":[{\"@type\":\"WebPage\",\"@id\":\"https:\/\/inflowed.es\/producto\/clorador-salino-hayward-aquarite-flo-advanced\",\"url\":\"https:\/\/inflowed.es\/producto\/clorador-salino-hayward-aquarite-flo-advanced\",\"name\":\"Clorador salino Hayward Aquarite Flo Advanced &#8211; INFLOWED\",\"isPartOf\":{\"@id\":\"https:\/\/inflowed.es\/#website\"},\"primaryImageOfPage\":{\"@id\":\"https:\/\/inflowed.es\/producto\/clorador-salino-hayward-aquarite-flo-advanced#primaryimage\"},\"image\":{\"@id\":\"https:\/\/inflowed.es\/producto\/clorador-salino-hayward-aquarite-flo-advanced#primaryimage\"},\"thumbnailUrl\":\"https:\/\/inflowed.es\/wp-content\/uploads\/2023\/12\/Hayward-Aquarite-Flo-Advanced.jpg\",\"datePublished\":\"2023-12-14T07:41:22+00:00\",\"dateModified\":\"2023-12-17T17:25:26+00:00\",\"description\":\"Hayward Aquarite Flo Advanced clorador salino de alta gama con una vida \u00fatil de c\u00e9lula de 8.000 horas. Consigue el mejor precio en INFLOWED.\",\"breadcrumb\":{\"@id\":\"https:\/\/inflowed.es\/producto\/clorador-salino-hayward-aquarite-flo-advanced#breadcrumb\"},\"inLanguage\":\"ca\",\"potentialAction\":[{\"@type\":\"ReadAction\",\"target\":[\"https:\/\/inflowed.es\/producto\/clorador-salino-hayward-aquarite-flo-advanced\"]}]},{\"@type\":\"ImageObject\",\"inLanguage\":\"ca\",\"@id\":\"https:\/\/inflowed.es\/producto\/clorador-salino-hayward-aquarite-flo-advanced#primaryimage\",\"url\":\"https:\/\/inflowed.es\/wp-content\/uploads\/2023\/12\/Hayward-Aquarite-Flo-Advanced.jpg\",\"contentUrl\":\"https:\/\/inflowed.es\/wp-content\/uploads\/2023\/12\/Hayward-Aquarite-Flo-Advanced.jpg\",\"width\":1600,\"height\":1600},{\"@type\":\"BreadcrumbList\",\"@id\":\"https:\/\/inflowed.es\/producto\/clorador-salino-hayward-aquarite-flo-advanced#breadcrumb\",\"itemListElement\":[{\"@type\":\"ListItem\",\"position\":1,\"name\":\"Portada\",\"item\":\"https:\/\/inflowed.es\/\"},{\"@type\":\"ListItem\",\"position\":2,\"name\":\"Cat\u00e1logo de productos\",\"item\":\"https:\/\/inflowed.es\/catalogo-de-productos\"},{\"@type\":\"ListItem\",\"position\":3,\"name\":\"Clorador salino Hayward Aquarite Flo Advanced\"}]},{\"@type\":\"WebSite\",\"@id\":\"https:\/\/inflowed.es\/#website\",\"url\":\"https:\/\/inflowed.es\/\",\"name\":\"INFLOWED\",\"description\":\"Distribuci&oacute;n mayorista de art&iacute;culos para piscinas\",\"publisher\":{\"@id\":\"https:\/\/inflowed.es\/#organization\"},\"potentialAction\":[{\"@type\":\"SearchAction\",\"target\":{\"@type\":\"EntryPoint\",\"urlTemplate\":\"https:\/\/inflowed.es\/?s={search_term_string}\"},\"query-input\":{\"@type\":\"PropertyValueSpecification\",\"valueRequired\":true,\"valueName\":\"search_term_string\"}}],\"inLanguage\":\"ca\"},{\"@type\":\"Organization\",\"@id\":\"https:\/\/inflowed.es\/#organization\",\"name\":\"Inflowed Spain S.L.\",\"url\":\"https:\/\/inflowed.es\/\",\"logo\":{\"@type\":\"ImageObject\",\"inLanguage\":\"ca\",\"@id\":\"https:\/\/inflowed.es\/#\/schema\/logo\/image\/\",\"url\":\"https:\/\/inflowed.es\/wp-content\/uploads\/2023\/11\/logo-inflowed.png\",\"contentUrl\":\"https:\/\/inflowed.es\/wp-content\/uploads\/2023\/11\/logo-inflowed.png\",\"width\":1032,\"height\":242,\"caption\":\"Inflowed Spain S.L.\"},\"image\":{\"@id\":\"https:\/\/inflowed.es\/#\/schema\/logo\/image\/\"}}]}<\/script>\n<!-- \/ Yoast SEO plugin. -->","yoast_head_json":{"title":"Clorador salino Hayward Aquarite Flo Advanced &#8211; INFLOWED","description":"Hayward Aquarite Flo Advanced clorador salino de alta gama con una vida \u00fatil de c\u00e9lula de 8.000 horas. Consigue el mejor precio en INFLOWED.","robots":{"index":"index","follow":"follow","max-snippet":"max-snippet:-1","max-image-preview":"max-image-preview:large","max-video-preview":"max-video-preview:-1"},"canonical":"https:\/\/inflowed.es\/ca\/producte\/clorador-salino-hayward-aquarite-flo-advanced\/","og_locale":"ca_ES","og_type":"article","og_title":"Clorador salino Hayward Aquarite Flo Advanced &#8211; INFLOWED","og_description":"Hayward Aquarite Flo Advanced clorador salino de alta gama con una vida \u00fatil de c\u00e9lula de 8.000 horas. Consigue el mejor precio en INFLOWED.","og_url":"https:\/\/inflowed.es\/ca\/producte\/clorador-salino-hayward-aquarite-flo-advanced\/","og_site_name":"INFLOWED","article_modified_time":"2023-12-17T17:25:26+00:00","og_image":[{"width":1600,"height":1600,"url":"https:\/\/inflowed.es\/wp-content\/uploads\/2023\/12\/Hayward-Aquarite-Flo-Advanced.jpg","type":"image\/jpeg"}],"twitter_card":"summary_large_image","twitter_misc":{"Temps estimat de lectura":"4 minuts"},"schema":{"@context":"https:\/\/schema.org","@graph":[{"@type":"WebPage","@id":"https:\/\/inflowed.es\/producto\/clorador-salino-hayward-aquarite-flo-advanced","url":"https:\/\/inflowed.es\/producto\/clorador-salino-hayward-aquarite-flo-advanced","name":"Clorador salino Hayward Aquarite Flo Advanced &#8211; INFLOWED","isPartOf":{"@id":"https:\/\/inflowed.es\/#website"},"primaryImageOfPage":{"@id":"https:\/\/inflowed.es\/producto\/clorador-salino-hayward-aquarite-flo-advanced#primaryimage"},"image":{"@id":"https:\/\/inflowed.es\/producto\/clorador-salino-hayward-aquarite-flo-advanced#primaryimage"},"thumbnailUrl":"https:\/\/inflowed.es\/wp-content\/uploads\/2023\/12\/Hayward-Aquarite-Flo-Advanced.jpg","datePublished":"2023-12-14T07:41:22+00:00","dateModified":"2023-12-17T17:25:26+00:00","description":"Hayward Aquarite Flo Advanced clorador salino de alta gama con una vida \u00fatil de c\u00e9lula de 8.000 horas. Consigue el mejor precio en INFLOWED.","breadcrumb":{"@id":"https:\/\/inflowed.es\/producto\/clorador-salino-hayward-aquarite-flo-advanced#breadcrumb"},"inLanguage":"ca","potentialAction":[{"@type":"ReadAction","target":["https:\/\/inflowed.es\/producto\/clorador-salino-hayward-aquarite-flo-advanced"]}]},{"@type":"ImageObject","inLanguage":"ca","@id":"https:\/\/inflowed.es\/producto\/clorador-salino-hayward-aquarite-flo-advanced#primaryimage","url":"https:\/\/inflowed.es\/wp-content\/uploads\/2023\/12\/Hayward-Aquarite-Flo-Advanced.jpg","contentUrl":"https:\/\/inflowed.es\/wp-content\/uploads\/2023\/12\/Hayward-Aquarite-Flo-Advanced.jpg","width":1600,"height":1600},{"@type":"BreadcrumbList","@id":"https:\/\/inflowed.es\/producto\/clorador-salino-hayward-aquarite-flo-advanced#breadcrumb","itemListElement":[{"@type":"ListItem","position":1,"name":"Portada","item":"https:\/\/inflowed.es\/"},{"@type":"ListItem","position":2,"name":"Cat\u00e1logo de productos","item":"https:\/\/inflowed.es\/catalogo-de-productos"},{"@type":"ListItem","position":3,"name":"Clorador salino Hayward Aquarite Flo Advanced"}]},{"@type":"WebSite","@id":"https:\/\/inflowed.es\/#website","url":"https:\/\/inflowed.es\/","name":"INFLOWED","description":"Distribuci&oacute;n mayorista de art&iacute;culos para piscinas","publisher":{"@id":"https:\/\/inflowed.es\/#organization"},"potentialAction":[{"@type":"SearchAction","target":{"@type":"EntryPoint","urlTemplate":"https:\/\/inflowed.es\/?s={search_term_string}"},"query-input":{"@type":"PropertyValueSpecification","valueRequired":true,"valueName":"search_term_string"}}],"inLanguage":"ca"},{"@type":"Organization","@id":"https:\/\/inflowed.es\/#organization","name":"Inflowed Spain S.L.","url":"https:\/\/inflowed.es\/","logo":{"@type":"ImageObject","inLanguage":"ca","@id":"https:\/\/inflowed.es\/#\/schema\/logo\/image\/","url":"https:\/\/inflowed.es\/wp-content\/uploads\/2023\/11\/logo-inflowed.png","contentUrl":"https:\/\/inflowed.es\/wp-content\/uploads\/2023\/11\/logo-inflowed.png","width":1032,"height":242,"caption":"Inflowed Spain S.L."},"image":{"@id":"https:\/\/inflowed.es\/#\/schema\/logo\/image\/"}}]}},"_links":{"self":[{"href":"https:\/\/inflowed.es\/ca\/wp-json\/wp\/v2\/product\/3699","targetHints":{"allow":["GET"]}}],"collection":[{"href":"https:\/\/inflowed.es\/ca\/wp-json\/wp\/v2\/product"}],"about":[{"href":"https:\/\/inflowed.es\/ca\/wp-json\/wp\/v2\/types\/product"}],"replies":[{"embeddable":true,"href":"https:\/\/inflowed.es\/ca\/wp-json\/wp\/v2\/comments?post=3699"}],"version-history":[{"count":4,"href":"https:\/\/inflowed.es\/ca\/wp-json\/wp\/v2\/product\/3699\/revisions"}],"predecessor-version":[{"id":3706,"href":"https:\/\/inflowed.es\/ca\/wp-json\/wp\/v2\/product\/3699\/revisions\/3706"}],"wp:featuredmedia":[{"embeddable":true,"href":"https:\/\/inflowed.es\/ca\/wp-json\/wp\/v2\/media\/3700"}],"wp:attachment":[{"href":"https:\/\/inflowed.es\/ca\/wp-json\/wp\/v2\/media?parent=3699"}],"wp:term":[{"taxonomy":"product_brand","embeddable":true,"href":"https:\/\/inflowed.es\/ca\/wp-json\/wp\/v2\/product_brand?post=3699"},{"taxonomy":"product_cat","embeddable":true,"href":"https:\/\/inflowed.es\/ca\/wp-json\/wp\/v2\/product_cat?post=3699"},{"taxonomy":"product_tag","embeddable":true,"href":"https:\/\/inflowed.es\/ca\/wp-json\/wp\/v2\/product_tag?post=3699"}],"curies":[{"name":"wp","href":"https:\/\/api.w.org\/{rel}","templated":true}]}}