{"id":3687,"date":"2023-12-13T10:11:38","date_gmt":"2023-12-13T10:11:38","guid":{"rendered":"https:\/\/inflowed.es\/?post_type=product&#038;p=3687"},"modified":"2023-12-13T10:11:39","modified_gmt":"2023-12-13T10:11:39","slug":"limpiafondos-hidraulico-zodiac-t5-duo","status":"publish","type":"product","link":"https:\/\/inflowed.es\/ca\/producte\/limpiafondos-hidraulico-zodiac-t5-duo","title":{"rendered":"Limpiafondos hidr\u00e1ulico Zodiac T5 Duo"},"content":{"rendered":"<h3>Diafragma DiaCyclone<\/h3>\n<p>El T5 cuenta en su interior con el nuevo diafragma patentado DiaCyclone. M\u00e1s flexible y resistente, este aut\u00e9ntico motor mejora la capacidad de succi\u00f3n hasta un 40% con el mismo caudal.<\/p>\n<h3>Disco de control en 2 partes<\/h3>\n<p>El T5 puede alcanzar todas las zonas de la picina gracias a su sistema de control de desplazamiento patentado \u00abDuo Traction Control\u00bb: dos discos flexibles independientes que mejoran la movilidad y la adherencia permitiendo una mejor limpieza de las esquinas y paredes de la piscina.<\/p>\n<h3>Evita los obstaculos<\/h3>\n<p>El T5 Duo est\u00e1 equipado con un deflector anti-bloqueo que le permite sortear los obst\u00e1culos que podr\u00edan dificultar sus movimientos: puede esquivar escalones, esquinas, escaleras&#8230;<\/p>\n<ul>\n<li>Dise\u00f1o compacto que lo convierte en un limpiafondos \u00e1gil.<\/li>\n<li>Duo Traction Control: dos discos flexible independientes que mejoran la movilidad y la adherencia del limpiafondos en todo tipo de revestimientos.<\/li>\n<li>Diafragma DiaCyclone de gran durabilidad y operaci\u00f3n silenciosa: mejora la capacidad de aspiraci\u00f3n hasta un 40% con el mismo caudal.<\/li>\n<li>Nuevo disco deflector antibloqueo que mejora la capacidad del limpiafondos para sortear obst\u00e1culos como escaleras, esquinas, etc.<\/li>\n<\/ul>\n<h5><strong>Tabla comparativa<\/strong><\/h5>\n<div>\n<table border=\"1\" cellpadding=\"10px\">\n<tbody>\n<tr>\n<td rowspan=\"2\"><\/td>\n<td><img decoding=\"async\" class=\"wp-image-18697 aligncenter\" src=\"https:\/\/piscinapool.com\/wp-content\/uploads\/2021\/10\/zodiac-t3-300x300.jpg\" alt=\"\" width=\"100\" height=\"100\" \/><\/td>\n<td><img decoding=\"async\" class=\"wp-image-18808 aligncenter\" src=\"https:\/\/piscinapool.com\/wp-content\/uploads\/2021\/10\/t5-300x300.jpg\" alt=\"\" width=\"100\" height=\"100\" \/><\/td>\n<td><img decoding=\"async\" class=\"wp-image-18569 aligncenter\" src=\"https:\/\/piscinapool.com\/wp-content\/uploads\/2021\/10\/mx8-300x300.jpg\" alt=\"\" width=\"100\" height=\"100\" \/><\/td>\n<td><img loading=\"lazy\" decoding=\"async\" class=\"wp-image-20155 aligncenter\" src=\"https:\/\/piscinapool.com\/wp-content\/uploads\/2021\/11\/zodiac-mx9-2-150x150.png\" alt=\"\" width=\"122\" height=\"122\" \/><\/td>\n<\/tr>\n<tr>\n<td style=\"text-align: center;\"><strong>T3<\/strong><\/td>\n<td style=\"text-align: center;\"><strong>T5 DUO<\/strong><\/td>\n<td style=\"text-align: center;\"><strong>MX8<\/strong><\/td>\n<td style=\"text-align: center;\"><strong>MX9<\/strong><\/td>\n<\/tr>\n<tr>\n<td><strong>Sistema de funcionamiento<\/strong><\/td>\n<td style=\"text-align: center;\">Diafr\u00e1gma<\/td>\n<td style=\"text-align: center;\">Diafr\u00e1gma<\/td>\n<td style=\"text-align: center;\">Mec\u00e1nico<\/td>\n<td style=\"text-align: center;\">Mec\u00e1nico<\/td>\n<\/tr>\n<tr>\n<td><strong>Forma de la piscina<\/strong><\/td>\n<td style=\"text-align: center;\">Rectangular<br \/>\nOvalada<br \/>\nRedonda<\/td>\n<td style=\"text-align: center;\">Todas las formas<\/td>\n<td style=\"text-align: center;\">Todas las formas<\/td>\n<td style=\"text-align: center;\">Todas las formas<\/td>\n<\/tr>\n<tr>\n<td><strong>Fondo de la piscina<\/strong><\/td>\n<td style=\"text-align: center;\">Plano<br \/>\nPendiente suave<\/td>\n<td style=\"text-align: center;\">Plano<br \/>\nPendiente suave<br \/>\nPendiente compuesta<\/td>\n<td style=\"text-align: center;\">Todos tipos de fondo<\/td>\n<td style=\"text-align: center;\">Todos tipos de fondo<\/td>\n<\/tr>\n<tr>\n<td><strong>Longitud piscina m\u00e1xima (m)<\/strong><\/td>\n<td style=\"text-align: center;\">9 x 5<\/td>\n<td style=\"text-align: center;\">12 x 6<\/td>\n<td style=\"text-align: center;\">12 x 6<\/td>\n<td style=\"text-align: center;\">12 x 6<\/td>\n<\/tr>\n<tr>\n<td><strong>Zona de limpieza<\/strong><\/td>\n<td style=\"text-align: center;\">Fondo<\/td>\n<td style=\"text-align: center;\">Fondo y paredes<\/td>\n<td style=\"text-align: center;\">Fondo y paredes<\/td>\n<td style=\"text-align: center;\">Fondo y paredes<\/td>\n<\/tr>\n<tr>\n<td><strong>Potencia m\u00ednima bomba<\/strong><\/td>\n<td style=\"text-align: center;\">1\/2 CV<\/td>\n<td style=\"text-align: center;\">3\/4 CV<\/td>\n<td style=\"text-align: center;\">3\/4 CV<\/td>\n<td style=\"text-align: center;\">3\/4 CV<\/td>\n<\/tr>\n<tr>\n<td><strong>Cepillos en las \u00e9lices<\/strong><\/td>\n<td style=\"text-align: center;\">\u2013<\/td>\n<td style=\"text-align: center;\">\u2013<\/td>\n<td style=\"text-align: center;\">\u2013<\/td>\n<td style=\"text-align: center;\">S\u00ed<\/td>\n<\/tr>\n<\/tbody>\n<\/table>\n<\/div>","protected":false},"excerpt":{"rendered":"<ul>\n<li><strong>Limpiafondos hidr\u00e1ulico autom\u00e1tico<\/strong>\u00a0para piscinas de\u00a0<strong>hasta 12 m de largo.<\/strong><\/li>\n<li>Limpia fondo y paredes.<\/li>\n<li>Sistema de funcionamiento\u00a0<strong>por diafr\u00e1gma<\/strong>.<\/li>\n<li>Limpiafondos completo con todos los accesorios incluidos.<\/li>\n<\/ul>\n<p><a href=\"https:\/\/inflowed.es\/wp-content\/uploads\/2023\/12\/Folleto-Zodiac-T5-Duo.pdf\">Folleto Zodiac T5 Duo<\/a><\/p>\n<p><a href=\"https:\/\/inflowed.es\/wp-content\/uploads\/2023\/12\/manual-zodiac-t3-t5-duo.pdf\">Manual Zodiac T3 &#8211; T5 Duo<\/a><\/p>","protected":false},"featured_media":3688,"comment_status":"closed","ping_status":"closed","template":"","meta":[],"product_brand":[],"product_cat":[89],"product_tag":[],"class_list":{"0":"post-3687","1":"product","2":"type-product","3":"status-publish","4":"has-post-thumbnail","6":"product_cat-limpiafondos-hidraulicos","8":"first","9":"instock","10":"taxable","11":"shipping-taxable","12":"product-type-simple"},"yoast_head":"<!-- This site is optimized with the Yoast SEO plugin v27.2 - https:\/\/yoast.com\/product\/yoast-seo-wordpress\/ -->\n<title>Limpiafondos hidr\u00e1ulico Zodiac T5 Duo &#8211; INFLOWED<\/title>\n<meta name=\"description\" content=\"Limpiafondos hidr\u00e1ulico Zodiac T5 Duo ideal para piscinas de hastas 12 x 6 mt. Limpieza de fondo y paredes. Consigue el mejor precio en INFLOWED.\" \/>\n<meta name=\"robots\" content=\"index, follow, max-snippet:-1, max-image-preview:large, max-video-preview:-1\" \/>\n<link rel=\"canonical\" href=\"https:\/\/inflowed.es\/ca\/producte\/limpiafondos-hidraulico-zodiac-t5-duo\/\" \/>\n<meta property=\"og:locale\" content=\"ca_ES\" \/>\n<meta property=\"og:type\" content=\"article\" \/>\n<meta property=\"og:title\" content=\"Limpiafondos hidr\u00e1ulico Zodiac T5 Duo &#8211; INFLOWED\" \/>\n<meta property=\"og:description\" content=\"Limpiafondos hidr\u00e1ulico Zodiac T5 Duo ideal para piscinas de hastas 12 x 6 mt. Limpieza de fondo y paredes. Consigue el mejor precio en INFLOWED.\" \/>\n<meta property=\"og:url\" content=\"https:\/\/inflowed.es\/ca\/producte\/limpiafondos-hidraulico-zodiac-t5-duo\/\" \/>\n<meta property=\"og:site_name\" content=\"INFLOWED\" \/>\n<meta property=\"article:modified_time\" content=\"2023-12-13T10:11:39+00:00\" \/>\n<meta property=\"og:image\" content=\"https:\/\/inflowed.es\/wp-content\/uploads\/2023\/12\/Zodiac-T5-Duo.jpg\" \/>\n\t<meta property=\"og:image:width\" content=\"800\" \/>\n\t<meta property=\"og:image:height\" content=\"800\" \/>\n\t<meta property=\"og:image:type\" content=\"image\/jpeg\" \/>\n<meta name=\"twitter:card\" content=\"summary_large_image\" \/>\n<meta name=\"twitter:label1\" content=\"Temps estimat de lectura\" \/>\n\t<meta name=\"twitter:data1\" content=\"3 minuts\" \/>\n<script type=\"application\/ld+json\" class=\"yoast-schema-graph\">{\"@context\":\"https:\/\/schema.org\",\"@graph\":[{\"@type\":\"WebPage\",\"@id\":\"https:\/\/inflowed.es\/producto\/limpiafondos-hidraulico-zodiac-t5-duo\",\"url\":\"https:\/\/inflowed.es\/producto\/limpiafondos-hidraulico-zodiac-t5-duo\",\"name\":\"Limpiafondos hidr\u00e1ulico Zodiac T5 Duo &#8211; INFLOWED\",\"isPartOf\":{\"@id\":\"https:\/\/inflowed.es\/#website\"},\"primaryImageOfPage\":{\"@id\":\"https:\/\/inflowed.es\/producto\/limpiafondos-hidraulico-zodiac-t5-duo#primaryimage\"},\"image\":{\"@id\":\"https:\/\/inflowed.es\/producto\/limpiafondos-hidraulico-zodiac-t5-duo#primaryimage\"},\"thumbnailUrl\":\"https:\/\/inflowed.es\/wp-content\/uploads\/2023\/12\/Zodiac-T5-Duo.jpg\",\"datePublished\":\"2023-12-13T10:11:38+00:00\",\"dateModified\":\"2023-12-13T10:11:39+00:00\",\"description\":\"Limpiafondos hidr\u00e1ulico Zodiac T5 Duo ideal para piscinas de hastas 12 x 6 mt. Limpieza de fondo y paredes. Consigue el mejor precio en INFLOWED.\",\"breadcrumb\":{\"@id\":\"https:\/\/inflowed.es\/producto\/limpiafondos-hidraulico-zodiac-t5-duo#breadcrumb\"},\"inLanguage\":\"ca\",\"potentialAction\":[{\"@type\":\"ReadAction\",\"target\":[\"https:\/\/inflowed.es\/producto\/limpiafondos-hidraulico-zodiac-t5-duo\"]}]},{\"@type\":\"ImageObject\",\"inLanguage\":\"ca\",\"@id\":\"https:\/\/inflowed.es\/producto\/limpiafondos-hidraulico-zodiac-t5-duo#primaryimage\",\"url\":\"https:\/\/inflowed.es\/wp-content\/uploads\/2023\/12\/Zodiac-T5-Duo.jpg\",\"contentUrl\":\"https:\/\/inflowed.es\/wp-content\/uploads\/2023\/12\/Zodiac-T5-Duo.jpg\",\"width\":800,\"height\":800},{\"@type\":\"BreadcrumbList\",\"@id\":\"https:\/\/inflowed.es\/producto\/limpiafondos-hidraulico-zodiac-t5-duo#breadcrumb\",\"itemListElement\":[{\"@type\":\"ListItem\",\"position\":1,\"name\":\"Portada\",\"item\":\"https:\/\/inflowed.es\/\"},{\"@type\":\"ListItem\",\"position\":2,\"name\":\"Cat\u00e1logo de productos\",\"item\":\"https:\/\/inflowed.es\/catalogo-de-productos\"},{\"@type\":\"ListItem\",\"position\":3,\"name\":\"Limpiafondos hidr\u00e1ulico Zodiac T5 Duo\"}]},{\"@type\":\"WebSite\",\"@id\":\"https:\/\/inflowed.es\/#website\",\"url\":\"https:\/\/inflowed.es\/\",\"name\":\"INFLOWED\",\"description\":\"Distribuci&oacute;n mayorista de art&iacute;culos para piscinas\",\"publisher\":{\"@id\":\"https:\/\/inflowed.es\/#organization\"},\"potentialAction\":[{\"@type\":\"SearchAction\",\"target\":{\"@type\":\"EntryPoint\",\"urlTemplate\":\"https:\/\/inflowed.es\/?s={search_term_string}\"},\"query-input\":{\"@type\":\"PropertyValueSpecification\",\"valueRequired\":true,\"valueName\":\"search_term_string\"}}],\"inLanguage\":\"ca\"},{\"@type\":\"Organization\",\"@id\":\"https:\/\/inflowed.es\/#organization\",\"name\":\"Inflowed Spain S.L.\",\"url\":\"https:\/\/inflowed.es\/\",\"logo\":{\"@type\":\"ImageObject\",\"inLanguage\":\"ca\",\"@id\":\"https:\/\/inflowed.es\/#\/schema\/logo\/image\/\",\"url\":\"https:\/\/inflowed.es\/wp-content\/uploads\/2023\/11\/logo-inflowed.png\",\"contentUrl\":\"https:\/\/inflowed.es\/wp-content\/uploads\/2023\/11\/logo-inflowed.png\",\"width\":1032,\"height\":242,\"caption\":\"Inflowed Spain S.L.\"},\"image\":{\"@id\":\"https:\/\/inflowed.es\/#\/schema\/logo\/image\/\"}}]}<\/script>\n<!-- \/ Yoast SEO plugin. -->","yoast_head_json":{"title":"Limpiafondos hidr\u00e1ulico Zodiac T5 Duo &#8211; INFLOWED","description":"Limpiafondos hidr\u00e1ulico Zodiac T5 Duo ideal para piscinas de hastas 12 x 6 mt. Limpieza de fondo y paredes. Consigue el mejor precio en INFLOWED.","robots":{"index":"index","follow":"follow","max-snippet":"max-snippet:-1","max-image-preview":"max-image-preview:large","max-video-preview":"max-video-preview:-1"},"canonical":"https:\/\/inflowed.es\/ca\/producte\/limpiafondos-hidraulico-zodiac-t5-duo\/","og_locale":"ca_ES","og_type":"article","og_title":"Limpiafondos hidr\u00e1ulico Zodiac T5 Duo &#8211; INFLOWED","og_description":"Limpiafondos hidr\u00e1ulico Zodiac T5 Duo ideal para piscinas de hastas 12 x 6 mt. Limpieza de fondo y paredes. Consigue el mejor precio en INFLOWED.","og_url":"https:\/\/inflowed.es\/ca\/producte\/limpiafondos-hidraulico-zodiac-t5-duo\/","og_site_name":"INFLOWED","article_modified_time":"2023-12-13T10:11:39+00:00","og_image":[{"width":800,"height":800,"url":"https:\/\/inflowed.es\/wp-content\/uploads\/2023\/12\/Zodiac-T5-Duo.jpg","type":"image\/jpeg"}],"twitter_card":"summary_large_image","twitter_misc":{"Temps estimat de lectura":"3 minuts"},"schema":{"@context":"https:\/\/schema.org","@graph":[{"@type":"WebPage","@id":"https:\/\/inflowed.es\/producto\/limpiafondos-hidraulico-zodiac-t5-duo","url":"https:\/\/inflowed.es\/producto\/limpiafondos-hidraulico-zodiac-t5-duo","name":"Limpiafondos hidr\u00e1ulico Zodiac T5 Duo &#8211; INFLOWED","isPartOf":{"@id":"https:\/\/inflowed.es\/#website"},"primaryImageOfPage":{"@id":"https:\/\/inflowed.es\/producto\/limpiafondos-hidraulico-zodiac-t5-duo#primaryimage"},"image":{"@id":"https:\/\/inflowed.es\/producto\/limpiafondos-hidraulico-zodiac-t5-duo#primaryimage"},"thumbnailUrl":"https:\/\/inflowed.es\/wp-content\/uploads\/2023\/12\/Zodiac-T5-Duo.jpg","datePublished":"2023-12-13T10:11:38+00:00","dateModified":"2023-12-13T10:11:39+00:00","description":"Limpiafondos hidr\u00e1ulico Zodiac T5 Duo ideal para piscinas de hastas 12 x 6 mt. Limpieza de fondo y paredes. Consigue el mejor precio en INFLOWED.","breadcrumb":{"@id":"https:\/\/inflowed.es\/producto\/limpiafondos-hidraulico-zodiac-t5-duo#breadcrumb"},"inLanguage":"ca","potentialAction":[{"@type":"ReadAction","target":["https:\/\/inflowed.es\/producto\/limpiafondos-hidraulico-zodiac-t5-duo"]}]},{"@type":"ImageObject","inLanguage":"ca","@id":"https:\/\/inflowed.es\/producto\/limpiafondos-hidraulico-zodiac-t5-duo#primaryimage","url":"https:\/\/inflowed.es\/wp-content\/uploads\/2023\/12\/Zodiac-T5-Duo.jpg","contentUrl":"https:\/\/inflowed.es\/wp-content\/uploads\/2023\/12\/Zodiac-T5-Duo.jpg","width":800,"height":800},{"@type":"BreadcrumbList","@id":"https:\/\/inflowed.es\/producto\/limpiafondos-hidraulico-zodiac-t5-duo#breadcrumb","itemListElement":[{"@type":"ListItem","position":1,"name":"Portada","item":"https:\/\/inflowed.es\/"},{"@type":"ListItem","position":2,"name":"Cat\u00e1logo de productos","item":"https:\/\/inflowed.es\/catalogo-de-productos"},{"@type":"ListItem","position":3,"name":"Limpiafondos hidr\u00e1ulico Zodiac T5 Duo"}]},{"@type":"WebSite","@id":"https:\/\/inflowed.es\/#website","url":"https:\/\/inflowed.es\/","name":"INFLOWED","description":"Distribuci&oacute;n mayorista de art&iacute;culos para piscinas","publisher":{"@id":"https:\/\/inflowed.es\/#organization"},"potentialAction":[{"@type":"SearchAction","target":{"@type":"EntryPoint","urlTemplate":"https:\/\/inflowed.es\/?s={search_term_string}"},"query-input":{"@type":"PropertyValueSpecification","valueRequired":true,"valueName":"search_term_string"}}],"inLanguage":"ca"},{"@type":"Organization","@id":"https:\/\/inflowed.es\/#organization","name":"Inflowed Spain S.L.","url":"https:\/\/inflowed.es\/","logo":{"@type":"ImageObject","inLanguage":"ca","@id":"https:\/\/inflowed.es\/#\/schema\/logo\/image\/","url":"https:\/\/inflowed.es\/wp-content\/uploads\/2023\/11\/logo-inflowed.png","contentUrl":"https:\/\/inflowed.es\/wp-content\/uploads\/2023\/11\/logo-inflowed.png","width":1032,"height":242,"caption":"Inflowed Spain S.L."},"image":{"@id":"https:\/\/inflowed.es\/#\/schema\/logo\/image\/"}}]}},"_links":{"self":[{"href":"https:\/\/inflowed.es\/ca\/wp-json\/wp\/v2\/product\/3687","targetHints":{"allow":["GET"]}}],"collection":[{"href":"https:\/\/inflowed.es\/ca\/wp-json\/wp\/v2\/product"}],"about":[{"href":"https:\/\/inflowed.es\/ca\/wp-json\/wp\/v2\/types\/product"}],"replies":[{"embeddable":true,"href":"https:\/\/inflowed.es\/ca\/wp-json\/wp\/v2\/comments?post=3687"}],"version-history":[{"count":1,"href":"https:\/\/inflowed.es\/ca\/wp-json\/wp\/v2\/product\/3687\/revisions"}],"predecessor-version":[{"id":3690,"href":"https:\/\/inflowed.es\/ca\/wp-json\/wp\/v2\/product\/3687\/revisions\/3690"}],"wp:featuredmedia":[{"embeddable":true,"href":"https:\/\/inflowed.es\/ca\/wp-json\/wp\/v2\/media\/3688"}],"wp:attachment":[{"href":"https:\/\/inflowed.es\/ca\/wp-json\/wp\/v2\/media?parent=3687"}],"wp:term":[{"taxonomy":"product_brand","embeddable":true,"href":"https:\/\/inflowed.es\/ca\/wp-json\/wp\/v2\/product_brand?post=3687"},{"taxonomy":"product_cat","embeddable":true,"href":"https:\/\/inflowed.es\/ca\/wp-json\/wp\/v2\/product_cat?post=3687"},{"taxonomy":"product_tag","embeddable":true,"href":"https:\/\/inflowed.es\/ca\/wp-json\/wp\/v2\/product_tag?post=3687"}],"curies":[{"name":"wp","href":"https:\/\/api.w.org\/{rel}","templated":true}]}}