{"id":3676,"date":"2023-12-13T09:57:03","date_gmt":"2023-12-13T09:57:03","guid":{"rendered":"https:\/\/inflowed.es\/?post_type=product&#038;p=3676"},"modified":"2023-12-13T09:57:03","modified_gmt":"2023-12-13T09:57:03","slug":"limpiafondos-hidraulico-zodiac-t3","status":"publish","type":"product","link":"https:\/\/inflowed.es\/ca\/producte\/limpiafondos-hidraulico-zodiac-t3","title":{"rendered":"Limpiafondos hidr\u00e1ulico Zodiac T3"},"content":{"rendered":"<div id=\"col_1\">\n<h3>Limpieza de piscinas peque\u00f1as y medianas<\/h3>\n<p>Dedicados a la limpieza del fondo de piscinas peque\u00f1as y medianas o de piscinas sobre-elevadas con paredes r\u00edgidas, su tecnolog\u00eda de discos con alerones favorece un mejor desplazamiento en la piscina para una cobertura minuciosa de cualquier superficie que se vaya a limpiar.<\/p>\n<\/div>\n<div id=\"col_2\"><img fetchpriority=\"high\" decoding=\"async\" class=\"aligncenter size-full wp-image-27653\" src=\"https:\/\/piscinapool.com\/wp-content\/uploads\/2021\/11\/Limpiafondos-de-Piscina-Zodiac-T3-01.webp\" alt=\"\" width=\"530\" height=\"299\" \/><\/div>\n<p>&nbsp;<\/p>\n<div id=\"col_1\"><img decoding=\"async\" class=\"aligncenter size-full wp-image-27649\" src=\"https:\/\/piscinapool.com\/wp-content\/uploads\/2021\/11\/Limpiafondos-de-Piscina-Zodiac-T3-05.webp\" alt=\"\" width=\"1000\" height=\"1000\" \/><\/div>\n<div id=\"col_2\">\n<h3>Una movilidad optimizada<\/h3>\n<p>Las aletas del T3 mejoran su movilidad. Cubren todos los rincones de la piscina y se adaptan a piscinas de cualquier forma.<\/p>\n<\/div>\n<p>&nbsp;<\/p>\n<div id=\"col_1\">\n<h3>Un potente motor de aspiraci\u00f3n<\/h3>\n<p>El T3 cuenta en su interior con el nuevo diafragma patentado DiaCyclone. M\u00e1s flexible y resistente, este aut\u00e9ntico motor\u00a0<strong>mejora la capacidad de succi\u00f3n hasta un 40%<\/strong>\u00a0con el mismo caudal.<\/p>\n<\/div>\n<div id=\"col_2\"><img decoding=\"async\" class=\"aligncenter size-full wp-image-27652\" src=\"https:\/\/piscinapool.com\/wp-content\/uploads\/2021\/11\/Limpiafondos-de-Piscina-Zodiac-T3-07.webp\" alt=\"\" width=\"1000\" height=\"1000\" \/><\/div>\n<p>&nbsp;<\/p>\n<div id=\"col_1\"><img loading=\"lazy\" decoding=\"async\" class=\"aligncenter size-full wp-image-27647\" src=\"https:\/\/piscinapool.com\/wp-content\/uploads\/2021\/11\/Limpiafondos-de-Piscina-Zodiac-T3-09.webp\" alt=\"\" width=\"1000\" height=\"1000\" \/><\/div>\n<div id=\"col_2\">\n<h3>Mangueras Twist &amp; Lock<\/h3>\n<p>Esta tecnolog\u00eda patentada garantiza la m\u00e1xima estanqueidad de la manguera gracias a una conexi\u00f3n m\u00e1s fiable y totalmente segura. Las mangueras se conectan f\u00e1cilmente y su mantenimiento es m\u00e1s sencillo.<\/p>\n<\/div>\n<p>El Zodiac T3 es un eficiente limpiafondos de piscina hidr\u00e1ulico, dise\u00f1ado para hacer que la limpieza de la piscina sea f\u00e1cil y efectiva. Con su sistema de succi\u00f3n, puedes limpiar fondos de piscinas de diferentes materiales y formas, incluyendo piscinas de hasta 9 x 5 metros. Adem\u00e1s, es capaz de recolectar todo tipo de residuos, desde arena hasta hojas. Si est\u00e1s buscando un limpiafondos confiable y f\u00e1cil de usar, el Zodiac T3 es una excelente opci\u00f3n.<\/p>\n<h3>Caracter\u00edsticas principales Zodiac T3<\/h3>\n<ul>\n<li>Diafragma Dia Cyclone. Aspiraci\u00f3n m\u00e1s potente.<\/li>\n<li>Mangueras Twist Lock. Conexi\u00f3n segura sin p\u00e9rdida de aspiraci\u00f3n.<\/li>\n<li>Disco deflector anti-bloqueo para evitar escaleras, \u00e1ngulos, etc.<\/li>\n<li>Cobertura de limpieza: 30 cm.<\/li>\n<li>Potencia m\u00ednima de la bomba: 1\/2 CV.<\/li>\n<li>Desplazamiento: aleatorio.<\/li>\n<li>Garant\u00eda 2 a\u00f1os.<\/li>\n<\/ul>\n<h3>Tabla comparativa Zodiac<\/h3>\n<div>\n<table border=\"1\" cellpadding=\"10px\">\n<tbody>\n<tr>\n<td rowspan=\"2\"><\/td>\n<td><img loading=\"lazy\" decoding=\"async\" class=\"alignnone wp-image-18697\" src=\"https:\/\/piscinapool.com\/wp-content\/uploads\/2021\/10\/zodiac-t3-300x300.jpg\" alt=\"\" width=\"100\" height=\"100\" \/><\/td>\n<td><img loading=\"lazy\" decoding=\"async\" class=\"alignnone wp-image-18808\" src=\"https:\/\/piscinapool.com\/wp-content\/uploads\/2021\/10\/t5-300x300.jpg\" alt=\"\" width=\"100\" height=\"100\" \/><\/td>\n<td><img loading=\"lazy\" decoding=\"async\" class=\"alignnone wp-image-18569\" src=\"https:\/\/piscinapool.com\/wp-content\/uploads\/2021\/10\/mx8-300x300.jpg\" alt=\"\" width=\"100\" height=\"100\" \/><\/td>\n<td><img loading=\"lazy\" decoding=\"async\" class=\"alignnone wp-image-20155\" src=\"https:\/\/piscinapool.com\/wp-content\/uploads\/2021\/11\/zodiac-mx9-2-150x150.png\" alt=\"\" width=\"122\" height=\"122\" \/><\/td>\n<\/tr>\n<tr>\n<td style=\"text-align: center;\"><strong>T3<\/strong><\/td>\n<td style=\"text-align: center;\"><strong>T5 DUO<\/strong><\/td>\n<td style=\"text-align: center;\"><strong>MX8<\/strong><\/td>\n<td style=\"text-align: center;\"><b>MX9<\/b><\/td>\n<\/tr>\n<tr>\n<td><strong>Sistema de funcionamiento<\/strong><\/td>\n<td style=\"text-align: center;\">Diafr\u00e1gma<\/td>\n<td style=\"text-align: center;\">Diafr\u00e1gma<\/td>\n<td style=\"text-align: center;\">Mec\u00e1nico<\/td>\n<td style=\"text-align: center;\">Mec\u00e1nico<\/td>\n<\/tr>\n<tr>\n<td><strong>Forma de la piscina<\/strong><\/td>\n<td style=\"text-align: center;\">Rectangular<br \/>\nOvalada<br \/>\nRedonda<\/td>\n<td style=\"text-align: center;\">Todas las formas<\/td>\n<td style=\"text-align: center;\">Todas las formas<\/td>\n<td style=\"text-align: center;\">Todas las formas<\/td>\n<\/tr>\n<tr>\n<td><strong>Fondo de la piscina<\/strong><\/td>\n<td style=\"text-align: center;\">Plano<br \/>\nPendiente suave<\/td>\n<td style=\"text-align: center;\">Plano<br \/>\nPendiente suave<br \/>\nPendiente compuesta<\/td>\n<td style=\"text-align: center;\">Todos tipos de fondo<\/td>\n<td style=\"text-align: center;\">Todos tipos de fondo<\/td>\n<\/tr>\n<tr>\n<td><strong>Longitud piscina m\u00e1xima (m)<\/strong><\/td>\n<td style=\"text-align: center;\">9 x 5<\/td>\n<td style=\"text-align: center;\">12 x 6<\/td>\n<td style=\"text-align: center;\">12 x 6<\/td>\n<td style=\"text-align: center;\">12 x 6<\/td>\n<\/tr>\n<tr>\n<td><strong>Zona de limpieza<\/strong><\/td>\n<td style=\"text-align: center;\">Fondo<\/td>\n<td style=\"text-align: center;\">Fondo y paredes<\/td>\n<td style=\"text-align: center;\">Fondo y paredes<\/td>\n<td style=\"text-align: center;\">Fondo y paredes<\/td>\n<\/tr>\n<tr>\n<td><strong>Potencia m\u00ednima bomba<\/strong><\/td>\n<td style=\"text-align: center;\">1\/2 CV<\/td>\n<td style=\"text-align: center;\">3\/4 CV<\/td>\n<td style=\"text-align: center;\">3\/4 CV<\/td>\n<td style=\"text-align: center;\">3\/4 CV<\/td>\n<\/tr>\n<tr>\n<td><strong>Cepillos en las \u00e9lices<\/strong><\/td>\n<td style=\"text-align: center;\">\u2013<\/td>\n<td style=\"text-align: center;\">\u2013<\/td>\n<td style=\"text-align: center;\">\u2013<\/td>\n<td style=\"text-align: center;\">S\u00ed<\/td>\n<\/tr>\n<\/tbody>\n<\/table>\n<\/div>","protected":false},"excerpt":{"rendered":"<ul>\n<li>Limpiafondos hidr\u00e1ulico autom\u00e1tico Zodiac T3.<\/li>\n<li>Apto para piscinas de hasta 9 x 5 m.<\/li>\n<li>Limpieza de solo fondo.<\/li>\n<li>Sistema de funcionamiento por diafragma.<\/li>\n<\/ul>\n<p><a href=\"https:\/\/inflowed.es\/wp-content\/uploads\/2023\/12\/folleto-zodiac-t3-3.pdf\">Folleto Zodiac T3<\/a><\/p>\n<p><a href=\"https:\/\/inflowed.es\/wp-content\/uploads\/2023\/12\/manual-zodiac-t3-t5-duo.pdf\">Manual Zodiac T3 &#8211; T5 DUO<\/a><\/p>","protected":false},"featured_media":3679,"comment_status":"closed","ping_status":"closed","template":"","meta":[],"product_brand":[],"product_cat":[89],"product_tag":[],"class_list":{"0":"post-3676","1":"product","2":"type-product","3":"status-publish","4":"has-post-thumbnail","6":"product_cat-limpiafondos-hidraulicos","8":"first","9":"instock","10":"taxable","11":"shipping-taxable","12":"product-type-simple"},"yoast_head":"<!-- This site is optimized with the Yoast SEO plugin v27.2 - https:\/\/yoast.com\/product\/yoast-seo-wordpress\/ -->\n<title>Limpiafondos hidr\u00e1ulico Zodiac T3 &#8211; INFLOWED<\/title>\n<meta name=\"description\" content=\"Limpiafondos hidr\u00e1ulico Zodiac T3 ideal para piscinas de hasta 9 x 5 m. Limpieza de fondo efectiva. Consigue el mejor precio en INFLOWED.\" \/>\n<meta name=\"robots\" content=\"index, follow, max-snippet:-1, max-image-preview:large, max-video-preview:-1\" \/>\n<link rel=\"canonical\" href=\"https:\/\/inflowed.es\/ca\/producte\/limpiafondos-hidraulico-zodiac-t3\/\" \/>\n<meta property=\"og:locale\" content=\"ca_ES\" \/>\n<meta property=\"og:type\" content=\"article\" \/>\n<meta property=\"og:title\" content=\"Limpiafondos hidr\u00e1ulico Zodiac T3 &#8211; INFLOWED\" \/>\n<meta property=\"og:description\" content=\"Limpiafondos hidr\u00e1ulico Zodiac T3 ideal para piscinas de hasta 9 x 5 m. Limpieza de fondo efectiva. Consigue el mejor precio en INFLOWED.\" \/>\n<meta property=\"og:url\" content=\"https:\/\/inflowed.es\/ca\/producte\/limpiafondos-hidraulico-zodiac-t3\/\" \/>\n<meta property=\"og:site_name\" content=\"INFLOWED\" \/>\n<meta property=\"og:image\" content=\"https:\/\/inflowed.es\/wp-content\/uploads\/2023\/12\/Zodiac-T3.webp\" \/>\n\t<meta property=\"og:image:width\" content=\"1000\" \/>\n\t<meta property=\"og:image:height\" content=\"1000\" \/>\n\t<meta property=\"og:image:type\" content=\"image\/webp\" \/>\n<meta name=\"twitter:card\" content=\"summary_large_image\" \/>\n<meta name=\"twitter:label1\" content=\"Temps estimat de lectura\" \/>\n\t<meta name=\"twitter:data1\" content=\"4 minuts\" \/>\n<script type=\"application\/ld+json\" class=\"yoast-schema-graph\">{\"@context\":\"https:\/\/schema.org\",\"@graph\":[{\"@type\":\"WebPage\",\"@id\":\"https:\/\/inflowed.es\/producto\/limpiafondos-hidraulico-zodiac-t3\",\"url\":\"https:\/\/inflowed.es\/producto\/limpiafondos-hidraulico-zodiac-t3\",\"name\":\"Limpiafondos hidr\u00e1ulico Zodiac T3 &#8211; INFLOWED\",\"isPartOf\":{\"@id\":\"https:\/\/inflowed.es\/#website\"},\"primaryImageOfPage\":{\"@id\":\"https:\/\/inflowed.es\/producto\/limpiafondos-hidraulico-zodiac-t3#primaryimage\"},\"image\":{\"@id\":\"https:\/\/inflowed.es\/producto\/limpiafondos-hidraulico-zodiac-t3#primaryimage\"},\"thumbnailUrl\":\"https:\/\/inflowed.es\/wp-content\/uploads\/2023\/12\/Zodiac-T3.webp\",\"datePublished\":\"2023-12-13T09:57:03+00:00\",\"description\":\"Limpiafondos hidr\u00e1ulico Zodiac T3 ideal para piscinas de hasta 9 x 5 m. Limpieza de fondo efectiva. Consigue el mejor precio en INFLOWED.\",\"breadcrumb\":{\"@id\":\"https:\/\/inflowed.es\/producto\/limpiafondos-hidraulico-zodiac-t3#breadcrumb\"},\"inLanguage\":\"ca\",\"potentialAction\":[{\"@type\":\"ReadAction\",\"target\":[\"https:\/\/inflowed.es\/producto\/limpiafondos-hidraulico-zodiac-t3\"]}]},{\"@type\":\"ImageObject\",\"inLanguage\":\"ca\",\"@id\":\"https:\/\/inflowed.es\/producto\/limpiafondos-hidraulico-zodiac-t3#primaryimage\",\"url\":\"https:\/\/inflowed.es\/wp-content\/uploads\/2023\/12\/Zodiac-T3.webp\",\"contentUrl\":\"https:\/\/inflowed.es\/wp-content\/uploads\/2023\/12\/Zodiac-T3.webp\",\"width\":1000,\"height\":1000},{\"@type\":\"BreadcrumbList\",\"@id\":\"https:\/\/inflowed.es\/producto\/limpiafondos-hidraulico-zodiac-t3#breadcrumb\",\"itemListElement\":[{\"@type\":\"ListItem\",\"position\":1,\"name\":\"Portada\",\"item\":\"https:\/\/inflowed.es\/\"},{\"@type\":\"ListItem\",\"position\":2,\"name\":\"Cat\u00e1logo de productos\",\"item\":\"https:\/\/inflowed.es\/catalogo-de-productos\"},{\"@type\":\"ListItem\",\"position\":3,\"name\":\"Limpiafondos hidr\u00e1ulico Zodiac T3\"}]},{\"@type\":\"WebSite\",\"@id\":\"https:\/\/inflowed.es\/#website\",\"url\":\"https:\/\/inflowed.es\/\",\"name\":\"INFLOWED\",\"description\":\"Distribuci&oacute;n mayorista de art&iacute;culos para piscinas\",\"publisher\":{\"@id\":\"https:\/\/inflowed.es\/#organization\"},\"potentialAction\":[{\"@type\":\"SearchAction\",\"target\":{\"@type\":\"EntryPoint\",\"urlTemplate\":\"https:\/\/inflowed.es\/?s={search_term_string}\"},\"query-input\":{\"@type\":\"PropertyValueSpecification\",\"valueRequired\":true,\"valueName\":\"search_term_string\"}}],\"inLanguage\":\"ca\"},{\"@type\":\"Organization\",\"@id\":\"https:\/\/inflowed.es\/#organization\",\"name\":\"Inflowed Spain S.L.\",\"url\":\"https:\/\/inflowed.es\/\",\"logo\":{\"@type\":\"ImageObject\",\"inLanguage\":\"ca\",\"@id\":\"https:\/\/inflowed.es\/#\/schema\/logo\/image\/\",\"url\":\"https:\/\/inflowed.es\/wp-content\/uploads\/2023\/11\/logo-inflowed.png\",\"contentUrl\":\"https:\/\/inflowed.es\/wp-content\/uploads\/2023\/11\/logo-inflowed.png\",\"width\":1032,\"height\":242,\"caption\":\"Inflowed Spain S.L.\"},\"image\":{\"@id\":\"https:\/\/inflowed.es\/#\/schema\/logo\/image\/\"}}]}<\/script>\n<!-- \/ Yoast SEO plugin. -->","yoast_head_json":{"title":"Limpiafondos hidr\u00e1ulico Zodiac T3 &#8211; INFLOWED","description":"Limpiafondos hidr\u00e1ulico Zodiac T3 ideal para piscinas de hasta 9 x 5 m. Limpieza de fondo efectiva. Consigue el mejor precio en INFLOWED.","robots":{"index":"index","follow":"follow","max-snippet":"max-snippet:-1","max-image-preview":"max-image-preview:large","max-video-preview":"max-video-preview:-1"},"canonical":"https:\/\/inflowed.es\/ca\/producte\/limpiafondos-hidraulico-zodiac-t3\/","og_locale":"ca_ES","og_type":"article","og_title":"Limpiafondos hidr\u00e1ulico Zodiac T3 &#8211; INFLOWED","og_description":"Limpiafondos hidr\u00e1ulico Zodiac T3 ideal para piscinas de hasta 9 x 5 m. Limpieza de fondo efectiva. Consigue el mejor precio en INFLOWED.","og_url":"https:\/\/inflowed.es\/ca\/producte\/limpiafondos-hidraulico-zodiac-t3\/","og_site_name":"INFLOWED","og_image":[{"width":1000,"height":1000,"url":"https:\/\/inflowed.es\/wp-content\/uploads\/2023\/12\/Zodiac-T3.webp","type":"image\/webp"}],"twitter_card":"summary_large_image","twitter_misc":{"Temps estimat de lectura":"4 minuts"},"schema":{"@context":"https:\/\/schema.org","@graph":[{"@type":"WebPage","@id":"https:\/\/inflowed.es\/producto\/limpiafondos-hidraulico-zodiac-t3","url":"https:\/\/inflowed.es\/producto\/limpiafondos-hidraulico-zodiac-t3","name":"Limpiafondos hidr\u00e1ulico Zodiac T3 &#8211; INFLOWED","isPartOf":{"@id":"https:\/\/inflowed.es\/#website"},"primaryImageOfPage":{"@id":"https:\/\/inflowed.es\/producto\/limpiafondos-hidraulico-zodiac-t3#primaryimage"},"image":{"@id":"https:\/\/inflowed.es\/producto\/limpiafondos-hidraulico-zodiac-t3#primaryimage"},"thumbnailUrl":"https:\/\/inflowed.es\/wp-content\/uploads\/2023\/12\/Zodiac-T3.webp","datePublished":"2023-12-13T09:57:03+00:00","description":"Limpiafondos hidr\u00e1ulico Zodiac T3 ideal para piscinas de hasta 9 x 5 m. Limpieza de fondo efectiva. Consigue el mejor precio en INFLOWED.","breadcrumb":{"@id":"https:\/\/inflowed.es\/producto\/limpiafondos-hidraulico-zodiac-t3#breadcrumb"},"inLanguage":"ca","potentialAction":[{"@type":"ReadAction","target":["https:\/\/inflowed.es\/producto\/limpiafondos-hidraulico-zodiac-t3"]}]},{"@type":"ImageObject","inLanguage":"ca","@id":"https:\/\/inflowed.es\/producto\/limpiafondos-hidraulico-zodiac-t3#primaryimage","url":"https:\/\/inflowed.es\/wp-content\/uploads\/2023\/12\/Zodiac-T3.webp","contentUrl":"https:\/\/inflowed.es\/wp-content\/uploads\/2023\/12\/Zodiac-T3.webp","width":1000,"height":1000},{"@type":"BreadcrumbList","@id":"https:\/\/inflowed.es\/producto\/limpiafondos-hidraulico-zodiac-t3#breadcrumb","itemListElement":[{"@type":"ListItem","position":1,"name":"Portada","item":"https:\/\/inflowed.es\/"},{"@type":"ListItem","position":2,"name":"Cat\u00e1logo de productos","item":"https:\/\/inflowed.es\/catalogo-de-productos"},{"@type":"ListItem","position":3,"name":"Limpiafondos hidr\u00e1ulico Zodiac T3"}]},{"@type":"WebSite","@id":"https:\/\/inflowed.es\/#website","url":"https:\/\/inflowed.es\/","name":"INFLOWED","description":"Distribuci&oacute;n mayorista de art&iacute;culos para piscinas","publisher":{"@id":"https:\/\/inflowed.es\/#organization"},"potentialAction":[{"@type":"SearchAction","target":{"@type":"EntryPoint","urlTemplate":"https:\/\/inflowed.es\/?s={search_term_string}"},"query-input":{"@type":"PropertyValueSpecification","valueRequired":true,"valueName":"search_term_string"}}],"inLanguage":"ca"},{"@type":"Organization","@id":"https:\/\/inflowed.es\/#organization","name":"Inflowed Spain S.L.","url":"https:\/\/inflowed.es\/","logo":{"@type":"ImageObject","inLanguage":"ca","@id":"https:\/\/inflowed.es\/#\/schema\/logo\/image\/","url":"https:\/\/inflowed.es\/wp-content\/uploads\/2023\/11\/logo-inflowed.png","contentUrl":"https:\/\/inflowed.es\/wp-content\/uploads\/2023\/11\/logo-inflowed.png","width":1032,"height":242,"caption":"Inflowed Spain S.L."},"image":{"@id":"https:\/\/inflowed.es\/#\/schema\/logo\/image\/"}}]}},"_links":{"self":[{"href":"https:\/\/inflowed.es\/ca\/wp-json\/wp\/v2\/product\/3676","targetHints":{"allow":["GET"]}}],"collection":[{"href":"https:\/\/inflowed.es\/ca\/wp-json\/wp\/v2\/product"}],"about":[{"href":"https:\/\/inflowed.es\/ca\/wp-json\/wp\/v2\/types\/product"}],"replies":[{"embeddable":true,"href":"https:\/\/inflowed.es\/ca\/wp-json\/wp\/v2\/comments?post=3676"}],"version-history":[{"count":1,"href":"https:\/\/inflowed.es\/ca\/wp-json\/wp\/v2\/product\/3676\/revisions"}],"predecessor-version":[{"id":3686,"href":"https:\/\/inflowed.es\/ca\/wp-json\/wp\/v2\/product\/3676\/revisions\/3686"}],"wp:featuredmedia":[{"embeddable":true,"href":"https:\/\/inflowed.es\/ca\/wp-json\/wp\/v2\/media\/3679"}],"wp:attachment":[{"href":"https:\/\/inflowed.es\/ca\/wp-json\/wp\/v2\/media?parent=3676"}],"wp:term":[{"taxonomy":"product_brand","embeddable":true,"href":"https:\/\/inflowed.es\/ca\/wp-json\/wp\/v2\/product_brand?post=3676"},{"taxonomy":"product_cat","embeddable":true,"href":"https:\/\/inflowed.es\/ca\/wp-json\/wp\/v2\/product_cat?post=3676"},{"taxonomy":"product_tag","embeddable":true,"href":"https:\/\/inflowed.es\/ca\/wp-json\/wp\/v2\/product_tag?post=3676"}],"curies":[{"name":"wp","href":"https:\/\/api.w.org\/{rel}","templated":true}]}}