{"id":3666,"date":"2023-12-13T09:35:38","date_gmt":"2023-12-13T09:35:38","guid":{"rendered":"https:\/\/inflowed.es\/?post_type=product&#038;p=3666"},"modified":"2023-12-13T09:38:36","modified_gmt":"2023-12-13T09:38:36","slug":"limpiafondos-hidraulico-mx10","status":"publish","type":"product","link":"https:\/\/inflowed.es\/ca\/producte\/limpiafondos-hidraulico-mx10","title":{"rendered":"Limpiafondos hidr\u00e1ulico MX10"},"content":{"rendered":"<h3>Sistema de navegaci\u00f3n Preprogramado X-Drive<\/h3>\n<p>Gracias a su sistema de navegaci\u00f3n pre-programado X-Drive, el MX10 recorre met\u00f3dicamente todas las zonas de su piscina, y le garantiza una cobertura implecable, independientemente del fondo y de la forma de su piscina.<\/p>\n<h3>Aspiraci\u00f3n turbo<\/h3>\n<p>El limpiafondos MX10\u2122 cuenta con el sistema de turbo aspiraci\u00f3n una potente turbina de aspiraci\u00f3n y dos h\u00e9lices de succi\u00f3n con cepillos que dirigen la suciedad y los residuos hacia la boca del limpiafondos. Esto le garantiza una limpieza ultra eficaz, incluso con un caudal bajo.<\/p>\n<ul>\n<li>El limpiafondos MX10 cuenta con el sistema de turbo aspiraci\u00f3n una\u00a0potente turbina de aspiraci\u00f3n y dos h\u00e9lices de succi\u00f3n con cepillos\u00a0que dirigen la suciedad y los residuos hacia la boca del limpiafondos.\u00a0Esto le garantiza una limpieza ultra eficaz, incluso con un caudal bajo.<\/li>\n<li>La tecnolog\u00eda de cepillado cicl\u00f3nico permite despegar la suciedad\u00a0incrustada antes de ser aspirada. Los cepillos activos del limpiafondos\u00a0permiten as\u00ed eliminar cualquier tipo de residuo, incluso las resistentes\u00a0algas que se pegan al fondo y a las paredes de la piscina.<\/li>\n<li>Gracias a su sistema de navegaci\u00f3n pre-programado X-Drive, el MX10\u00a0recorre met\u00f3dicamente todas las zonas de su piscina, y le garantiza\u00a0una cobertura impecable, independientemente del fondo y de la forma\u00a0de su piscina.<\/li>\n<li>Es apto para piscinas : Piscinas enterradas y fuera de suelo con paredes\u00a0r\u00edgidas, Todo tipo de formas de piscinas hasta 12 x 6 , Fondo plano , pendiente suave y pendiente compuesta.<\/li>\n<li>Potencia m\u00ednima requerida de la bomba de filtraci\u00f3n: 3\/4 CV<\/li>\n<\/ul>","protected":false},"excerpt":{"rendered":"<ul>\n<li>Novedad Zodiac.<\/li>\n<li>Limpiafondos hidr\u00e1ulico.<\/li>\n<li>Apto para piscinas de hasta 12 m de largo.<\/li>\n<li>Limpieza de fondo y paredes.<\/li>\n<li>Limpiafondos completo, incluye todos los accesorios.<\/li>\n<\/ul>\n<p><a href=\"https:\/\/inflowed.es\/wp-content\/uploads\/2023\/12\/Folleto-Zodiac-MX10.pdf\">Folleto Zodiac MX10<\/a><\/p>\n<p><a href=\"https:\/\/inflowed.es\/wp-content\/uploads\/2023\/12\/Manual-Zodiac-MX6-MX8-MX9-MX10.pdf\">Manual Zodiac MX6 &#8211; MX8 &#8211; MX9 &#8211; MX10<\/a><\/p>","protected":false},"featured_media":3667,"comment_status":"closed","ping_status":"closed","template":"","meta":[],"product_brand":[],"product_cat":[89],"product_tag":[],"class_list":{"0":"post-3666","1":"product","2":"type-product","3":"status-publish","4":"has-post-thumbnail","6":"product_cat-limpiafondos-hidraulicos","8":"first","9":"instock","10":"taxable","11":"shipping-taxable","12":"product-type-simple"},"yoast_head":"<!-- This site is optimized with the Yoast SEO plugin v27.2 - https:\/\/yoast.com\/product\/yoast-seo-wordpress\/ -->\n<title>Limpiafondos hidr\u00e1ulico MX10 &#8211; INFLOWED<\/title>\n<meta name=\"description\" content=\"Nuevo limpiafondos hidr\u00e1ulico Zodiac MX10. Apto para piscinas de hasta 12 m y limpia fondo y paredes. Consigue la mejor oferta en INFLOWED.\" \/>\n<meta name=\"robots\" content=\"index, follow, max-snippet:-1, max-image-preview:large, max-video-preview:-1\" \/>\n<link rel=\"canonical\" href=\"https:\/\/inflowed.es\/ca\/producte\/limpiafondos-hidraulico-mx10\/\" \/>\n<meta property=\"og:locale\" content=\"ca_ES\" \/>\n<meta property=\"og:type\" content=\"article\" \/>\n<meta property=\"og:title\" content=\"Limpiafondos hidr\u00e1ulico MX10 &#8211; INFLOWED\" \/>\n<meta property=\"og:description\" content=\"Nuevo limpiafondos hidr\u00e1ulico Zodiac MX10. Apto para piscinas de hasta 12 m y limpia fondo y paredes. Consigue la mejor oferta en INFLOWED.\" \/>\n<meta property=\"og:url\" content=\"https:\/\/inflowed.es\/ca\/producte\/limpiafondos-hidraulico-mx10\/\" \/>\n<meta property=\"og:site_name\" content=\"INFLOWED\" \/>\n<meta property=\"article:modified_time\" content=\"2023-12-13T09:38:36+00:00\" \/>\n<meta property=\"og:image\" content=\"https:\/\/inflowed.es\/wp-content\/uploads\/2023\/12\/Zodiac-MX10.jpg\" \/>\n\t<meta property=\"og:image:width\" content=\"750\" \/>\n\t<meta property=\"og:image:height\" content=\"750\" \/>\n\t<meta property=\"og:image:type\" content=\"image\/jpeg\" \/>\n<meta name=\"twitter:card\" content=\"summary_large_image\" \/>\n<meta name=\"twitter:label1\" content=\"Temps estimat de lectura\" \/>\n\t<meta name=\"twitter:data1\" content=\"2 minuts\" \/>\n<script type=\"application\/ld+json\" class=\"yoast-schema-graph\">{\"@context\":\"https:\/\/schema.org\",\"@graph\":[{\"@type\":\"WebPage\",\"@id\":\"https:\/\/inflowed.es\/producto\/limpiafondos-hidraulico-mx10\",\"url\":\"https:\/\/inflowed.es\/producto\/limpiafondos-hidraulico-mx10\",\"name\":\"Limpiafondos hidr\u00e1ulico MX10 &#8211; INFLOWED\",\"isPartOf\":{\"@id\":\"https:\/\/inflowed.es\/#website\"},\"primaryImageOfPage\":{\"@id\":\"https:\/\/inflowed.es\/producto\/limpiafondos-hidraulico-mx10#primaryimage\"},\"image\":{\"@id\":\"https:\/\/inflowed.es\/producto\/limpiafondos-hidraulico-mx10#primaryimage\"},\"thumbnailUrl\":\"https:\/\/inflowed.es\/wp-content\/uploads\/2023\/12\/Zodiac-MX10.jpg\",\"datePublished\":\"2023-12-13T09:35:38+00:00\",\"dateModified\":\"2023-12-13T09:38:36+00:00\",\"description\":\"Nuevo limpiafondos hidr\u00e1ulico Zodiac MX10. Apto para piscinas de hasta 12 m y limpia fondo y paredes. Consigue la mejor oferta en INFLOWED.\",\"breadcrumb\":{\"@id\":\"https:\/\/inflowed.es\/producto\/limpiafondos-hidraulico-mx10#breadcrumb\"},\"inLanguage\":\"ca\",\"potentialAction\":[{\"@type\":\"ReadAction\",\"target\":[\"https:\/\/inflowed.es\/producto\/limpiafondos-hidraulico-mx10\"]}]},{\"@type\":\"ImageObject\",\"inLanguage\":\"ca\",\"@id\":\"https:\/\/inflowed.es\/producto\/limpiafondos-hidraulico-mx10#primaryimage\",\"url\":\"https:\/\/inflowed.es\/wp-content\/uploads\/2023\/12\/Zodiac-MX10.jpg\",\"contentUrl\":\"https:\/\/inflowed.es\/wp-content\/uploads\/2023\/12\/Zodiac-MX10.jpg\",\"width\":750,\"height\":750},{\"@type\":\"BreadcrumbList\",\"@id\":\"https:\/\/inflowed.es\/producto\/limpiafondos-hidraulico-mx10#breadcrumb\",\"itemListElement\":[{\"@type\":\"ListItem\",\"position\":1,\"name\":\"Portada\",\"item\":\"https:\/\/inflowed.es\/\"},{\"@type\":\"ListItem\",\"position\":2,\"name\":\"Cat\u00e1logo de productos\",\"item\":\"https:\/\/inflowed.es\/catalogo-de-productos\"},{\"@type\":\"ListItem\",\"position\":3,\"name\":\"Limpiafondos hidr\u00e1ulico MX10\"}]},{\"@type\":\"WebSite\",\"@id\":\"https:\/\/inflowed.es\/#website\",\"url\":\"https:\/\/inflowed.es\/\",\"name\":\"INFLOWED\",\"description\":\"Distribuci&oacute;n mayorista de art&iacute;culos para piscinas\",\"publisher\":{\"@id\":\"https:\/\/inflowed.es\/#organization\"},\"potentialAction\":[{\"@type\":\"SearchAction\",\"target\":{\"@type\":\"EntryPoint\",\"urlTemplate\":\"https:\/\/inflowed.es\/?s={search_term_string}\"},\"query-input\":{\"@type\":\"PropertyValueSpecification\",\"valueRequired\":true,\"valueName\":\"search_term_string\"}}],\"inLanguage\":\"ca\"},{\"@type\":\"Organization\",\"@id\":\"https:\/\/inflowed.es\/#organization\",\"name\":\"Inflowed Spain S.L.\",\"url\":\"https:\/\/inflowed.es\/\",\"logo\":{\"@type\":\"ImageObject\",\"inLanguage\":\"ca\",\"@id\":\"https:\/\/inflowed.es\/#\/schema\/logo\/image\/\",\"url\":\"https:\/\/inflowed.es\/wp-content\/uploads\/2023\/11\/logo-inflowed.png\",\"contentUrl\":\"https:\/\/inflowed.es\/wp-content\/uploads\/2023\/11\/logo-inflowed.png\",\"width\":1032,\"height\":242,\"caption\":\"Inflowed Spain S.L.\"},\"image\":{\"@id\":\"https:\/\/inflowed.es\/#\/schema\/logo\/image\/\"}}]}<\/script>\n<!-- \/ Yoast SEO plugin. -->","yoast_head_json":{"title":"Limpiafondos hidr\u00e1ulico MX10 &#8211; INFLOWED","description":"Nuevo limpiafondos hidr\u00e1ulico Zodiac MX10. Apto para piscinas de hasta 12 m y limpia fondo y paredes. Consigue la mejor oferta en INFLOWED.","robots":{"index":"index","follow":"follow","max-snippet":"max-snippet:-1","max-image-preview":"max-image-preview:large","max-video-preview":"max-video-preview:-1"},"canonical":"https:\/\/inflowed.es\/ca\/producte\/limpiafondos-hidraulico-mx10\/","og_locale":"ca_ES","og_type":"article","og_title":"Limpiafondos hidr\u00e1ulico MX10 &#8211; INFLOWED","og_description":"Nuevo limpiafondos hidr\u00e1ulico Zodiac MX10. Apto para piscinas de hasta 12 m y limpia fondo y paredes. Consigue la mejor oferta en INFLOWED.","og_url":"https:\/\/inflowed.es\/ca\/producte\/limpiafondos-hidraulico-mx10\/","og_site_name":"INFLOWED","article_modified_time":"2023-12-13T09:38:36+00:00","og_image":[{"width":750,"height":750,"url":"https:\/\/inflowed.es\/wp-content\/uploads\/2023\/12\/Zodiac-MX10.jpg","type":"image\/jpeg"}],"twitter_card":"summary_large_image","twitter_misc":{"Temps estimat de lectura":"2 minuts"},"schema":{"@context":"https:\/\/schema.org","@graph":[{"@type":"WebPage","@id":"https:\/\/inflowed.es\/producto\/limpiafondos-hidraulico-mx10","url":"https:\/\/inflowed.es\/producto\/limpiafondos-hidraulico-mx10","name":"Limpiafondos hidr\u00e1ulico MX10 &#8211; INFLOWED","isPartOf":{"@id":"https:\/\/inflowed.es\/#website"},"primaryImageOfPage":{"@id":"https:\/\/inflowed.es\/producto\/limpiafondos-hidraulico-mx10#primaryimage"},"image":{"@id":"https:\/\/inflowed.es\/producto\/limpiafondos-hidraulico-mx10#primaryimage"},"thumbnailUrl":"https:\/\/inflowed.es\/wp-content\/uploads\/2023\/12\/Zodiac-MX10.jpg","datePublished":"2023-12-13T09:35:38+00:00","dateModified":"2023-12-13T09:38:36+00:00","description":"Nuevo limpiafondos hidr\u00e1ulico Zodiac MX10. Apto para piscinas de hasta 12 m y limpia fondo y paredes. Consigue la mejor oferta en INFLOWED.","breadcrumb":{"@id":"https:\/\/inflowed.es\/producto\/limpiafondos-hidraulico-mx10#breadcrumb"},"inLanguage":"ca","potentialAction":[{"@type":"ReadAction","target":["https:\/\/inflowed.es\/producto\/limpiafondos-hidraulico-mx10"]}]},{"@type":"ImageObject","inLanguage":"ca","@id":"https:\/\/inflowed.es\/producto\/limpiafondos-hidraulico-mx10#primaryimage","url":"https:\/\/inflowed.es\/wp-content\/uploads\/2023\/12\/Zodiac-MX10.jpg","contentUrl":"https:\/\/inflowed.es\/wp-content\/uploads\/2023\/12\/Zodiac-MX10.jpg","width":750,"height":750},{"@type":"BreadcrumbList","@id":"https:\/\/inflowed.es\/producto\/limpiafondos-hidraulico-mx10#breadcrumb","itemListElement":[{"@type":"ListItem","position":1,"name":"Portada","item":"https:\/\/inflowed.es\/"},{"@type":"ListItem","position":2,"name":"Cat\u00e1logo de productos","item":"https:\/\/inflowed.es\/catalogo-de-productos"},{"@type":"ListItem","position":3,"name":"Limpiafondos hidr\u00e1ulico MX10"}]},{"@type":"WebSite","@id":"https:\/\/inflowed.es\/#website","url":"https:\/\/inflowed.es\/","name":"INFLOWED","description":"Distribuci&oacute;n mayorista de art&iacute;culos para piscinas","publisher":{"@id":"https:\/\/inflowed.es\/#organization"},"potentialAction":[{"@type":"SearchAction","target":{"@type":"EntryPoint","urlTemplate":"https:\/\/inflowed.es\/?s={search_term_string}"},"query-input":{"@type":"PropertyValueSpecification","valueRequired":true,"valueName":"search_term_string"}}],"inLanguage":"ca"},{"@type":"Organization","@id":"https:\/\/inflowed.es\/#organization","name":"Inflowed Spain S.L.","url":"https:\/\/inflowed.es\/","logo":{"@type":"ImageObject","inLanguage":"ca","@id":"https:\/\/inflowed.es\/#\/schema\/logo\/image\/","url":"https:\/\/inflowed.es\/wp-content\/uploads\/2023\/11\/logo-inflowed.png","contentUrl":"https:\/\/inflowed.es\/wp-content\/uploads\/2023\/11\/logo-inflowed.png","width":1032,"height":242,"caption":"Inflowed Spain S.L."},"image":{"@id":"https:\/\/inflowed.es\/#\/schema\/logo\/image\/"}}]}},"_links":{"self":[{"href":"https:\/\/inflowed.es\/ca\/wp-json\/wp\/v2\/product\/3666","targetHints":{"allow":["GET"]}}],"collection":[{"href":"https:\/\/inflowed.es\/ca\/wp-json\/wp\/v2\/product"}],"about":[{"href":"https:\/\/inflowed.es\/ca\/wp-json\/wp\/v2\/types\/product"}],"replies":[{"embeddable":true,"href":"https:\/\/inflowed.es\/ca\/wp-json\/wp\/v2\/comments?post=3666"}],"version-history":[{"count":2,"href":"https:\/\/inflowed.es\/ca\/wp-json\/wp\/v2\/product\/3666\/revisions"}],"predecessor-version":[{"id":3675,"href":"https:\/\/inflowed.es\/ca\/wp-json\/wp\/v2\/product\/3666\/revisions\/3675"}],"wp:featuredmedia":[{"embeddable":true,"href":"https:\/\/inflowed.es\/ca\/wp-json\/wp\/v2\/media\/3667"}],"wp:attachment":[{"href":"https:\/\/inflowed.es\/ca\/wp-json\/wp\/v2\/media?parent=3666"}],"wp:term":[{"taxonomy":"product_brand","embeddable":true,"href":"https:\/\/inflowed.es\/ca\/wp-json\/wp\/v2\/product_brand?post=3666"},{"taxonomy":"product_cat","embeddable":true,"href":"https:\/\/inflowed.es\/ca\/wp-json\/wp\/v2\/product_cat?post=3666"},{"taxonomy":"product_tag","embeddable":true,"href":"https:\/\/inflowed.es\/ca\/wp-json\/wp\/v2\/product_tag?post=3666"}],"curies":[{"name":"wp","href":"https:\/\/api.w.org\/{rel}","templated":true}]}}