{"id":3658,"date":"2023-12-13T08:10:01","date_gmt":"2023-12-13T08:10:01","guid":{"rendered":"https:\/\/inflowed.es\/?post_type=product&#038;p=3658"},"modified":"2023-12-13T08:10:02","modified_gmt":"2023-12-13T08:10:02","slug":"limpiafondos-hidraulico-zodiac-mx8","status":"publish","type":"product","link":"https:\/\/inflowed.es\/ca\/producte\/limpiafondos-hidraulico-zodiac-mx8","title":{"rendered":"Limpiafondos hidr\u00e1ulico Zodiac MX8"},"content":{"rendered":"<h3>Sistema de navegaci\u00f3n Preprogramado X-Drive<\/h3>\n<p>El MX8\u2122 limpia de manera eficaz todas las zonas de la piscina con ayuda del sistema X-Drive integrado. Este sistema de navegaci\u00f3n garantiza una cobertura total de la piscina, sin importar el fondo ni la forma de la misma.<\/p>\n<h3>Aspiraci\u00f3n turbo<\/h3>\n<p>Una potente turbina con dos h\u00e9lices de aspiraci\u00f3n garantiza una aspiraci\u00f3n diez veces m\u00e1s eficaz.<\/p>\n<h3>Tracci\u00f3n con correas con muescas<\/h3>\n<p>Las correas aseguran una perfecta estabilidad y motricidad en todas las piscinas sea cual sea su revestimiento.<\/p>\n<p>Zodiac MX8 es un nuevo limpiafondos autom\u00e1tico con funcionamiento hidr\u00e1ulico de\u00a0<strong>alto rendimiento<\/strong>, para piscinas de hasta 12 x 6 m. Se conecta directamente a la toma de aspiraci\u00f3n de la piscina y<strong>\u00a0no necesita conexi\u00f3n el\u00e9ctrica<\/strong>\u00a0ni de la instalaci\u00f3n de una bomba adicional.<br \/>\nSu turbo aspiraci\u00f3n de\u00a0<strong>dos h\u00e9lices de succi\u00f3n<\/strong>\u00a0y una\u00a0<strong>potente turbina<\/strong>\u00a0de aspiraci\u00f3n garantiza una\u00a0<strong>limpieza eficiente del fondo.<\/strong>\u00a0El Zodiac MX8 cuenta con un\u00a0<strong>sistema de navegaci\u00f3n X-Drive<\/strong>\u00a0que le permite limpiar todas las zonas de la piscina sin importar su forma.<\/p>\n<p>La potencia m\u00ednima requerida de la bomba de filtraci\u00f3n para este equipo es de: \u00be CV<\/p>\n<h3>Caracter\u00edsticas del Zodiac MX8<\/h3>\n<ul>\n<li><strong>Tecnolog\u00eda X-Drive.<\/strong>\u00a0Inteligencia \u00f3ptima de navegaci\u00f3n para el fondo y la pared de la piscina.<\/li>\n<li><strong>Flex Turbine Power.<\/strong>\u00a0Ultra-eficiente con un par m\u00e1ximo.<\/li>\n<li><strong>X-Trax.<\/strong>\u00a0Maniobrabilidad extrema, incluso en curvas cerradas.<\/li>\n<li><strong>Aspiraci\u00f3n cicl\u00f3nica<\/strong>. Gran anchura de aspiraci\u00f3n y recogida de los desechos m\u00e1s grandes.<\/li>\n<li><strong>Manguera de conexi\u00f3n r\u00e1pida (Twist locking).<\/strong>\u00a0Proporciona una conexi\u00f3n simple sin p\u00e9rdida de aspiraci\u00f3n.<\/li>\n<li><strong>Conexi\u00f3n r\u00e1pida.<\/strong>\u00a0Permite una fijaci\u00f3n segura y r\u00e1pida al cabezal limpiador.<\/li>\n<li><strong>Asa<\/strong>\u00a0<strong>para facilitar la extracci\u00f3n y el transporte.<\/strong><\/li>\n<li><strong>Control de flujo.<\/strong>\u00a0Mantiene el flujo adecuado a trav\u00e9s de limpiador.<\/li>\n<li><strong>Tipos de piscinas:<\/strong>\u00a0piscinas enterradas de hasta 12 x 6 m<\/li>\n<li><strong>Formas<\/strong>: rectangulares, ovaladas, redondas y formas libres.<\/li>\n<li><strong>Fondos<\/strong>: plano, pendiente suave, pendiente compuesta.<\/li>\n<li><strong>Revestimientos<\/strong>: gresite, liner, casco de poli\u00e9ster, PVC armado, hormig\u00f3n pintado.<\/li>\n<\/ul>\n<h3>Nota importante<\/h3>\n<p>La capacidad de este limpiafondos para limpiar las paredes puede depender de la potencia de la bomba de filtraci\u00f3n y de la forma, revestimiento de la piscina, presencia de algas y los par\u00e1metros qu\u00edmicos del agua. Si los par\u00e1metros qu\u00edmicos que se muestran a continuaci\u00f3n est\u00e1n fuera de rango, es muy probable que el limpiafondos no suba paredes:<\/p>\n<ul>\n<li>Cloro: 1 \u2013 3 ppm<\/li>\n<li>pH: 7,2 \u2013 7,6<\/li>\n<li>Alcalinidad: 80 \u2013 100 ppm<\/li>\n<li>\u00c1cido isocian\u00farico: 40 \u2013 75 ppm<\/li>\n<\/ul>\n<p>Tambi\u00e9n, antes de realizar la instalaci\u00f3n del limpiafondos, recomendamos repasar el Video-manual de la instalaci\u00f3n de los equipos hidr\u00e1ulicos Zodiac Mx8 y Mx9 y seguir todos los pasos.<\/p>\n<h3>Tabla comparativa<\/h3>\n<div>\n<table border=\"1\" cellpadding=\"10px\">\n<tbody>\n<tr>\n<td style=\"text-align: center;\" rowspan=\"2\"><\/td>\n<td style=\"text-align: center;\"><img decoding=\"async\" class=\"aligncenter wp-image-18697\" src=\"https:\/\/piscinapool.com\/wp-content\/uploads\/2021\/10\/zodiac-t3-150x150.jpg\" alt=\"\" width=\"100\" height=\"100\" \/><\/td>\n<td style=\"text-align: center;\"><img decoding=\"async\" class=\"aligncenter wp-image-18808\" src=\"https:\/\/piscinapool.com\/wp-content\/uploads\/2021\/10\/t5-150x150.jpg\" alt=\"\" width=\"100\" height=\"100\" \/><\/td>\n<td style=\"text-align: center;\"><img decoding=\"async\" class=\"aligncenter wp-image-18569\" src=\"https:\/\/piscinapool.com\/wp-content\/uploads\/2021\/10\/mx8-150x150.jpg\" alt=\"\" width=\"100\" height=\"100\" \/><\/td>\n<td style=\"text-align: center;\"><img loading=\"lazy\" decoding=\"async\" class=\"aligncenter wp-image-20155\" src=\"https:\/\/piscinapool.com\/wp-content\/uploads\/2021\/11\/zodiac-mx9-2-150x150.png\" alt=\"\" width=\"100\" height=\"100\" \/><\/td>\n<\/tr>\n<tr>\n<td style=\"text-align: center;\">T3<\/td>\n<td style=\"text-align: center;\">T5 DUO<\/td>\n<td style=\"text-align: center;\">MX8<\/td>\n<td style=\"text-align: center;\">MX9<\/td>\n<\/tr>\n<tr>\n<td><strong>Sistema de funcionamiento<\/strong><\/td>\n<td style=\"text-align: center;\">Diafr\u00e1gma<\/td>\n<td style=\"text-align: center;\">Diafr\u00e1gma<\/td>\n<td style=\"text-align: center;\">Mec\u00e1nico<\/td>\n<td style=\"text-align: center;\">Mec\u00e1nico<\/td>\n<\/tr>\n<tr>\n<td><strong>Forma de la piscina<\/strong><\/td>\n<td style=\"text-align: center;\">Rectangular<br \/>\nOvalada<br \/>\nRedonda<\/td>\n<td style=\"text-align: center;\">Todas las formas<\/td>\n<td style=\"text-align: center;\">Todas las formas<\/td>\n<td style=\"text-align: center;\">Todas las formas<\/td>\n<\/tr>\n<tr>\n<td><strong>Fondo de la piscina<\/strong><\/td>\n<td style=\"text-align: center;\">Plano<br \/>\nPendiente suave<\/td>\n<td style=\"text-align: center;\">Plano<br \/>\nPendiente suave<br \/>\nPendiente compuesta<\/td>\n<td>Todos tipos de fondo<\/td>\n<td style=\"text-align: center;\">Todos tipos de fondo<\/td>\n<\/tr>\n<tr>\n<td><strong>Longitud piscina m\u00e1xima (m)<\/strong><\/td>\n<td style=\"text-align: center;\">9 x 5<\/td>\n<td style=\"text-align: center;\">12 x 6<\/td>\n<td style=\"text-align: center;\">12 x 6<\/td>\n<td style=\"text-align: center;\">12 x 6<\/td>\n<\/tr>\n<tr>\n<td><strong>Zona de limpieza<\/strong><\/td>\n<td style=\"text-align: center;\">Fondo<\/td>\n<td style=\"text-align: center;\">Fondo y paredes<\/td>\n<td style=\"text-align: center;\">Fondo y paredes<\/td>\n<td style=\"text-align: center;\">Fondo y paredes<\/td>\n<\/tr>\n<tr>\n<td><strong>Potencia m\u00ednima bomba<\/strong><\/td>\n<td style=\"text-align: center;\">1\/2 CV<\/td>\n<td style=\"text-align: center;\">3\/4 CV<\/td>\n<td style=\"text-align: center;\">3\/4 CV<\/td>\n<td style=\"text-align: center;\">3\/4 CV<\/td>\n<\/tr>\n<tr>\n<td><strong>Cepillos en las \u00e9lices<\/strong><\/td>\n<td style=\"text-align: center;\">\u2013<\/td>\n<td style=\"text-align: center;\">\u2013<\/td>\n<td style=\"text-align: center;\">\u2013<\/td>\n<td style=\"text-align: center;\">S\u00ed<\/td>\n<\/tr>\n<\/tbody>\n<\/table>\n<\/div>","protected":false},"excerpt":{"rendered":"<ul>\n<li>Limpiafondos apto para piscinas de hasta 12 metros<\/li>\n<li>Limpiafondos completo con accesorios incluidos<\/li>\n<li>Potencia m\u00ednima requerida de la bomba: 3\/4 CV<\/li>\n<li>Potencia recomendada de la bomba para la limpieza de paredes: 1 CV<\/li>\n<li>Limpia fondo y paredes<\/li>\n<\/ul>\n<p><a href=\"https:\/\/inflowed.es\/wp-content\/uploads\/2023\/12\/Ficha-tecnica-Zodiac-MX8.pdf\">Ficha t\u00e9cnica Zodiac MX8<\/a><\/p>\n<p><a href=\"https:\/\/inflowed.es\/wp-content\/uploads\/2023\/12\/Folleto-Zodiac-MX8.pdf\">Folleto Zodiac MX8<\/a><\/p>\n<p><a href=\"https:\/\/inflowed.es\/wp-content\/uploads\/2023\/12\/Manual-Zodiac-MX6-MX8-MX9-MX10.pdf\">Manual Zodiac MX6 &#8211; MX8 &#8211; MX9 &#8211; MX10<\/a><\/p>","protected":false},"featured_media":3662,"comment_status":"closed","ping_status":"closed","template":"","meta":[],"product_brand":[],"product_cat":[89],"product_tag":[],"class_list":{"0":"post-3658","1":"product","2":"type-product","3":"status-publish","4":"has-post-thumbnail","6":"product_cat-limpiafondos-hidraulicos","8":"first","9":"instock","10":"taxable","11":"shipping-taxable","12":"product-type-simple"},"yoast_head":"<!-- This site is optimized with the Yoast SEO plugin v27.2 - https:\/\/yoast.com\/product\/yoast-seo-wordpress\/ -->\n<title>Limpiafondos hidr\u00e1ulico Zodiac MX8 &#8211; INFLOWED<\/title>\n<meta name=\"description\" content=\"Limpiafondos hidr\u00e1ulico Zodiac MX8 completo. Alto rendimiento y excelente calidad. Limpia fondo y paredes de piscinas hasta 12m.\" \/>\n<meta name=\"robots\" content=\"index, follow, max-snippet:-1, max-image-preview:large, max-video-preview:-1\" \/>\n<link rel=\"canonical\" href=\"https:\/\/inflowed.es\/ca\/producte\/limpiafondos-hidraulico-zodiac-mx8\/\" \/>\n<meta property=\"og:locale\" content=\"ca_ES\" \/>\n<meta property=\"og:type\" content=\"article\" \/>\n<meta property=\"og:title\" content=\"Limpiafondos hidr\u00e1ulico Zodiac MX8 &#8211; INFLOWED\" \/>\n<meta property=\"og:description\" content=\"Limpiafondos hidr\u00e1ulico Zodiac MX8 completo. Alto rendimiento y excelente calidad. Limpia fondo y paredes de piscinas hasta 12m.\" \/>\n<meta property=\"og:url\" content=\"https:\/\/inflowed.es\/ca\/producte\/limpiafondos-hidraulico-zodiac-mx8\/\" \/>\n<meta property=\"og:site_name\" content=\"INFLOWED\" \/>\n<meta property=\"article:modified_time\" content=\"2023-12-13T08:10:02+00:00\" \/>\n<meta property=\"og:image\" content=\"https:\/\/inflowed.es\/wp-content\/uploads\/2023\/12\/Zodiac-MX8-principal.jpg\" \/>\n\t<meta property=\"og:image:width\" content=\"800\" \/>\n\t<meta property=\"og:image:height\" content=\"800\" \/>\n\t<meta property=\"og:image:type\" content=\"image\/jpeg\" \/>\n<meta name=\"twitter:card\" content=\"summary_large_image\" \/>\n<meta name=\"twitter:label1\" content=\"Temps estimat de lectura\" \/>\n\t<meta name=\"twitter:data1\" content=\"4 minuts\" \/>\n<script type=\"application\/ld+json\" class=\"yoast-schema-graph\">{\"@context\":\"https:\/\/schema.org\",\"@graph\":[{\"@type\":\"WebPage\",\"@id\":\"https:\/\/inflowed.es\/producto\/limpiafondos-hidraulico-zodiac-mx8\",\"url\":\"https:\/\/inflowed.es\/producto\/limpiafondos-hidraulico-zodiac-mx8\",\"name\":\"Limpiafondos hidr\u00e1ulico Zodiac MX8 &#8211; INFLOWED\",\"isPartOf\":{\"@id\":\"https:\/\/inflowed.es\/#website\"},\"primaryImageOfPage\":{\"@id\":\"https:\/\/inflowed.es\/producto\/limpiafondos-hidraulico-zodiac-mx8#primaryimage\"},\"image\":{\"@id\":\"https:\/\/inflowed.es\/producto\/limpiafondos-hidraulico-zodiac-mx8#primaryimage\"},\"thumbnailUrl\":\"https:\/\/inflowed.es\/wp-content\/uploads\/2023\/12\/Zodiac-MX8-principal.jpg\",\"datePublished\":\"2023-12-13T08:10:01+00:00\",\"dateModified\":\"2023-12-13T08:10:02+00:00\",\"description\":\"Limpiafondos hidr\u00e1ulico Zodiac MX8 completo. Alto rendimiento y excelente calidad. Limpia fondo y paredes de piscinas hasta 12m.\",\"breadcrumb\":{\"@id\":\"https:\/\/inflowed.es\/producto\/limpiafondos-hidraulico-zodiac-mx8#breadcrumb\"},\"inLanguage\":\"ca\",\"potentialAction\":[{\"@type\":\"ReadAction\",\"target\":[\"https:\/\/inflowed.es\/producto\/limpiafondos-hidraulico-zodiac-mx8\"]}]},{\"@type\":\"ImageObject\",\"inLanguage\":\"ca\",\"@id\":\"https:\/\/inflowed.es\/producto\/limpiafondos-hidraulico-zodiac-mx8#primaryimage\",\"url\":\"https:\/\/inflowed.es\/wp-content\/uploads\/2023\/12\/Zodiac-MX8-principal.jpg\",\"contentUrl\":\"https:\/\/inflowed.es\/wp-content\/uploads\/2023\/12\/Zodiac-MX8-principal.jpg\",\"width\":800,\"height\":800},{\"@type\":\"BreadcrumbList\",\"@id\":\"https:\/\/inflowed.es\/producto\/limpiafondos-hidraulico-zodiac-mx8#breadcrumb\",\"itemListElement\":[{\"@type\":\"ListItem\",\"position\":1,\"name\":\"Portada\",\"item\":\"https:\/\/inflowed.es\/\"},{\"@type\":\"ListItem\",\"position\":2,\"name\":\"Cat\u00e1logo de productos\",\"item\":\"https:\/\/inflowed.es\/catalogo-de-productos\"},{\"@type\":\"ListItem\",\"position\":3,\"name\":\"Limpiafondos hidr\u00e1ulico Zodiac MX8\"}]},{\"@type\":\"WebSite\",\"@id\":\"https:\/\/inflowed.es\/#website\",\"url\":\"https:\/\/inflowed.es\/\",\"name\":\"INFLOWED\",\"description\":\"Distribuci&oacute;n mayorista de art&iacute;culos para piscinas\",\"publisher\":{\"@id\":\"https:\/\/inflowed.es\/#organization\"},\"potentialAction\":[{\"@type\":\"SearchAction\",\"target\":{\"@type\":\"EntryPoint\",\"urlTemplate\":\"https:\/\/inflowed.es\/?s={search_term_string}\"},\"query-input\":{\"@type\":\"PropertyValueSpecification\",\"valueRequired\":true,\"valueName\":\"search_term_string\"}}],\"inLanguage\":\"ca\"},{\"@type\":\"Organization\",\"@id\":\"https:\/\/inflowed.es\/#organization\",\"name\":\"Inflowed Spain S.L.\",\"url\":\"https:\/\/inflowed.es\/\",\"logo\":{\"@type\":\"ImageObject\",\"inLanguage\":\"ca\",\"@id\":\"https:\/\/inflowed.es\/#\/schema\/logo\/image\/\",\"url\":\"https:\/\/inflowed.es\/wp-content\/uploads\/2023\/11\/logo-inflowed.png\",\"contentUrl\":\"https:\/\/inflowed.es\/wp-content\/uploads\/2023\/11\/logo-inflowed.png\",\"width\":1032,\"height\":242,\"caption\":\"Inflowed Spain S.L.\"},\"image\":{\"@id\":\"https:\/\/inflowed.es\/#\/schema\/logo\/image\/\"}}]}<\/script>\n<!-- \/ Yoast SEO plugin. -->","yoast_head_json":{"title":"Limpiafondos hidr\u00e1ulico Zodiac MX8 &#8211; INFLOWED","description":"Limpiafondos hidr\u00e1ulico Zodiac MX8 completo. Alto rendimiento y excelente calidad. Limpia fondo y paredes de piscinas hasta 12m.","robots":{"index":"index","follow":"follow","max-snippet":"max-snippet:-1","max-image-preview":"max-image-preview:large","max-video-preview":"max-video-preview:-1"},"canonical":"https:\/\/inflowed.es\/ca\/producte\/limpiafondos-hidraulico-zodiac-mx8\/","og_locale":"ca_ES","og_type":"article","og_title":"Limpiafondos hidr\u00e1ulico Zodiac MX8 &#8211; INFLOWED","og_description":"Limpiafondos hidr\u00e1ulico Zodiac MX8 completo. Alto rendimiento y excelente calidad. Limpia fondo y paredes de piscinas hasta 12m.","og_url":"https:\/\/inflowed.es\/ca\/producte\/limpiafondos-hidraulico-zodiac-mx8\/","og_site_name":"INFLOWED","article_modified_time":"2023-12-13T08:10:02+00:00","og_image":[{"width":800,"height":800,"url":"https:\/\/inflowed.es\/wp-content\/uploads\/2023\/12\/Zodiac-MX8-principal.jpg","type":"image\/jpeg"}],"twitter_card":"summary_large_image","twitter_misc":{"Temps estimat de lectura":"4 minuts"},"schema":{"@context":"https:\/\/schema.org","@graph":[{"@type":"WebPage","@id":"https:\/\/inflowed.es\/producto\/limpiafondos-hidraulico-zodiac-mx8","url":"https:\/\/inflowed.es\/producto\/limpiafondos-hidraulico-zodiac-mx8","name":"Limpiafondos hidr\u00e1ulico Zodiac MX8 &#8211; INFLOWED","isPartOf":{"@id":"https:\/\/inflowed.es\/#website"},"primaryImageOfPage":{"@id":"https:\/\/inflowed.es\/producto\/limpiafondos-hidraulico-zodiac-mx8#primaryimage"},"image":{"@id":"https:\/\/inflowed.es\/producto\/limpiafondos-hidraulico-zodiac-mx8#primaryimage"},"thumbnailUrl":"https:\/\/inflowed.es\/wp-content\/uploads\/2023\/12\/Zodiac-MX8-principal.jpg","datePublished":"2023-12-13T08:10:01+00:00","dateModified":"2023-12-13T08:10:02+00:00","description":"Limpiafondos hidr\u00e1ulico Zodiac MX8 completo. Alto rendimiento y excelente calidad. Limpia fondo y paredes de piscinas hasta 12m.","breadcrumb":{"@id":"https:\/\/inflowed.es\/producto\/limpiafondos-hidraulico-zodiac-mx8#breadcrumb"},"inLanguage":"ca","potentialAction":[{"@type":"ReadAction","target":["https:\/\/inflowed.es\/producto\/limpiafondos-hidraulico-zodiac-mx8"]}]},{"@type":"ImageObject","inLanguage":"ca","@id":"https:\/\/inflowed.es\/producto\/limpiafondos-hidraulico-zodiac-mx8#primaryimage","url":"https:\/\/inflowed.es\/wp-content\/uploads\/2023\/12\/Zodiac-MX8-principal.jpg","contentUrl":"https:\/\/inflowed.es\/wp-content\/uploads\/2023\/12\/Zodiac-MX8-principal.jpg","width":800,"height":800},{"@type":"BreadcrumbList","@id":"https:\/\/inflowed.es\/producto\/limpiafondos-hidraulico-zodiac-mx8#breadcrumb","itemListElement":[{"@type":"ListItem","position":1,"name":"Portada","item":"https:\/\/inflowed.es\/"},{"@type":"ListItem","position":2,"name":"Cat\u00e1logo de productos","item":"https:\/\/inflowed.es\/catalogo-de-productos"},{"@type":"ListItem","position":3,"name":"Limpiafondos hidr\u00e1ulico Zodiac MX8"}]},{"@type":"WebSite","@id":"https:\/\/inflowed.es\/#website","url":"https:\/\/inflowed.es\/","name":"INFLOWED","description":"Distribuci&oacute;n mayorista de art&iacute;culos para piscinas","publisher":{"@id":"https:\/\/inflowed.es\/#organization"},"potentialAction":[{"@type":"SearchAction","target":{"@type":"EntryPoint","urlTemplate":"https:\/\/inflowed.es\/?s={search_term_string}"},"query-input":{"@type":"PropertyValueSpecification","valueRequired":true,"valueName":"search_term_string"}}],"inLanguage":"ca"},{"@type":"Organization","@id":"https:\/\/inflowed.es\/#organization","name":"Inflowed Spain S.L.","url":"https:\/\/inflowed.es\/","logo":{"@type":"ImageObject","inLanguage":"ca","@id":"https:\/\/inflowed.es\/#\/schema\/logo\/image\/","url":"https:\/\/inflowed.es\/wp-content\/uploads\/2023\/11\/logo-inflowed.png","contentUrl":"https:\/\/inflowed.es\/wp-content\/uploads\/2023\/11\/logo-inflowed.png","width":1032,"height":242,"caption":"Inflowed Spain S.L."},"image":{"@id":"https:\/\/inflowed.es\/#\/schema\/logo\/image\/"}}]}},"_links":{"self":[{"href":"https:\/\/inflowed.es\/ca\/wp-json\/wp\/v2\/product\/3658","targetHints":{"allow":["GET"]}}],"collection":[{"href":"https:\/\/inflowed.es\/ca\/wp-json\/wp\/v2\/product"}],"about":[{"href":"https:\/\/inflowed.es\/ca\/wp-json\/wp\/v2\/types\/product"}],"replies":[{"embeddable":true,"href":"https:\/\/inflowed.es\/ca\/wp-json\/wp\/v2\/comments?post=3658"}],"version-history":[{"count":1,"href":"https:\/\/inflowed.es\/ca\/wp-json\/wp\/v2\/product\/3658\/revisions"}],"predecessor-version":[{"id":3665,"href":"https:\/\/inflowed.es\/ca\/wp-json\/wp\/v2\/product\/3658\/revisions\/3665"}],"wp:featuredmedia":[{"embeddable":true,"href":"https:\/\/inflowed.es\/ca\/wp-json\/wp\/v2\/media\/3662"}],"wp:attachment":[{"href":"https:\/\/inflowed.es\/ca\/wp-json\/wp\/v2\/media?parent=3658"}],"wp:term":[{"taxonomy":"product_brand","embeddable":true,"href":"https:\/\/inflowed.es\/ca\/wp-json\/wp\/v2\/product_brand?post=3658"},{"taxonomy":"product_cat","embeddable":true,"href":"https:\/\/inflowed.es\/ca\/wp-json\/wp\/v2\/product_cat?post=3658"},{"taxonomy":"product_tag","embeddable":true,"href":"https:\/\/inflowed.es\/ca\/wp-json\/wp\/v2\/product_tag?post=3658"}],"curies":[{"name":"wp","href":"https:\/\/api.w.org\/{rel}","templated":true}]}}