{"id":2738,"date":"2023-11-27T15:51:15","date_gmt":"2023-11-27T15:51:15","guid":{"rendered":"https:\/\/inflowed.es\/?post_type=product&#038;p=2738"},"modified":"2023-12-12T19:57:09","modified_gmt":"2023-12-12T19:57:09","slug":"catalogo-bwt-2023","status":"publish","type":"product","link":"https:\/\/inflowed.es\/ca\/producte\/catalogo-bwt-2023","title":{"rendered":"Cat\u00e1logo BWT 2023"},"content":{"rendered":"<ul>\n<li>Novedades<\/li>\n<li>Filtraci\u00f3n\n<ul>\n<li>Comparativa equipos de filtraci\u00f3n<\/li>\n<li>Filtro RTM<\/li>\n<li>Filtro Polypearl<\/li>\n<li>Filtro Ebro<\/li>\n<li>Filtro de arena<\/li>\n<li>Comparativa grupos de filtraci\u00f3n<\/li>\n<li>Grupos de filtraci\u00f3n<\/li>\n<li>Filtro Volga<\/li>\n<li>Medio filtrante<\/li>\n<li>Caudales m\u00e1ximos y recomendaciones<\/li>\n<li>V\u00e1lvula de filtraci\u00f3n autom\u00e1tica<\/li>\n<\/ul>\n<\/li>\n<li>Bombas\n<ul>\n<li>Comparativa de equipos de bombeo<\/li>\n<li>Comparativa de cuadros de control<\/li>\n<li>BWT Super Star<\/li>\n<li>Bomba BWT Mini Star<\/li>\n<li>Bomba WP<\/li>\n<li>Bomba Supra<\/li>\n<li>Bomba Magnus<\/li>\n<li>BWT Pearl Connect<\/li>\n<li>Cuadro Smart<\/li>\n<li>Cuadro Classic<\/li>\n<\/ul>\n<\/li>\n<li>Material vaso piscina\n<ul>\n<li>Circuito hidr\u00e1ulico<\/li>\n<li>Colocaci\u00f3n de los accesorios de piscina<\/li>\n<li>El skimmer en detalle<\/li>\n<li>Skimmer BWT Match<\/li>\n<li>Accesorios de piscina &#8211; De obra y liner<\/li>\n<li>Accesorios de piscina &#8211; Renovaci\u00f3n<\/li>\n<li>Reglamento europeo relativo a la iluminaci\u00f3n<\/li>\n<li>Comparativa de proyectores LED<\/li>\n<li>Luces sumergibles<\/li>\n<li>Cascada luminosa<\/li>\n<\/ul>\n<\/li>\n<li>Cubiertas\n<ul>\n<li>Cubiertas de verano\n<ul>\n<li>Comparativa cubiertas de verano<\/li>\n<li>Configuraci\u00f3n de cubierta de verano<\/li>\n<li>Cubiertas de verano<\/li>\n<li>Enrollador cubierta<\/li>\n<\/ul>\n<\/li>\n<li>Cubiertas de barras\n<ul>\n<li>Comparativa cubierta de barras<\/li>\n<li>Configuraci\u00f3n de cubierta de barras<\/li>\n<li>Cubiertas de barras<\/li>\n<\/ul>\n<\/li>\n<li>Cubiertas autom\u00e1ticas sobre suelo\n<ul>\n<li>Generalidades<\/li>\n<li>Comparativa cubiertas autom\u00e1ticas de sobresuelo<\/li>\n<li>Ejemplos de precios de cubiertas autom\u00e1ticas<\/li>\n<li>BWT Pearl Protect<\/li>\n<li>EvoDeck EC<\/li>\n<li>AquaDeck ES<\/li>\n<li>AquaDeck EC<\/li>\n<li>AquaDeck EM<\/li>\n<li>BWT AquaMatic<\/li>\n<\/ul>\n<\/li>\n<li>Cubiertas autom\u00e1ticas sumergibles\n<ul>\n<li>Comparativa cubiertas autom\u00e1ticas sumergibles<\/li>\n<li>Ejemplos de precios de cubiertas autom\u00e1ticas<\/li>\n<li>BWT CoverDeck<\/li>\n<li>BWT CoverDeck AX-IN<\/li>\n<li>BWT StarDeck<\/li>\n<li>BWT StarDeck AX-IN<\/li>\n<li>BWT StarDeck In\u00e9o<\/li>\n<li>BWT StarDeck In\u00e9o AX-IN<\/li>\n<\/ul>\n<\/li>\n<\/ul>\n<\/li>\n<li>Calefacci\u00f3n &amp; deshumidificaci\u00f3n\n<ul>\n<li>Estudio de calefacci\u00f3n<\/li>\n<li>Comparativa bombas de calor<\/li>\n<li>BWT MPI<\/li>\n<li>BWT HI-HC<\/li>\n<li>BWT Pearl HPT<\/li>\n<li>BWT Inverter Connect<\/li>\n<li>BWT MyPool Inverter<\/li>\n<li>BWT Mini Connect<\/li>\n<li>Deshumidificadores de consola<\/li>\n<\/ul>\n<\/li>\n<li>Robots\n<ul>\n<li>Comparativa robots de piscina<\/li>\n<li>Cosmy The Bot<\/li>\n<li>Robots limpiadores de piscina<\/li>\n<li>Robots de piscina comercial<\/li>\n<li>Comparativa gama comercial<\/li>\n<li>BWT Robot Comercial<\/li>\n<li>BWT Aquarius<\/li>\n<li>BWT Magnum &amp; Ultramax<\/li>\n<\/ul>\n<\/li>\n<li>Mantenimiento y limpieza\n<ul>\n<li>Comparativa aspiradores y robots inal\u00e1mbricos<\/li>\n<li>BWT Pro PK Max<\/li>\n<li>BWT PK Turbo<\/li>\n<li>BWT Pro PK Giant<\/li>\n<li>Aspiradores BWT BC<\/li>\n<li>Accesorios<\/li>\n<li>Estaci\u00f3n de control<\/li>\n<\/ul>\n<\/li>\n<li>Tratamiento del agua\n<ul>\n<li>Comparativa regulaciones autom\u00e1ticas<\/li>\n<li>BWT Easy Dose<\/li>\n<li>BWT Manager Connect<\/li>\n<li>BWT Manager Connect Duo<\/li>\n<li>BWT Bomba Electromagn\u00e9tica<\/li>\n<li>Paneles de control integrados<\/li>\n<li>Electr\u00f3lisis salina<\/li>\n<li>Comparativa electr\u00f3lisis salina<\/li>\n<li>Electr\u00f3lisis salina<\/li>\n<li>An\u00e1lisis del agua<\/li>\n<li>An\u00e1lisis del agua piscina p\u00fablica<\/li>\n<li>An\u00e1lisis del agua piscina privada<\/li>\n<\/ul>\n<\/li>\n<li>Material exterior piscina\n<ul>\n<li>Escaleras de acero inoxidable<\/li>\n<li>Barandillas<\/li>\n<li>Duchas<\/li>\n<li>Ornamentos acu\u00e1ticos<\/li>\n<\/ul>\n<\/li>\n<li>Piscinas de madera\n<ul>\n<li>Comparativa piscinas de madera BWT<\/li>\n<li>La madera &#8211; Material natural<\/li>\n<li>Tratamiento del agua e higiene<\/li>\n<li>Hibernaci\u00f3n<\/li>\n<li>Mini piscinas de madera<\/li>\n<li>Pistoche &#8211; Piscina sobre suelo infantil<\/li>\n<li>Tropic Junior<\/li>\n<li>Gama Pool&#8217;n Box<\/li>\n<li>Pool&#8217;n Box Junior<\/li>\n<li>Pool&#8217;n Box<\/li>\n<li>Piscina Urban &#8211; Un sue\u00f1o alcanzable<\/li>\n<li>Piscina Urban &#8211; 4 niveles de equipamiento<\/li>\n<li>Urban Pool 4.20 m x 3.50 m<\/li>\n<li>Piscina Urban 6.00 m x 2.50 m<\/li>\n<li>Piscina Urban XL 6.50 m x 3.50 m<\/li>\n<li>Tropic y Weva<\/li>\n<li>Gama Tropic<\/li>\n<li>Piscinas Weva<\/li>\n<li>Accesorios piscina de madera<\/li>\n<li>Informaci\u00f3n embalaje<\/li>\n<\/ul>\n<\/li>\n<li>Condiciones generales<\/li>\n<\/ul>","protected":false},"excerpt":{"rendered":"<p><a href=\"\/wp-content\/uploads\/2023\/11\/Catalogo-BWT.pdf\">Descargar Cat\u00e1logo BWT 2023<\/a><\/p>","protected":false},"featured_media":2739,"comment_status":"closed","ping_status":"closed","template":"","meta":[],"product_brand":[],"product_cat":[139],"product_tag":[],"class_list":{"0":"post-2738","1":"product","2":"type-product","3":"status-publish","4":"has-post-thumbnail","6":"product_cat-catalogos-y-tarifas","8":"first","9":"instock","10":"taxable","11":"shipping-taxable","12":"product-type-simple"},"yoast_head":"<!-- This site is optimized with the Yoast SEO plugin v27.2 - https:\/\/yoast.com\/product\/yoast-seo-wordpress\/ -->\n<title>Cat\u00e1logo BWT 2023 &#8211; INFLOWED<\/title>\n<meta name=\"description\" content=\"Descubre el Cat\u00e1logo BWT 2023 completo en formato .pdf. INFLOWED somos distribuidor oficial de BWT. Consigue el mejor precio en BWT con INFLOWED.\" \/>\n<meta name=\"robots\" content=\"index, follow, max-snippet:-1, max-image-preview:large, max-video-preview:-1\" \/>\n<link rel=\"canonical\" href=\"https:\/\/inflowed.es\/ca\/producte\/catalogo-bwt-2023\/\" \/>\n<meta property=\"og:locale\" content=\"ca_ES\" \/>\n<meta property=\"og:type\" content=\"article\" \/>\n<meta property=\"og:title\" content=\"Cat\u00e1logo BWT 2023 &#8211; INFLOWED\" \/>\n<meta property=\"og:description\" content=\"Descubre el Cat\u00e1logo BWT 2023 completo en formato .pdf. INFLOWED somos distribuidor oficial de BWT. Consigue el mejor precio en BWT con INFLOWED.\" \/>\n<meta property=\"og:url\" content=\"https:\/\/inflowed.es\/ca\/producte\/catalogo-bwt-2023\/\" \/>\n<meta property=\"og:site_name\" content=\"INFLOWED\" \/>\n<meta property=\"article:modified_time\" content=\"2023-12-12T19:57:09+00:00\" \/>\n<meta property=\"og:image\" content=\"https:\/\/inflowed.es\/wp-content\/uploads\/2023\/11\/catalogo-bwt-2023.jpg\" \/>\n\t<meta property=\"og:image:width\" content=\"800\" \/>\n\t<meta property=\"og:image:height\" content=\"800\" \/>\n\t<meta property=\"og:image:type\" content=\"image\/jpeg\" \/>\n<meta name=\"twitter:card\" content=\"summary_large_image\" \/>\n<meta name=\"twitter:label1\" content=\"Temps estimat de lectura\" \/>\n\t<meta name=\"twitter:data1\" content=\"2 minuts\" \/>\n<script type=\"application\/ld+json\" class=\"yoast-schema-graph\">{\"@context\":\"https:\/\/schema.org\",\"@graph\":[{\"@type\":\"WebPage\",\"@id\":\"https:\/\/inflowed.es\/producto\/catalogo-bwt-2023\",\"url\":\"https:\/\/inflowed.es\/producto\/catalogo-bwt-2023\",\"name\":\"Cat\u00e1logo BWT 2023 &#8211; INFLOWED\",\"isPartOf\":{\"@id\":\"https:\/\/inflowed.es\/#website\"},\"primaryImageOfPage\":{\"@id\":\"https:\/\/inflowed.es\/producto\/catalogo-bwt-2023#primaryimage\"},\"image\":{\"@id\":\"https:\/\/inflowed.es\/producto\/catalogo-bwt-2023#primaryimage\"},\"thumbnailUrl\":\"https:\/\/inflowed.es\/wp-content\/uploads\/2023\/11\/catalogo-bwt-2023.jpg\",\"datePublished\":\"2023-11-27T15:51:15+00:00\",\"dateModified\":\"2023-12-12T19:57:09+00:00\",\"description\":\"Descubre el Cat\u00e1logo BWT 2023 completo en formato .pdf. INFLOWED somos distribuidor oficial de BWT. Consigue el mejor precio en BWT con INFLOWED.\",\"breadcrumb\":{\"@id\":\"https:\/\/inflowed.es\/producto\/catalogo-bwt-2023#breadcrumb\"},\"inLanguage\":\"ca\",\"potentialAction\":[{\"@type\":\"ReadAction\",\"target\":[\"https:\/\/inflowed.es\/producto\/catalogo-bwt-2023\"]}]},{\"@type\":\"ImageObject\",\"inLanguage\":\"ca\",\"@id\":\"https:\/\/inflowed.es\/producto\/catalogo-bwt-2023#primaryimage\",\"url\":\"https:\/\/inflowed.es\/wp-content\/uploads\/2023\/11\/catalogo-bwt-2023.jpg\",\"contentUrl\":\"https:\/\/inflowed.es\/wp-content\/uploads\/2023\/11\/catalogo-bwt-2023.jpg\",\"width\":800,\"height\":800,\"caption\":\"Cat\u00e1logo BWT 2023\"},{\"@type\":\"BreadcrumbList\",\"@id\":\"https:\/\/inflowed.es\/producto\/catalogo-bwt-2023#breadcrumb\",\"itemListElement\":[{\"@type\":\"ListItem\",\"position\":1,\"name\":\"Portada\",\"item\":\"https:\/\/inflowed.es\/\"},{\"@type\":\"ListItem\",\"position\":2,\"name\":\"Cat\u00e1logo de productos\",\"item\":\"https:\/\/inflowed.es\/catalogo-de-productos\"},{\"@type\":\"ListItem\",\"position\":3,\"name\":\"Cat\u00e1logo BWT 2023\"}]},{\"@type\":\"WebSite\",\"@id\":\"https:\/\/inflowed.es\/#website\",\"url\":\"https:\/\/inflowed.es\/\",\"name\":\"INFLOWED\",\"description\":\"Distribuci&oacute;n mayorista de art&iacute;culos para piscinas\",\"publisher\":{\"@id\":\"https:\/\/inflowed.es\/#organization\"},\"potentialAction\":[{\"@type\":\"SearchAction\",\"target\":{\"@type\":\"EntryPoint\",\"urlTemplate\":\"https:\/\/inflowed.es\/?s={search_term_string}\"},\"query-input\":{\"@type\":\"PropertyValueSpecification\",\"valueRequired\":true,\"valueName\":\"search_term_string\"}}],\"inLanguage\":\"ca\"},{\"@type\":\"Organization\",\"@id\":\"https:\/\/inflowed.es\/#organization\",\"name\":\"Inflowed Spain S.L.\",\"url\":\"https:\/\/inflowed.es\/\",\"logo\":{\"@type\":\"ImageObject\",\"inLanguage\":\"ca\",\"@id\":\"https:\/\/inflowed.es\/#\/schema\/logo\/image\/\",\"url\":\"https:\/\/inflowed.es\/wp-content\/uploads\/2023\/11\/logo-inflowed.png\",\"contentUrl\":\"https:\/\/inflowed.es\/wp-content\/uploads\/2023\/11\/logo-inflowed.png\",\"width\":1032,\"height\":242,\"caption\":\"Inflowed Spain S.L.\"},\"image\":{\"@id\":\"https:\/\/inflowed.es\/#\/schema\/logo\/image\/\"}}]}<\/script>\n<!-- \/ Yoast SEO plugin. -->","yoast_head_json":{"title":"Cat\u00e1logo BWT 2023 &#8211; INFLOWED","description":"Descubre el Cat\u00e1logo BWT 2023 completo en formato .pdf. INFLOWED somos distribuidor oficial de BWT. Consigue el mejor precio en BWT con INFLOWED.","robots":{"index":"index","follow":"follow","max-snippet":"max-snippet:-1","max-image-preview":"max-image-preview:large","max-video-preview":"max-video-preview:-1"},"canonical":"https:\/\/inflowed.es\/ca\/producte\/catalogo-bwt-2023\/","og_locale":"ca_ES","og_type":"article","og_title":"Cat\u00e1logo BWT 2023 &#8211; INFLOWED","og_description":"Descubre el Cat\u00e1logo BWT 2023 completo en formato .pdf. INFLOWED somos distribuidor oficial de BWT. Consigue el mejor precio en BWT con INFLOWED.","og_url":"https:\/\/inflowed.es\/ca\/producte\/catalogo-bwt-2023\/","og_site_name":"INFLOWED","article_modified_time":"2023-12-12T19:57:09+00:00","og_image":[{"width":800,"height":800,"url":"https:\/\/inflowed.es\/wp-content\/uploads\/2023\/11\/catalogo-bwt-2023.jpg","type":"image\/jpeg"}],"twitter_card":"summary_large_image","twitter_misc":{"Temps estimat de lectura":"2 minuts"},"schema":{"@context":"https:\/\/schema.org","@graph":[{"@type":"WebPage","@id":"https:\/\/inflowed.es\/producto\/catalogo-bwt-2023","url":"https:\/\/inflowed.es\/producto\/catalogo-bwt-2023","name":"Cat\u00e1logo BWT 2023 &#8211; INFLOWED","isPartOf":{"@id":"https:\/\/inflowed.es\/#website"},"primaryImageOfPage":{"@id":"https:\/\/inflowed.es\/producto\/catalogo-bwt-2023#primaryimage"},"image":{"@id":"https:\/\/inflowed.es\/producto\/catalogo-bwt-2023#primaryimage"},"thumbnailUrl":"https:\/\/inflowed.es\/wp-content\/uploads\/2023\/11\/catalogo-bwt-2023.jpg","datePublished":"2023-11-27T15:51:15+00:00","dateModified":"2023-12-12T19:57:09+00:00","description":"Descubre el Cat\u00e1logo BWT 2023 completo en formato .pdf. INFLOWED somos distribuidor oficial de BWT. Consigue el mejor precio en BWT con INFLOWED.","breadcrumb":{"@id":"https:\/\/inflowed.es\/producto\/catalogo-bwt-2023#breadcrumb"},"inLanguage":"ca","potentialAction":[{"@type":"ReadAction","target":["https:\/\/inflowed.es\/producto\/catalogo-bwt-2023"]}]},{"@type":"ImageObject","inLanguage":"ca","@id":"https:\/\/inflowed.es\/producto\/catalogo-bwt-2023#primaryimage","url":"https:\/\/inflowed.es\/wp-content\/uploads\/2023\/11\/catalogo-bwt-2023.jpg","contentUrl":"https:\/\/inflowed.es\/wp-content\/uploads\/2023\/11\/catalogo-bwt-2023.jpg","width":800,"height":800,"caption":"Cat\u00e1logo BWT 2023"},{"@type":"BreadcrumbList","@id":"https:\/\/inflowed.es\/producto\/catalogo-bwt-2023#breadcrumb","itemListElement":[{"@type":"ListItem","position":1,"name":"Portada","item":"https:\/\/inflowed.es\/"},{"@type":"ListItem","position":2,"name":"Cat\u00e1logo de productos","item":"https:\/\/inflowed.es\/catalogo-de-productos"},{"@type":"ListItem","position":3,"name":"Cat\u00e1logo BWT 2023"}]},{"@type":"WebSite","@id":"https:\/\/inflowed.es\/#website","url":"https:\/\/inflowed.es\/","name":"INFLOWED","description":"Distribuci&oacute;n mayorista de art&iacute;culos para piscinas","publisher":{"@id":"https:\/\/inflowed.es\/#organization"},"potentialAction":[{"@type":"SearchAction","target":{"@type":"EntryPoint","urlTemplate":"https:\/\/inflowed.es\/?s={search_term_string}"},"query-input":{"@type":"PropertyValueSpecification","valueRequired":true,"valueName":"search_term_string"}}],"inLanguage":"ca"},{"@type":"Organization","@id":"https:\/\/inflowed.es\/#organization","name":"Inflowed Spain S.L.","url":"https:\/\/inflowed.es\/","logo":{"@type":"ImageObject","inLanguage":"ca","@id":"https:\/\/inflowed.es\/#\/schema\/logo\/image\/","url":"https:\/\/inflowed.es\/wp-content\/uploads\/2023\/11\/logo-inflowed.png","contentUrl":"https:\/\/inflowed.es\/wp-content\/uploads\/2023\/11\/logo-inflowed.png","width":1032,"height":242,"caption":"Inflowed Spain S.L."},"image":{"@id":"https:\/\/inflowed.es\/#\/schema\/logo\/image\/"}}]}},"_links":{"self":[{"href":"https:\/\/inflowed.es\/ca\/wp-json\/wp\/v2\/product\/2738","targetHints":{"allow":["GET"]}}],"collection":[{"href":"https:\/\/inflowed.es\/ca\/wp-json\/wp\/v2\/product"}],"about":[{"href":"https:\/\/inflowed.es\/ca\/wp-json\/wp\/v2\/types\/product"}],"replies":[{"embeddable":true,"href":"https:\/\/inflowed.es\/ca\/wp-json\/wp\/v2\/comments?post=2738"}],"version-history":[{"count":4,"href":"https:\/\/inflowed.es\/ca\/wp-json\/wp\/v2\/product\/2738\/revisions"}],"predecessor-version":[{"id":3211,"href":"https:\/\/inflowed.es\/ca\/wp-json\/wp\/v2\/product\/2738\/revisions\/3211"}],"wp:featuredmedia":[{"embeddable":true,"href":"https:\/\/inflowed.es\/ca\/wp-json\/wp\/v2\/media\/2739"}],"wp:attachment":[{"href":"https:\/\/inflowed.es\/ca\/wp-json\/wp\/v2\/media?parent=2738"}],"wp:term":[{"taxonomy":"product_brand","embeddable":true,"href":"https:\/\/inflowed.es\/ca\/wp-json\/wp\/v2\/product_brand?post=2738"},{"taxonomy":"product_cat","embeddable":true,"href":"https:\/\/inflowed.es\/ca\/wp-json\/wp\/v2\/product_cat?post=2738"},{"taxonomy":"product_tag","embeddable":true,"href":"https:\/\/inflowed.es\/ca\/wp-json\/wp\/v2\/product_tag?post=2738"}],"curies":[{"name":"wp","href":"https:\/\/api.w.org\/{rel}","templated":true}]}}