{"id":2688,"date":"2023-11-27T14:43:48","date_gmt":"2023-11-27T14:43:48","guid":{"rendered":"https:\/\/inflowed.es\/?post_type=product&#038;p=2688"},"modified":"2023-12-08T15:13:06","modified_gmt":"2023-12-08T15:13:06","slug":"catalogo-iaso-2023","status":"publish","type":"product","link":"https:\/\/inflowed.es\/ca\/producte\/catalogo-iaso-2023","title":{"rendered":"Cat\u00e1logo IASO 2023"},"content":{"rendered":"<p><strong>Cobertores con amarres (para invernaje)<\/strong><\/p>\n<ul>\n<li>Gran resistencia<\/li>\n<li>Malla de poli\u00e9ster<\/li>\n<\/ul>\n<p><strong>Macrocubiertas<\/strong><\/p>\n<p><strong>Cobertores flotantes t\u00e9rmicos<\/strong><\/p>\n<ul>\n<li>Solares<\/li>\n<li>Mousse<\/li>\n<\/ul>\n<p><strong>Enrolladores (para cobertores flotantes)<\/strong><\/p>\n<ul>\n<li>M\u00f3viles<\/li>\n<li>Mon 7 y Mon 12<\/li>\n<li>Fijos<\/li>\n<li>Pared<\/li>\n<li>Techo<\/li>\n<\/ul>\n<p><strong>Cobertores t\u00e9rmicos (para instalaciones de gran tama\u00f1o)<\/strong><\/p>\n<ul>\n<li>Instalaciones fijas<\/li>\n<li>Instalaciones elevadas<\/li>\n<li>Con lamas r\u00edgidas<\/li>\n<\/ul>\n<p><strong>Cubiertas autom\u00e1ticas (flotantes)<\/strong><\/p>\n<ul>\n<li>Modelo Element<\/li>\n<li>Modelo Elegance<\/li>\n<li>Modelo Acces<\/li>\n<li>Modelo Box<\/li>\n<li>Modelo Loft<\/li>\n<\/ul>\n<p><strong>Vallas de protecci\u00f3n Flash<\/strong><\/p>\n<ul>\n<li>Flash-N<\/li>\n<li>Flash-transparent<\/li>\n<\/ul>\n<p><strong>Cobertor deslizante de seguridad<\/strong><\/p>\n<p><strong>Motores y automatismos<\/strong><\/p>\n<p><strong>Piscinas desmontables<\/strong><\/p>\n<ul>\n<li>Modelo Nemo &#8211; modelo Flipper<\/li>\n<li>Modelo Nerea &#8211; modelo Max<\/li>\n<li>Modelo Plus<\/li>\n<\/ul>\n<p><strong>Piscinas especiales para actividades y espect\u00e1culos<\/strong><\/p>\n<p><strong>Piscinas\/estanques para piscicultura<\/strong><\/p>","protected":false},"excerpt":{"rendered":"<p><a href=\"\/wp-content\/uploads\/2023\/11\/Catalogo-Tarifa-IASO.pdf\">Descargar Cat\u00e1logo IASO 2023<\/a><\/p>\n<p>&nbsp;<\/p>","protected":false},"featured_media":2402,"comment_status":"closed","ping_status":"closed","template":"","meta":[],"product_brand":[],"product_cat":[139],"product_tag":[],"class_list":{"0":"post-2688","1":"product","2":"type-product","3":"status-publish","4":"has-post-thumbnail","6":"product_cat-catalogos-y-tarifas","8":"first","9":"instock","10":"taxable","11":"shipping-taxable","12":"product-type-simple"},"yoast_head":"<!-- This site is optimized with the Yoast SEO plugin v27.2 - https:\/\/yoast.com\/product\/yoast-seo-wordpress\/ -->\n<title>Cat\u00e1logo IASO 2023 &#8211; INFLOWED<\/title>\n<meta name=\"description\" content=\"Descubre el Cat\u00e1logo IASO 2023 en formato .pdf. En INFLOWED distribuimos la marca IASO al mejor precio. Cont\u00e1ctanos para m\u00e1s informaci\u00f3n.\" \/>\n<meta name=\"robots\" content=\"index, follow, max-snippet:-1, max-image-preview:large, max-video-preview:-1\" \/>\n<link rel=\"canonical\" href=\"https:\/\/inflowed.es\/ca\/producte\/catalogo-iaso-2023\/\" \/>\n<meta property=\"og:locale\" content=\"ca_ES\" \/>\n<meta property=\"og:type\" content=\"article\" \/>\n<meta property=\"og:title\" content=\"Cat\u00e1logo IASO 2023 &#8211; INFLOWED\" \/>\n<meta property=\"og:description\" content=\"Descubre el Cat\u00e1logo IASO 2023 en formato .pdf. En INFLOWED distribuimos la marca IASO al mejor precio. Cont\u00e1ctanos para m\u00e1s informaci\u00f3n.\" \/>\n<meta property=\"og:url\" content=\"https:\/\/inflowed.es\/ca\/producte\/catalogo-iaso-2023\/\" \/>\n<meta property=\"og:site_name\" content=\"INFLOWED\" \/>\n<meta property=\"article:modified_time\" content=\"2023-12-08T15:13:06+00:00\" \/>\n<meta property=\"og:image\" content=\"https:\/\/inflowed.es\/wp-content\/uploads\/2023\/11\/catalogo-iaso2023.jpg\" \/>\n\t<meta property=\"og:image:width\" content=\"800\" \/>\n\t<meta property=\"og:image:height\" content=\"800\" \/>\n\t<meta property=\"og:image:type\" content=\"image\/jpeg\" \/>\n<meta name=\"twitter:card\" content=\"summary_large_image\" \/>\n<meta name=\"twitter:label1\" content=\"Temps estimat de lectura\" \/>\n\t<meta name=\"twitter:data1\" content=\"1 minut\" \/>\n<script type=\"application\/ld+json\" class=\"yoast-schema-graph\">{\"@context\":\"https:\/\/schema.org\",\"@graph\":[{\"@type\":\"WebPage\",\"@id\":\"https:\/\/inflowed.es\/producto\/catalogo-iaso-2023\",\"url\":\"https:\/\/inflowed.es\/producto\/catalogo-iaso-2023\",\"name\":\"Cat\u00e1logo IASO 2023 &#8211; INFLOWED\",\"isPartOf\":{\"@id\":\"https:\/\/inflowed.es\/#website\"},\"primaryImageOfPage\":{\"@id\":\"https:\/\/inflowed.es\/producto\/catalogo-iaso-2023#primaryimage\"},\"image\":{\"@id\":\"https:\/\/inflowed.es\/producto\/catalogo-iaso-2023#primaryimage\"},\"thumbnailUrl\":\"https:\/\/inflowed.es\/wp-content\/uploads\/2023\/11\/catalogo-iaso2023.jpg\",\"datePublished\":\"2023-11-27T14:43:48+00:00\",\"dateModified\":\"2023-12-08T15:13:06+00:00\",\"description\":\"Descubre el Cat\u00e1logo IASO 2023 en formato .pdf. En INFLOWED distribuimos la marca IASO al mejor precio. Cont\u00e1ctanos para m\u00e1s informaci\u00f3n.\",\"breadcrumb\":{\"@id\":\"https:\/\/inflowed.es\/producto\/catalogo-iaso-2023#breadcrumb\"},\"inLanguage\":\"ca\",\"potentialAction\":[{\"@type\":\"ReadAction\",\"target\":[\"https:\/\/inflowed.es\/producto\/catalogo-iaso-2023\"]}]},{\"@type\":\"ImageObject\",\"inLanguage\":\"ca\",\"@id\":\"https:\/\/inflowed.es\/producto\/catalogo-iaso-2023#primaryimage\",\"url\":\"https:\/\/inflowed.es\/wp-content\/uploads\/2023\/11\/catalogo-iaso2023.jpg\",\"contentUrl\":\"https:\/\/inflowed.es\/wp-content\/uploads\/2023\/11\/catalogo-iaso2023.jpg\",\"width\":800,\"height\":800,\"caption\":\"Cat\u00e1logo IASO 2023\"},{\"@type\":\"BreadcrumbList\",\"@id\":\"https:\/\/inflowed.es\/producto\/catalogo-iaso-2023#breadcrumb\",\"itemListElement\":[{\"@type\":\"ListItem\",\"position\":1,\"name\":\"Portada\",\"item\":\"https:\/\/inflowed.es\/\"},{\"@type\":\"ListItem\",\"position\":2,\"name\":\"Cat\u00e1logo de productos\",\"item\":\"https:\/\/inflowed.es\/catalogo-de-productos\"},{\"@type\":\"ListItem\",\"position\":3,\"name\":\"Cat\u00e1logo IASO 2023\"}]},{\"@type\":\"WebSite\",\"@id\":\"https:\/\/inflowed.es\/#website\",\"url\":\"https:\/\/inflowed.es\/\",\"name\":\"INFLOWED\",\"description\":\"Distribuci&oacute;n mayorista de art&iacute;culos para piscinas\",\"publisher\":{\"@id\":\"https:\/\/inflowed.es\/#organization\"},\"potentialAction\":[{\"@type\":\"SearchAction\",\"target\":{\"@type\":\"EntryPoint\",\"urlTemplate\":\"https:\/\/inflowed.es\/?s={search_term_string}\"},\"query-input\":{\"@type\":\"PropertyValueSpecification\",\"valueRequired\":true,\"valueName\":\"search_term_string\"}}],\"inLanguage\":\"ca\"},{\"@type\":\"Organization\",\"@id\":\"https:\/\/inflowed.es\/#organization\",\"name\":\"Inflowed Spain S.L.\",\"url\":\"https:\/\/inflowed.es\/\",\"logo\":{\"@type\":\"ImageObject\",\"inLanguage\":\"ca\",\"@id\":\"https:\/\/inflowed.es\/#\/schema\/logo\/image\/\",\"url\":\"https:\/\/inflowed.es\/wp-content\/uploads\/2023\/11\/logo-inflowed.png\",\"contentUrl\":\"https:\/\/inflowed.es\/wp-content\/uploads\/2023\/11\/logo-inflowed.png\",\"width\":1032,\"height\":242,\"caption\":\"Inflowed Spain S.L.\"},\"image\":{\"@id\":\"https:\/\/inflowed.es\/#\/schema\/logo\/image\/\"}}]}<\/script>\n<!-- \/ Yoast SEO plugin. -->","yoast_head_json":{"title":"Cat\u00e1logo IASO 2023 &#8211; INFLOWED","description":"Descubre el Cat\u00e1logo IASO 2023 en formato .pdf. En INFLOWED distribuimos la marca IASO al mejor precio. Cont\u00e1ctanos para m\u00e1s informaci\u00f3n.","robots":{"index":"index","follow":"follow","max-snippet":"max-snippet:-1","max-image-preview":"max-image-preview:large","max-video-preview":"max-video-preview:-1"},"canonical":"https:\/\/inflowed.es\/ca\/producte\/catalogo-iaso-2023\/","og_locale":"ca_ES","og_type":"article","og_title":"Cat\u00e1logo IASO 2023 &#8211; INFLOWED","og_description":"Descubre el Cat\u00e1logo IASO 2023 en formato .pdf. En INFLOWED distribuimos la marca IASO al mejor precio. Cont\u00e1ctanos para m\u00e1s informaci\u00f3n.","og_url":"https:\/\/inflowed.es\/ca\/producte\/catalogo-iaso-2023\/","og_site_name":"INFLOWED","article_modified_time":"2023-12-08T15:13:06+00:00","og_image":[{"width":800,"height":800,"url":"https:\/\/inflowed.es\/wp-content\/uploads\/2023\/11\/catalogo-iaso2023.jpg","type":"image\/jpeg"}],"twitter_card":"summary_large_image","twitter_misc":{"Temps estimat de lectura":"1 minut"},"schema":{"@context":"https:\/\/schema.org","@graph":[{"@type":"WebPage","@id":"https:\/\/inflowed.es\/producto\/catalogo-iaso-2023","url":"https:\/\/inflowed.es\/producto\/catalogo-iaso-2023","name":"Cat\u00e1logo IASO 2023 &#8211; INFLOWED","isPartOf":{"@id":"https:\/\/inflowed.es\/#website"},"primaryImageOfPage":{"@id":"https:\/\/inflowed.es\/producto\/catalogo-iaso-2023#primaryimage"},"image":{"@id":"https:\/\/inflowed.es\/producto\/catalogo-iaso-2023#primaryimage"},"thumbnailUrl":"https:\/\/inflowed.es\/wp-content\/uploads\/2023\/11\/catalogo-iaso2023.jpg","datePublished":"2023-11-27T14:43:48+00:00","dateModified":"2023-12-08T15:13:06+00:00","description":"Descubre el Cat\u00e1logo IASO 2023 en formato .pdf. En INFLOWED distribuimos la marca IASO al mejor precio. Cont\u00e1ctanos para m\u00e1s informaci\u00f3n.","breadcrumb":{"@id":"https:\/\/inflowed.es\/producto\/catalogo-iaso-2023#breadcrumb"},"inLanguage":"ca","potentialAction":[{"@type":"ReadAction","target":["https:\/\/inflowed.es\/producto\/catalogo-iaso-2023"]}]},{"@type":"ImageObject","inLanguage":"ca","@id":"https:\/\/inflowed.es\/producto\/catalogo-iaso-2023#primaryimage","url":"https:\/\/inflowed.es\/wp-content\/uploads\/2023\/11\/catalogo-iaso2023.jpg","contentUrl":"https:\/\/inflowed.es\/wp-content\/uploads\/2023\/11\/catalogo-iaso2023.jpg","width":800,"height":800,"caption":"Cat\u00e1logo IASO 2023"},{"@type":"BreadcrumbList","@id":"https:\/\/inflowed.es\/producto\/catalogo-iaso-2023#breadcrumb","itemListElement":[{"@type":"ListItem","position":1,"name":"Portada","item":"https:\/\/inflowed.es\/"},{"@type":"ListItem","position":2,"name":"Cat\u00e1logo de productos","item":"https:\/\/inflowed.es\/catalogo-de-productos"},{"@type":"ListItem","position":3,"name":"Cat\u00e1logo IASO 2023"}]},{"@type":"WebSite","@id":"https:\/\/inflowed.es\/#website","url":"https:\/\/inflowed.es\/","name":"INFLOWED","description":"Distribuci&oacute;n mayorista de art&iacute;culos para piscinas","publisher":{"@id":"https:\/\/inflowed.es\/#organization"},"potentialAction":[{"@type":"SearchAction","target":{"@type":"EntryPoint","urlTemplate":"https:\/\/inflowed.es\/?s={search_term_string}"},"query-input":{"@type":"PropertyValueSpecification","valueRequired":true,"valueName":"search_term_string"}}],"inLanguage":"ca"},{"@type":"Organization","@id":"https:\/\/inflowed.es\/#organization","name":"Inflowed Spain S.L.","url":"https:\/\/inflowed.es\/","logo":{"@type":"ImageObject","inLanguage":"ca","@id":"https:\/\/inflowed.es\/#\/schema\/logo\/image\/","url":"https:\/\/inflowed.es\/wp-content\/uploads\/2023\/11\/logo-inflowed.png","contentUrl":"https:\/\/inflowed.es\/wp-content\/uploads\/2023\/11\/logo-inflowed.png","width":1032,"height":242,"caption":"Inflowed Spain S.L."},"image":{"@id":"https:\/\/inflowed.es\/#\/schema\/logo\/image\/"}}]}},"_links":{"self":[{"href":"https:\/\/inflowed.es\/ca\/wp-json\/wp\/v2\/product\/2688","targetHints":{"allow":["GET"]}}],"collection":[{"href":"https:\/\/inflowed.es\/ca\/wp-json\/wp\/v2\/product"}],"about":[{"href":"https:\/\/inflowed.es\/ca\/wp-json\/wp\/v2\/types\/product"}],"replies":[{"embeddable":true,"href":"https:\/\/inflowed.es\/ca\/wp-json\/wp\/v2\/comments?post=2688"}],"version-history":[{"count":2,"href":"https:\/\/inflowed.es\/ca\/wp-json\/wp\/v2\/product\/2688\/revisions"}],"predecessor-version":[{"id":3222,"href":"https:\/\/inflowed.es\/ca\/wp-json\/wp\/v2\/product\/2688\/revisions\/3222"}],"wp:featuredmedia":[{"embeddable":true,"href":"https:\/\/inflowed.es\/ca\/wp-json\/wp\/v2\/media\/2402"}],"wp:attachment":[{"href":"https:\/\/inflowed.es\/ca\/wp-json\/wp\/v2\/media?parent=2688"}],"wp:term":[{"taxonomy":"product_brand","embeddable":true,"href":"https:\/\/inflowed.es\/ca\/wp-json\/wp\/v2\/product_brand?post=2688"},{"taxonomy":"product_cat","embeddable":true,"href":"https:\/\/inflowed.es\/ca\/wp-json\/wp\/v2\/product_cat?post=2688"},{"taxonomy":"product_tag","embeddable":true,"href":"https:\/\/inflowed.es\/ca\/wp-json\/wp\/v2\/product_tag?post=2688"}],"curies":[{"name":"wp","href":"https:\/\/api.w.org\/{rel}","templated":true}]}}