{"id":2267,"date":"2023-11-24T09:18:20","date_gmt":"2023-11-24T09:18:20","guid":{"rendered":"https:\/\/inflowed.es\/?post_type=product&#038;p=2267"},"modified":"2024-11-12T15:19:08","modified_gmt":"2024-11-12T15:19:08","slug":"dolphin-liberty-300","status":"publish","type":"product","link":"https:\/\/inflowed.es\/ca\/producte\/dolphin-liberty-300","title":{"rendered":"Dolphin Liberty 300"},"content":{"rendered":"<ul>\n<li>Dolphin Liberty 300 con su innovador dise\u00f1o sin cable y carga inductiva para una agilidad y comodidad sin precedentes: la eficacia de la tecnolog\u00eda Dolphin de siempre \u00a1ahora totalmente inal\u00e1mbrica.<\/li>\n<li>Bater\u00eda de Litio-ion con una capacidad de 5.000 mAh y carga inductiva de 6 horas (\u00e1rea con sombra) a trav\u00e9s de un enchufe de conexi\u00f3n magn\u00e9tica para una carga f\u00e1cil.<\/li>\n<li>Ligero y compacto, es ideal para todo tipo de piscinas de hasta 10 metros de longitud, tanto enterradas como desmontables (con paredes r\u00edgidas).<\/li>\n<li>Limpieza de fondo y paredes, en un ciclo de limpieza de 1,5 horas. El selector de ciclo permite personalizar la limpieza y elegir entre limpiar solo el fondo o el fondo y las paredes de la piscina. El Modo ECO mantiene tu piscina limpia toda la semana con ciclos cortos de limpieza de 30 minutos.<\/li>\n<li>Sistema Click-Up de recogida f\u00e1cil. Con un sensor de sonido, el Liberty 300 subir\u00e1 hacia ti para una f\u00e1cil extracci\u00f3n de la piscina.<\/li>\n<li>Dise\u00f1o ergon\u00f3mico. Con solo 8,1 kg de peso, es f\u00e1cil de manejar y de vaciar al sacarlo del agua.<\/li>\n<li>Cesta de filtraci\u00f3n Easy-Clean con paneles finos y ultrafinos intercambiables, de pr\u00e1ctico acceso superior.<\/li>\n<li>Tracci\u00f3n con orugas para una perfecta adherencia sobre todo tipo de revestimientos.<\/li>\n<li>Cepillo activo delantero que gira al doble de la velocidad del robot, para una \u00f3ptima limpieza de la suciedad incrustada.<\/li>\n<li>Cobertura CleverClean\u2122. Software de exploraci\u00f3n avanzada y sistema de navegaci\u00f3n que garantizan una perfecta cobertura de la piscina, utilizando la ruta m\u00e1s eficiente con el objetivo de optimizar el ciclo de limpieza.<\/li>\n<li>Tambi\u00e9n compatible con piscinas de cloraci\u00f3n salina.<\/li>\n<\/ul>","protected":false},"excerpt":{"rendered":"<ul>\n<li>Limpieza de <strong>fondo<\/strong>,<strong> paredes<\/strong>.<\/li>\n<li>Kit de <strong>filtros ultrafinos<\/strong>.<\/li>\n<li><strong>Carga inductiva<\/strong>.<\/li>\n<li><strong>Sistema Click-Up<\/strong> para recogida f\u00e1cil con control por sonido.<\/li>\n<li>Apto para <strong>piscinas de hasta 10 metros<\/strong>.<\/li>\n<li>Bater\u00eda de <strong>Litio-ion de 7 celdas.<\/strong><\/li>\n<\/ul>\n<p><a href=\"\/wp-content\/uploads\/2023\/11\/manual-liberty-300.pdf\">Descargar Manual Dolphin Liberty 300<\/a><\/p>\n<p><a href=\"https:\/\/inflowed.es\/wp-content\/uploads\/2023\/11\/folleto-liberty-300-fr.pdf\">Folleto comercial Dolphin Liberty 300 (FR)<\/a><\/p>","protected":false},"featured_media":2297,"comment_status":"closed","ping_status":"closed","template":"","meta":[],"product_brand":[],"product_cat":[91,88],"product_tag":[],"class_list":{"0":"post-2267","1":"product","2":"type-product","3":"status-publish","4":"has-post-thumbnail","6":"product_cat-limpiafondos-de-bateria","7":"product_cat-limpiafondos-electricos","9":"first","10":"instock","11":"taxable","12":"shipping-taxable","13":"product-type-simple"},"yoast_head":"<!-- This site is optimized with the Yoast SEO plugin v27.2 - https:\/\/yoast.com\/product\/yoast-seo-wordpress\/ -->\n<title>Dolphin Liberty 300 &#8211; INFLOWED<\/title>\n<meta name=\"description\" content=\"Dolphin Liberty 300 al mejor precio online. Robot limpiafondos para la limpieza de fondo, paredes y l\u00ednea de agua. Consigue la mejor oferta con INFLOWED.\" \/>\n<meta name=\"robots\" content=\"index, follow, max-snippet:-1, max-image-preview:large, max-video-preview:-1\" \/>\n<link rel=\"canonical\" href=\"https:\/\/inflowed.es\/ca\/producte\/dolphin-liberty-300\/\" \/>\n<meta property=\"og:locale\" content=\"ca_ES\" \/>\n<meta property=\"og:type\" content=\"article\" \/>\n<meta property=\"og:title\" content=\"Dolphin Liberty 300 &#8211; INFLOWED\" \/>\n<meta property=\"og:description\" content=\"Dolphin Liberty 300 al mejor precio online. Robot limpiafondos para la limpieza de fondo, paredes y l\u00ednea de agua. Consigue la mejor oferta con INFLOWED.\" \/>\n<meta property=\"og:url\" content=\"https:\/\/inflowed.es\/ca\/producte\/dolphin-liberty-300\/\" \/>\n<meta property=\"og:site_name\" content=\"INFLOWED\" \/>\n<meta property=\"article:modified_time\" content=\"2024-11-12T15:19:08+00:00\" \/>\n<meta property=\"og:image\" content=\"https:\/\/inflowed.es\/wp-content\/uploads\/2023\/11\/liberty-300-200.jpg\" \/>\n\t<meta property=\"og:image:width\" content=\"750\" \/>\n\t<meta property=\"og:image:height\" content=\"750\" \/>\n\t<meta property=\"og:image:type\" content=\"image\/jpeg\" \/>\n<meta name=\"twitter:card\" content=\"summary_large_image\" \/>\n<meta name=\"twitter:label1\" content=\"Temps estimat de lectura\" \/>\n\t<meta name=\"twitter:data1\" content=\"2 minuts\" \/>\n<script type=\"application\/ld+json\" class=\"yoast-schema-graph\">{\"@context\":\"https:\/\/schema.org\",\"@graph\":[{\"@type\":\"WebPage\",\"@id\":\"https:\/\/inflowed.es\/producto\/dolphin-liberty-300\",\"url\":\"https:\/\/inflowed.es\/producto\/dolphin-liberty-300\",\"name\":\"Dolphin Liberty 300 &#8211; INFLOWED\",\"isPartOf\":{\"@id\":\"https:\/\/inflowed.es\/#website\"},\"primaryImageOfPage\":{\"@id\":\"https:\/\/inflowed.es\/producto\/dolphin-liberty-300#primaryimage\"},\"image\":{\"@id\":\"https:\/\/inflowed.es\/producto\/dolphin-liberty-300#primaryimage\"},\"thumbnailUrl\":\"https:\/\/inflowed.es\/wp-content\/uploads\/2023\/11\/liberty-300-200.jpg\",\"datePublished\":\"2023-11-24T09:18:20+00:00\",\"dateModified\":\"2024-11-12T15:19:08+00:00\",\"description\":\"Dolphin Liberty 300 al mejor precio online. Robot limpiafondos para la limpieza de fondo, paredes y l\u00ednea de agua. Consigue la mejor oferta con INFLOWED.\",\"breadcrumb\":{\"@id\":\"https:\/\/inflowed.es\/producto\/dolphin-liberty-300#breadcrumb\"},\"inLanguage\":\"ca\",\"potentialAction\":[{\"@type\":\"ReadAction\",\"target\":[\"https:\/\/inflowed.es\/producto\/dolphin-liberty-300\"]}]},{\"@type\":\"ImageObject\",\"inLanguage\":\"ca\",\"@id\":\"https:\/\/inflowed.es\/producto\/dolphin-liberty-300#primaryimage\",\"url\":\"https:\/\/inflowed.es\/wp-content\/uploads\/2023\/11\/liberty-300-200.jpg\",\"contentUrl\":\"https:\/\/inflowed.es\/wp-content\/uploads\/2023\/11\/liberty-300-200.jpg\",\"width\":750,\"height\":750,\"caption\":\"Robot Dolphin Liberty 200 \/ 300\"},{\"@type\":\"BreadcrumbList\",\"@id\":\"https:\/\/inflowed.es\/producto\/dolphin-liberty-300#breadcrumb\",\"itemListElement\":[{\"@type\":\"ListItem\",\"position\":1,\"name\":\"Portada\",\"item\":\"https:\/\/inflowed.es\/\"},{\"@type\":\"ListItem\",\"position\":2,\"name\":\"Cat\u00e1logo de productos\",\"item\":\"https:\/\/inflowed.es\/catalogo-de-productos\"},{\"@type\":\"ListItem\",\"position\":3,\"name\":\"Dolphin Liberty 300\"}]},{\"@type\":\"WebSite\",\"@id\":\"https:\/\/inflowed.es\/#website\",\"url\":\"https:\/\/inflowed.es\/\",\"name\":\"INFLOWED\",\"description\":\"Distribuci&oacute;n mayorista de art&iacute;culos para piscinas\",\"publisher\":{\"@id\":\"https:\/\/inflowed.es\/#organization\"},\"potentialAction\":[{\"@type\":\"SearchAction\",\"target\":{\"@type\":\"EntryPoint\",\"urlTemplate\":\"https:\/\/inflowed.es\/?s={search_term_string}\"},\"query-input\":{\"@type\":\"PropertyValueSpecification\",\"valueRequired\":true,\"valueName\":\"search_term_string\"}}],\"inLanguage\":\"ca\"},{\"@type\":\"Organization\",\"@id\":\"https:\/\/inflowed.es\/#organization\",\"name\":\"Inflowed Spain S.L.\",\"url\":\"https:\/\/inflowed.es\/\",\"logo\":{\"@type\":\"ImageObject\",\"inLanguage\":\"ca\",\"@id\":\"https:\/\/inflowed.es\/#\/schema\/logo\/image\/\",\"url\":\"https:\/\/inflowed.es\/wp-content\/uploads\/2023\/11\/logo-inflowed.png\",\"contentUrl\":\"https:\/\/inflowed.es\/wp-content\/uploads\/2023\/11\/logo-inflowed.png\",\"width\":1032,\"height\":242,\"caption\":\"Inflowed Spain S.L.\"},\"image\":{\"@id\":\"https:\/\/inflowed.es\/#\/schema\/logo\/image\/\"}}]}<\/script>\n<!-- \/ Yoast SEO plugin. -->","yoast_head_json":{"title":"Dolphin Liberty 300 &#8211; INFLOWED","description":"Dolphin Liberty 300 al mejor precio online. Robot limpiafondos para la limpieza de fondo, paredes y l\u00ednea de agua. Consigue la mejor oferta con INFLOWED.","robots":{"index":"index","follow":"follow","max-snippet":"max-snippet:-1","max-image-preview":"max-image-preview:large","max-video-preview":"max-video-preview:-1"},"canonical":"https:\/\/inflowed.es\/ca\/producte\/dolphin-liberty-300\/","og_locale":"ca_ES","og_type":"article","og_title":"Dolphin Liberty 300 &#8211; INFLOWED","og_description":"Dolphin Liberty 300 al mejor precio online. Robot limpiafondos para la limpieza de fondo, paredes y l\u00ednea de agua. Consigue la mejor oferta con INFLOWED.","og_url":"https:\/\/inflowed.es\/ca\/producte\/dolphin-liberty-300\/","og_site_name":"INFLOWED","article_modified_time":"2024-11-12T15:19:08+00:00","og_image":[{"width":750,"height":750,"url":"https:\/\/inflowed.es\/wp-content\/uploads\/2023\/11\/liberty-300-200.jpg","type":"image\/jpeg"}],"twitter_card":"summary_large_image","twitter_misc":{"Temps estimat de lectura":"2 minuts"},"schema":{"@context":"https:\/\/schema.org","@graph":[{"@type":"WebPage","@id":"https:\/\/inflowed.es\/producto\/dolphin-liberty-300","url":"https:\/\/inflowed.es\/producto\/dolphin-liberty-300","name":"Dolphin Liberty 300 &#8211; INFLOWED","isPartOf":{"@id":"https:\/\/inflowed.es\/#website"},"primaryImageOfPage":{"@id":"https:\/\/inflowed.es\/producto\/dolphin-liberty-300#primaryimage"},"image":{"@id":"https:\/\/inflowed.es\/producto\/dolphin-liberty-300#primaryimage"},"thumbnailUrl":"https:\/\/inflowed.es\/wp-content\/uploads\/2023\/11\/liberty-300-200.jpg","datePublished":"2023-11-24T09:18:20+00:00","dateModified":"2024-11-12T15:19:08+00:00","description":"Dolphin Liberty 300 al mejor precio online. Robot limpiafondos para la limpieza de fondo, paredes y l\u00ednea de agua. Consigue la mejor oferta con INFLOWED.","breadcrumb":{"@id":"https:\/\/inflowed.es\/producto\/dolphin-liberty-300#breadcrumb"},"inLanguage":"ca","potentialAction":[{"@type":"ReadAction","target":["https:\/\/inflowed.es\/producto\/dolphin-liberty-300"]}]},{"@type":"ImageObject","inLanguage":"ca","@id":"https:\/\/inflowed.es\/producto\/dolphin-liberty-300#primaryimage","url":"https:\/\/inflowed.es\/wp-content\/uploads\/2023\/11\/liberty-300-200.jpg","contentUrl":"https:\/\/inflowed.es\/wp-content\/uploads\/2023\/11\/liberty-300-200.jpg","width":750,"height":750,"caption":"Robot Dolphin Liberty 200 \/ 300"},{"@type":"BreadcrumbList","@id":"https:\/\/inflowed.es\/producto\/dolphin-liberty-300#breadcrumb","itemListElement":[{"@type":"ListItem","position":1,"name":"Portada","item":"https:\/\/inflowed.es\/"},{"@type":"ListItem","position":2,"name":"Cat\u00e1logo de productos","item":"https:\/\/inflowed.es\/catalogo-de-productos"},{"@type":"ListItem","position":3,"name":"Dolphin Liberty 300"}]},{"@type":"WebSite","@id":"https:\/\/inflowed.es\/#website","url":"https:\/\/inflowed.es\/","name":"INFLOWED","description":"Distribuci&oacute;n mayorista de art&iacute;culos para piscinas","publisher":{"@id":"https:\/\/inflowed.es\/#organization"},"potentialAction":[{"@type":"SearchAction","target":{"@type":"EntryPoint","urlTemplate":"https:\/\/inflowed.es\/?s={search_term_string}"},"query-input":{"@type":"PropertyValueSpecification","valueRequired":true,"valueName":"search_term_string"}}],"inLanguage":"ca"},{"@type":"Organization","@id":"https:\/\/inflowed.es\/#organization","name":"Inflowed Spain S.L.","url":"https:\/\/inflowed.es\/","logo":{"@type":"ImageObject","inLanguage":"ca","@id":"https:\/\/inflowed.es\/#\/schema\/logo\/image\/","url":"https:\/\/inflowed.es\/wp-content\/uploads\/2023\/11\/logo-inflowed.png","contentUrl":"https:\/\/inflowed.es\/wp-content\/uploads\/2023\/11\/logo-inflowed.png","width":1032,"height":242,"caption":"Inflowed Spain S.L."},"image":{"@id":"https:\/\/inflowed.es\/#\/schema\/logo\/image\/"}}]}},"_links":{"self":[{"href":"https:\/\/inflowed.es\/ca\/wp-json\/wp\/v2\/product\/2267","targetHints":{"allow":["GET"]}}],"collection":[{"href":"https:\/\/inflowed.es\/ca\/wp-json\/wp\/v2\/product"}],"about":[{"href":"https:\/\/inflowed.es\/ca\/wp-json\/wp\/v2\/types\/product"}],"replies":[{"embeddable":true,"href":"https:\/\/inflowed.es\/ca\/wp-json\/wp\/v2\/comments?post=2267"}],"version-history":[{"count":6,"href":"https:\/\/inflowed.es\/ca\/wp-json\/wp\/v2\/product\/2267\/revisions"}],"predecessor-version":[{"id":4943,"href":"https:\/\/inflowed.es\/ca\/wp-json\/wp\/v2\/product\/2267\/revisions\/4943"}],"wp:featuredmedia":[{"embeddable":true,"href":"https:\/\/inflowed.es\/ca\/wp-json\/wp\/v2\/media\/2297"}],"wp:attachment":[{"href":"https:\/\/inflowed.es\/ca\/wp-json\/wp\/v2\/media?parent=2267"}],"wp:term":[{"taxonomy":"product_brand","embeddable":true,"href":"https:\/\/inflowed.es\/ca\/wp-json\/wp\/v2\/product_brand?post=2267"},{"taxonomy":"product_cat","embeddable":true,"href":"https:\/\/inflowed.es\/ca\/wp-json\/wp\/v2\/product_cat?post=2267"},{"taxonomy":"product_tag","embeddable":true,"href":"https:\/\/inflowed.es\/ca\/wp-json\/wp\/v2\/product_tag?post=2267"}],"curies":[{"name":"wp","href":"https:\/\/api.w.org\/{rel}","templated":true}]}}