{"id":2264,"date":"2023-11-24T09:17:12","date_gmt":"2023-11-24T09:17:12","guid":{"rendered":"https:\/\/inflowed.es\/?post_type=product&#038;p=2264"},"modified":"2024-07-16T14:36:35","modified_gmt":"2024-07-16T14:36:35","slug":"robot-limpiafondos-dolphin-zenit-z1b","status":"publish","type":"product","link":"https:\/\/inflowed.es\/ca\/producte\/robot-limpiafondos-dolphin-zenit-z1b","title":{"rendered":"Robot limpiafondos Dolphin Zenit Z1B"},"content":{"rendered":"<p>El Dolphin Z1B es el limpiafondos de sus sue\u00f1os a un precio c\u00f3modo y asequible. Este limpiafondos ligero y peque\u00f1o es id\u00f3neo para todo tipo de piscinas peque\u00f1as, incluso para piscinas elevadas.<\/p>\n<p>Limpiafondos autom\u00e1tico dise\u00f1ado para la limpieza con profundidad de fondo, paredes y l\u00ednea de flotaci\u00f3n de piscinas de hasta 12 metros de longitud. Destaca por su gran calidad de filtraci\u00f3n y su excelente relaci\u00f3n calidad\/precio. Un robot ligero y ergon\u00f3mico, f\u00e1cil de sacar de la piscina gracias al sistema de liberaci\u00f3n r\u00e1pida de agua.<\/p>\n<p>Con Dolphin Z1B consigue los mejores resultados de limpieza para tu piscina. Elige entre dos tipos de filtraci\u00f3n, para capturar suciedad gruesa o ultra fina. La acci\u00f3n de doble cepillado activo y el Sistema de Movilidad \u201cPowerStream\u201d aseguran una cobertura eficiente y los mejores resultados de limpieza en cualquier tipo de superficie.<\/p>\n<h3>La cobertura del CleverClean\u2122<\/h3>\n<p>El software de escaneo avanzado junto al sistema de navegaci\u00f3n girosc\u00f3pica le aseguran una cobertura completa del suelo, paredes y l\u00ednea de flotaci\u00f3n utilizando la ruta m\u00e1s eficaz. El Dolphin Z1B navega autom\u00e1ticamente alrededor de los obst\u00e1culos volviendo r\u00e1pidamente a su patr\u00f3n de limpieza.<\/p>\n<h3>Caracter\u00edsticas Dolphin Z1B<\/h3>\n<table>\n<tbody>\n<tr>\n<td>Longitud ideal de la piscina<\/td>\n<td>Hasta 12 m<\/td>\n<\/tr>\n<tr>\n<td>Cobertura de limpieza<\/td>\n<td>Fondo, paredes y l\u00ednea de flotaci\u00f3n<\/td>\n<\/tr>\n<tr>\n<td>Cepillado<\/td>\n<td>Doble cepillado activo<\/td>\n<\/tr>\n<tr>\n<td>Tiempo de ciclo de limpieza<\/td>\n<td>2 horas<\/td>\n<\/tr>\n<tr>\n<td>Filtraci\u00f3n<\/td>\n<td>Sistema de filtraci\u00f3n multicapa con filtros finos y ultrafinos integrados que separa y filtra la suciedad gruesa, fina y ultrafina<\/td>\n<\/tr>\n<tr>\n<td>Peso del robot<\/td>\n<td>7,5 kg<\/td>\n<\/tr>\n<tr>\n<td>Longitud del cable<\/td>\n<td>18 m<\/td>\n<\/tr>\n<tr>\n<td>Navegaci\u00f3n y maniobrabilidad<\/td>\n<td>Sistema de movilidad PowerStream, Sistema de escaneo CleverClean\u2122<\/td>\n<\/tr>\n<tr>\n<td>Aplicaci\u00f3n m\u00f3vil<\/td>\n<td>No incluido<\/td>\n<\/tr>\n<tr>\n<td>Carro<\/td>\n<td>No incluido<\/td>\n<\/tr>\n<tr>\n<td>Garant\u00eda<\/td>\n<td class=\"compare_td this_product\">36 Meses<\/td>\n<\/tr>\n<\/tbody>\n<\/table>","protected":false},"excerpt":{"rendered":"<ul>\n<li>Limpieza de <strong>fondo<\/strong>,\u00a0<strong>paredes<\/strong> y <strong>l\u00ednea de agua.<\/strong><\/li>\n<li>Apto para piscinas de <strong>hasta 12 x 6 mts.<\/strong><\/li>\n<li>Filtraci\u00f3n\u00a0<strong>Multicapa<\/strong>. Filtra las part\u00edculas gruesas y finas.<\/li>\n<\/ul>\n<p><a href=\"https:\/\/inflowed.es\/wp-content\/uploads\/2023\/11\/Dolphin-Z1B-manual-ES.pdf\">Descargar el Manual Dolphin Z1B (ES)<\/a><\/p>","protected":false},"featured_media":3442,"comment_status":"closed","ping_status":"closed","template":"","meta":[],"product_brand":[],"product_cat":[88],"product_tag":[],"class_list":{"0":"post-2264","1":"product","2":"type-product","3":"status-publish","4":"has-post-thumbnail","6":"product_cat-limpiafondos-electricos","8":"first","9":"instock","10":"taxable","11":"shipping-taxable","12":"product-type-simple"},"yoast_head":"<!-- This site is optimized with the Yoast SEO plugin v27.2 - https:\/\/yoast.com\/product\/yoast-seo-wordpress\/ -->\n<title>Robot limpiafondos Dolphin Zenit Z1B &#8211; INFLOWED<\/title>\n<meta name=\"description\" content=\"Robot limpiafondos autom\u00e1tico Dolphin Z1B. Apto para piscinas de hasta 12 x 6 mt. y realiza la limpieza de fondo, paredes y l\u00ednea de agua.\" \/>\n<meta name=\"robots\" content=\"index, follow, max-snippet:-1, max-image-preview:large, max-video-preview:-1\" \/>\n<link rel=\"canonical\" href=\"https:\/\/inflowed.es\/ca\/producte\/robot-limpiafondos-dolphin-zenit-z1b\/\" \/>\n<meta property=\"og:locale\" content=\"ca_ES\" \/>\n<meta property=\"og:type\" content=\"article\" \/>\n<meta property=\"og:title\" content=\"Robot limpiafondos Dolphin Zenit Z1B &#8211; INFLOWED\" \/>\n<meta property=\"og:description\" content=\"Robot limpiafondos autom\u00e1tico Dolphin Z1B. Apto para piscinas de hasta 12 x 6 mt. y realiza la limpieza de fondo, paredes y l\u00ednea de agua.\" \/>\n<meta property=\"og:url\" content=\"https:\/\/inflowed.es\/ca\/producte\/robot-limpiafondos-dolphin-zenit-z1b\/\" \/>\n<meta property=\"og:site_name\" content=\"INFLOWED\" \/>\n<meta property=\"article:modified_time\" content=\"2024-07-16T14:36:35+00:00\" \/>\n<meta property=\"og:image\" content=\"https:\/\/inflowed.es\/wp-content\/uploads\/2023\/11\/z1b.jpg\" \/>\n\t<meta property=\"og:image:width\" content=\"1090\" \/>\n\t<meta property=\"og:image:height\" content=\"1090\" \/>\n\t<meta property=\"og:image:type\" content=\"image\/jpeg\" \/>\n<meta name=\"twitter:card\" content=\"summary_large_image\" \/>\n<meta name=\"twitter:label1\" content=\"Temps estimat de lectura\" \/>\n\t<meta name=\"twitter:data1\" content=\"2 minuts\" \/>\n<script type=\"application\/ld+json\" class=\"yoast-schema-graph\">{\"@context\":\"https:\/\/schema.org\",\"@graph\":[{\"@type\":\"WebPage\",\"@id\":\"https:\/\/inflowed.es\/producto\/robot-limpiafondos-dolphin-zenit-z1b\",\"url\":\"https:\/\/inflowed.es\/producto\/robot-limpiafondos-dolphin-zenit-z1b\",\"name\":\"Robot limpiafondos Dolphin Zenit Z1B &#8211; INFLOWED\",\"isPartOf\":{\"@id\":\"https:\/\/inflowed.es\/#website\"},\"primaryImageOfPage\":{\"@id\":\"https:\/\/inflowed.es\/producto\/robot-limpiafondos-dolphin-zenit-z1b#primaryimage\"},\"image\":{\"@id\":\"https:\/\/inflowed.es\/producto\/robot-limpiafondos-dolphin-zenit-z1b#primaryimage\"},\"thumbnailUrl\":\"https:\/\/inflowed.es\/wp-content\/uploads\/2023\/11\/z1b.jpg\",\"datePublished\":\"2023-11-24T09:17:12+00:00\",\"dateModified\":\"2024-07-16T14:36:35+00:00\",\"description\":\"Robot limpiafondos autom\u00e1tico Dolphin Z1B. Apto para piscinas de hasta 12 x 6 mt. y realiza la limpieza de fondo, paredes y l\u00ednea de agua.\",\"breadcrumb\":{\"@id\":\"https:\/\/inflowed.es\/producto\/robot-limpiafondos-dolphin-zenit-z1b#breadcrumb\"},\"inLanguage\":\"ca\",\"potentialAction\":[{\"@type\":\"ReadAction\",\"target\":[\"https:\/\/inflowed.es\/producto\/robot-limpiafondos-dolphin-zenit-z1b\"]}]},{\"@type\":\"ImageObject\",\"inLanguage\":\"ca\",\"@id\":\"https:\/\/inflowed.es\/producto\/robot-limpiafondos-dolphin-zenit-z1b#primaryimage\",\"url\":\"https:\/\/inflowed.es\/wp-content\/uploads\/2023\/11\/z1b.jpg\",\"contentUrl\":\"https:\/\/inflowed.es\/wp-content\/uploads\/2023\/11\/z1b.jpg\",\"width\":1090,\"height\":1090},{\"@type\":\"BreadcrumbList\",\"@id\":\"https:\/\/inflowed.es\/producto\/robot-limpiafondos-dolphin-zenit-z1b#breadcrumb\",\"itemListElement\":[{\"@type\":\"ListItem\",\"position\":1,\"name\":\"Portada\",\"item\":\"https:\/\/inflowed.es\/\"},{\"@type\":\"ListItem\",\"position\":2,\"name\":\"Cat\u00e1logo de productos\",\"item\":\"https:\/\/inflowed.es\/catalogo-de-productos\"},{\"@type\":\"ListItem\",\"position\":3,\"name\":\"Robot limpiafondos Dolphin Zenit Z1B\"}]},{\"@type\":\"WebSite\",\"@id\":\"https:\/\/inflowed.es\/#website\",\"url\":\"https:\/\/inflowed.es\/\",\"name\":\"INFLOWED\",\"description\":\"Distribuci&oacute;n mayorista de art&iacute;culos para piscinas\",\"publisher\":{\"@id\":\"https:\/\/inflowed.es\/#organization\"},\"potentialAction\":[{\"@type\":\"SearchAction\",\"target\":{\"@type\":\"EntryPoint\",\"urlTemplate\":\"https:\/\/inflowed.es\/?s={search_term_string}\"},\"query-input\":{\"@type\":\"PropertyValueSpecification\",\"valueRequired\":true,\"valueName\":\"search_term_string\"}}],\"inLanguage\":\"ca\"},{\"@type\":\"Organization\",\"@id\":\"https:\/\/inflowed.es\/#organization\",\"name\":\"Inflowed Spain S.L.\",\"url\":\"https:\/\/inflowed.es\/\",\"logo\":{\"@type\":\"ImageObject\",\"inLanguage\":\"ca\",\"@id\":\"https:\/\/inflowed.es\/#\/schema\/logo\/image\/\",\"url\":\"https:\/\/inflowed.es\/wp-content\/uploads\/2023\/11\/logo-inflowed.png\",\"contentUrl\":\"https:\/\/inflowed.es\/wp-content\/uploads\/2023\/11\/logo-inflowed.png\",\"width\":1032,\"height\":242,\"caption\":\"Inflowed Spain S.L.\"},\"image\":{\"@id\":\"https:\/\/inflowed.es\/#\/schema\/logo\/image\/\"}}]}<\/script>\n<!-- \/ Yoast SEO plugin. -->","yoast_head_json":{"title":"Robot limpiafondos Dolphin Zenit Z1B &#8211; INFLOWED","description":"Robot limpiafondos autom\u00e1tico Dolphin Z1B. Apto para piscinas de hasta 12 x 6 mt. y realiza la limpieza de fondo, paredes y l\u00ednea de agua.","robots":{"index":"index","follow":"follow","max-snippet":"max-snippet:-1","max-image-preview":"max-image-preview:large","max-video-preview":"max-video-preview:-1"},"canonical":"https:\/\/inflowed.es\/ca\/producte\/robot-limpiafondos-dolphin-zenit-z1b\/","og_locale":"ca_ES","og_type":"article","og_title":"Robot limpiafondos Dolphin Zenit Z1B &#8211; INFLOWED","og_description":"Robot limpiafondos autom\u00e1tico Dolphin Z1B. Apto para piscinas de hasta 12 x 6 mt. y realiza la limpieza de fondo, paredes y l\u00ednea de agua.","og_url":"https:\/\/inflowed.es\/ca\/producte\/robot-limpiafondos-dolphin-zenit-z1b\/","og_site_name":"INFLOWED","article_modified_time":"2024-07-16T14:36:35+00:00","og_image":[{"width":1090,"height":1090,"url":"https:\/\/inflowed.es\/wp-content\/uploads\/2023\/11\/z1b.jpg","type":"image\/jpeg"}],"twitter_card":"summary_large_image","twitter_misc":{"Temps estimat de lectura":"2 minuts"},"schema":{"@context":"https:\/\/schema.org","@graph":[{"@type":"WebPage","@id":"https:\/\/inflowed.es\/producto\/robot-limpiafondos-dolphin-zenit-z1b","url":"https:\/\/inflowed.es\/producto\/robot-limpiafondos-dolphin-zenit-z1b","name":"Robot limpiafondos Dolphin Zenit Z1B &#8211; INFLOWED","isPartOf":{"@id":"https:\/\/inflowed.es\/#website"},"primaryImageOfPage":{"@id":"https:\/\/inflowed.es\/producto\/robot-limpiafondos-dolphin-zenit-z1b#primaryimage"},"image":{"@id":"https:\/\/inflowed.es\/producto\/robot-limpiafondos-dolphin-zenit-z1b#primaryimage"},"thumbnailUrl":"https:\/\/inflowed.es\/wp-content\/uploads\/2023\/11\/z1b.jpg","datePublished":"2023-11-24T09:17:12+00:00","dateModified":"2024-07-16T14:36:35+00:00","description":"Robot limpiafondos autom\u00e1tico Dolphin Z1B. Apto para piscinas de hasta 12 x 6 mt. y realiza la limpieza de fondo, paredes y l\u00ednea de agua.","breadcrumb":{"@id":"https:\/\/inflowed.es\/producto\/robot-limpiafondos-dolphin-zenit-z1b#breadcrumb"},"inLanguage":"ca","potentialAction":[{"@type":"ReadAction","target":["https:\/\/inflowed.es\/producto\/robot-limpiafondos-dolphin-zenit-z1b"]}]},{"@type":"ImageObject","inLanguage":"ca","@id":"https:\/\/inflowed.es\/producto\/robot-limpiafondos-dolphin-zenit-z1b#primaryimage","url":"https:\/\/inflowed.es\/wp-content\/uploads\/2023\/11\/z1b.jpg","contentUrl":"https:\/\/inflowed.es\/wp-content\/uploads\/2023\/11\/z1b.jpg","width":1090,"height":1090},{"@type":"BreadcrumbList","@id":"https:\/\/inflowed.es\/producto\/robot-limpiafondos-dolphin-zenit-z1b#breadcrumb","itemListElement":[{"@type":"ListItem","position":1,"name":"Portada","item":"https:\/\/inflowed.es\/"},{"@type":"ListItem","position":2,"name":"Cat\u00e1logo de productos","item":"https:\/\/inflowed.es\/catalogo-de-productos"},{"@type":"ListItem","position":3,"name":"Robot limpiafondos Dolphin Zenit Z1B"}]},{"@type":"WebSite","@id":"https:\/\/inflowed.es\/#website","url":"https:\/\/inflowed.es\/","name":"INFLOWED","description":"Distribuci&oacute;n mayorista de art&iacute;culos para piscinas","publisher":{"@id":"https:\/\/inflowed.es\/#organization"},"potentialAction":[{"@type":"SearchAction","target":{"@type":"EntryPoint","urlTemplate":"https:\/\/inflowed.es\/?s={search_term_string}"},"query-input":{"@type":"PropertyValueSpecification","valueRequired":true,"valueName":"search_term_string"}}],"inLanguage":"ca"},{"@type":"Organization","@id":"https:\/\/inflowed.es\/#organization","name":"Inflowed Spain S.L.","url":"https:\/\/inflowed.es\/","logo":{"@type":"ImageObject","inLanguage":"ca","@id":"https:\/\/inflowed.es\/#\/schema\/logo\/image\/","url":"https:\/\/inflowed.es\/wp-content\/uploads\/2023\/11\/logo-inflowed.png","contentUrl":"https:\/\/inflowed.es\/wp-content\/uploads\/2023\/11\/logo-inflowed.png","width":1032,"height":242,"caption":"Inflowed Spain S.L."},"image":{"@id":"https:\/\/inflowed.es\/#\/schema\/logo\/image\/"}}]}},"_links":{"self":[{"href":"https:\/\/inflowed.es\/ca\/wp-json\/wp\/v2\/product\/2264","targetHints":{"allow":["GET"]}}],"collection":[{"href":"https:\/\/inflowed.es\/ca\/wp-json\/wp\/v2\/product"}],"about":[{"href":"https:\/\/inflowed.es\/ca\/wp-json\/wp\/v2\/types\/product"}],"replies":[{"embeddable":true,"href":"https:\/\/inflowed.es\/ca\/wp-json\/wp\/v2\/comments?post=2264"}],"version-history":[{"count":8,"href":"https:\/\/inflowed.es\/ca\/wp-json\/wp\/v2\/product\/2264\/revisions"}],"predecessor-version":[{"id":3438,"href":"https:\/\/inflowed.es\/ca\/wp-json\/wp\/v2\/product\/2264\/revisions\/3438"}],"wp:featuredmedia":[{"embeddable":true,"href":"https:\/\/inflowed.es\/ca\/wp-json\/wp\/v2\/media\/3442"}],"wp:attachment":[{"href":"https:\/\/inflowed.es\/ca\/wp-json\/wp\/v2\/media?parent=2264"}],"wp:term":[{"taxonomy":"product_brand","embeddable":true,"href":"https:\/\/inflowed.es\/ca\/wp-json\/wp\/v2\/product_brand?post=2264"},{"taxonomy":"product_cat","embeddable":true,"href":"https:\/\/inflowed.es\/ca\/wp-json\/wp\/v2\/product_cat?post=2264"},{"taxonomy":"product_tag","embeddable":true,"href":"https:\/\/inflowed.es\/ca\/wp-json\/wp\/v2\/product_tag?post=2264"}],"curies":[{"name":"wp","href":"https:\/\/api.w.org\/{rel}","templated":true}]}}