{"id":2261,"date":"2023-11-24T09:16:15","date_gmt":"2023-11-24T09:16:15","guid":{"rendered":"https:\/\/inflowed.es\/?post_type=product&#038;p=2261"},"modified":"2023-12-11T11:06:12","modified_gmt":"2023-12-11T11:06:12","slug":"robot-limpiafondos-polaris-w635","status":"publish","type":"product","link":"https:\/\/inflowed.es\/ca\/producte\/robot-limpiafondos-polaris-w635","title":{"rendered":"Robot limpiafondos Polaris W635"},"content":{"rendered":"<h3>Limpieza personalizada<\/h3>\n<p>Equipado con el \u00abSensor Nav System\u2122\u00bb, el limpiafondos Polaris W635 identifica las caracter\u00edsticas de la piscina para optimizar sus desplazamientos y el tiempo de limpieza. Su sensor de presi\u00f3n gestiona de forma eficaz la subida de paredes y la limpieza de la l\u00ednea de agua en funci\u00f3n de la profundidad de la piscina.<\/p>\n<h3>Aspiraci\u00f3n eficaz<\/h3>\n<p>La aspiraci\u00f3n cicl\u00f3nica patentada es extremadamente potente y duradera. En combinaci\u00f3n con su gran capacidad de aspiraci\u00f3n y filtraci\u00f3n en dos niveles, Polaris W635 recoge de manera \u00f3ptima todo tipo de residuos.<\/p>\n<h3>Facilidad de uso<\/h3>\n<p>El Lift System patentado lo hace m\u00e1s ligero al salir del agua. Su f\u00e1cil acceso al filtro, as\u00ed como la visibilidad que ofrece su tapa transparente, permiten un uso sencillo en todo momento.<\/p>\n<h3>Control intuitivo<\/h3>\n<p>Siga el progreso de limpieza en cualquier momento a trav\u00e9s de la intuitiva interfaz de la aplicaci\u00f3n iAquaLink\u2122. Polaris W635 mejora constantemente gracias a sus actualizaciones autom\u00e1ticas.<\/p>\n<h3>Caracter\u00edsticas<\/h3>\n<p><strong>Sensor de presi\u00f3n:<\/strong>\u00a0Mejor gesti\u00f3n de la subida de paredes y la limpieza de la l\u00ednea de agua.<\/p>\n<h3>Aplicaci\u00f3n iAquaLink disponible para iOS 10 o Android 5.1, o superiores.<\/h3>\n<ul>\n<li>Puesta en marcha y seguimiento de los ciclos de limpieza<\/li>\n<li>Lift system<\/li>\n<li>Informaci\u00f3n del equipo<\/li>\n<\/ul>\n<h3>Filtraci\u00f3n en dos niveles (150\u00b5\/60\u00b5)<\/h3>\n<p>Con posibilidad de utilizar el filtro m\u00e1s grande de manera independiente.<\/p>\n<h3>Caracter\u00edsticas t\u00e9cnicas<\/h3>\n<table>\n<tbody>\n<tr>\n<td><strong>N\u00famero de motores<\/strong><\/td>\n<td>3<\/td>\n<\/tr>\n<tr>\n<td><strong>Tama\u00f1o del limpiafondos<\/strong><br \/>\n<strong>(L x An x Al)<\/strong><\/td>\n<td>43 x 48 x 27<\/td>\n<\/tr>\n<tr>\n<td><strong>Peso del limpiafondos<\/strong><\/td>\n<td>10 kg<\/td>\n<\/tr>\n<tr>\n<td><strong>Ciclos de limpieza<\/strong><\/td>\n<td><strong>Quick:<\/strong>\u00a0limpieza r\u00e1pida (solo fondo)<br \/>\n<strong>Smart:<\/strong>\u00a0ajuste inteligente en la piscina (fondo, paredes y l\u00ednea de agua)<\/td>\n<\/tr>\n<tr>\n<td><strong>Superficie del filtro<\/strong><\/td>\n<td>1827 cm \/ 150\u00b5 y 60\u00b5<\/td>\n<\/tr>\n<tr>\n<td><strong>Cobertura de limpieza<\/strong><\/td>\n<td>24,5 cm<\/td>\n<\/tr>\n<tr>\n<td><strong>Longitud del cable<\/strong><\/td>\n<td>21 m<\/td>\n<\/tr>\n<tr>\n<td><strong>Sistema de tracci\u00f3n<\/strong><\/td>\n<td>4 ruedas motrices<\/td>\n<\/tr>\n<tr>\n<td><strong>Transmisi\u00f3n<\/strong><\/td>\n<td>Engranajes<\/td>\n<\/tr>\n<tr>\n<td><strong>Seguridad<\/strong><\/td>\n<td>Sistema playa, parada autom\u00e1tica fuera del agua, protecci\u00f3n electr\u00f3nica de los motores<\/td>\n<\/tr>\n<\/tbody>\n<\/table>\n<h3>Suministrado con:<\/h3>\n<ul>\n<li>Unidad de control<\/li>\n<li>Filtro principal de 150\u00b5 (para doble filtraci\u00f3n o uso independiente)<\/li>\n<li>Filtro muy fino de 60\u00b5 (para uso de doble filtraci\u00f3n)<\/li>\n<li>Carro de transporte<\/li>\n<\/ul>","protected":false},"excerpt":{"rendered":"<ul>\n<li>Equipado con <strong>4 ruedas motrices<\/strong><\/li>\n<li>Equivalente al\u00a0<strong>Alpha RA 6300 iQ\u00a0<\/strong>de Zodiac<\/li>\n<li>Apto para piscinas de <strong>hasta 12 x 6 m<\/strong><\/li>\n<li>Cable de 18 m con sistema\u00a0<strong>anti-enredo (swivel)<\/strong><\/li>\n<li>Limpieza de\u00a0<strong>fondo<\/strong>,<strong>\u00a0paredes\u00a0<\/strong>y<strong>\u00a0l\u00ednea de flotaci\u00f3n<\/strong><\/li>\n<li>Conexi\u00f3n WiFi<\/li>\n<\/ul>\n<p><a href=\"\/wp-content\/uploads\/2023\/11\/Folleto-Polaris-W635.pdf\">Ficha t\u00e9cnica Polaris W635<\/a><\/p>\n<p><a href=\"https:\/\/inflowed.es\/wp-content\/uploads\/2023\/11\/Manual-Polaris-W.pdf\">Manual Polaris W635 &#8211; W655 &#8211; W675<\/a><\/p>","protected":false},"featured_media":2262,"comment_status":"closed","ping_status":"closed","template":"","meta":[],"product_brand":[],"product_cat":[88],"product_tag":[],"class_list":{"0":"post-2261","1":"product","2":"type-product","3":"status-publish","4":"has-post-thumbnail","6":"product_cat-limpiafondos-electricos","8":"first","9":"instock","10":"taxable","11":"shipping-taxable","12":"product-type-simple"},"yoast_head":"<!-- This site is optimized with the Yoast SEO plugin v27.2 - https:\/\/yoast.com\/product\/yoast-seo-wordpress\/ -->\n<title>Robot limpiafondos Polaris W635 &#8211; INFLOWED<\/title>\n<meta name=\"description\" content=\"Robot limpiafondos Polaris W635 autom\u00e1tico. Equipado con 3 motores y limpia fondo, paredes y l\u00ednea de agua. Consigue el mejor precio en INFLOWED.\" \/>\n<meta name=\"robots\" content=\"index, follow, max-snippet:-1, max-image-preview:large, max-video-preview:-1\" \/>\n<link rel=\"canonical\" href=\"https:\/\/inflowed.es\/ca\/producte\/robot-limpiafondos-polaris-w635\/\" \/>\n<meta property=\"og:locale\" content=\"ca_ES\" \/>\n<meta property=\"og:type\" content=\"article\" \/>\n<meta property=\"og:title\" content=\"Robot limpiafondos Polaris W635 &#8211; INFLOWED\" \/>\n<meta property=\"og:description\" content=\"Robot limpiafondos Polaris W635 autom\u00e1tico. Equipado con 3 motores y limpia fondo, paredes y l\u00ednea de agua. Consigue el mejor precio en INFLOWED.\" \/>\n<meta property=\"og:url\" content=\"https:\/\/inflowed.es\/ca\/producte\/robot-limpiafondos-polaris-w635\/\" \/>\n<meta property=\"og:site_name\" content=\"INFLOWED\" \/>\n<meta property=\"article:modified_time\" content=\"2023-12-11T11:06:12+00:00\" \/>\n<meta property=\"og:image\" content=\"https:\/\/inflowed.es\/wp-content\/uploads\/2023\/11\/polaris-w675.jpg\" \/>\n\t<meta property=\"og:image:width\" content=\"750\" \/>\n\t<meta property=\"og:image:height\" content=\"750\" \/>\n\t<meta property=\"og:image:type\" content=\"image\/jpeg\" \/>\n<meta name=\"twitter:card\" content=\"summary_large_image\" \/>\n<meta name=\"twitter:label1\" content=\"Temps estimat de lectura\" \/>\n\t<meta name=\"twitter:data1\" content=\"2 minuts\" \/>\n<script type=\"application\/ld+json\" class=\"yoast-schema-graph\">{\"@context\":\"https:\/\/schema.org\",\"@graph\":[{\"@type\":\"WebPage\",\"@id\":\"https:\/\/inflowed.es\/producto\/robot-limpiafondos-polaris-w635\",\"url\":\"https:\/\/inflowed.es\/producto\/robot-limpiafondos-polaris-w635\",\"name\":\"Robot limpiafondos Polaris W635 &#8211; INFLOWED\",\"isPartOf\":{\"@id\":\"https:\/\/inflowed.es\/#website\"},\"primaryImageOfPage\":{\"@id\":\"https:\/\/inflowed.es\/producto\/robot-limpiafondos-polaris-w635#primaryimage\"},\"image\":{\"@id\":\"https:\/\/inflowed.es\/producto\/robot-limpiafondos-polaris-w635#primaryimage\"},\"thumbnailUrl\":\"https:\/\/inflowed.es\/wp-content\/uploads\/2023\/11\/polaris-w675.jpg\",\"datePublished\":\"2023-11-24T09:16:15+00:00\",\"dateModified\":\"2023-12-11T11:06:12+00:00\",\"description\":\"Robot limpiafondos Polaris W635 autom\u00e1tico. Equipado con 3 motores y limpia fondo, paredes y l\u00ednea de agua. Consigue el mejor precio en INFLOWED.\",\"breadcrumb\":{\"@id\":\"https:\/\/inflowed.es\/producto\/robot-limpiafondos-polaris-w635#breadcrumb\"},\"inLanguage\":\"ca\",\"potentialAction\":[{\"@type\":\"ReadAction\",\"target\":[\"https:\/\/inflowed.es\/producto\/robot-limpiafondos-polaris-w635\"]}]},{\"@type\":\"ImageObject\",\"inLanguage\":\"ca\",\"@id\":\"https:\/\/inflowed.es\/producto\/robot-limpiafondos-polaris-w635#primaryimage\",\"url\":\"https:\/\/inflowed.es\/wp-content\/uploads\/2023\/11\/polaris-w675.jpg\",\"contentUrl\":\"https:\/\/inflowed.es\/wp-content\/uploads\/2023\/11\/polaris-w675.jpg\",\"width\":750,\"height\":750,\"caption\":\"Robot Polaris W635 \/ W655 \/ W675\"},{\"@type\":\"BreadcrumbList\",\"@id\":\"https:\/\/inflowed.es\/producto\/robot-limpiafondos-polaris-w635#breadcrumb\",\"itemListElement\":[{\"@type\":\"ListItem\",\"position\":1,\"name\":\"Portada\",\"item\":\"https:\/\/inflowed.es\/\"},{\"@type\":\"ListItem\",\"position\":2,\"name\":\"Cat\u00e1logo de productos\",\"item\":\"https:\/\/inflowed.es\/catalogo-de-productos\"},{\"@type\":\"ListItem\",\"position\":3,\"name\":\"Robot limpiafondos Polaris W635\"}]},{\"@type\":\"WebSite\",\"@id\":\"https:\/\/inflowed.es\/#website\",\"url\":\"https:\/\/inflowed.es\/\",\"name\":\"INFLOWED\",\"description\":\"Distribuci&oacute;n mayorista de art&iacute;culos para piscinas\",\"publisher\":{\"@id\":\"https:\/\/inflowed.es\/#organization\"},\"potentialAction\":[{\"@type\":\"SearchAction\",\"target\":{\"@type\":\"EntryPoint\",\"urlTemplate\":\"https:\/\/inflowed.es\/?s={search_term_string}\"},\"query-input\":{\"@type\":\"PropertyValueSpecification\",\"valueRequired\":true,\"valueName\":\"search_term_string\"}}],\"inLanguage\":\"ca\"},{\"@type\":\"Organization\",\"@id\":\"https:\/\/inflowed.es\/#organization\",\"name\":\"Inflowed Spain S.L.\",\"url\":\"https:\/\/inflowed.es\/\",\"logo\":{\"@type\":\"ImageObject\",\"inLanguage\":\"ca\",\"@id\":\"https:\/\/inflowed.es\/#\/schema\/logo\/image\/\",\"url\":\"https:\/\/inflowed.es\/wp-content\/uploads\/2023\/11\/logo-inflowed.png\",\"contentUrl\":\"https:\/\/inflowed.es\/wp-content\/uploads\/2023\/11\/logo-inflowed.png\",\"width\":1032,\"height\":242,\"caption\":\"Inflowed Spain S.L.\"},\"image\":{\"@id\":\"https:\/\/inflowed.es\/#\/schema\/logo\/image\/\"}}]}<\/script>\n<!-- \/ Yoast SEO plugin. -->","yoast_head_json":{"title":"Robot limpiafondos Polaris W635 &#8211; INFLOWED","description":"Robot limpiafondos Polaris W635 autom\u00e1tico. Equipado con 3 motores y limpia fondo, paredes y l\u00ednea de agua. Consigue el mejor precio en INFLOWED.","robots":{"index":"index","follow":"follow","max-snippet":"max-snippet:-1","max-image-preview":"max-image-preview:large","max-video-preview":"max-video-preview:-1"},"canonical":"https:\/\/inflowed.es\/ca\/producte\/robot-limpiafondos-polaris-w635\/","og_locale":"ca_ES","og_type":"article","og_title":"Robot limpiafondos Polaris W635 &#8211; INFLOWED","og_description":"Robot limpiafondos Polaris W635 autom\u00e1tico. Equipado con 3 motores y limpia fondo, paredes y l\u00ednea de agua. Consigue el mejor precio en INFLOWED.","og_url":"https:\/\/inflowed.es\/ca\/producte\/robot-limpiafondos-polaris-w635\/","og_site_name":"INFLOWED","article_modified_time":"2023-12-11T11:06:12+00:00","og_image":[{"width":750,"height":750,"url":"https:\/\/inflowed.es\/wp-content\/uploads\/2023\/11\/polaris-w675.jpg","type":"image\/jpeg"}],"twitter_card":"summary_large_image","twitter_misc":{"Temps estimat de lectura":"2 minuts"},"schema":{"@context":"https:\/\/schema.org","@graph":[{"@type":"WebPage","@id":"https:\/\/inflowed.es\/producto\/robot-limpiafondos-polaris-w635","url":"https:\/\/inflowed.es\/producto\/robot-limpiafondos-polaris-w635","name":"Robot limpiafondos Polaris W635 &#8211; INFLOWED","isPartOf":{"@id":"https:\/\/inflowed.es\/#website"},"primaryImageOfPage":{"@id":"https:\/\/inflowed.es\/producto\/robot-limpiafondos-polaris-w635#primaryimage"},"image":{"@id":"https:\/\/inflowed.es\/producto\/robot-limpiafondos-polaris-w635#primaryimage"},"thumbnailUrl":"https:\/\/inflowed.es\/wp-content\/uploads\/2023\/11\/polaris-w675.jpg","datePublished":"2023-11-24T09:16:15+00:00","dateModified":"2023-12-11T11:06:12+00:00","description":"Robot limpiafondos Polaris W635 autom\u00e1tico. Equipado con 3 motores y limpia fondo, paredes y l\u00ednea de agua. Consigue el mejor precio en INFLOWED.","breadcrumb":{"@id":"https:\/\/inflowed.es\/producto\/robot-limpiafondos-polaris-w635#breadcrumb"},"inLanguage":"ca","potentialAction":[{"@type":"ReadAction","target":["https:\/\/inflowed.es\/producto\/robot-limpiafondos-polaris-w635"]}]},{"@type":"ImageObject","inLanguage":"ca","@id":"https:\/\/inflowed.es\/producto\/robot-limpiafondos-polaris-w635#primaryimage","url":"https:\/\/inflowed.es\/wp-content\/uploads\/2023\/11\/polaris-w675.jpg","contentUrl":"https:\/\/inflowed.es\/wp-content\/uploads\/2023\/11\/polaris-w675.jpg","width":750,"height":750,"caption":"Robot Polaris W635 \/ W655 \/ W675"},{"@type":"BreadcrumbList","@id":"https:\/\/inflowed.es\/producto\/robot-limpiafondos-polaris-w635#breadcrumb","itemListElement":[{"@type":"ListItem","position":1,"name":"Portada","item":"https:\/\/inflowed.es\/"},{"@type":"ListItem","position":2,"name":"Cat\u00e1logo de productos","item":"https:\/\/inflowed.es\/catalogo-de-productos"},{"@type":"ListItem","position":3,"name":"Robot limpiafondos Polaris W635"}]},{"@type":"WebSite","@id":"https:\/\/inflowed.es\/#website","url":"https:\/\/inflowed.es\/","name":"INFLOWED","description":"Distribuci&oacute;n mayorista de art&iacute;culos para piscinas","publisher":{"@id":"https:\/\/inflowed.es\/#organization"},"potentialAction":[{"@type":"SearchAction","target":{"@type":"EntryPoint","urlTemplate":"https:\/\/inflowed.es\/?s={search_term_string}"},"query-input":{"@type":"PropertyValueSpecification","valueRequired":true,"valueName":"search_term_string"}}],"inLanguage":"ca"},{"@type":"Organization","@id":"https:\/\/inflowed.es\/#organization","name":"Inflowed Spain S.L.","url":"https:\/\/inflowed.es\/","logo":{"@type":"ImageObject","inLanguage":"ca","@id":"https:\/\/inflowed.es\/#\/schema\/logo\/image\/","url":"https:\/\/inflowed.es\/wp-content\/uploads\/2023\/11\/logo-inflowed.png","contentUrl":"https:\/\/inflowed.es\/wp-content\/uploads\/2023\/11\/logo-inflowed.png","width":1032,"height":242,"caption":"Inflowed Spain S.L."},"image":{"@id":"https:\/\/inflowed.es\/#\/schema\/logo\/image\/"}}]}},"_links":{"self":[{"href":"https:\/\/inflowed.es\/ca\/wp-json\/wp\/v2\/product\/2261","targetHints":{"allow":["GET"]}}],"collection":[{"href":"https:\/\/inflowed.es\/ca\/wp-json\/wp\/v2\/product"}],"about":[{"href":"https:\/\/inflowed.es\/ca\/wp-json\/wp\/v2\/types\/product"}],"replies":[{"embeddable":true,"href":"https:\/\/inflowed.es\/ca\/wp-json\/wp\/v2\/comments?post=2261"}],"version-history":[{"count":3,"href":"https:\/\/inflowed.es\/ca\/wp-json\/wp\/v2\/product\/2261\/revisions"}],"predecessor-version":[{"id":3557,"href":"https:\/\/inflowed.es\/ca\/wp-json\/wp\/v2\/product\/2261\/revisions\/3557"}],"wp:featuredmedia":[{"embeddable":true,"href":"https:\/\/inflowed.es\/ca\/wp-json\/wp\/v2\/media\/2262"}],"wp:attachment":[{"href":"https:\/\/inflowed.es\/ca\/wp-json\/wp\/v2\/media?parent=2261"}],"wp:term":[{"taxonomy":"product_brand","embeddable":true,"href":"https:\/\/inflowed.es\/ca\/wp-json\/wp\/v2\/product_brand?post=2261"},{"taxonomy":"product_cat","embeddable":true,"href":"https:\/\/inflowed.es\/ca\/wp-json\/wp\/v2\/product_cat?post=2261"},{"taxonomy":"product_tag","embeddable":true,"href":"https:\/\/inflowed.es\/ca\/wp-json\/wp\/v2\/product_tag?post=2261"}],"curies":[{"name":"wp","href":"https:\/\/api.w.org\/{rel}","templated":true}]}}