{"id":2092,"date":"2023-11-21T14:34:23","date_gmt":"2023-11-21T14:34:23","guid":{"rendered":"https:\/\/inflowed.es\/?post_type=product&#038;p=2092"},"modified":"2023-12-12T09:37:33","modified_gmt":"2023-12-12T09:37:33","slug":"bomba-autoaspirante-astralpool-victoria-plus-silent","status":"publish","type":"product","link":"https:\/\/inflowed.es\/ca\/producte\/bomba-autoaspirante-astralpool-victoria-plus-silent","title":{"rendered":"Bomba autoaspirante AstralPool Victoria Plus Silent"},"content":{"rendered":"<h3>La nueva generaci\u00f3n de bombas de filtraci\u00f3n.<\/h3>\n<p>La bomba de filtraci\u00f3n es el elemento m\u00e1s importante para un buen rendimiento de cualquier piscina. La bomba de filtraci\u00f3n es el coraz\u00f3n de piscina ya que realiza diversas funciones, todas ellas imprescindibles para el funcionamiento y cuidado de \u00e9sta.<\/p>\n<p>En el mercado de bombas de piscina hay mucha variedad, calidad y prestaciones, pero no todas las bombas son iguales. La potencia no es la \u00fanica caracter\u00edstica que diferencia una bomba, su calidad est\u00e1 determinada por los materiales con los que est\u00e1 construida, pues de ello depender\u00e1 la duraci\u00f3n y el nivel sonoro, por la estructura hidr\u00e1ulica, y por \u00faltimo y no menos importante, la facilidad de uso del prefiltro y sus dimensiones.<\/p>\n<p>AstralPool, la marca de referencia del mundo de la piscina, presenta la que probablemente es la mejor bomba de filtraci\u00f3n del mercado, Victoria Plus Silent.<\/p>\n<h3>Beneficios Victoria Plus Silent<\/h3>\n<ul>\n<li>Una vida m\u00e1s larga por sus materiales termopl\u00e1sticos de \u00faltima generaci\u00f3n y motores protegidos con IP-55 y acondicionados para soportar ambientes calurosos y niveles de humedad elevados.<\/li>\n<li>F\u00e1cil uso y mantenimiento gracias a qu\u00e9 integra un prefiltro con dos manetas y mayor protecci\u00f3n para evitar la entrada de elementos extra\u00f1os que pudieran da\u00f1ar las partes hidr\u00e1ulicas de la bomba.<\/li>\n<li>Para todas las piscinas con su amplia gama desde 1\/2CV hasta 3CV con motores monof\u00e1sicos y trif\u00e1sicos. Victoria Plus Silent es autoaspirante.<\/li>\n<\/ul>","protected":false},"excerpt":{"rendered":"<ul>\n<li>Modelos disponibles de 1\/2 CV hasta 3 CV.<\/li>\n<li>Motores monof\u00e1sicos y trif\u00e1sicos.<\/li>\n<li>Cuerpo de la bomba con prefiltro integrado.<\/li>\n<li>Protecci\u00f3n IP-55.<\/li>\n<li>Nivel de sonoridad bajo.<\/li>\n<li>100% compatible en instalaciones equipadas con Victoria Plus.<\/li>\n<\/ul>\n<p><a href=\"https:\/\/inflowed.es\/wp-content\/uploads\/2023\/11\/Folleto-Victoria-Plus-Silent.pdf\">Folleto Victoria Plus Silent<\/a><\/p>\n<p><a href=\"https:\/\/inflowed.es\/wp-content\/uploads\/2023\/11\/Guia-Victoria-Plus-Silent.pdf\">Guia de inicio r\u00e1pida Victoria Plus Silent<\/a><\/p>\n<p><a href=\"https:\/\/inflowed.es\/wp-content\/uploads\/2023\/11\/Manual-instalacion-Victoria-Plus-Silent.pdf\">Manual de instalaci\u00f3n Victoria Plus Silent<\/a><\/p>\n<p><a href=\"https:\/\/inflowed.es\/wp-content\/uploads\/2023\/11\/Certificado-Victoria-Plus-Silent.pdf\">Certificado Victoria Plus Silent<\/a><\/p>","protected":false},"featured_media":2197,"comment_status":"closed","ping_status":"closed","template":"","meta":[],"product_brand":[],"product_cat":[76],"product_tag":[],"class_list":{"0":"post-2092","1":"product","2":"type-product","3":"status-publish","4":"has-post-thumbnail","6":"product_cat-bombas","8":"first","9":"instock","10":"taxable","11":"shipping-taxable","12":"product-type-simple"},"yoast_head":"<!-- This site is optimized with the Yoast SEO plugin v27.2 - https:\/\/yoast.com\/product\/yoast-seo-wordpress\/ -->\n<title>Bomba autoaspirante AstralPool Victoria Plus Silent &#8211; INFLOWED<\/title>\n<meta name=\"description\" content=\"Bomba autoaspirante Victoria Plus Silent. Modelos disponibles desde 1\/2 CV a 3 CV tanto monof\u00e1sicas como trif\u00e1sicas. Consigue el mejor precio en INFLOWED.\" \/>\n<meta name=\"robots\" content=\"index, follow, max-snippet:-1, max-image-preview:large, max-video-preview:-1\" \/>\n<link rel=\"canonical\" href=\"https:\/\/inflowed.es\/ca\/producte\/bomba-autoaspirante-astralpool-victoria-plus-silent\/\" \/>\n<meta property=\"og:locale\" content=\"ca_ES\" \/>\n<meta property=\"og:type\" content=\"article\" \/>\n<meta property=\"og:title\" content=\"Bomba autoaspirante AstralPool Victoria Plus Silent &#8211; INFLOWED\" \/>\n<meta property=\"og:description\" content=\"Bomba autoaspirante Victoria Plus Silent. Modelos disponibles desde 1\/2 CV a 3 CV tanto monof\u00e1sicas como trif\u00e1sicas. Consigue el mejor precio en INFLOWED.\" \/>\n<meta property=\"og:url\" content=\"https:\/\/inflowed.es\/ca\/producte\/bomba-autoaspirante-astralpool-victoria-plus-silent\/\" \/>\n<meta property=\"og:site_name\" content=\"INFLOWED\" \/>\n<meta property=\"article:modified_time\" content=\"2023-12-12T09:37:33+00:00\" \/>\n<meta property=\"og:image\" content=\"https:\/\/inflowed.es\/wp-content\/uploads\/2023\/11\/victoria-plus-silent-inflowed.jpg\" \/>\n\t<meta property=\"og:image:width\" content=\"800\" \/>\n\t<meta property=\"og:image:height\" content=\"800\" \/>\n\t<meta property=\"og:image:type\" content=\"image\/jpeg\" \/>\n<meta name=\"twitter:card\" content=\"summary_large_image\" \/>\n<meta name=\"twitter:label1\" content=\"Temps estimat de lectura\" \/>\n\t<meta name=\"twitter:data1\" content=\"2 minuts\" \/>\n<script type=\"application\/ld+json\" class=\"yoast-schema-graph\">{\"@context\":\"https:\/\/schema.org\",\"@graph\":[{\"@type\":\"WebPage\",\"@id\":\"https:\/\/inflowed.es\/producto\/bomba-autoaspirante-astralpool-victoria-plus-silent\",\"url\":\"https:\/\/inflowed.es\/producto\/bomba-autoaspirante-astralpool-victoria-plus-silent\",\"name\":\"Bomba autoaspirante AstralPool Victoria Plus Silent &#8211; INFLOWED\",\"isPartOf\":{\"@id\":\"https:\/\/inflowed.es\/#website\"},\"primaryImageOfPage\":{\"@id\":\"https:\/\/inflowed.es\/producto\/bomba-autoaspirante-astralpool-victoria-plus-silent#primaryimage\"},\"image\":{\"@id\":\"https:\/\/inflowed.es\/producto\/bomba-autoaspirante-astralpool-victoria-plus-silent#primaryimage\"},\"thumbnailUrl\":\"https:\/\/inflowed.es\/wp-content\/uploads\/2023\/11\/victoria-plus-silent-inflowed.jpg\",\"datePublished\":\"2023-11-21T14:34:23+00:00\",\"dateModified\":\"2023-12-12T09:37:33+00:00\",\"description\":\"Bomba autoaspirante Victoria Plus Silent. Modelos disponibles desde 1\/2 CV a 3 CV tanto monof\u00e1sicas como trif\u00e1sicas. Consigue el mejor precio en INFLOWED.\",\"breadcrumb\":{\"@id\":\"https:\/\/inflowed.es\/producto\/bomba-autoaspirante-astralpool-victoria-plus-silent#breadcrumb\"},\"inLanguage\":\"ca\",\"potentialAction\":[{\"@type\":\"ReadAction\",\"target\":[\"https:\/\/inflowed.es\/producto\/bomba-autoaspirante-astralpool-victoria-plus-silent\"]}]},{\"@type\":\"ImageObject\",\"inLanguage\":\"ca\",\"@id\":\"https:\/\/inflowed.es\/producto\/bomba-autoaspirante-astralpool-victoria-plus-silent#primaryimage\",\"url\":\"https:\/\/inflowed.es\/wp-content\/uploads\/2023\/11\/victoria-plus-silent-inflowed.jpg\",\"contentUrl\":\"https:\/\/inflowed.es\/wp-content\/uploads\/2023\/11\/victoria-plus-silent-inflowed.jpg\",\"width\":800,\"height\":800,\"caption\":\"Bomba Victoria Plus\"},{\"@type\":\"BreadcrumbList\",\"@id\":\"https:\/\/inflowed.es\/producto\/bomba-autoaspirante-astralpool-victoria-plus-silent#breadcrumb\",\"itemListElement\":[{\"@type\":\"ListItem\",\"position\":1,\"name\":\"Portada\",\"item\":\"https:\/\/inflowed.es\/\"},{\"@type\":\"ListItem\",\"position\":2,\"name\":\"Cat\u00e1logo de productos\",\"item\":\"https:\/\/inflowed.es\/catalogo-de-productos\"},{\"@type\":\"ListItem\",\"position\":3,\"name\":\"Bomba autoaspirante AstralPool Victoria Plus Silent\"}]},{\"@type\":\"WebSite\",\"@id\":\"https:\/\/inflowed.es\/#website\",\"url\":\"https:\/\/inflowed.es\/\",\"name\":\"INFLOWED\",\"description\":\"Distribuci&oacute;n mayorista de art&iacute;culos para piscinas\",\"publisher\":{\"@id\":\"https:\/\/inflowed.es\/#organization\"},\"potentialAction\":[{\"@type\":\"SearchAction\",\"target\":{\"@type\":\"EntryPoint\",\"urlTemplate\":\"https:\/\/inflowed.es\/?s={search_term_string}\"},\"query-input\":{\"@type\":\"PropertyValueSpecification\",\"valueRequired\":true,\"valueName\":\"search_term_string\"}}],\"inLanguage\":\"ca\"},{\"@type\":\"Organization\",\"@id\":\"https:\/\/inflowed.es\/#organization\",\"name\":\"Inflowed Spain S.L.\",\"url\":\"https:\/\/inflowed.es\/\",\"logo\":{\"@type\":\"ImageObject\",\"inLanguage\":\"ca\",\"@id\":\"https:\/\/inflowed.es\/#\/schema\/logo\/image\/\",\"url\":\"https:\/\/inflowed.es\/wp-content\/uploads\/2023\/11\/logo-inflowed.png\",\"contentUrl\":\"https:\/\/inflowed.es\/wp-content\/uploads\/2023\/11\/logo-inflowed.png\",\"width\":1032,\"height\":242,\"caption\":\"Inflowed Spain S.L.\"},\"image\":{\"@id\":\"https:\/\/inflowed.es\/#\/schema\/logo\/image\/\"}}]}<\/script>\n<!-- \/ Yoast SEO plugin. -->","yoast_head_json":{"title":"Bomba autoaspirante AstralPool Victoria Plus Silent &#8211; INFLOWED","description":"Bomba autoaspirante Victoria Plus Silent. Modelos disponibles desde 1\/2 CV a 3 CV tanto monof\u00e1sicas como trif\u00e1sicas. Consigue el mejor precio en INFLOWED.","robots":{"index":"index","follow":"follow","max-snippet":"max-snippet:-1","max-image-preview":"max-image-preview:large","max-video-preview":"max-video-preview:-1"},"canonical":"https:\/\/inflowed.es\/ca\/producte\/bomba-autoaspirante-astralpool-victoria-plus-silent\/","og_locale":"ca_ES","og_type":"article","og_title":"Bomba autoaspirante AstralPool Victoria Plus Silent &#8211; INFLOWED","og_description":"Bomba autoaspirante Victoria Plus Silent. Modelos disponibles desde 1\/2 CV a 3 CV tanto monof\u00e1sicas como trif\u00e1sicas. Consigue el mejor precio en INFLOWED.","og_url":"https:\/\/inflowed.es\/ca\/producte\/bomba-autoaspirante-astralpool-victoria-plus-silent\/","og_site_name":"INFLOWED","article_modified_time":"2023-12-12T09:37:33+00:00","og_image":[{"width":800,"height":800,"url":"https:\/\/inflowed.es\/wp-content\/uploads\/2023\/11\/victoria-plus-silent-inflowed.jpg","type":"image\/jpeg"}],"twitter_card":"summary_large_image","twitter_misc":{"Temps estimat de lectura":"2 minuts"},"schema":{"@context":"https:\/\/schema.org","@graph":[{"@type":"WebPage","@id":"https:\/\/inflowed.es\/producto\/bomba-autoaspirante-astralpool-victoria-plus-silent","url":"https:\/\/inflowed.es\/producto\/bomba-autoaspirante-astralpool-victoria-plus-silent","name":"Bomba autoaspirante AstralPool Victoria Plus Silent &#8211; INFLOWED","isPartOf":{"@id":"https:\/\/inflowed.es\/#website"},"primaryImageOfPage":{"@id":"https:\/\/inflowed.es\/producto\/bomba-autoaspirante-astralpool-victoria-plus-silent#primaryimage"},"image":{"@id":"https:\/\/inflowed.es\/producto\/bomba-autoaspirante-astralpool-victoria-plus-silent#primaryimage"},"thumbnailUrl":"https:\/\/inflowed.es\/wp-content\/uploads\/2023\/11\/victoria-plus-silent-inflowed.jpg","datePublished":"2023-11-21T14:34:23+00:00","dateModified":"2023-12-12T09:37:33+00:00","description":"Bomba autoaspirante Victoria Plus Silent. Modelos disponibles desde 1\/2 CV a 3 CV tanto monof\u00e1sicas como trif\u00e1sicas. Consigue el mejor precio en INFLOWED.","breadcrumb":{"@id":"https:\/\/inflowed.es\/producto\/bomba-autoaspirante-astralpool-victoria-plus-silent#breadcrumb"},"inLanguage":"ca","potentialAction":[{"@type":"ReadAction","target":["https:\/\/inflowed.es\/producto\/bomba-autoaspirante-astralpool-victoria-plus-silent"]}]},{"@type":"ImageObject","inLanguage":"ca","@id":"https:\/\/inflowed.es\/producto\/bomba-autoaspirante-astralpool-victoria-plus-silent#primaryimage","url":"https:\/\/inflowed.es\/wp-content\/uploads\/2023\/11\/victoria-plus-silent-inflowed.jpg","contentUrl":"https:\/\/inflowed.es\/wp-content\/uploads\/2023\/11\/victoria-plus-silent-inflowed.jpg","width":800,"height":800,"caption":"Bomba Victoria Plus"},{"@type":"BreadcrumbList","@id":"https:\/\/inflowed.es\/producto\/bomba-autoaspirante-astralpool-victoria-plus-silent#breadcrumb","itemListElement":[{"@type":"ListItem","position":1,"name":"Portada","item":"https:\/\/inflowed.es\/"},{"@type":"ListItem","position":2,"name":"Cat\u00e1logo de productos","item":"https:\/\/inflowed.es\/catalogo-de-productos"},{"@type":"ListItem","position":3,"name":"Bomba autoaspirante AstralPool Victoria Plus Silent"}]},{"@type":"WebSite","@id":"https:\/\/inflowed.es\/#website","url":"https:\/\/inflowed.es\/","name":"INFLOWED","description":"Distribuci&oacute;n mayorista de art&iacute;culos para piscinas","publisher":{"@id":"https:\/\/inflowed.es\/#organization"},"potentialAction":[{"@type":"SearchAction","target":{"@type":"EntryPoint","urlTemplate":"https:\/\/inflowed.es\/?s={search_term_string}"},"query-input":{"@type":"PropertyValueSpecification","valueRequired":true,"valueName":"search_term_string"}}],"inLanguage":"ca"},{"@type":"Organization","@id":"https:\/\/inflowed.es\/#organization","name":"Inflowed Spain S.L.","url":"https:\/\/inflowed.es\/","logo":{"@type":"ImageObject","inLanguage":"ca","@id":"https:\/\/inflowed.es\/#\/schema\/logo\/image\/","url":"https:\/\/inflowed.es\/wp-content\/uploads\/2023\/11\/logo-inflowed.png","contentUrl":"https:\/\/inflowed.es\/wp-content\/uploads\/2023\/11\/logo-inflowed.png","width":1032,"height":242,"caption":"Inflowed Spain S.L."},"image":{"@id":"https:\/\/inflowed.es\/#\/schema\/logo\/image\/"}}]}},"_links":{"self":[{"href":"https:\/\/inflowed.es\/ca\/wp-json\/wp\/v2\/product\/2092","targetHints":{"allow":["GET"]}}],"collection":[{"href":"https:\/\/inflowed.es\/ca\/wp-json\/wp\/v2\/product"}],"about":[{"href":"https:\/\/inflowed.es\/ca\/wp-json\/wp\/v2\/types\/product"}],"replies":[{"embeddable":true,"href":"https:\/\/inflowed.es\/ca\/wp-json\/wp\/v2\/comments?post=2092"}],"version-history":[{"count":5,"href":"https:\/\/inflowed.es\/ca\/wp-json\/wp\/v2\/product\/2092\/revisions"}],"predecessor-version":[{"id":3633,"href":"https:\/\/inflowed.es\/ca\/wp-json\/wp\/v2\/product\/2092\/revisions\/3633"}],"wp:featuredmedia":[{"embeddable":true,"href":"https:\/\/inflowed.es\/ca\/wp-json\/wp\/v2\/media\/2197"}],"wp:attachment":[{"href":"https:\/\/inflowed.es\/ca\/wp-json\/wp\/v2\/media?parent=2092"}],"wp:term":[{"taxonomy":"product_brand","embeddable":true,"href":"https:\/\/inflowed.es\/ca\/wp-json\/wp\/v2\/product_brand?post=2092"},{"taxonomy":"product_cat","embeddable":true,"href":"https:\/\/inflowed.es\/ca\/wp-json\/wp\/v2\/product_cat?post=2092"},{"taxonomy":"product_tag","embeddable":true,"href":"https:\/\/inflowed.es\/ca\/wp-json\/wp\/v2\/product_tag?post=2092"}],"curies":[{"name":"wp","href":"https:\/\/api.w.org\/{rel}","templated":true}]}}