{"id":2089,"date":"2023-11-21T14:33:49","date_gmt":"2023-11-21T14:33:49","guid":{"rendered":"https:\/\/inflowed.es\/?post_type=product&#038;p=2089"},"modified":"2024-10-31T16:29:18","modified_gmt":"2024-10-31T16:29:18","slug":"filtro-de-arena-astralpool-ice","status":"publish","type":"product","link":"https:\/\/inflowed.es\/ca\/producte\/filtro-de-arena-astralpool-ice","title":{"rendered":"Filtro de arena INFLOWED BRB"},"content":{"rendered":"<p>El Filtro INFLOWED BRB es un filtro laminado con resina de poli\u00e9ster y fibra de vidrio que da excelentes resultados en la filtraci\u00f3n del agua de la piscina.<\/p>\n<ul>\n<li>Compatibilidad 100% con filtros AstralPool ICE y ASTER.<\/li>\n<li>Excelente acabado exterior en gelcoat.<\/li>\n<li>Filtro color azul RAL 5024.<\/li>\n<li>Purga de agua y aire de \u00bc\u201d.<\/li>\n<li>Equipados opcionalmente con v\u00e1lvula selectora AstralPool para operaciones de filtraci\u00f3n, lavado, enjuague, recirculaci\u00f3n, vaciado, cerrado e invernaje:\n<ul>\n<li>V\u00e1lvula de bayoneta: 1\u00bd\u201d c\u00f3digo 20569 \/ 2\u2033 c\u00f3digo 28512 \/ D.900 c\u00f3digo 59968<\/li>\n<li>V\u00e1lvula de tornillos:\u00a01\u00bd\u201d c\u00f3digo 73950 \/ 2\u2033 c\u00f3digo 07444 \/ D.900 c\u00f3digo 21263<\/li>\n<li>Tapa superior negra de cierre con tornillos y man\u00f3metro.<\/li>\n<li>Equipado interiormente con cono difusor y brazos colectores de 1\u2033.<\/li>\n<li>Probado conforme a normativa europea EN 16713-1.<\/li>\n<li>Temperatura m\u00e1xima: 50\u00baC<\/li>\n<li>Presi\u00f3n m\u00e1xima de trabajo: 2,5 bar<\/li>\n<\/ul>\n<\/li>\n<\/ul>\n<h3>Tabla comparativa de dimensiones filtro INFLOWED BRB<\/h3>\n<table class=\"table table-condensed table-hover\">\n<tbody>\n<tr>\n<td><strong>C\u00f3digo<\/strong><\/td>\n<td><\/td>\n<td><strong>73177<\/strong><\/td>\n<td><strong>73178<\/strong><\/td>\n<td><strong>73179<\/strong><\/td>\n<td><strong>73180<\/strong><\/td>\n<td><strong>73181<\/strong><\/td>\n<td><strong>73182<\/strong><\/td>\n<td><strong>73183<\/strong><\/td>\n<\/tr>\n<tr>\n<td><strong>\u00d8 D (mm)<\/strong><\/td>\n<td><\/td>\n<td>350<\/td>\n<td>450<\/td>\n<td>500<\/td>\n<td>600<\/td>\n<td>650<\/td>\n<td>750<\/td>\n<td>900<\/td>\n<\/tr>\n<tr>\n<td><strong>H (mm)<\/strong><\/td>\n<td><\/td>\n<td>755<\/td>\n<td>760<\/td>\n<td>855<\/td>\n<td>850<\/td>\n<td>890<\/td>\n<td>930<\/td>\n<td>1100<\/td>\n<\/tr>\n<tr>\n<td><strong>M (mm)<\/strong><\/td>\n<td><\/td>\n<td>393<\/td>\n<td>434<\/td>\n<td>417<\/td>\n<td>442<\/td>\n<td>479<\/td>\n<td>555<\/td>\n<td>659<\/td>\n<\/tr>\n<tr>\n<td><strong>N (mm)<\/strong><\/td>\n<td><\/td>\n<td>268<\/td>\n<td>309<\/td>\n<td>292<\/td>\n<td>317<\/td>\n<td>354<\/td>\n<td>325<\/td>\n<td>389<\/td>\n<\/tr>\n<tr>\n<td><strong>Conexiones<\/strong><\/td>\n<td><\/td>\n<td>1\u00bd\u201d<\/td>\n<td>1\u00bd\u201d<\/td>\n<td>1\u00bd\u201d<\/td>\n<td>1\u00bd\u201d<\/td>\n<td>1\u00bd\u201d<\/td>\n<td>2\u2033<\/td>\n<td>2\u2033<\/td>\n<\/tr>\n<tr>\n<td><strong>Caudal m\u00b3\/h (a 50 m\u00b3\/h\/m\u00b2)<\/strong><\/td>\n<td><\/td>\n<td>5<\/td>\n<td>8<\/td>\n<td>10<\/td>\n<td>14<\/td>\n<td>17<\/td>\n<td>22<\/td>\n<td>32<\/td>\n<\/tr>\n<tr>\n<td><strong>Piscina (volumen) m\u00b3 (8 h)*<\/strong><\/td>\n<td><\/td>\n<td>40<\/td>\n<td>64<\/td>\n<td>72<\/td>\n<td>112<\/td>\n<td>120<\/td>\n<td>168<\/td>\n<td>240<\/td>\n<\/tr>\n<tr>\n<td><strong>Carga de arena (kg)<\/strong><\/td>\n<td><\/td>\n<td>50<\/td>\n<td>70<\/td>\n<td>95<\/td>\n<td>125<\/td>\n<td>200<\/td>\n<td>290<\/td>\n<td>500<\/td>\n<\/tr>\n<tr>\n<td rowspan=\"2\"><strong>Carga de vidrio (kg)<\/strong><\/td>\n<td><strong>Grado 1 (57011)<\/strong><\/td>\n<td>35<\/td>\n<td>49<\/td>\n<td>68<\/td>\n<td>87<\/td>\n<td>139<\/td>\n<td>202<\/td>\n<td>348<\/td>\n<\/tr>\n<tr>\n<td><strong>Grado 3 (57013)<\/strong><\/td>\n<td>8<\/td>\n<td>12<\/td>\n<td>17<\/td>\n<td>21<\/td>\n<td>34<\/td>\n<td>49<\/td>\n<td>85<\/td>\n<\/tr>\n<tr>\n<td><strong>Presi\u00f3n m\u00e1x de trabajo (kg\/cm\u00b2)<\/strong><\/td>\n<td><\/td>\n<td>2,5<\/td>\n<td>2,5<\/td>\n<td>2,5<\/td>\n<td>2,5<\/td>\n<td>2,5<\/td>\n<td>2,5<\/td>\n<td>2,5<\/td>\n<\/tr>\n<tr>\n<td><strong>Peso neto (kg)<\/strong><\/td>\n<td><\/td>\n<td>15<\/td>\n<td>15<\/td>\n<td>17<\/td>\n<td>21<\/td>\n<td>22<\/td>\n<td>30<\/td>\n<td>48<\/td>\n<\/tr>\n<tr>\n<td><strong>Dimensiones\u00a0embalaje (cm)<\/strong><\/td>\n<td><\/td>\n<td>39x39x76<\/td>\n<td>52x52x76<\/td>\n<td>56x56x85<\/td>\n<td>65x65x86<\/td>\n<td>70x70x89<\/td>\n<td>80x80x93<\/td>\n<td>96x96x110<\/td>\n<\/tr>\n<\/tbody>\n<\/table>\n<p><img fetchpriority=\"high\" decoding=\"async\" class=\"aligncenter wp-image-20428\" src=\"https:\/\/piscinapool.com\/wp-content\/uploads\/2021\/12\/filtro-ice-astralpool-dimensiones.jpg\" alt=\"\" width=\"500\" height=\"500\" \/><\/p>","protected":false},"excerpt":{"rendered":"<ul>\n<li><strong>Compatibilidad 100% con filtros AstralPool ICE y Aster.<\/strong><\/li>\n<li>Filtro de arena o cristal.<\/li>\n<li>Cuerpo fabricado en resina de poli\u00e9ster reforzado con fibra de vidrio.<\/li>\n<li>Tapa superior de cierre con tornillos con man\u00f3metro y purga de aire.<\/li>\n<li>Disponible sin v\u00e1lvula selectora, con v\u00e1lvula de bayoneta o con v\u00e1lvula de tornillos.<\/li>\n<\/ul>\n<p><a href=\"https:\/\/inflowed.es\/wp-content\/uploads\/2023\/11\/ASTER_TC_RAL-4010_INFLOWED.pdf\">Ficha t\u00e9cnica INFLOWED BRB<\/a><\/p>","protected":false},"featured_media":4496,"comment_status":"closed","ping_status":"closed","template":"","meta":[],"product_brand":[],"product_cat":[75],"product_tag":[],"class_list":{"0":"post-2089","1":"product","2":"type-product","3":"status-publish","4":"has-post-thumbnail","6":"product_cat-filtros","8":"first","9":"instock","10":"taxable","11":"shipping-taxable","12":"product-type-simple"},"yoast_head":"<!-- This site is optimized with the Yoast SEO plugin v27.2 - https:\/\/yoast.com\/product\/yoast-seo-wordpress\/ -->\n<title>Filtro de arena INFLOWED BRB &#8211; INFLOWED<\/title>\n<meta name=\"description\" content=\"Filtro laminado para piscinas INFLOWED BRB. Disponible en di\u00e1metros de 350 a 900 mm. Disponible con v\u00e1lvula tornillos, bayoneta, o sin. Descubre INFLOWED.\" \/>\n<meta name=\"robots\" content=\"index, follow, max-snippet:-1, max-image-preview:large, max-video-preview:-1\" \/>\n<link rel=\"canonical\" href=\"https:\/\/inflowed.es\/ca\/producte\/filtro-de-arena-astralpool-ice\/\" \/>\n<meta property=\"og:locale\" content=\"ca_ES\" \/>\n<meta property=\"og:type\" content=\"article\" \/>\n<meta property=\"og:title\" content=\"Filtro de arena INFLOWED BRB &#8211; INFLOWED\" \/>\n<meta property=\"og:description\" content=\"Filtro laminado para piscinas INFLOWED BRB. Disponible en di\u00e1metros de 350 a 900 mm. Disponible con v\u00e1lvula tornillos, bayoneta, o sin. Descubre INFLOWED.\" \/>\n<meta property=\"og:url\" content=\"https:\/\/inflowed.es\/ca\/producte\/filtro-de-arena-astralpool-ice\/\" \/>\n<meta property=\"og:site_name\" content=\"INFLOWED\" \/>\n<meta property=\"article:modified_time\" content=\"2024-10-31T16:29:18+00:00\" \/>\n<meta property=\"og:image\" content=\"https:\/\/inflowed.es\/wp-content\/uploads\/2023\/11\/BRB.png\" \/>\n\t<meta property=\"og:image:width\" content=\"800\" \/>\n\t<meta property=\"og:image:height\" content=\"800\" \/>\n\t<meta property=\"og:image:type\" content=\"image\/png\" \/>\n<meta name=\"twitter:card\" content=\"summary_large_image\" \/>\n<meta name=\"twitter:label1\" content=\"Temps estimat de lectura\" \/>\n\t<meta name=\"twitter:data1\" content=\"2 minuts\" \/>\n<script type=\"application\/ld+json\" class=\"yoast-schema-graph\">{\"@context\":\"https:\/\/schema.org\",\"@graph\":[{\"@type\":\"WebPage\",\"@id\":\"https:\/\/inflowed.es\/producto\/filtro-de-arena-astralpool-ice\",\"url\":\"https:\/\/inflowed.es\/producto\/filtro-de-arena-astralpool-ice\",\"name\":\"Filtro de arena INFLOWED BRB &#8211; INFLOWED\",\"isPartOf\":{\"@id\":\"https:\/\/inflowed.es\/#website\"},\"primaryImageOfPage\":{\"@id\":\"https:\/\/inflowed.es\/producto\/filtro-de-arena-astralpool-ice#primaryimage\"},\"image\":{\"@id\":\"https:\/\/inflowed.es\/producto\/filtro-de-arena-astralpool-ice#primaryimage\"},\"thumbnailUrl\":\"https:\/\/inflowed.es\/wp-content\/uploads\/2023\/11\/BRB.png\",\"datePublished\":\"2023-11-21T14:33:49+00:00\",\"dateModified\":\"2024-10-31T16:29:18+00:00\",\"description\":\"Filtro laminado para piscinas INFLOWED BRB. Disponible en di\u00e1metros de 350 a 900 mm. Disponible con v\u00e1lvula tornillos, bayoneta, o sin. Descubre INFLOWED.\",\"breadcrumb\":{\"@id\":\"https:\/\/inflowed.es\/producto\/filtro-de-arena-astralpool-ice#breadcrumb\"},\"inLanguage\":\"ca\",\"potentialAction\":[{\"@type\":\"ReadAction\",\"target\":[\"https:\/\/inflowed.es\/producto\/filtro-de-arena-astralpool-ice\"]}]},{\"@type\":\"ImageObject\",\"inLanguage\":\"ca\",\"@id\":\"https:\/\/inflowed.es\/producto\/filtro-de-arena-astralpool-ice#primaryimage\",\"url\":\"https:\/\/inflowed.es\/wp-content\/uploads\/2023\/11\/BRB.png\",\"contentUrl\":\"https:\/\/inflowed.es\/wp-content\/uploads\/2023\/11\/BRB.png\",\"width\":800,\"height\":800},{\"@type\":\"BreadcrumbList\",\"@id\":\"https:\/\/inflowed.es\/producto\/filtro-de-arena-astralpool-ice#breadcrumb\",\"itemListElement\":[{\"@type\":\"ListItem\",\"position\":1,\"name\":\"Portada\",\"item\":\"https:\/\/inflowed.es\/\"},{\"@type\":\"ListItem\",\"position\":2,\"name\":\"Cat\u00e1logo de productos\",\"item\":\"https:\/\/inflowed.es\/catalogo-de-productos\"},{\"@type\":\"ListItem\",\"position\":3,\"name\":\"Filtro de arena INFLOWED BRB\"}]},{\"@type\":\"WebSite\",\"@id\":\"https:\/\/inflowed.es\/#website\",\"url\":\"https:\/\/inflowed.es\/\",\"name\":\"INFLOWED\",\"description\":\"Distribuci&oacute;n mayorista de art&iacute;culos para piscinas\",\"publisher\":{\"@id\":\"https:\/\/inflowed.es\/#organization\"},\"potentialAction\":[{\"@type\":\"SearchAction\",\"target\":{\"@type\":\"EntryPoint\",\"urlTemplate\":\"https:\/\/inflowed.es\/?s={search_term_string}\"},\"query-input\":{\"@type\":\"PropertyValueSpecification\",\"valueRequired\":true,\"valueName\":\"search_term_string\"}}],\"inLanguage\":\"ca\"},{\"@type\":\"Organization\",\"@id\":\"https:\/\/inflowed.es\/#organization\",\"name\":\"Inflowed Spain S.L.\",\"url\":\"https:\/\/inflowed.es\/\",\"logo\":{\"@type\":\"ImageObject\",\"inLanguage\":\"ca\",\"@id\":\"https:\/\/inflowed.es\/#\/schema\/logo\/image\/\",\"url\":\"https:\/\/inflowed.es\/wp-content\/uploads\/2023\/11\/logo-inflowed.png\",\"contentUrl\":\"https:\/\/inflowed.es\/wp-content\/uploads\/2023\/11\/logo-inflowed.png\",\"width\":1032,\"height\":242,\"caption\":\"Inflowed Spain S.L.\"},\"image\":{\"@id\":\"https:\/\/inflowed.es\/#\/schema\/logo\/image\/\"}}]}<\/script>\n<!-- \/ Yoast SEO plugin. -->","yoast_head_json":{"title":"Filtro de arena INFLOWED BRB &#8211; INFLOWED","description":"Filtro laminado para piscinas INFLOWED BRB. Disponible en di\u00e1metros de 350 a 900 mm. Disponible con v\u00e1lvula tornillos, bayoneta, o sin. Descubre INFLOWED.","robots":{"index":"index","follow":"follow","max-snippet":"max-snippet:-1","max-image-preview":"max-image-preview:large","max-video-preview":"max-video-preview:-1"},"canonical":"https:\/\/inflowed.es\/ca\/producte\/filtro-de-arena-astralpool-ice\/","og_locale":"ca_ES","og_type":"article","og_title":"Filtro de arena INFLOWED BRB &#8211; INFLOWED","og_description":"Filtro laminado para piscinas INFLOWED BRB. Disponible en di\u00e1metros de 350 a 900 mm. Disponible con v\u00e1lvula tornillos, bayoneta, o sin. Descubre INFLOWED.","og_url":"https:\/\/inflowed.es\/ca\/producte\/filtro-de-arena-astralpool-ice\/","og_site_name":"INFLOWED","article_modified_time":"2024-10-31T16:29:18+00:00","og_image":[{"width":800,"height":800,"url":"https:\/\/inflowed.es\/wp-content\/uploads\/2023\/11\/BRB.png","type":"image\/png"}],"twitter_card":"summary_large_image","twitter_misc":{"Temps estimat de lectura":"2 minuts"},"schema":{"@context":"https:\/\/schema.org","@graph":[{"@type":"WebPage","@id":"https:\/\/inflowed.es\/producto\/filtro-de-arena-astralpool-ice","url":"https:\/\/inflowed.es\/producto\/filtro-de-arena-astralpool-ice","name":"Filtro de arena INFLOWED BRB &#8211; INFLOWED","isPartOf":{"@id":"https:\/\/inflowed.es\/#website"},"primaryImageOfPage":{"@id":"https:\/\/inflowed.es\/producto\/filtro-de-arena-astralpool-ice#primaryimage"},"image":{"@id":"https:\/\/inflowed.es\/producto\/filtro-de-arena-astralpool-ice#primaryimage"},"thumbnailUrl":"https:\/\/inflowed.es\/wp-content\/uploads\/2023\/11\/BRB.png","datePublished":"2023-11-21T14:33:49+00:00","dateModified":"2024-10-31T16:29:18+00:00","description":"Filtro laminado para piscinas INFLOWED BRB. Disponible en di\u00e1metros de 350 a 900 mm. Disponible con v\u00e1lvula tornillos, bayoneta, o sin. Descubre INFLOWED.","breadcrumb":{"@id":"https:\/\/inflowed.es\/producto\/filtro-de-arena-astralpool-ice#breadcrumb"},"inLanguage":"ca","potentialAction":[{"@type":"ReadAction","target":["https:\/\/inflowed.es\/producto\/filtro-de-arena-astralpool-ice"]}]},{"@type":"ImageObject","inLanguage":"ca","@id":"https:\/\/inflowed.es\/producto\/filtro-de-arena-astralpool-ice#primaryimage","url":"https:\/\/inflowed.es\/wp-content\/uploads\/2023\/11\/BRB.png","contentUrl":"https:\/\/inflowed.es\/wp-content\/uploads\/2023\/11\/BRB.png","width":800,"height":800},{"@type":"BreadcrumbList","@id":"https:\/\/inflowed.es\/producto\/filtro-de-arena-astralpool-ice#breadcrumb","itemListElement":[{"@type":"ListItem","position":1,"name":"Portada","item":"https:\/\/inflowed.es\/"},{"@type":"ListItem","position":2,"name":"Cat\u00e1logo de productos","item":"https:\/\/inflowed.es\/catalogo-de-productos"},{"@type":"ListItem","position":3,"name":"Filtro de arena INFLOWED BRB"}]},{"@type":"WebSite","@id":"https:\/\/inflowed.es\/#website","url":"https:\/\/inflowed.es\/","name":"INFLOWED","description":"Distribuci&oacute;n mayorista de art&iacute;culos para piscinas","publisher":{"@id":"https:\/\/inflowed.es\/#organization"},"potentialAction":[{"@type":"SearchAction","target":{"@type":"EntryPoint","urlTemplate":"https:\/\/inflowed.es\/?s={search_term_string}"},"query-input":{"@type":"PropertyValueSpecification","valueRequired":true,"valueName":"search_term_string"}}],"inLanguage":"ca"},{"@type":"Organization","@id":"https:\/\/inflowed.es\/#organization","name":"Inflowed Spain S.L.","url":"https:\/\/inflowed.es\/","logo":{"@type":"ImageObject","inLanguage":"ca","@id":"https:\/\/inflowed.es\/#\/schema\/logo\/image\/","url":"https:\/\/inflowed.es\/wp-content\/uploads\/2023\/11\/logo-inflowed.png","contentUrl":"https:\/\/inflowed.es\/wp-content\/uploads\/2023\/11\/logo-inflowed.png","width":1032,"height":242,"caption":"Inflowed Spain S.L."},"image":{"@id":"https:\/\/inflowed.es\/#\/schema\/logo\/image\/"}}]}},"_links":{"self":[{"href":"https:\/\/inflowed.es\/ca\/wp-json\/wp\/v2\/product\/2089","targetHints":{"allow":["GET"]}}],"collection":[{"href":"https:\/\/inflowed.es\/ca\/wp-json\/wp\/v2\/product"}],"about":[{"href":"https:\/\/inflowed.es\/ca\/wp-json\/wp\/v2\/types\/product"}],"replies":[{"embeddable":true,"href":"https:\/\/inflowed.es\/ca\/wp-json\/wp\/v2\/comments?post=2089"}],"version-history":[{"count":5,"href":"https:\/\/inflowed.es\/ca\/wp-json\/wp\/v2\/product\/2089\/revisions"}],"predecessor-version":[{"id":4498,"href":"https:\/\/inflowed.es\/ca\/wp-json\/wp\/v2\/product\/2089\/revisions\/4498"}],"wp:featuredmedia":[{"embeddable":true,"href":"https:\/\/inflowed.es\/ca\/wp-json\/wp\/v2\/media\/4496"}],"wp:attachment":[{"href":"https:\/\/inflowed.es\/ca\/wp-json\/wp\/v2\/media?parent=2089"}],"wp:term":[{"taxonomy":"product_brand","embeddable":true,"href":"https:\/\/inflowed.es\/ca\/wp-json\/wp\/v2\/product_brand?post=2089"},{"taxonomy":"product_cat","embeddable":true,"href":"https:\/\/inflowed.es\/ca\/wp-json\/wp\/v2\/product_cat?post=2089"},{"taxonomy":"product_tag","embeddable":true,"href":"https:\/\/inflowed.es\/ca\/wp-json\/wp\/v2\/product_tag?post=2089"}],"curies":[{"name":"wp","href":"https:\/\/api.w.org\/{rel}","templated":true}]}}