{"id":23,"date":"2023-04-20T11:46:12","date_gmt":"2023-04-20T11:46:12","guid":{"rendered":"https:\/\/dummy.xtemos.com\/woodmart2\/furniture2-elementor\/?page_id=23"},"modified":"2023-12-08T14:27:33","modified_gmt":"2023-12-08T14:27:33","slug":"comparador","status":"publish","type":"page","link":"https:\/\/inflowed.es\/ca\/comparador","title":{"rendered":"Comparador"},"content":{"rendered":"<div data-elementor-type=\"wp-page\" data-elementor-id=\"23\" class=\"elementor elementor-23\">\n\t\t\t\t\t\t<section class=\"elementor-section elementor-top-section elementor-element elementor-element-262542a elementor-section-boxed elementor-section-height-default elementor-section-height-default\" data-id=\"262542a\" data-element_type=\"section\" data-e-type=\"section\">\n\t\t\t\t\t\t<div class=\"elementor-container elementor-column-gap-default\">\n\t\t\t\t\t<div class=\"elementor-column elementor-col-100 elementor-top-column elementor-element elementor-element-36ec512\" data-id=\"36ec512\" data-element_type=\"column\" data-e-type=\"column\">\n\t\t\t<div class=\"elementor-widget-wrap elementor-element-populated\">\n\t\t\t\t\t\t<div class=\"elementor-element elementor-element-5b77511 elementor-widget elementor-widget-wd_compare\" data-id=\"5b77511\" data-element_type=\"widget\" data-e-type=\"widget\" data-widget_type=\"wd_compare.default\">\n\t\t\t\t<div class=\"elementor-widget-container\">\n\t\t\t\t\t\t\t<p class=\"wd-empty-compare wd-empty-page\">\n\t\t\tCompare list is empty.\t\t<\/p>\n\t\t\t\t\t<div class=\"wd-empty-page-text\">\n\t\t\t\tNo products added in the compare list. You must add some products to compare them.<br> You will find a lot of interesting products on our \"Shop\" page.\t\t\t<\/div>\n\t\t\t\t<p class=\"return-to-shop\">\n\t\t\t<a class=\"button\" href=\"https:\/\/inflowed.es\/ca\/catalogo-de-productos\">\n\t\t\t\tReturn to shop\t\t\t<\/a>\n\t\t<\/p>\n\t\t\t\t\t\t<\/div>\n\t\t\t\t<\/div>\n\t\t\t\t\t<\/div>\n\t\t<\/div>\n\t\t\t\t\t<\/div>\n\t\t<\/section>\n\t\t\t\t<\/div>","protected":false},"excerpt":{"rendered":"<p>Remove 12 side $375 $339 Add to cart Description Soft curves and tapering slender lines are inspired by modern design.<\/p>","protected":false},"author":1,"featured_media":0,"parent":0,"menu_order":0,"comment_status":"closed","ping_status":"closed","template":"","meta":{"footnotes":""},"class_list":["post-23","page","type-page","status-publish","hentry"],"yoast_head":"<!-- This site is optimized with the Yoast SEO plugin v27.2 - https:\/\/yoast.com\/product\/yoast-seo-wordpress\/ -->\n<title>Comparador de productos - INFLOWED<\/title>\n<meta name=\"description\" content=\"A\u00f1ade los productos al comparador y descubre nuestro comparador de productos. Cloraci\u00f3n salina, limpiafondos, bombas, filtros y mucho m\u00e1s.\" \/>\n<meta name=\"robots\" content=\"index, follow, max-snippet:-1, max-image-preview:large, max-video-preview:-1\" \/>\n<link rel=\"canonical\" href=\"https:\/\/inflowed.es\/ca\/comparador\/\" \/>\n<meta property=\"og:locale\" content=\"ca_ES\" \/>\n<meta property=\"og:type\" content=\"article\" \/>\n<meta property=\"og:title\" content=\"Comparador de productos - INFLOWED\" \/>\n<meta property=\"og:description\" content=\"A\u00f1ade los productos al comparador y descubre nuestro comparador de productos. Cloraci\u00f3n salina, limpiafondos, bombas, filtros y mucho m\u00e1s.\" \/>\n<meta property=\"og:url\" content=\"https:\/\/inflowed.es\/ca\/comparador\/\" \/>\n<meta property=\"og:site_name\" content=\"INFLOWED\" \/>\n<meta property=\"article:modified_time\" content=\"2023-12-08T14:27:33+00:00\" \/>\n<meta property=\"og:image\" content=\"http:\/\/dummy.xtemos.com\/woodmart2\/furniture2-elementor\/wp-content\/uploads\/sites\/10\/2023\/04\/wd-furniture-chair-prod-14-1-430x491.jpg\" \/>\n<meta name=\"twitter:card\" content=\"summary_large_image\" \/>\n<meta name=\"twitter:label1\" content=\"Temps estimat de lectura\" \/>\n\t<meta name=\"twitter:data1\" content=\"1 minut\" \/>\n<script type=\"application\/ld+json\" class=\"yoast-schema-graph\">{\"@context\":\"https:\/\/schema.org\",\"@graph\":[{\"@type\":\"WebPage\",\"@id\":\"https:\/\/inflowed.es\/comparador\",\"url\":\"https:\/\/inflowed.es\/comparador\",\"name\":\"Comparador de productos - INFLOWED\",\"isPartOf\":{\"@id\":\"https:\/\/inflowed.es\/#website\"},\"primaryImageOfPage\":{\"@id\":\"https:\/\/inflowed.es\/comparador#primaryimage\"},\"image\":{\"@id\":\"https:\/\/inflowed.es\/comparador#primaryimage\"},\"thumbnailUrl\":\"http:\/\/dummy.xtemos.com\/woodmart2\/furniture2-elementor\/wp-content\/uploads\/sites\/10\/2023\/04\/wd-furniture-chair-prod-14-1-430x491.jpg\",\"datePublished\":\"2023-04-20T11:46:12+00:00\",\"dateModified\":\"2023-12-08T14:27:33+00:00\",\"description\":\"A\u00f1ade los productos al comparador y descubre nuestro comparador de productos. Cloraci\u00f3n salina, limpiafondos, bombas, filtros y mucho m\u00e1s.\",\"breadcrumb\":{\"@id\":\"https:\/\/inflowed.es\/comparador#breadcrumb\"},\"inLanguage\":\"ca\",\"potentialAction\":[{\"@type\":\"ReadAction\",\"target\":[\"https:\/\/inflowed.es\/comparador\"]}]},{\"@type\":\"ImageObject\",\"inLanguage\":\"ca\",\"@id\":\"https:\/\/inflowed.es\/comparador#primaryimage\",\"url\":\"http:\/\/dummy.xtemos.com\/woodmart2\/furniture2-elementor\/wp-content\/uploads\/sites\/10\/2023\/04\/wd-furniture-chair-prod-14-1-430x491.jpg\",\"contentUrl\":\"http:\/\/dummy.xtemos.com\/woodmart2\/furniture2-elementor\/wp-content\/uploads\/sites\/10\/2023\/04\/wd-furniture-chair-prod-14-1-430x491.jpg\"},{\"@type\":\"BreadcrumbList\",\"@id\":\"https:\/\/inflowed.es\/comparador#breadcrumb\",\"itemListElement\":[{\"@type\":\"ListItem\",\"position\":1,\"name\":\"Portada\",\"item\":\"https:\/\/inflowed.es\/\"},{\"@type\":\"ListItem\",\"position\":2,\"name\":\"Comparador\"}]},{\"@type\":\"WebSite\",\"@id\":\"https:\/\/inflowed.es\/#website\",\"url\":\"https:\/\/inflowed.es\/\",\"name\":\"INFLOWED\",\"description\":\"Distribuci&oacute;n mayorista de art&iacute;culos para piscinas\",\"publisher\":{\"@id\":\"https:\/\/inflowed.es\/#organization\"},\"potentialAction\":[{\"@type\":\"SearchAction\",\"target\":{\"@type\":\"EntryPoint\",\"urlTemplate\":\"https:\/\/inflowed.es\/?s={search_term_string}\"},\"query-input\":{\"@type\":\"PropertyValueSpecification\",\"valueRequired\":true,\"valueName\":\"search_term_string\"}}],\"inLanguage\":\"ca\"},{\"@type\":\"Organization\",\"@id\":\"https:\/\/inflowed.es\/#organization\",\"name\":\"Inflowed Spain S.L.\",\"url\":\"https:\/\/inflowed.es\/\",\"logo\":{\"@type\":\"ImageObject\",\"inLanguage\":\"ca\",\"@id\":\"https:\/\/inflowed.es\/#\/schema\/logo\/image\/\",\"url\":\"https:\/\/inflowed.es\/wp-content\/uploads\/2023\/11\/logo-inflowed.png\",\"contentUrl\":\"https:\/\/inflowed.es\/wp-content\/uploads\/2023\/11\/logo-inflowed.png\",\"width\":1032,\"height\":242,\"caption\":\"Inflowed Spain S.L.\"},\"image\":{\"@id\":\"https:\/\/inflowed.es\/#\/schema\/logo\/image\/\"}}]}<\/script>\n<!-- \/ Yoast SEO plugin. -->","yoast_head_json":{"title":"Comparador de productos - INFLOWED","description":"A\u00f1ade los productos al comparador y descubre nuestro comparador de productos. Cloraci\u00f3n salina, limpiafondos, bombas, filtros y mucho m\u00e1s.","robots":{"index":"index","follow":"follow","max-snippet":"max-snippet:-1","max-image-preview":"max-image-preview:large","max-video-preview":"max-video-preview:-1"},"canonical":"https:\/\/inflowed.es\/ca\/comparador\/","og_locale":"ca_ES","og_type":"article","og_title":"Comparador de productos - INFLOWED","og_description":"A\u00f1ade los productos al comparador y descubre nuestro comparador de productos. Cloraci\u00f3n salina, limpiafondos, bombas, filtros y mucho m\u00e1s.","og_url":"https:\/\/inflowed.es\/ca\/comparador\/","og_site_name":"INFLOWED","article_modified_time":"2023-12-08T14:27:33+00:00","og_image":[{"url":"http:\/\/dummy.xtemos.com\/woodmart2\/furniture2-elementor\/wp-content\/uploads\/sites\/10\/2023\/04\/wd-furniture-chair-prod-14-1-430x491.jpg","type":"","width":"","height":""}],"twitter_card":"summary_large_image","twitter_misc":{"Temps estimat de lectura":"1 minut"},"schema":{"@context":"https:\/\/schema.org","@graph":[{"@type":"WebPage","@id":"https:\/\/inflowed.es\/comparador","url":"https:\/\/inflowed.es\/comparador","name":"Comparador de productos - INFLOWED","isPartOf":{"@id":"https:\/\/inflowed.es\/#website"},"primaryImageOfPage":{"@id":"https:\/\/inflowed.es\/comparador#primaryimage"},"image":{"@id":"https:\/\/inflowed.es\/comparador#primaryimage"},"thumbnailUrl":"http:\/\/dummy.xtemos.com\/woodmart2\/furniture2-elementor\/wp-content\/uploads\/sites\/10\/2023\/04\/wd-furniture-chair-prod-14-1-430x491.jpg","datePublished":"2023-04-20T11:46:12+00:00","dateModified":"2023-12-08T14:27:33+00:00","description":"A\u00f1ade los productos al comparador y descubre nuestro comparador de productos. Cloraci\u00f3n salina, limpiafondos, bombas, filtros y mucho m\u00e1s.","breadcrumb":{"@id":"https:\/\/inflowed.es\/comparador#breadcrumb"},"inLanguage":"ca","potentialAction":[{"@type":"ReadAction","target":["https:\/\/inflowed.es\/comparador"]}]},{"@type":"ImageObject","inLanguage":"ca","@id":"https:\/\/inflowed.es\/comparador#primaryimage","url":"http:\/\/dummy.xtemos.com\/woodmart2\/furniture2-elementor\/wp-content\/uploads\/sites\/10\/2023\/04\/wd-furniture-chair-prod-14-1-430x491.jpg","contentUrl":"http:\/\/dummy.xtemos.com\/woodmart2\/furniture2-elementor\/wp-content\/uploads\/sites\/10\/2023\/04\/wd-furniture-chair-prod-14-1-430x491.jpg"},{"@type":"BreadcrumbList","@id":"https:\/\/inflowed.es\/comparador#breadcrumb","itemListElement":[{"@type":"ListItem","position":1,"name":"Portada","item":"https:\/\/inflowed.es\/"},{"@type":"ListItem","position":2,"name":"Comparador"}]},{"@type":"WebSite","@id":"https:\/\/inflowed.es\/#website","url":"https:\/\/inflowed.es\/","name":"INFLOWED","description":"Distribuci&oacute;n mayorista de art&iacute;culos para piscinas","publisher":{"@id":"https:\/\/inflowed.es\/#organization"},"potentialAction":[{"@type":"SearchAction","target":{"@type":"EntryPoint","urlTemplate":"https:\/\/inflowed.es\/?s={search_term_string}"},"query-input":{"@type":"PropertyValueSpecification","valueRequired":true,"valueName":"search_term_string"}}],"inLanguage":"ca"},{"@type":"Organization","@id":"https:\/\/inflowed.es\/#organization","name":"Inflowed Spain S.L.","url":"https:\/\/inflowed.es\/","logo":{"@type":"ImageObject","inLanguage":"ca","@id":"https:\/\/inflowed.es\/#\/schema\/logo\/image\/","url":"https:\/\/inflowed.es\/wp-content\/uploads\/2023\/11\/logo-inflowed.png","contentUrl":"https:\/\/inflowed.es\/wp-content\/uploads\/2023\/11\/logo-inflowed.png","width":1032,"height":242,"caption":"Inflowed Spain S.L."},"image":{"@id":"https:\/\/inflowed.es\/#\/schema\/logo\/image\/"}}]}},"_links":{"self":[{"href":"https:\/\/inflowed.es\/ca\/wp-json\/wp\/v2\/pages\/23","targetHints":{"allow":["GET"]}}],"collection":[{"href":"https:\/\/inflowed.es\/ca\/wp-json\/wp\/v2\/pages"}],"about":[{"href":"https:\/\/inflowed.es\/ca\/wp-json\/wp\/v2\/types\/page"}],"author":[{"embeddable":true,"href":"https:\/\/inflowed.es\/ca\/wp-json\/wp\/v2\/users\/1"}],"replies":[{"embeddable":true,"href":"https:\/\/inflowed.es\/ca\/wp-json\/wp\/v2\/comments?post=23"}],"version-history":[{"count":1,"href":"https:\/\/inflowed.es\/ca\/wp-json\/wp\/v2\/pages\/23\/revisions"}],"predecessor-version":[{"id":2760,"href":"https:\/\/inflowed.es\/ca\/wp-json\/wp\/v2\/pages\/23\/revisions\/2760"}],"wp:attachment":[{"href":"https:\/\/inflowed.es\/ca\/wp-json\/wp\/v2\/media?parent=23"}],"curies":[{"name":"wp","href":"https:\/\/api.w.org\/{rel}","templated":true}]}}