{"id":2276,"date":"2023-11-24T09:26:56","date_gmt":"2023-11-24T09:26:56","guid":{"rendered":"https:\/\/inflowed.es\/?page_id=2276"},"modified":"2023-12-12T10:29:11","modified_gmt":"2023-12-12T10:29:11","slug":"configurador-robots","status":"publish","type":"page","link":"https:\/\/inflowed.es\/ca\/configurador-robots","title":{"rendered":"Configurador robots"},"content":{"rendered":"","protected":false},"excerpt":{"rendered":"","protected":false},"author":1,"featured_media":0,"parent":0,"menu_order":0,"comment_status":"closed","ping_status":"closed","template":"","meta":{"footnotes":""},"class_list":["post-2276","page","type-page","status-publish","hentry"],"yoast_head":"<!-- This site is optimized with the Yoast SEO plugin v27.2 - https:\/\/yoast.com\/product\/yoast-seo-wordpress\/ -->\n<title>Configurador de robots de piscina - INFLOWED<\/title>\n<meta name=\"description\" content=\"Descubre nuestro configurador de robot de piscina y elige la mejor opci\u00f3n para ti. Robots el\u00e9ctricos, inal\u00e1mbrico e hidr\u00e1ulicos.\" \/>\n<meta name=\"robots\" content=\"index, follow, max-snippet:-1, max-image-preview:large, max-video-preview:-1\" \/>\n<link rel=\"canonical\" href=\"https:\/\/inflowed.es\/ca\/configurador-robots\/\" \/>\n<meta property=\"og:locale\" content=\"ca_ES\" \/>\n<meta property=\"og:type\" content=\"article\" \/>\n<meta property=\"og:title\" content=\"Configurador de robots de piscina - INFLOWED\" \/>\n<meta property=\"og:description\" content=\"Descubre nuestro configurador de robot de piscina y elige la mejor opci\u00f3n para ti. Robots el\u00e9ctricos, inal\u00e1mbrico e hidr\u00e1ulicos.\" \/>\n<meta property=\"og:url\" content=\"https:\/\/inflowed.es\/ca\/configurador-robots\/\" \/>\n<meta property=\"og:site_name\" content=\"INFLOWED\" \/>\n<meta property=\"article:modified_time\" content=\"2023-12-12T10:29:11+00:00\" \/>\n<meta name=\"twitter:card\" content=\"summary_large_image\" \/>\n<script type=\"application\/ld+json\" class=\"yoast-schema-graph\">{\"@context\":\"https:\/\/schema.org\",\"@graph\":[{\"@type\":\"WebPage\",\"@id\":\"https:\/\/inflowed.es\/configurador-robots\",\"url\":\"https:\/\/inflowed.es\/configurador-robots\",\"name\":\"Configurador de robots de piscina - INFLOWED\",\"isPartOf\":{\"@id\":\"https:\/\/inflowed.es\/#website\"},\"datePublished\":\"2023-11-24T09:26:56+00:00\",\"dateModified\":\"2023-12-12T10:29:11+00:00\",\"description\":\"Descubre nuestro configurador de robot de piscina y elige la mejor opci\u00f3n para ti. Robots el\u00e9ctricos, inal\u00e1mbrico e hidr\u00e1ulicos.\",\"breadcrumb\":{\"@id\":\"https:\/\/inflowed.es\/configurador-robots#breadcrumb\"},\"inLanguage\":\"ca\",\"potentialAction\":[{\"@type\":\"ReadAction\",\"target\":[\"https:\/\/inflowed.es\/configurador-robots\"]}]},{\"@type\":\"BreadcrumbList\",\"@id\":\"https:\/\/inflowed.es\/configurador-robots#breadcrumb\",\"itemListElement\":[{\"@type\":\"ListItem\",\"position\":1,\"name\":\"Portada\",\"item\":\"https:\/\/inflowed.es\/\"},{\"@type\":\"ListItem\",\"position\":2,\"name\":\"Configurador robots\"}]},{\"@type\":\"WebSite\",\"@id\":\"https:\/\/inflowed.es\/#website\",\"url\":\"https:\/\/inflowed.es\/\",\"name\":\"INFLOWED\",\"description\":\"Distribuci&oacute;n mayorista de art&iacute;culos para piscinas\",\"publisher\":{\"@id\":\"https:\/\/inflowed.es\/#organization\"},\"potentialAction\":[{\"@type\":\"SearchAction\",\"target\":{\"@type\":\"EntryPoint\",\"urlTemplate\":\"https:\/\/inflowed.es\/?s={search_term_string}\"},\"query-input\":{\"@type\":\"PropertyValueSpecification\",\"valueRequired\":true,\"valueName\":\"search_term_string\"}}],\"inLanguage\":\"ca\"},{\"@type\":\"Organization\",\"@id\":\"https:\/\/inflowed.es\/#organization\",\"name\":\"Inflowed Spain S.L.\",\"url\":\"https:\/\/inflowed.es\/\",\"logo\":{\"@type\":\"ImageObject\",\"inLanguage\":\"ca\",\"@id\":\"https:\/\/inflowed.es\/#\/schema\/logo\/image\/\",\"url\":\"https:\/\/inflowed.es\/wp-content\/uploads\/2023\/11\/logo-inflowed.png\",\"contentUrl\":\"https:\/\/inflowed.es\/wp-content\/uploads\/2023\/11\/logo-inflowed.png\",\"width\":1032,\"height\":242,\"caption\":\"Inflowed Spain S.L.\"},\"image\":{\"@id\":\"https:\/\/inflowed.es\/#\/schema\/logo\/image\/\"}}]}<\/script>\n<!-- \/ Yoast SEO plugin. -->","yoast_head_json":{"title":"Configurador de robots de piscina - INFLOWED","description":"Descubre nuestro configurador de robot de piscina y elige la mejor opci\u00f3n para ti. Robots el\u00e9ctricos, inal\u00e1mbrico e hidr\u00e1ulicos.","robots":{"index":"index","follow":"follow","max-snippet":"max-snippet:-1","max-image-preview":"max-image-preview:large","max-video-preview":"max-video-preview:-1"},"canonical":"https:\/\/inflowed.es\/ca\/configurador-robots\/","og_locale":"ca_ES","og_type":"article","og_title":"Configurador de robots de piscina - INFLOWED","og_description":"Descubre nuestro configurador de robot de piscina y elige la mejor opci\u00f3n para ti. Robots el\u00e9ctricos, inal\u00e1mbrico e hidr\u00e1ulicos.","og_url":"https:\/\/inflowed.es\/ca\/configurador-robots\/","og_site_name":"INFLOWED","article_modified_time":"2023-12-12T10:29:11+00:00","twitter_card":"summary_large_image","schema":{"@context":"https:\/\/schema.org","@graph":[{"@type":"WebPage","@id":"https:\/\/inflowed.es\/configurador-robots","url":"https:\/\/inflowed.es\/configurador-robots","name":"Configurador de robots de piscina - INFLOWED","isPartOf":{"@id":"https:\/\/inflowed.es\/#website"},"datePublished":"2023-11-24T09:26:56+00:00","dateModified":"2023-12-12T10:29:11+00:00","description":"Descubre nuestro configurador de robot de piscina y elige la mejor opci\u00f3n para ti. Robots el\u00e9ctricos, inal\u00e1mbrico e hidr\u00e1ulicos.","breadcrumb":{"@id":"https:\/\/inflowed.es\/configurador-robots#breadcrumb"},"inLanguage":"ca","potentialAction":[{"@type":"ReadAction","target":["https:\/\/inflowed.es\/configurador-robots"]}]},{"@type":"BreadcrumbList","@id":"https:\/\/inflowed.es\/configurador-robots#breadcrumb","itemListElement":[{"@type":"ListItem","position":1,"name":"Portada","item":"https:\/\/inflowed.es\/"},{"@type":"ListItem","position":2,"name":"Configurador robots"}]},{"@type":"WebSite","@id":"https:\/\/inflowed.es\/#website","url":"https:\/\/inflowed.es\/","name":"INFLOWED","description":"Distribuci&oacute;n mayorista de art&iacute;culos para piscinas","publisher":{"@id":"https:\/\/inflowed.es\/#organization"},"potentialAction":[{"@type":"SearchAction","target":{"@type":"EntryPoint","urlTemplate":"https:\/\/inflowed.es\/?s={search_term_string}"},"query-input":{"@type":"PropertyValueSpecification","valueRequired":true,"valueName":"search_term_string"}}],"inLanguage":"ca"},{"@type":"Organization","@id":"https:\/\/inflowed.es\/#organization","name":"Inflowed Spain S.L.","url":"https:\/\/inflowed.es\/","logo":{"@type":"ImageObject","inLanguage":"ca","@id":"https:\/\/inflowed.es\/#\/schema\/logo\/image\/","url":"https:\/\/inflowed.es\/wp-content\/uploads\/2023\/11\/logo-inflowed.png","contentUrl":"https:\/\/inflowed.es\/wp-content\/uploads\/2023\/11\/logo-inflowed.png","width":1032,"height":242,"caption":"Inflowed Spain S.L."},"image":{"@id":"https:\/\/inflowed.es\/#\/schema\/logo\/image\/"}}]}},"_links":{"self":[{"href":"https:\/\/inflowed.es\/ca\/wp-json\/wp\/v2\/pages\/2276","targetHints":{"allow":["GET"]}}],"collection":[{"href":"https:\/\/inflowed.es\/ca\/wp-json\/wp\/v2\/pages"}],"about":[{"href":"https:\/\/inflowed.es\/ca\/wp-json\/wp\/v2\/types\/page"}],"author":[{"embeddable":true,"href":"https:\/\/inflowed.es\/ca\/wp-json\/wp\/v2\/users\/1"}],"replies":[{"embeddable":true,"href":"https:\/\/inflowed.es\/ca\/wp-json\/wp\/v2\/comments?post=2276"}],"version-history":[{"count":10,"href":"https:\/\/inflowed.es\/ca\/wp-json\/wp\/v2\/pages\/2276\/revisions"}],"predecessor-version":[{"id":3647,"href":"https:\/\/inflowed.es\/ca\/wp-json\/wp\/v2\/pages\/2276\/revisions\/3647"}],"wp:attachment":[{"href":"https:\/\/inflowed.es\/ca\/wp-json\/wp\/v2\/media?parent=2276"}],"curies":[{"name":"wp","href":"https:\/\/api.w.org\/{rel}","templated":true}]}}